{"id":975,"date":"2018-02-05T08:32:00","date_gmt":"2018-02-05T08:32:00","guid":{"rendered":"http:\/\/stagecscca.wpengine.com\/product\/bouillon-de-poulet-la-tha-prt-utiliser-30-moins-de-sodium-de-campbellsmd\/"},"modified":"2021-08-12T18:20:15","modified_gmt":"2021-08-12T18:20:15","slug":"bouillon-de-poulet-la-tha-prt-utiliser-30-moins-de-sodium-de-campbellsmd","status":"publish","type":"product","link":"https:\/\/dev.badmath.com\/think33\/campbells\/campbellsoupca\/fr\/product\/bouillon-de-poulet-la-tha-prt-utiliser-30-moins-de-sodium-de-campbellsmd\/","title":{"rendered":"Bouillon de poulet a la thai Pret a utiliser 30% moins de sodium de Campbell\u2019s"},"featured_media":29270,"parent":0,"menu_order":0,"template":"","product-category":[357,361],"product-brand":[{"id":59,"slug":"bouillons-campbell","name":"Bouillons CampbellMD"},{"id":393,"slug":"campbell","name":"Campbell"}],"product-main-ingredient":[411],"product-dietary-alternative":[{"id":437,"slug":"sodium-reduit","name":"Moins de Sodium","icon":"low-sodium"}],"acf":[],"yoast_head":"<!-- This site is optimized with the Yoast SEO plugin v18.8 - https:\/\/yoast.com\/wordpress\/plugins\/seo\/ -->\n<title>Bouillon de poulet a la thai Pret a utiliser 30% moins de sodium de Campbell\u2019s - Campbell Company of Canada<\/title>\n<meta name=\"robots\" content=\"index, follow, max-snippet:-1, max-image-preview:large, max-video-preview:-1\" \/>\n<link rel=\"canonical\" href=\"https:\/\/dev.badmath.com\/think33\/campbells\/campbellsoupca\/fr\/product\/bouillon-de-poulet-la-tha-prt-utiliser-30-moins-de-sodium-de-campbellsmd\/\" \/>\n<meta property=\"og:locale\" content=\"en_US\" \/>\n<meta property=\"og:type\" content=\"article\" \/>\n<meta property=\"og:title\" content=\"Bouillon de poulet a la thai Pret a utiliser 30% moins de sodium de Campbell\u2019s - Campbell Company of Canada\" \/>\n<meta property=\"og:description\" content=\"Le NOUVEAU bouillon de poulet tha\u00ef Campbell\u2019s\u00ae est pr&eacute;par&eacute; avec des ingr&eacute;dients de qualit&eacute; et des SAVEURS TOUTES NATURELLES. . Le m&eacute;lange de saveurs et d\u2019ar&ocirc;mes tha\u00efs traditionnels et d\u2019une succulente base de bouillon de poulet agr&eacute;ment&eacute; d\u2019une touche &eacute;pic&eacute;e en fait un incontournable du garde-manger.\" \/>\n<meta property=\"og:url\" content=\"https:\/\/dev.badmath.com\/think33\/campbells\/campbellsoupca\/fr\/product\/bouillon-de-poulet-la-tha-prt-utiliser-30-moins-de-sodium-de-campbellsmd\/\" \/>\n<meta property=\"og:site_name\" content=\"Campbell Company of Canada\" \/>\n<meta property=\"article:modified_time\" content=\"2021-08-12T18:20:15+00:00\" \/>\n<meta property=\"og:image\" content=\"https:\/\/dev.badmath.com\/think33\/campbells\/campbellsoupca\/wp-content\/uploads\/2018\/02\/campbells-thai-chicken-broth-1.png\" \/>\n\t<meta property=\"og:image:width\" content=\"340\" \/>\n\t<meta property=\"og:image:height\" content=\"510\" \/>\n\t<meta property=\"og:image:type\" content=\"image\/png\" \/>\n<meta name=\"twitter:card\" content=\"summary_large_image\" \/>\n<script type=\"application\/ld+json\" class=\"yoast-schema-graph\">{\"@context\":\"https:\/\/schema.org\",\"@graph\":[{\"@type\":\"WebSite\",\"@id\":\"https:\/\/dev.badmath.com\/think33\/campbells\/campbellsoupca\/#website\",\"url\":\"https:\/\/dev.badmath.com\/think33\/campbells\/campbellsoupca\/\",\"name\":\"Campbell Company of Canada\",\"description\":\"\",\"potentialAction\":[{\"@type\":\"SearchAction\",\"target\":{\"@type\":\"EntryPoint\",\"urlTemplate\":\"https:\/\/dev.badmath.com\/think33\/campbells\/campbellsoupca\/search\/?query={search_term_string}\"},\"query-input\":\"required name=search_term_string\"}],\"inLanguage\":\"en-US\"},{\"@type\":\"ImageObject\",\"inLanguage\":\"en-US\",\"@id\":\"https:\/\/dev.badmath.com\/think33\/campbells\/campbellsoupca\/fr\/product\/bouillon-de-poulet-la-tha-prt-utiliser-30-moins-de-sodium-de-campbellsmd\/#primaryimage\",\"url\":\"https:\/\/dev.badmath.com\/think33\/campbells\/campbellsoupca\/wp-content\/uploads\/2018\/02\/campbells-thai-chicken-broth-1.png\",\"contentUrl\":\"https:\/\/dev.badmath.com\/think33\/campbells\/campbellsoupca\/wp-content\/uploads\/2018\/02\/campbells-thai-chicken-broth-1.png\",\"width\":340,\"height\":510,\"caption\":\"Bouillon de poulet \u00e0 la tha\u00ef Pr\u00eat \u00e0 utiliser 30% moins de sodium de Campbell\u2019s\"},{\"@type\":\"WebPage\",\"@id\":\"https:\/\/dev.badmath.com\/think33\/campbells\/campbellsoupca\/fr\/product\/bouillon-de-poulet-la-tha-prt-utiliser-30-moins-de-sodium-de-campbellsmd\/#webpage\",\"url\":\"https:\/\/dev.badmath.com\/think33\/campbells\/campbellsoupca\/fr\/product\/bouillon-de-poulet-la-tha-prt-utiliser-30-moins-de-sodium-de-campbellsmd\/\",\"name\":\"Bouillon de poulet a la thai Pret a utiliser 30% moins de sodium de Campbell\u2019s - Campbell Company of Canada\",\"isPartOf\":{\"@id\":\"https:\/\/dev.badmath.com\/think33\/campbells\/campbellsoupca\/#website\"},\"primaryImageOfPage\":{\"@id\":\"https:\/\/dev.badmath.com\/think33\/campbells\/campbellsoupca\/fr\/product\/bouillon-de-poulet-la-tha-prt-utiliser-30-moins-de-sodium-de-campbellsmd\/#primaryimage\"},\"datePublished\":\"2018-02-05T08:32:00+00:00\",\"dateModified\":\"2021-08-12T18:20:15+00:00\",\"breadcrumb\":{\"@id\":\"https:\/\/dev.badmath.com\/think33\/campbells\/campbellsoupca\/fr\/product\/bouillon-de-poulet-la-tha-prt-utiliser-30-moins-de-sodium-de-campbellsmd\/#breadcrumb\"},\"inLanguage\":\"en-US\",\"potentialAction\":[{\"@type\":\"ReadAction\",\"target\":[\"https:\/\/dev.badmath.com\/think33\/campbells\/campbellsoupca\/fr\/product\/bouillon-de-poulet-la-tha-prt-utiliser-30-moins-de-sodium-de-campbellsmd\/\"]}]},{\"@type\":\"BreadcrumbList\",\"@id\":\"https:\/\/dev.badmath.com\/think33\/campbells\/campbellsoupca\/fr\/product\/bouillon-de-poulet-la-tha-prt-utiliser-30-moins-de-sodium-de-campbellsmd\/#breadcrumb\",\"itemListElement\":[{\"@type\":\"ListItem\",\"position\":1,\"name\":\"Home\",\"item\":\"https:\/\/dev.badmath.com:8443\/think33\/campbells\/campbellsoupca\/\"},{\"@type\":\"ListItem\",\"position\":2,\"name\":\"Products\",\"item\":\"https:\/\/dev.badmath.com\/think33\/campbells\/campbellsoupca\/fr\/product\/\"},{\"@type\":\"ListItem\",\"position\":3,\"name\":\"Bouillon de poulet a la thai Pret a utiliser 30% moins de sodium de Campbell\u2019s\"}]}]}<\/script>\n<!-- \/ Yoast SEO plugin. -->","yoast_head_json":{"title":"Bouillon de poulet a la thai Pret a utiliser 30% moins de sodium de Campbell\u2019s - Campbell Company of Canada","robots":{"index":"index","follow":"follow","max-snippet":"max-snippet:-1","max-image-preview":"max-image-preview:large","max-video-preview":"max-video-preview:-1"},"canonical":"https:\/\/dev.badmath.com\/think33\/campbells\/campbellsoupca\/fr\/product\/bouillon-de-poulet-la-tha-prt-utiliser-30-moins-de-sodium-de-campbellsmd\/","og_locale":"en_US","og_type":"article","og_title":"Bouillon de poulet a la thai Pret a utiliser 30% moins de sodium de Campbell\u2019s - Campbell Company of Canada","og_description":"Le NOUVEAU bouillon de poulet tha\u00ef Campbell\u2019s\u00ae est pr&eacute;par&eacute; avec des ingr&eacute;dients de qualit&eacute; et des SAVEURS TOUTES NATURELLES. . Le m&eacute;lange de saveurs et d\u2019ar&ocirc;mes tha\u00efs traditionnels et d\u2019une succulente base de bouillon de poulet agr&eacute;ment&eacute; d\u2019une touche &eacute;pic&eacute;e en fait un incontournable du garde-manger.","og_url":"https:\/\/dev.badmath.com\/think33\/campbells\/campbellsoupca\/fr\/product\/bouillon-de-poulet-la-tha-prt-utiliser-30-moins-de-sodium-de-campbellsmd\/","og_site_name":"Campbell Company of Canada","article_modified_time":"2021-08-12T18:20:15+00:00","og_image":[{"width":340,"height":510,"url":"https:\/\/dev.badmath.com\/think33\/campbells\/campbellsoupca\/wp-content\/uploads\/2018\/02\/campbells-thai-chicken-broth-1.png","type":"image\/png"}],"twitter_card":"summary_large_image","schema":{"@context":"https:\/\/schema.org","@graph":[{"@type":"WebSite","@id":"https:\/\/dev.badmath.com\/think33\/campbells\/campbellsoupca\/#website","url":"https:\/\/dev.badmath.com\/think33\/campbells\/campbellsoupca\/","name":"Campbell Company of Canada","description":"","potentialAction":[{"@type":"SearchAction","target":{"@type":"EntryPoint","urlTemplate":"https:\/\/dev.badmath.com\/think33\/campbells\/campbellsoupca\/search\/?query={search_term_string}"},"query-input":"required name=search_term_string"}],"inLanguage":"en-US"},{"@type":"ImageObject","inLanguage":"en-US","@id":"https:\/\/dev.badmath.com\/think33\/campbells\/campbellsoupca\/fr\/product\/bouillon-de-poulet-la-tha-prt-utiliser-30-moins-de-sodium-de-campbellsmd\/#primaryimage","url":"https:\/\/dev.badmath.com\/think33\/campbells\/campbellsoupca\/wp-content\/uploads\/2018\/02\/campbells-thai-chicken-broth-1.png","contentUrl":"https:\/\/dev.badmath.com\/think33\/campbells\/campbellsoupca\/wp-content\/uploads\/2018\/02\/campbells-thai-chicken-broth-1.png","width":340,"height":510,"caption":"Bouillon de poulet \u00e0 la tha\u00ef Pr\u00eat \u00e0 utiliser 30% moins de sodium de Campbell\u2019s"},{"@type":"WebPage","@id":"https:\/\/dev.badmath.com\/think33\/campbells\/campbellsoupca\/fr\/product\/bouillon-de-poulet-la-tha-prt-utiliser-30-moins-de-sodium-de-campbellsmd\/#webpage","url":"https:\/\/dev.badmath.com\/think33\/campbells\/campbellsoupca\/fr\/product\/bouillon-de-poulet-la-tha-prt-utiliser-30-moins-de-sodium-de-campbellsmd\/","name":"Bouillon de poulet a la thai Pret a utiliser 30% moins de sodium de Campbell\u2019s - Campbell Company of Canada","isPartOf":{"@id":"https:\/\/dev.badmath.com\/think33\/campbells\/campbellsoupca\/#website"},"primaryImageOfPage":{"@id":"https:\/\/dev.badmath.com\/think33\/campbells\/campbellsoupca\/fr\/product\/bouillon-de-poulet-la-tha-prt-utiliser-30-moins-de-sodium-de-campbellsmd\/#primaryimage"},"datePublished":"2018-02-05T08:32:00+00:00","dateModified":"2021-08-12T18:20:15+00:00","breadcrumb":{"@id":"https:\/\/dev.badmath.com\/think33\/campbells\/campbellsoupca\/fr\/product\/bouillon-de-poulet-la-tha-prt-utiliser-30-moins-de-sodium-de-campbellsmd\/#breadcrumb"},"inLanguage":"en-US","potentialAction":[{"@type":"ReadAction","target":["https:\/\/dev.badmath.com\/think33\/campbells\/campbellsoupca\/fr\/product\/bouillon-de-poulet-la-tha-prt-utiliser-30-moins-de-sodium-de-campbellsmd\/"]}]},{"@type":"BreadcrumbList","@id":"https:\/\/dev.badmath.com\/think33\/campbells\/campbellsoupca\/fr\/product\/bouillon-de-poulet-la-tha-prt-utiliser-30-moins-de-sodium-de-campbellsmd\/#breadcrumb","itemListElement":[{"@type":"ListItem","position":1,"name":"Home","item":"https:\/\/dev.badmath.com:8443\/think33\/campbells\/campbellsoupca\/"},{"@type":"ListItem","position":2,"name":"Products","item":"https:\/\/dev.badmath.com\/think33\/campbells\/campbellsoupca\/fr\/product\/"},{"@type":"ListItem","position":3,"name":"Bouillon de poulet a la thai Pret a utiliser 30% moins de sodium de Campbell\u2019s"}]}]}},"lang":"fr","translations":{"fr":975,"en":570},"product_title":"Bouillon de poulet \u00e0 la tha\u00ef Pr\u00eat \u00e0 utiliser 30% moins de sodium de <i>Campbell\u2019s<sup>MD<\/sup><\/i>\n","description":"<p>Le bouillon de poulet tha\u00ef Campbell\u2019s\u00ae est pr\u00e9par\u00e9 avec des ingr\u00e9dients de qualit\u00e9 et des SAVEURS TOUTES NATURELLES. Le m\u00e9lange de saveurs et d\u2019ar\u00f4mes tha\u00efs traditionnels et d\u2019une succulente base de bouillon de poulet agr\u00e9ment\u00e9 d\u2019une touche \u00e9pic\u00e9e en fait un incontournable du garde-manger.<\/p>\n","featured_image":"https:\/\/dev.badmath.com\/think33\/campbells\/campbellsoupca\/wp-content\/uploads\/2018\/02\/campbells-thai-chicken-broth-1.png","pll_sync_post":[],"_links":{"self":[{"href":"https:\/\/dev.badmath.com\/think33\/campbells\/campbellsoupca\/wp-json\/wp\/v2\/product\/975"}],"collection":[{"href":"https:\/\/dev.badmath.com\/think33\/campbells\/campbellsoupca\/wp-json\/wp\/v2\/product"}],"about":[{"href":"https:\/\/dev.badmath.com\/think33\/campbells\/campbellsoupca\/wp-json\/wp\/v2\/types\/product"}],"wp:featuredmedia":[{"embeddable":true,"href":"https:\/\/dev.badmath.com\/think33\/campbells\/campbellsoupca\/wp-json\/wp\/v2\/media\/29270"}],"wp:attachment":[{"href":"https:\/\/dev.badmath.com\/think33\/campbells\/campbellsoupca\/wp-json\/wp\/v2\/media?parent=975"}],"wp:term":[{"taxonomy":"product-category","embeddable":true,"href":"https:\/\/dev.badmath.com\/think33\/campbells\/campbellsoupca\/wp-json\/wp\/v2\/product-category?post=975"},{"taxonomy":"product-brand","embeddable":true,"href":"https:\/\/dev.badmath.com\/think33\/campbells\/campbellsoupca\/wp-json\/wp\/v2\/product-brand?post=975"},{"taxonomy":"product-main-ingredient","embeddable":true,"href":"https:\/\/dev.badmath.com\/think33\/campbells\/campbellsoupca\/wp-json\/wp\/v2\/product-main-ingredient?post=975"},{"taxonomy":"product-dietary-alternative","embeddable":true,"href":"https:\/\/dev.badmath.com\/think33\/campbells\/campbellsoupca\/wp-json\/wp\/v2\/product-dietary-alternative?post=975"}],"curies":[{"name":"wp","href":"https:\/\/api.w.org\/{rel}","templated":true}]}}