{"id":966,"date":"2016-07-28T12:03:00","date_gmt":"2016-07-28T12:03:00","guid":{"rendered":"http:\/\/stagecscca.wpengine.com\/product\/bouillon-de-champignons-prt-utiliser-campbellsmd\/"},"modified":"2021-08-12T18:17:33","modified_gmt":"2021-08-12T18:17:33","slug":"bouillon-de-champignons-prt-utiliser-campbellsmd","status":"publish","type":"product","link":"https:\/\/dev.badmath.com\/think33\/campbells\/campbellsoupca\/fr\/product\/bouillon-de-champignons-prt-utiliser-campbellsmd\/","title":{"rendered":"Bouillon de champignons Pret a utiliser Campbell&#8217;s"},"featured_media":29268,"parent":0,"menu_order":0,"template":"","product-category":[357,361],"product-brand":[{"id":59,"slug":"bouillons-campbell","name":"Bouillons CampbellMD"},{"id":393,"slug":"campbell","name":"Campbell"}],"product-main-ingredient":[421],"product-dietary-alternative":[{"id":439,"slug":"faible-en-gras","name":"Faible en gras","icon":"low-fat-fr"},{"id":435,"slug":"sans-gluten","name":"Sans Gluten","icon":"gluten-free"},{"id":427,"slug":"vegetarien","name":"V\u00e9g\u00e9tarien","icon":"vegetarian"}],"acf":[],"yoast_head":"<!-- This site is optimized with the Yoast SEO plugin v18.8 - https:\/\/yoast.com\/wordpress\/plugins\/seo\/ -->\n<title>Bouillon de champignons Pret a utiliser Campbell&#039;s - Campbell Company of Canada<\/title>\n<meta name=\"robots\" content=\"index, follow, max-snippet:-1, max-image-preview:large, max-video-preview:-1\" \/>\n<link rel=\"canonical\" href=\"https:\/\/dev.badmath.com\/think33\/campbells\/campbellsoupca\/fr\/product\/bouillon-de-champignons-prt-utiliser-campbellsmd\/\" \/>\n<meta property=\"og:locale\" content=\"en_US\" \/>\n<meta property=\"og:type\" content=\"article\" \/>\n<meta property=\"og:title\" content=\"Bouillon de champignons Pret a utiliser Campbell&#039;s - Campbell Company of Canada\" \/>\n<meta property=\"og:description\" content=\"Le NOUVEAU bouillon de champignons Campbell\u2019s\u00ae est pr&eacute;par&eacute; ici m&ecirc;me au Canada avec des ingr&eacute;dients de qualit&eacute; et des SAVEURS TOUTES NATURELLES. Notre bouillon est infus&eacute; de champignons dont le shiitak&eacute;, avec des soup&ccedil;ons de cabernet sauvignon et de x&eacute;r&egrave;s, d\u2019huiles essentielles tir&eacute;es du thym, de romarin et de feuilles de laurier. Il est sans [&hellip;]\" \/>\n<meta property=\"og:url\" content=\"https:\/\/dev.badmath.com\/think33\/campbells\/campbellsoupca\/fr\/product\/bouillon-de-champignons-prt-utiliser-campbellsmd\/\" \/>\n<meta property=\"og:site_name\" content=\"Campbell Company of Canada\" \/>\n<meta property=\"article:modified_time\" content=\"2021-08-12T18:17:33+00:00\" \/>\n<meta property=\"og:image\" content=\"https:\/\/dev.badmath.com\/think33\/campbells\/campbellsoupca\/wp-content\/uploads\/2016\/07\/campbells-mushroom-broth-1.png\" \/>\n\t<meta property=\"og:image:width\" content=\"340\" \/>\n\t<meta property=\"og:image:height\" content=\"510\" \/>\n\t<meta property=\"og:image:type\" content=\"image\/png\" \/>\n<meta name=\"twitter:card\" content=\"summary_large_image\" \/>\n<meta name=\"twitter:label1\" content=\"Est. reading time\" \/>\n\t<meta name=\"twitter:data1\" content=\"1 minute\" \/>\n<script type=\"application\/ld+json\" class=\"yoast-schema-graph\">{\"@context\":\"https:\/\/schema.org\",\"@graph\":[{\"@type\":\"WebSite\",\"@id\":\"https:\/\/dev.badmath.com\/think33\/campbells\/campbellsoupca\/#website\",\"url\":\"https:\/\/dev.badmath.com\/think33\/campbells\/campbellsoupca\/\",\"name\":\"Campbell Company of Canada\",\"description\":\"\",\"potentialAction\":[{\"@type\":\"SearchAction\",\"target\":{\"@type\":\"EntryPoint\",\"urlTemplate\":\"https:\/\/dev.badmath.com\/think33\/campbells\/campbellsoupca\/search\/?query={search_term_string}\"},\"query-input\":\"required name=search_term_string\"}],\"inLanguage\":\"en-US\"},{\"@type\":\"ImageObject\",\"inLanguage\":\"en-US\",\"@id\":\"https:\/\/dev.badmath.com\/think33\/campbells\/campbellsoupca\/fr\/product\/bouillon-de-champignons-prt-utiliser-campbellsmd\/#primaryimage\",\"url\":\"https:\/\/dev.badmath.com\/think33\/campbells\/campbellsoupca\/wp-content\/uploads\/2016\/07\/campbells-mushroom-broth-1.png\",\"contentUrl\":\"https:\/\/dev.badmath.com\/think33\/campbells\/campbellsoupca\/wp-content\/uploads\/2016\/07\/campbells-mushroom-broth-1.png\",\"width\":340,\"height\":510,\"caption\":\"Campbell's Mushroom Broth\"},{\"@type\":\"WebPage\",\"@id\":\"https:\/\/dev.badmath.com\/think33\/campbells\/campbellsoupca\/fr\/product\/bouillon-de-champignons-prt-utiliser-campbellsmd\/#webpage\",\"url\":\"https:\/\/dev.badmath.com\/think33\/campbells\/campbellsoupca\/fr\/product\/bouillon-de-champignons-prt-utiliser-campbellsmd\/\",\"name\":\"Bouillon de champignons Pret a utiliser Campbell's - Campbell Company of Canada\",\"isPartOf\":{\"@id\":\"https:\/\/dev.badmath.com\/think33\/campbells\/campbellsoupca\/#website\"},\"primaryImageOfPage\":{\"@id\":\"https:\/\/dev.badmath.com\/think33\/campbells\/campbellsoupca\/fr\/product\/bouillon-de-champignons-prt-utiliser-campbellsmd\/#primaryimage\"},\"datePublished\":\"2016-07-28T12:03:00+00:00\",\"dateModified\":\"2021-08-12T18:17:33+00:00\",\"breadcrumb\":{\"@id\":\"https:\/\/dev.badmath.com\/think33\/campbells\/campbellsoupca\/fr\/product\/bouillon-de-champignons-prt-utiliser-campbellsmd\/#breadcrumb\"},\"inLanguage\":\"en-US\",\"potentialAction\":[{\"@type\":\"ReadAction\",\"target\":[\"https:\/\/dev.badmath.com\/think33\/campbells\/campbellsoupca\/fr\/product\/bouillon-de-champignons-prt-utiliser-campbellsmd\/\"]}]},{\"@type\":\"BreadcrumbList\",\"@id\":\"https:\/\/dev.badmath.com\/think33\/campbells\/campbellsoupca\/fr\/product\/bouillon-de-champignons-prt-utiliser-campbellsmd\/#breadcrumb\",\"itemListElement\":[{\"@type\":\"ListItem\",\"position\":1,\"name\":\"Home\",\"item\":\"https:\/\/dev.badmath.com:8443\/think33\/campbells\/campbellsoupca\/\"},{\"@type\":\"ListItem\",\"position\":2,\"name\":\"Products\",\"item\":\"https:\/\/dev.badmath.com\/think33\/campbells\/campbellsoupca\/fr\/product\/\"},{\"@type\":\"ListItem\",\"position\":3,\"name\":\"Bouillon de champignons Pret a utiliser Campbell&rsquo;s\"}]}]}<\/script>\n<!-- \/ Yoast SEO plugin. -->","yoast_head_json":{"title":"Bouillon de champignons Pret a utiliser Campbell's - Campbell Company of Canada","robots":{"index":"index","follow":"follow","max-snippet":"max-snippet:-1","max-image-preview":"max-image-preview:large","max-video-preview":"max-video-preview:-1"},"canonical":"https:\/\/dev.badmath.com\/think33\/campbells\/campbellsoupca\/fr\/product\/bouillon-de-champignons-prt-utiliser-campbellsmd\/","og_locale":"en_US","og_type":"article","og_title":"Bouillon de champignons Pret a utiliser Campbell's - Campbell Company of Canada","og_description":"Le NOUVEAU bouillon de champignons Campbell\u2019s\u00ae est pr&eacute;par&eacute; ici m&ecirc;me au Canada avec des ingr&eacute;dients de qualit&eacute; et des SAVEURS TOUTES NATURELLES. Notre bouillon est infus&eacute; de champignons dont le shiitak&eacute;, avec des soup&ccedil;ons de cabernet sauvignon et de x&eacute;r&egrave;s, d\u2019huiles essentielles tir&eacute;es du thym, de romarin et de feuilles de laurier. Il est sans [&hellip;]","og_url":"https:\/\/dev.badmath.com\/think33\/campbells\/campbellsoupca\/fr\/product\/bouillon-de-champignons-prt-utiliser-campbellsmd\/","og_site_name":"Campbell Company of Canada","article_modified_time":"2021-08-12T18:17:33+00:00","og_image":[{"width":340,"height":510,"url":"https:\/\/dev.badmath.com\/think33\/campbells\/campbellsoupca\/wp-content\/uploads\/2016\/07\/campbells-mushroom-broth-1.png","type":"image\/png"}],"twitter_card":"summary_large_image","twitter_misc":{"Est. reading time":"1 minute"},"schema":{"@context":"https:\/\/schema.org","@graph":[{"@type":"WebSite","@id":"https:\/\/dev.badmath.com\/think33\/campbells\/campbellsoupca\/#website","url":"https:\/\/dev.badmath.com\/think33\/campbells\/campbellsoupca\/","name":"Campbell Company of Canada","description":"","potentialAction":[{"@type":"SearchAction","target":{"@type":"EntryPoint","urlTemplate":"https:\/\/dev.badmath.com\/think33\/campbells\/campbellsoupca\/search\/?query={search_term_string}"},"query-input":"required name=search_term_string"}],"inLanguage":"en-US"},{"@type":"ImageObject","inLanguage":"en-US","@id":"https:\/\/dev.badmath.com\/think33\/campbells\/campbellsoupca\/fr\/product\/bouillon-de-champignons-prt-utiliser-campbellsmd\/#primaryimage","url":"https:\/\/dev.badmath.com\/think33\/campbells\/campbellsoupca\/wp-content\/uploads\/2016\/07\/campbells-mushroom-broth-1.png","contentUrl":"https:\/\/dev.badmath.com\/think33\/campbells\/campbellsoupca\/wp-content\/uploads\/2016\/07\/campbells-mushroom-broth-1.png","width":340,"height":510,"caption":"Campbell's Mushroom Broth"},{"@type":"WebPage","@id":"https:\/\/dev.badmath.com\/think33\/campbells\/campbellsoupca\/fr\/product\/bouillon-de-champignons-prt-utiliser-campbellsmd\/#webpage","url":"https:\/\/dev.badmath.com\/think33\/campbells\/campbellsoupca\/fr\/product\/bouillon-de-champignons-prt-utiliser-campbellsmd\/","name":"Bouillon de champignons Pret a utiliser Campbell's - Campbell Company of Canada","isPartOf":{"@id":"https:\/\/dev.badmath.com\/think33\/campbells\/campbellsoupca\/#website"},"primaryImageOfPage":{"@id":"https:\/\/dev.badmath.com\/think33\/campbells\/campbellsoupca\/fr\/product\/bouillon-de-champignons-prt-utiliser-campbellsmd\/#primaryimage"},"datePublished":"2016-07-28T12:03:00+00:00","dateModified":"2021-08-12T18:17:33+00:00","breadcrumb":{"@id":"https:\/\/dev.badmath.com\/think33\/campbells\/campbellsoupca\/fr\/product\/bouillon-de-champignons-prt-utiliser-campbellsmd\/#breadcrumb"},"inLanguage":"en-US","potentialAction":[{"@type":"ReadAction","target":["https:\/\/dev.badmath.com\/think33\/campbells\/campbellsoupca\/fr\/product\/bouillon-de-champignons-prt-utiliser-campbellsmd\/"]}]},{"@type":"BreadcrumbList","@id":"https:\/\/dev.badmath.com\/think33\/campbells\/campbellsoupca\/fr\/product\/bouillon-de-champignons-prt-utiliser-campbellsmd\/#breadcrumb","itemListElement":[{"@type":"ListItem","position":1,"name":"Home","item":"https:\/\/dev.badmath.com:8443\/think33\/campbells\/campbellsoupca\/"},{"@type":"ListItem","position":2,"name":"Products","item":"https:\/\/dev.badmath.com\/think33\/campbells\/campbellsoupca\/fr\/product\/"},{"@type":"ListItem","position":3,"name":"Bouillon de champignons Pret a utiliser Campbell&rsquo;s"}]}]}},"lang":"fr","translations":{"fr":966,"en":553},"product_title":"Bouillon de champignons Pr\u00eat \u00e0 utiliser <i>Campbell&#8217;s<sup>MD<\/sup><\/i>\n","description":"<p>Le NOUVEAU bouillon de champignons <em>Campbell\u2019s<\/em><sup>\u00ae<\/sup> est pr\u00e9par\u00e9 avec des ingr\u00e9dients de qualit\u00e9 et des SAVEURS TOUTES NATURELLES. Notre bouillon est infus\u00e9 de champignons dont le shiitak\u00e9, avec des soup\u00e7ons de cabernet sauvignon et de x\u00e9r\u00e8s, d\u2019huiles essentielles tir\u00e9es du thym, de romarin et de feuilles de laurier. Il est sans gluten et convient aux v\u00e9g\u00e9tariens, un incontournable du garde-manger pour des recettes d\u00e9licieuses que l\u2019on peut trouver sur <a href=\"http:\/\/www.cookwithcampbells.ca\/fr\/\">CookWithCampbells.ca<\/a>. Il peut m\u00eame servir de pr\u00e9paration \u00e0 votre soupe maison!<\/p>\n","featured_image":"https:\/\/dev.badmath.com\/think33\/campbells\/campbellsoupca\/wp-content\/uploads\/2016\/07\/campbells-mushroom-broth-1.png","pll_sync_post":[],"_links":{"self":[{"href":"https:\/\/dev.badmath.com\/think33\/campbells\/campbellsoupca\/wp-json\/wp\/v2\/product\/966"}],"collection":[{"href":"https:\/\/dev.badmath.com\/think33\/campbells\/campbellsoupca\/wp-json\/wp\/v2\/product"}],"about":[{"href":"https:\/\/dev.badmath.com\/think33\/campbells\/campbellsoupca\/wp-json\/wp\/v2\/types\/product"}],"wp:featuredmedia":[{"embeddable":true,"href":"https:\/\/dev.badmath.com\/think33\/campbells\/campbellsoupca\/wp-json\/wp\/v2\/media\/29268"}],"wp:attachment":[{"href":"https:\/\/dev.badmath.com\/think33\/campbells\/campbellsoupca\/wp-json\/wp\/v2\/media?parent=966"}],"wp:term":[{"taxonomy":"product-category","embeddable":true,"href":"https:\/\/dev.badmath.com\/think33\/campbells\/campbellsoupca\/wp-json\/wp\/v2\/product-category?post=966"},{"taxonomy":"product-brand","embeddable":true,"href":"https:\/\/dev.badmath.com\/think33\/campbells\/campbellsoupca\/wp-json\/wp\/v2\/product-brand?post=966"},{"taxonomy":"product-main-ingredient","embeddable":true,"href":"https:\/\/dev.badmath.com\/think33\/campbells\/campbellsoupca\/wp-json\/wp\/v2\/product-main-ingredient?post=966"},{"taxonomy":"product-dietary-alternative","embeddable":true,"href":"https:\/\/dev.badmath.com\/think33\/campbells\/campbellsoupca\/wp-json\/wp\/v2\/product-dietary-alternative?post=966"}],"curies":[{"name":"wp","href":"https:\/\/api.w.org\/{rel}","templated":true}]}}