{"id":965,"date":"2016-07-28T11:55:00","date_gmt":"2016-07-28T11:55:00","guid":{"rendered":"http:\/\/stagecscca.wpengine.com\/product\/soupe-condense-campbellmd-crme-de-champignons-sans-sel-ajout\/"},"modified":"2021-11-29T02:28:12","modified_gmt":"2021-11-29T02:28:12","slug":"soupe-condense-campbellmd-crme-de-champignons-sans-sel-ajout","status":"publish","type":"product","link":"https:\/\/dev.badmath.com\/think33\/campbells\/campbellsoupca\/fr\/product\/soupe-condense-campbellmd-crme-de-champignons-sans-sel-ajout\/","title":{"rendered":"Soupe condensee Campbell Creme de champignons sans sel ajoute"},"featured_media":31312,"parent":0,"menu_order":0,"template":"","product-category":[357,371,359,369],"product-brand":[{"id":63,"slug":"condensees-campbellmd","name":"Condens\u00e9es CampbellMD"}],"product-main-ingredient":[421,706],"product-dietary-alternative":[{"id":437,"slug":"sodium-reduit","name":"Moins de Sodium","icon":"low-sodium"}],"acf":[],"yoast_head":"<!-- This site is optimized with the Yoast SEO plugin v18.8 - https:\/\/yoast.com\/wordpress\/plugins\/seo\/ -->\n<title>Soupe condensee Campbell Creme de champignons sans sel ajoute - Campbell Company of Canada<\/title>\n<meta name=\"robots\" content=\"index, follow, max-snippet:-1, max-image-preview:large, max-video-preview:-1\" \/>\n<link rel=\"canonical\" href=\"https:\/\/dev.badmath.com\/think33\/campbells\/campbellsoupca\/fr\/product\/soupe-condense-campbellmd-crme-de-champignons-sans-sel-ajout\/\" \/>\n<meta property=\"og:locale\" content=\"en_US\" \/>\n<meta property=\"og:type\" content=\"article\" \/>\n<meta property=\"og:title\" content=\"Soupe condensee Campbell Creme de champignons sans sel ajoute - Campbell Company of Canada\" \/>\n<meta property=\"og:description\" content=\"La soupe condens&eacute;e Campbell&#8217;sMD Cr&egrave;me de champignons sans sel ajout&eacute; est une excellente addition qui vous aidera &agrave; concocter de d&eacute;licieuses recettes les soirs de semaine! Cette version d\u2019un incontournable du garde-manger ne contient aucun sel ajout&eacute;, ce qui en fait un choix sain pour votre famille. Elle est compos&eacute;e de vrais ingr&eacute;dients comme de [&hellip;]\" \/>\n<meta property=\"og:url\" content=\"https:\/\/dev.badmath.com\/think33\/campbells\/campbellsoupca\/fr\/product\/soupe-condense-campbellmd-crme-de-champignons-sans-sel-ajout\/\" \/>\n<meta property=\"og:site_name\" content=\"Campbell Company of Canada\" \/>\n<meta property=\"article:modified_time\" content=\"2021-11-29T02:28:12+00:00\" \/>\n<meta property=\"og:image\" content=\"https:\/\/dev.badmath.com\/think33\/campbells\/campbellsoupca\/wp-content\/uploads\/2016\/07\/campbells-condensed-cream-of-mushroom-no-salt-added-1.png\" \/>\n\t<meta property=\"og:image:width\" content=\"340\" \/>\n\t<meta property=\"og:image:height\" content=\"510\" \/>\n\t<meta property=\"og:image:type\" content=\"image\/png\" \/>\n<meta name=\"twitter:card\" content=\"summary_large_image\" \/>\n<script type=\"application\/ld+json\" class=\"yoast-schema-graph\">{\"@context\":\"https:\/\/schema.org\",\"@graph\":[{\"@type\":\"WebSite\",\"@id\":\"https:\/\/dev.badmath.com\/think33\/campbells\/campbellsoupca\/#website\",\"url\":\"https:\/\/dev.badmath.com\/think33\/campbells\/campbellsoupca\/\",\"name\":\"Campbell Company of Canada\",\"description\":\"\",\"potentialAction\":[{\"@type\":\"SearchAction\",\"target\":{\"@type\":\"EntryPoint\",\"urlTemplate\":\"https:\/\/dev.badmath.com\/think33\/campbells\/campbellsoupca\/search\/?query={search_term_string}\"},\"query-input\":\"required name=search_term_string\"}],\"inLanguage\":\"en-US\"},{\"@type\":\"ImageObject\",\"inLanguage\":\"en-US\",\"@id\":\"https:\/\/dev.badmath.com\/think33\/campbells\/campbellsoupca\/fr\/product\/soupe-condense-campbellmd-crme-de-champignons-sans-sel-ajout\/#primaryimage\",\"url\":\"https:\/\/dev.badmath.com\/think33\/campbells\/campbellsoupca\/wp-content\/uploads\/2016\/07\/campbells-condensed-cream-of-mushroom-no-salt-added-1.png\",\"contentUrl\":\"https:\/\/dev.badmath.com\/think33\/campbells\/campbellsoupca\/wp-content\/uploads\/2016\/07\/campbells-condensed-cream-of-mushroom-no-salt-added-1.png\",\"width\":340,\"height\":510,\"caption\":\"Soupe condens\u00e9e CampbellMD Cr\u00e8me de champignons sans sel ajout\u00e9\"},{\"@type\":\"WebPage\",\"@id\":\"https:\/\/dev.badmath.com\/think33\/campbells\/campbellsoupca\/fr\/product\/soupe-condense-campbellmd-crme-de-champignons-sans-sel-ajout\/#webpage\",\"url\":\"https:\/\/dev.badmath.com\/think33\/campbells\/campbellsoupca\/fr\/product\/soupe-condense-campbellmd-crme-de-champignons-sans-sel-ajout\/\",\"name\":\"Soupe condensee Campbell Creme de champignons sans sel ajoute - Campbell Company of Canada\",\"isPartOf\":{\"@id\":\"https:\/\/dev.badmath.com\/think33\/campbells\/campbellsoupca\/#website\"},\"primaryImageOfPage\":{\"@id\":\"https:\/\/dev.badmath.com\/think33\/campbells\/campbellsoupca\/fr\/product\/soupe-condense-campbellmd-crme-de-champignons-sans-sel-ajout\/#primaryimage\"},\"datePublished\":\"2016-07-28T11:55:00+00:00\",\"dateModified\":\"2021-11-29T02:28:12+00:00\",\"breadcrumb\":{\"@id\":\"https:\/\/dev.badmath.com\/think33\/campbells\/campbellsoupca\/fr\/product\/soupe-condense-campbellmd-crme-de-champignons-sans-sel-ajout\/#breadcrumb\"},\"inLanguage\":\"en-US\",\"potentialAction\":[{\"@type\":\"ReadAction\",\"target\":[\"https:\/\/dev.badmath.com\/think33\/campbells\/campbellsoupca\/fr\/product\/soupe-condense-campbellmd-crme-de-champignons-sans-sel-ajout\/\"]}]},{\"@type\":\"BreadcrumbList\",\"@id\":\"https:\/\/dev.badmath.com\/think33\/campbells\/campbellsoupca\/fr\/product\/soupe-condense-campbellmd-crme-de-champignons-sans-sel-ajout\/#breadcrumb\",\"itemListElement\":[{\"@type\":\"ListItem\",\"position\":1,\"name\":\"Home\",\"item\":\"https:\/\/dev.badmath.com:8443\/think33\/campbells\/campbellsoupca\/\"},{\"@type\":\"ListItem\",\"position\":2,\"name\":\"Products\",\"item\":\"https:\/\/dev.badmath.com:8443\/think33\/campbells\/campbellsoupca\/fr\/product\/\"},{\"@type\":\"ListItem\",\"position\":3,\"name\":\"Soupe condensee Campbell Creme de champignons sans sel ajoute\"}]}]}<\/script>\n<!-- \/ Yoast SEO plugin. -->","yoast_head_json":{"title":"Soupe condensee Campbell Creme de champignons sans sel ajoute - Campbell Company of Canada","robots":{"index":"index","follow":"follow","max-snippet":"max-snippet:-1","max-image-preview":"max-image-preview:large","max-video-preview":"max-video-preview:-1"},"canonical":"https:\/\/dev.badmath.com\/think33\/campbells\/campbellsoupca\/fr\/product\/soupe-condense-campbellmd-crme-de-champignons-sans-sel-ajout\/","og_locale":"en_US","og_type":"article","og_title":"Soupe condensee Campbell Creme de champignons sans sel ajoute - Campbell Company of Canada","og_description":"La soupe condens&eacute;e Campbell&#8217;sMD Cr&egrave;me de champignons sans sel ajout&eacute; est une excellente addition qui vous aidera &agrave; concocter de d&eacute;licieuses recettes les soirs de semaine! Cette version d\u2019un incontournable du garde-manger ne contient aucun sel ajout&eacute;, ce qui en fait un choix sain pour votre famille. Elle est compos&eacute;e de vrais ingr&eacute;dients comme de [&hellip;]","og_url":"https:\/\/dev.badmath.com\/think33\/campbells\/campbellsoupca\/fr\/product\/soupe-condense-campbellmd-crme-de-champignons-sans-sel-ajout\/","og_site_name":"Campbell Company of Canada","article_modified_time":"2021-11-29T02:28:12+00:00","og_image":[{"width":340,"height":510,"url":"https:\/\/dev.badmath.com\/think33\/campbells\/campbellsoupca\/wp-content\/uploads\/2016\/07\/campbells-condensed-cream-of-mushroom-no-salt-added-1.png","type":"image\/png"}],"twitter_card":"summary_large_image","schema":{"@context":"https:\/\/schema.org","@graph":[{"@type":"WebSite","@id":"https:\/\/dev.badmath.com\/think33\/campbells\/campbellsoupca\/#website","url":"https:\/\/dev.badmath.com\/think33\/campbells\/campbellsoupca\/","name":"Campbell Company of Canada","description":"","potentialAction":[{"@type":"SearchAction","target":{"@type":"EntryPoint","urlTemplate":"https:\/\/dev.badmath.com\/think33\/campbells\/campbellsoupca\/search\/?query={search_term_string}"},"query-input":"required name=search_term_string"}],"inLanguage":"en-US"},{"@type":"ImageObject","inLanguage":"en-US","@id":"https:\/\/dev.badmath.com\/think33\/campbells\/campbellsoupca\/fr\/product\/soupe-condense-campbellmd-crme-de-champignons-sans-sel-ajout\/#primaryimage","url":"https:\/\/dev.badmath.com\/think33\/campbells\/campbellsoupca\/wp-content\/uploads\/2016\/07\/campbells-condensed-cream-of-mushroom-no-salt-added-1.png","contentUrl":"https:\/\/dev.badmath.com\/think33\/campbells\/campbellsoupca\/wp-content\/uploads\/2016\/07\/campbells-condensed-cream-of-mushroom-no-salt-added-1.png","width":340,"height":510,"caption":"Soupe condens\u00e9e CampbellMD Cr\u00e8me de champignons sans sel ajout\u00e9"},{"@type":"WebPage","@id":"https:\/\/dev.badmath.com\/think33\/campbells\/campbellsoupca\/fr\/product\/soupe-condense-campbellmd-crme-de-champignons-sans-sel-ajout\/#webpage","url":"https:\/\/dev.badmath.com\/think33\/campbells\/campbellsoupca\/fr\/product\/soupe-condense-campbellmd-crme-de-champignons-sans-sel-ajout\/","name":"Soupe condensee Campbell Creme de champignons sans sel ajoute - Campbell Company of Canada","isPartOf":{"@id":"https:\/\/dev.badmath.com\/think33\/campbells\/campbellsoupca\/#website"},"primaryImageOfPage":{"@id":"https:\/\/dev.badmath.com\/think33\/campbells\/campbellsoupca\/fr\/product\/soupe-condense-campbellmd-crme-de-champignons-sans-sel-ajout\/#primaryimage"},"datePublished":"2016-07-28T11:55:00+00:00","dateModified":"2021-11-29T02:28:12+00:00","breadcrumb":{"@id":"https:\/\/dev.badmath.com\/think33\/campbells\/campbellsoupca\/fr\/product\/soupe-condense-campbellmd-crme-de-champignons-sans-sel-ajout\/#breadcrumb"},"inLanguage":"en-US","potentialAction":[{"@type":"ReadAction","target":["https:\/\/dev.badmath.com\/think33\/campbells\/campbellsoupca\/fr\/product\/soupe-condense-campbellmd-crme-de-champignons-sans-sel-ajout\/"]}]},{"@type":"BreadcrumbList","@id":"https:\/\/dev.badmath.com\/think33\/campbells\/campbellsoupca\/fr\/product\/soupe-condense-campbellmd-crme-de-champignons-sans-sel-ajout\/#breadcrumb","itemListElement":[{"@type":"ListItem","position":1,"name":"Home","item":"https:\/\/dev.badmath.com:8443\/think33\/campbells\/campbellsoupca\/"},{"@type":"ListItem","position":2,"name":"Products","item":"https:\/\/dev.badmath.com:8443\/think33\/campbells\/campbellsoupca\/fr\/product\/"},{"@type":"ListItem","position":3,"name":"Soupe condensee Campbell Creme de champignons sans sel ajoute"}]}]}},"lang":"fr","translations":{"fr":965,"en":551},"product_title":"Soupe condens\u00e9e <i>Campbell<sup>MD<\/sup><\/i> Cr\u00e8me de champignons sans sel ajout\u00e9\n","description":"<p>La soupe condens\u00e9e <em>Campbell&#8217;s<sup>MD<\/sup><\/em> Cr\u00e8me de champignons sans sel ajout\u00e9 est une excellente addition qui vous aidera \u00e0 concocter de d\u00e9licieuses recettes les soirs de semaine! Cette version d\u2019un incontournable du garde-manger ne contient aucun sel ajout\u00e9, ce qui en fait un choix sain pour votre famille. Elle est compos\u00e9e de vrais ingr\u00e9dients comme de vrais champignons et de la vraie cr\u00e8me, et ce, sans couleur ni saveur artificielle. Rendez-vous sur <a href=\"http:\/\/www.CookWithCampbells.ca\/fr\/\">CookWithCampbells.ca<\/a> afin de d\u00e9couvrir comment concocter le plat parfait.<\/p>\n","featured_image":"https:\/\/dev.badmath.com\/think33\/campbells\/campbellsoupca\/wp-content\/uploads\/2016\/07\/campbells-condensed-cream-of-mushroom-no-salt-added-1.png","pll_sync_post":[],"_links":{"self":[{"href":"https:\/\/dev.badmath.com\/think33\/campbells\/campbellsoupca\/wp-json\/wp\/v2\/product\/965"}],"collection":[{"href":"https:\/\/dev.badmath.com\/think33\/campbells\/campbellsoupca\/wp-json\/wp\/v2\/product"}],"about":[{"href":"https:\/\/dev.badmath.com\/think33\/campbells\/campbellsoupca\/wp-json\/wp\/v2\/types\/product"}],"wp:featuredmedia":[{"embeddable":true,"href":"https:\/\/dev.badmath.com\/think33\/campbells\/campbellsoupca\/wp-json\/wp\/v2\/media\/31312"}],"wp:attachment":[{"href":"https:\/\/dev.badmath.com\/think33\/campbells\/campbellsoupca\/wp-json\/wp\/v2\/media?parent=965"}],"wp:term":[{"taxonomy":"product-category","embeddable":true,"href":"https:\/\/dev.badmath.com\/think33\/campbells\/campbellsoupca\/wp-json\/wp\/v2\/product-category?post=965"},{"taxonomy":"product-brand","embeddable":true,"href":"https:\/\/dev.badmath.com\/think33\/campbells\/campbellsoupca\/wp-json\/wp\/v2\/product-brand?post=965"},{"taxonomy":"product-main-ingredient","embeddable":true,"href":"https:\/\/dev.badmath.com\/think33\/campbells\/campbellsoupca\/wp-json\/wp\/v2\/product-main-ingredient?post=965"},{"taxonomy":"product-dietary-alternative","embeddable":true,"href":"https:\/\/dev.badmath.com\/think33\/campbells\/campbellsoupca\/wp-json\/wp\/v2\/product-dietary-alternative?post=965"}],"curies":[{"name":"wp","href":"https:\/\/api.w.org\/{rel}","templated":true}]}}