{"id":963,"date":"2016-07-28T11:44:00","date_gmt":"2016-07-28T11:44:00","guid":{"rendered":"http:\/\/stagecscca.wpengine.com\/product\/soupe-condense-campbellsmd-poivrons-rouges-grills-et-tomates\/"},"modified":"2021-08-31T02:09:13","modified_gmt":"2021-08-31T02:09:13","slug":"soupe-condense-campbellsmd-poivrons-rouges-grills-et-tomates","status":"publish","type":"product","link":"https:\/\/dev.badmath.com\/think33\/campbells\/campbellsoupca\/fr\/product\/soupe-condense-campbellsmd-poivrons-rouges-grills-et-tomates\/","title":{"rendered":"Soupe condensee Campbell\u2019s Poivrons rouges grilles et tomates"},"featured_media":30610,"parent":0,"menu_order":0,"template":"","product-category":[357,371,359,369],"product-brand":[{"id":63,"slug":"condensees-campbellmd","name":"Condens\u00e9es CampbellMD"}],"product-main-ingredient":[417],"product-dietary-alternative":[{"id":439,"slug":"faible-en-gras","name":"Faible en gras","icon":"low-fat-fr"}],"acf":[],"yoast_head":"<!-- This site is optimized with the Yoast SEO plugin v18.8 - https:\/\/yoast.com\/wordpress\/plugins\/seo\/ -->\n<title>Soupe condensee Campbell\u2019s Poivrons rouges grilles et tomates - Campbell Company of Canada<\/title>\n<meta name=\"robots\" content=\"index, follow, max-snippet:-1, max-image-preview:large, max-video-preview:-1\" \/>\n<link rel=\"canonical\" href=\"https:\/\/dev.badmath.com\/think33\/campbells\/campbellsoupca\/fr\/product\/soupe-condense-campbellsmd-poivrons-rouges-grills-et-tomates\/\" \/>\n<meta property=\"og:locale\" content=\"en_US\" \/>\n<meta property=\"og:type\" content=\"article\" \/>\n<meta property=\"og:title\" content=\"Soupe condensee Campbell\u2019s Poivrons rouges grilles et tomates - Campbell Company of Canada\" \/>\n<meta property=\"og:description\" content=\"La soupe condens&eacute;e Campbell\u2019s\u00ae Poivrons rouges grill&eacute;s et tomates est incroyablement polyvalente. Elle est tout aussi d&eacute;licieuse servie telle quelle que comme ajout savoureux &agrave; vos recettes de semaine! Elle est compos&eacute;e de vrais ingr&eacute;dients comme de vraies tomates et de vrais piments rouges grill&eacute;s, et ce, sans couleur ni saveur artificielle. Rendez-vous sur cuisinezaveccampbells.ca [&hellip;]\" \/>\n<meta property=\"og:url\" content=\"https:\/\/dev.badmath.com\/think33\/campbells\/campbellsoupca\/fr\/product\/soupe-condense-campbellsmd-poivrons-rouges-grills-et-tomates\/\" \/>\n<meta property=\"og:site_name\" content=\"Campbell Company of Canada\" \/>\n<meta property=\"article:modified_time\" content=\"2021-08-31T02:09:13+00:00\" \/>\n<meta property=\"og:image\" content=\"https:\/\/dev.badmath.com\/think33\/campbells\/campbellsoupca\/wp-content\/uploads\/2016\/07\/campbells-condensed-soup-roasted-red-pepper-and-tomato-1.png\" \/>\n\t<meta property=\"og:image:width\" content=\"340\" \/>\n\t<meta property=\"og:image:height\" content=\"510\" \/>\n\t<meta property=\"og:image:type\" content=\"image\/png\" \/>\n<meta name=\"twitter:card\" content=\"summary_large_image\" \/>\n<script type=\"application\/ld+json\" class=\"yoast-schema-graph\">{\"@context\":\"https:\/\/schema.org\",\"@graph\":[{\"@type\":\"WebSite\",\"@id\":\"https:\/\/dev.badmath.com\/think33\/campbells\/campbellsoupca\/#website\",\"url\":\"https:\/\/dev.badmath.com\/think33\/campbells\/campbellsoupca\/\",\"name\":\"Campbell Company of Canada\",\"description\":\"\",\"potentialAction\":[{\"@type\":\"SearchAction\",\"target\":{\"@type\":\"EntryPoint\",\"urlTemplate\":\"https:\/\/dev.badmath.com\/think33\/campbells\/campbellsoupca\/search\/?query={search_term_string}\"},\"query-input\":\"required name=search_term_string\"}],\"inLanguage\":\"en-US\"},{\"@type\":\"ImageObject\",\"inLanguage\":\"en-US\",\"@id\":\"https:\/\/dev.badmath.com\/think33\/campbells\/campbellsoupca\/fr\/product\/soupe-condense-campbellsmd-poivrons-rouges-grills-et-tomates\/#primaryimage\",\"url\":\"https:\/\/dev.badmath.com\/think33\/campbells\/campbellsoupca\/wp-content\/uploads\/2016\/07\/campbells-condensed-soup-roasted-red-pepper-and-tomato-1.png\",\"contentUrl\":\"https:\/\/dev.badmath.com\/think33\/campbells\/campbellsoupca\/wp-content\/uploads\/2016\/07\/campbells-condensed-soup-roasted-red-pepper-and-tomato-1.png\",\"width\":340,\"height\":510,\"caption\":\"Soupe condens\u00e9e Campbell\u2019s Poivrons rouges grill\u00e9s et tomates\"},{\"@type\":\"WebPage\",\"@id\":\"https:\/\/dev.badmath.com\/think33\/campbells\/campbellsoupca\/fr\/product\/soupe-condense-campbellsmd-poivrons-rouges-grills-et-tomates\/#webpage\",\"url\":\"https:\/\/dev.badmath.com\/think33\/campbells\/campbellsoupca\/fr\/product\/soupe-condense-campbellsmd-poivrons-rouges-grills-et-tomates\/\",\"name\":\"Soupe condensee Campbell\u2019s Poivrons rouges grilles et tomates - Campbell Company of Canada\",\"isPartOf\":{\"@id\":\"https:\/\/dev.badmath.com\/think33\/campbells\/campbellsoupca\/#website\"},\"primaryImageOfPage\":{\"@id\":\"https:\/\/dev.badmath.com\/think33\/campbells\/campbellsoupca\/fr\/product\/soupe-condense-campbellsmd-poivrons-rouges-grills-et-tomates\/#primaryimage\"},\"datePublished\":\"2016-07-28T11:44:00+00:00\",\"dateModified\":\"2021-08-31T02:09:13+00:00\",\"breadcrumb\":{\"@id\":\"https:\/\/dev.badmath.com\/think33\/campbells\/campbellsoupca\/fr\/product\/soupe-condense-campbellsmd-poivrons-rouges-grills-et-tomates\/#breadcrumb\"},\"inLanguage\":\"en-US\",\"potentialAction\":[{\"@type\":\"ReadAction\",\"target\":[\"https:\/\/dev.badmath.com\/think33\/campbells\/campbellsoupca\/fr\/product\/soupe-condense-campbellsmd-poivrons-rouges-grills-et-tomates\/\"]}]},{\"@type\":\"BreadcrumbList\",\"@id\":\"https:\/\/dev.badmath.com\/think33\/campbells\/campbellsoupca\/fr\/product\/soupe-condense-campbellsmd-poivrons-rouges-grills-et-tomates\/#breadcrumb\",\"itemListElement\":[{\"@type\":\"ListItem\",\"position\":1,\"name\":\"Home\",\"item\":\"https:\/\/dev.badmath.com:8443\/think33\/campbells\/campbellsoupca\/\"},{\"@type\":\"ListItem\",\"position\":2,\"name\":\"Products\",\"item\":\"https:\/\/dev.badmath.com\/think33\/campbells\/campbellsoupca\/fr\/product\/\"},{\"@type\":\"ListItem\",\"position\":3,\"name\":\"Soupe condensee Campbell\u2019s Poivrons rouges grilles et tomates\"}]}]}<\/script>\n<!-- \/ Yoast SEO plugin. -->","yoast_head_json":{"title":"Soupe condensee Campbell\u2019s Poivrons rouges grilles et tomates - Campbell Company of Canada","robots":{"index":"index","follow":"follow","max-snippet":"max-snippet:-1","max-image-preview":"max-image-preview:large","max-video-preview":"max-video-preview:-1"},"canonical":"https:\/\/dev.badmath.com\/think33\/campbells\/campbellsoupca\/fr\/product\/soupe-condense-campbellsmd-poivrons-rouges-grills-et-tomates\/","og_locale":"en_US","og_type":"article","og_title":"Soupe condensee Campbell\u2019s Poivrons rouges grilles et tomates - Campbell Company of Canada","og_description":"La soupe condens&eacute;e Campbell\u2019s\u00ae Poivrons rouges grill&eacute;s et tomates est incroyablement polyvalente. Elle est tout aussi d&eacute;licieuse servie telle quelle que comme ajout savoureux &agrave; vos recettes de semaine! Elle est compos&eacute;e de vrais ingr&eacute;dients comme de vraies tomates et de vrais piments rouges grill&eacute;s, et ce, sans couleur ni saveur artificielle. Rendez-vous sur cuisinezaveccampbells.ca [&hellip;]","og_url":"https:\/\/dev.badmath.com\/think33\/campbells\/campbellsoupca\/fr\/product\/soupe-condense-campbellsmd-poivrons-rouges-grills-et-tomates\/","og_site_name":"Campbell Company of Canada","article_modified_time":"2021-08-31T02:09:13+00:00","og_image":[{"width":340,"height":510,"url":"https:\/\/dev.badmath.com\/think33\/campbells\/campbellsoupca\/wp-content\/uploads\/2016\/07\/campbells-condensed-soup-roasted-red-pepper-and-tomato-1.png","type":"image\/png"}],"twitter_card":"summary_large_image","schema":{"@context":"https:\/\/schema.org","@graph":[{"@type":"WebSite","@id":"https:\/\/dev.badmath.com\/think33\/campbells\/campbellsoupca\/#website","url":"https:\/\/dev.badmath.com\/think33\/campbells\/campbellsoupca\/","name":"Campbell Company of Canada","description":"","potentialAction":[{"@type":"SearchAction","target":{"@type":"EntryPoint","urlTemplate":"https:\/\/dev.badmath.com\/think33\/campbells\/campbellsoupca\/search\/?query={search_term_string}"},"query-input":"required name=search_term_string"}],"inLanguage":"en-US"},{"@type":"ImageObject","inLanguage":"en-US","@id":"https:\/\/dev.badmath.com\/think33\/campbells\/campbellsoupca\/fr\/product\/soupe-condense-campbellsmd-poivrons-rouges-grills-et-tomates\/#primaryimage","url":"https:\/\/dev.badmath.com\/think33\/campbells\/campbellsoupca\/wp-content\/uploads\/2016\/07\/campbells-condensed-soup-roasted-red-pepper-and-tomato-1.png","contentUrl":"https:\/\/dev.badmath.com\/think33\/campbells\/campbellsoupca\/wp-content\/uploads\/2016\/07\/campbells-condensed-soup-roasted-red-pepper-and-tomato-1.png","width":340,"height":510,"caption":"Soupe condens\u00e9e Campbell\u2019s Poivrons rouges grill\u00e9s et tomates"},{"@type":"WebPage","@id":"https:\/\/dev.badmath.com\/think33\/campbells\/campbellsoupca\/fr\/product\/soupe-condense-campbellsmd-poivrons-rouges-grills-et-tomates\/#webpage","url":"https:\/\/dev.badmath.com\/think33\/campbells\/campbellsoupca\/fr\/product\/soupe-condense-campbellsmd-poivrons-rouges-grills-et-tomates\/","name":"Soupe condensee Campbell\u2019s Poivrons rouges grilles et tomates - Campbell Company of Canada","isPartOf":{"@id":"https:\/\/dev.badmath.com\/think33\/campbells\/campbellsoupca\/#website"},"primaryImageOfPage":{"@id":"https:\/\/dev.badmath.com\/think33\/campbells\/campbellsoupca\/fr\/product\/soupe-condense-campbellsmd-poivrons-rouges-grills-et-tomates\/#primaryimage"},"datePublished":"2016-07-28T11:44:00+00:00","dateModified":"2021-08-31T02:09:13+00:00","breadcrumb":{"@id":"https:\/\/dev.badmath.com\/think33\/campbells\/campbellsoupca\/fr\/product\/soupe-condense-campbellsmd-poivrons-rouges-grills-et-tomates\/#breadcrumb"},"inLanguage":"en-US","potentialAction":[{"@type":"ReadAction","target":["https:\/\/dev.badmath.com\/think33\/campbells\/campbellsoupca\/fr\/product\/soupe-condense-campbellsmd-poivrons-rouges-grills-et-tomates\/"]}]},{"@type":"BreadcrumbList","@id":"https:\/\/dev.badmath.com\/think33\/campbells\/campbellsoupca\/fr\/product\/soupe-condense-campbellsmd-poivrons-rouges-grills-et-tomates\/#breadcrumb","itemListElement":[{"@type":"ListItem","position":1,"name":"Home","item":"https:\/\/dev.badmath.com:8443\/think33\/campbells\/campbellsoupca\/"},{"@type":"ListItem","position":2,"name":"Products","item":"https:\/\/dev.badmath.com\/think33\/campbells\/campbellsoupca\/fr\/product\/"},{"@type":"ListItem","position":3,"name":"Soupe condensee Campbell\u2019s Poivrons rouges grilles et tomates"}]}]}},"lang":"fr","translations":{"fr":963,"en":547},"product_title":"Soupe condens\u00e9e <i>Campbell\u2019s<sup>MD<\/sup><\/i> Poivrons rouges grill\u00e9s et tomates\n","description":"<p>La soupe condens\u00e9e <em>Campbell\u2019s<sup>\u00ae<\/sup><\/em> Poivrons rouges grill\u00e9s et tomates est incroyablement polyvalente. Elle est tout aussi d\u00e9licieuse servie telle quelle que comme ajout savoureux \u00e0 vos recettes de semaine! Elle est compos\u00e9e de vrais ingr\u00e9dients comme de vraies tomates et de vrais piments rouges grill\u00e9s, et ce, sans couleur ni saveur artificielle. Rendez-vous sur <a href=\"http:\/\/www.cookwithcampbells.ca\/fr\/\">cuisinezaveccampbells.ca<\/a> afin de d\u00e9couvrir comment concocter le plat parfait.<\/p>\n","featured_image":"https:\/\/dev.badmath.com\/think33\/campbells\/campbellsoupca\/wp-content\/uploads\/2016\/07\/campbells-condensed-soup-roasted-red-pepper-and-tomato-1.png","pll_sync_post":[],"_links":{"self":[{"href":"https:\/\/dev.badmath.com\/think33\/campbells\/campbellsoupca\/wp-json\/wp\/v2\/product\/963"}],"collection":[{"href":"https:\/\/dev.badmath.com\/think33\/campbells\/campbellsoupca\/wp-json\/wp\/v2\/product"}],"about":[{"href":"https:\/\/dev.badmath.com\/think33\/campbells\/campbellsoupca\/wp-json\/wp\/v2\/types\/product"}],"wp:featuredmedia":[{"embeddable":true,"href":"https:\/\/dev.badmath.com\/think33\/campbells\/campbellsoupca\/wp-json\/wp\/v2\/media\/30610"}],"wp:attachment":[{"href":"https:\/\/dev.badmath.com\/think33\/campbells\/campbellsoupca\/wp-json\/wp\/v2\/media?parent=963"}],"wp:term":[{"taxonomy":"product-category","embeddable":true,"href":"https:\/\/dev.badmath.com\/think33\/campbells\/campbellsoupca\/wp-json\/wp\/v2\/product-category?post=963"},{"taxonomy":"product-brand","embeddable":true,"href":"https:\/\/dev.badmath.com\/think33\/campbells\/campbellsoupca\/wp-json\/wp\/v2\/product-brand?post=963"},{"taxonomy":"product-main-ingredient","embeddable":true,"href":"https:\/\/dev.badmath.com\/think33\/campbells\/campbellsoupca\/wp-json\/wp\/v2\/product-main-ingredient?post=963"},{"taxonomy":"product-dietary-alternative","embeddable":true,"href":"https:\/\/dev.badmath.com\/think33\/campbells\/campbellsoupca\/wp-json\/wp\/v2\/product-dietary-alternative?post=963"}],"curies":[{"name":"wp","href":"https:\/\/api.w.org\/{rel}","templated":true}]}}