{"id":9302,"date":"2018-11-13T15:13:10","date_gmt":"2018-11-13T15:13:10","guid":{"rendered":"https:\/\/dev.badmath.com:8443\/think33\/campbells\/campbellsoupca\/?post_type=product&#038;p=9302"},"modified":"2023-03-03T01:56:29","modified_gmt":"2023-03-03T01:56:29","slug":"campbellsmd-chunkymd-pate-poulet-et-aux-legumes","status":"publish","type":"product","link":"https:\/\/dev.badmath.com\/think33\/campbells\/campbellsoupca\/fr\/product\/campbellsmd-chunkymd-pate-poulet-et-aux-legumes\/","title":{"rendered":"Campbell\u2019s Chunky P\u00e2t\u00e9 poulet et aux l\u00e9gumes (515 mL)"},"featured_media":38979,"parent":0,"menu_order":0,"template":"","product-category":[369,373],"product-brand":[{"id":61,"slug":"chunkymd-de-campbellmd","name":"ChunkyMD de CampbellMD"}],"product-main-ingredient":[411],"product-dietary-alternative":[],"acf":[],"yoast_head":"<!-- This site is optimized with the Yoast SEO plugin v18.8 - https:\/\/yoast.com\/wordpress\/plugins\/seo\/ -->\n<title>Campbell\u2019s Chunky P\u00e2t\u00e9 poulet et aux l\u00e9gumes (515 mL) - Campbell Company of Canada<\/title>\n<meta name=\"description\" content=\"\u00c0 chaque cuill\u00e9r\u00e9e de cette soupe pr\u00eate \u00e0 consommer, vous d\u00e9gusterez des dumplings nourrissants, mijot\u00e9s avec des carottes, du ma\u00efs et de gros et tendres morceaux de poulet assaisonn\u00e9 dans un riche bouillon.\" \/>\n<meta name=\"robots\" content=\"index, follow, max-snippet:-1, max-image-preview:large, max-video-preview:-1\" \/>\n<link rel=\"canonical\" href=\"https:\/\/dev.badmath.com\/think33\/campbells\/campbellsoupca\/fr\/product\/campbellsmd-chunkymd-pate-poulet-et-aux-legumes\/\" \/>\n<meta property=\"og:locale\" content=\"en_US\" \/>\n<meta property=\"og:type\" content=\"article\" \/>\n<meta property=\"og:title\" content=\"Campbell\u2019s Chunky P\u00e2t\u00e9 poulet et aux l\u00e9gumes (515 mL) - Campbell Company of Canada\" \/>\n<meta property=\"og:description\" content=\"\u00c0 chaque cuill\u00e9r\u00e9e de cette soupe pr\u00eate \u00e0 consommer, vous d\u00e9gusterez des dumplings nourrissants, mijot\u00e9s avec des carottes, du ma\u00efs et de gros et tendres morceaux de poulet assaisonn\u00e9 dans un riche bouillon.\" \/>\n<meta property=\"og:url\" content=\"https:\/\/dev.badmath.com\/think33\/campbells\/campbellsoupca\/fr\/product\/campbellsmd-chunkymd-pate-poulet-et-aux-legumes\/\" \/>\n<meta property=\"og:site_name\" content=\"Campbell Company of Canada\" \/>\n<meta property=\"article:modified_time\" content=\"2023-03-03T01:56:29+00:00\" \/>\n<meta property=\"og:image\" content=\"https:\/\/dev.badmath.com\/think33\/campbells\/campbellsoupca\/wp-content\/uploads\/2018\/11\/chunky-chicken-veg-potpie.png\" \/>\n\t<meta property=\"og:image:width\" content=\"652\" \/>\n\t<meta property=\"og:image:height\" content=\"1040\" \/>\n\t<meta property=\"og:image:type\" content=\"image\/png\" \/>\n<meta name=\"twitter:card\" content=\"summary_large_image\" \/>\n<script type=\"application\/ld+json\" class=\"yoast-schema-graph\">{\"@context\":\"https:\/\/schema.org\",\"@graph\":[{\"@type\":\"WebSite\",\"@id\":\"https:\/\/dev.badmath.com\/think33\/campbells\/campbellsoupca\/#website\",\"url\":\"https:\/\/dev.badmath.com\/think33\/campbells\/campbellsoupca\/\",\"name\":\"Campbell Company of Canada\",\"description\":\"\",\"potentialAction\":[{\"@type\":\"SearchAction\",\"target\":{\"@type\":\"EntryPoint\",\"urlTemplate\":\"https:\/\/dev.badmath.com\/think33\/campbells\/campbellsoupca\/search\/?query={search_term_string}\"},\"query-input\":\"required name=search_term_string\"}],\"inLanguage\":\"en-US\"},{\"@type\":\"ImageObject\",\"inLanguage\":\"en-US\",\"@id\":\"https:\/\/dev.badmath.com\/think33\/campbells\/campbellsoupca\/fr\/product\/campbellsmd-chunkymd-pate-poulet-et-aux-legumes\/#primaryimage\",\"url\":\"https:\/\/dev.badmath.com\/think33\/campbells\/campbellsoupca\/wp-content\/uploads\/2018\/11\/chunky-chicken-veg-potpie.png\",\"contentUrl\":\"https:\/\/dev.badmath.com\/think33\/campbells\/campbellsoupca\/wp-content\/uploads\/2018\/11\/chunky-chicken-veg-potpie.png\",\"width\":652,\"height\":1040,\"caption\":\"Campbell\u2019s Chunky P\u00e2t\u00e9 poulet et aux l\u00e9gumes\"},{\"@type\":\"WebPage\",\"@id\":\"https:\/\/dev.badmath.com\/think33\/campbells\/campbellsoupca\/fr\/product\/campbellsmd-chunkymd-pate-poulet-et-aux-legumes\/#webpage\",\"url\":\"https:\/\/dev.badmath.com\/think33\/campbells\/campbellsoupca\/fr\/product\/campbellsmd-chunkymd-pate-poulet-et-aux-legumes\/\",\"name\":\"Campbell\u2019s Chunky P\u00e2t\u00e9 poulet et aux l\u00e9gumes (515 mL) - Campbell Company of Canada\",\"isPartOf\":{\"@id\":\"https:\/\/dev.badmath.com\/think33\/campbells\/campbellsoupca\/#website\"},\"primaryImageOfPage\":{\"@id\":\"https:\/\/dev.badmath.com\/think33\/campbells\/campbellsoupca\/fr\/product\/campbellsmd-chunkymd-pate-poulet-et-aux-legumes\/#primaryimage\"},\"datePublished\":\"2018-11-13T15:13:10+00:00\",\"dateModified\":\"2023-03-03T01:56:29+00:00\",\"description\":\"\u00c0 chaque cuill\u00e9r\u00e9e de cette soupe pr\u00eate \u00e0 consommer, vous d\u00e9gusterez des dumplings nourrissants, mijot\u00e9s avec des carottes, du ma\u00efs et de gros et tendres morceaux de poulet assaisonn\u00e9 dans un riche bouillon.\",\"breadcrumb\":{\"@id\":\"https:\/\/dev.badmath.com\/think33\/campbells\/campbellsoupca\/fr\/product\/campbellsmd-chunkymd-pate-poulet-et-aux-legumes\/#breadcrumb\"},\"inLanguage\":\"en-US\",\"potentialAction\":[{\"@type\":\"ReadAction\",\"target\":[\"https:\/\/dev.badmath.com\/think33\/campbells\/campbellsoupca\/fr\/product\/campbellsmd-chunkymd-pate-poulet-et-aux-legumes\/\"]}]},{\"@type\":\"BreadcrumbList\",\"@id\":\"https:\/\/dev.badmath.com\/think33\/campbells\/campbellsoupca\/fr\/product\/campbellsmd-chunkymd-pate-poulet-et-aux-legumes\/#breadcrumb\",\"itemListElement\":[{\"@type\":\"ListItem\",\"position\":1,\"name\":\"Home\",\"item\":\"https:\/\/dev.badmath.com:8443\/think33\/campbells\/campbellsoupca\/\"},{\"@type\":\"ListItem\",\"position\":2,\"name\":\"Products\",\"item\":\"https:\/\/dev.badmath.com\/think33\/campbells\/campbellsoupca\/fr\/product\/\"},{\"@type\":\"ListItem\",\"position\":3,\"name\":\"Campbell\u2019s Chunky P\u00e2t\u00e9 poulet et aux l\u00e9gumes (515 mL)\"}]}]}<\/script>\n<!-- \/ Yoast SEO plugin. -->","yoast_head_json":{"title":"Campbell\u2019s Chunky P\u00e2t\u00e9 poulet et aux l\u00e9gumes (515 mL) - Campbell Company of Canada","description":"\u00c0 chaque cuill\u00e9r\u00e9e de cette soupe pr\u00eate \u00e0 consommer, vous d\u00e9gusterez des dumplings nourrissants, mijot\u00e9s avec des carottes, du ma\u00efs et de gros et tendres morceaux de poulet assaisonn\u00e9 dans un riche bouillon.","robots":{"index":"index","follow":"follow","max-snippet":"max-snippet:-1","max-image-preview":"max-image-preview:large","max-video-preview":"max-video-preview:-1"},"canonical":"https:\/\/dev.badmath.com\/think33\/campbells\/campbellsoupca\/fr\/product\/campbellsmd-chunkymd-pate-poulet-et-aux-legumes\/","og_locale":"en_US","og_type":"article","og_title":"Campbell\u2019s Chunky P\u00e2t\u00e9 poulet et aux l\u00e9gumes (515 mL) - Campbell Company of Canada","og_description":"\u00c0 chaque cuill\u00e9r\u00e9e de cette soupe pr\u00eate \u00e0 consommer, vous d\u00e9gusterez des dumplings nourrissants, mijot\u00e9s avec des carottes, du ma\u00efs et de gros et tendres morceaux de poulet assaisonn\u00e9 dans un riche bouillon.","og_url":"https:\/\/dev.badmath.com\/think33\/campbells\/campbellsoupca\/fr\/product\/campbellsmd-chunkymd-pate-poulet-et-aux-legumes\/","og_site_name":"Campbell Company of Canada","article_modified_time":"2023-03-03T01:56:29+00:00","og_image":[{"width":652,"height":1040,"url":"https:\/\/dev.badmath.com\/think33\/campbells\/campbellsoupca\/wp-content\/uploads\/2018\/11\/chunky-chicken-veg-potpie.png","type":"image\/png"}],"twitter_card":"summary_large_image","schema":{"@context":"https:\/\/schema.org","@graph":[{"@type":"WebSite","@id":"https:\/\/dev.badmath.com\/think33\/campbells\/campbellsoupca\/#website","url":"https:\/\/dev.badmath.com\/think33\/campbells\/campbellsoupca\/","name":"Campbell Company of Canada","description":"","potentialAction":[{"@type":"SearchAction","target":{"@type":"EntryPoint","urlTemplate":"https:\/\/dev.badmath.com\/think33\/campbells\/campbellsoupca\/search\/?query={search_term_string}"},"query-input":"required name=search_term_string"}],"inLanguage":"en-US"},{"@type":"ImageObject","inLanguage":"en-US","@id":"https:\/\/dev.badmath.com\/think33\/campbells\/campbellsoupca\/fr\/product\/campbellsmd-chunkymd-pate-poulet-et-aux-legumes\/#primaryimage","url":"https:\/\/dev.badmath.com\/think33\/campbells\/campbellsoupca\/wp-content\/uploads\/2018\/11\/chunky-chicken-veg-potpie.png","contentUrl":"https:\/\/dev.badmath.com\/think33\/campbells\/campbellsoupca\/wp-content\/uploads\/2018\/11\/chunky-chicken-veg-potpie.png","width":652,"height":1040,"caption":"Campbell\u2019s Chunky P\u00e2t\u00e9 poulet et aux l\u00e9gumes"},{"@type":"WebPage","@id":"https:\/\/dev.badmath.com\/think33\/campbells\/campbellsoupca\/fr\/product\/campbellsmd-chunkymd-pate-poulet-et-aux-legumes\/#webpage","url":"https:\/\/dev.badmath.com\/think33\/campbells\/campbellsoupca\/fr\/product\/campbellsmd-chunkymd-pate-poulet-et-aux-legumes\/","name":"Campbell\u2019s Chunky P\u00e2t\u00e9 poulet et aux l\u00e9gumes (515 mL) - Campbell Company of Canada","isPartOf":{"@id":"https:\/\/dev.badmath.com\/think33\/campbells\/campbellsoupca\/#website"},"primaryImageOfPage":{"@id":"https:\/\/dev.badmath.com\/think33\/campbells\/campbellsoupca\/fr\/product\/campbellsmd-chunkymd-pate-poulet-et-aux-legumes\/#primaryimage"},"datePublished":"2018-11-13T15:13:10+00:00","dateModified":"2023-03-03T01:56:29+00:00","description":"\u00c0 chaque cuill\u00e9r\u00e9e de cette soupe pr\u00eate \u00e0 consommer, vous d\u00e9gusterez des dumplings nourrissants, mijot\u00e9s avec des carottes, du ma\u00efs et de gros et tendres morceaux de poulet assaisonn\u00e9 dans un riche bouillon.","breadcrumb":{"@id":"https:\/\/dev.badmath.com\/think33\/campbells\/campbellsoupca\/fr\/product\/campbellsmd-chunkymd-pate-poulet-et-aux-legumes\/#breadcrumb"},"inLanguage":"en-US","potentialAction":[{"@type":"ReadAction","target":["https:\/\/dev.badmath.com\/think33\/campbells\/campbellsoupca\/fr\/product\/campbellsmd-chunkymd-pate-poulet-et-aux-legumes\/"]}]},{"@type":"BreadcrumbList","@id":"https:\/\/dev.badmath.com\/think33\/campbells\/campbellsoupca\/fr\/product\/campbellsmd-chunkymd-pate-poulet-et-aux-legumes\/#breadcrumb","itemListElement":[{"@type":"ListItem","position":1,"name":"Home","item":"https:\/\/dev.badmath.com:8443\/think33\/campbells\/campbellsoupca\/"},{"@type":"ListItem","position":2,"name":"Products","item":"https:\/\/dev.badmath.com\/think33\/campbells\/campbellsoupca\/fr\/product\/"},{"@type":"ListItem","position":3,"name":"Campbell\u2019s Chunky P\u00e2t\u00e9 poulet et aux l\u00e9gumes (515 mL)"}]}]}},"lang":"fr","translations":{"fr":9302,"en":534},"product_title":"<em>Campbell\u2019s<\/em><sup>\u00ae<\/sup> <em>Chunky<\/em><sup>\u00ae<\/sup> P\u00e2t\u00e9 poulet et aux l\u00e9gumes (515 mL)\n","description":"<p>\u00c0 chaque cuill\u00e9r\u00e9e de cette soupe pr\u00eate \u00e0 consommer, vous d\u00e9gusterez des dumplings nourrissants, mijot\u00e9s avec des carottes, du ma\u00efs et de gros et tendres morceaux de poulet assaisonn\u00e9 dans un riche bouillon.<\/p>\n","featured_image":"https:\/\/dev.badmath.com\/think33\/campbells\/campbellsoupca\/wp-content\/uploads\/2018\/11\/chunky-chicken-veg-potpie-642x1024.png","pll_sync_post":[],"_links":{"self":[{"href":"https:\/\/dev.badmath.com\/think33\/campbells\/campbellsoupca\/wp-json\/wp\/v2\/product\/9302"}],"collection":[{"href":"https:\/\/dev.badmath.com\/think33\/campbells\/campbellsoupca\/wp-json\/wp\/v2\/product"}],"about":[{"href":"https:\/\/dev.badmath.com\/think33\/campbells\/campbellsoupca\/wp-json\/wp\/v2\/types\/product"}],"wp:featuredmedia":[{"embeddable":true,"href":"https:\/\/dev.badmath.com\/think33\/campbells\/campbellsoupca\/wp-json\/wp\/v2\/media\/38979"}],"wp:attachment":[{"href":"https:\/\/dev.badmath.com\/think33\/campbells\/campbellsoupca\/wp-json\/wp\/v2\/media?parent=9302"}],"wp:term":[{"taxonomy":"product-category","embeddable":true,"href":"https:\/\/dev.badmath.com\/think33\/campbells\/campbellsoupca\/wp-json\/wp\/v2\/product-category?post=9302"},{"taxonomy":"product-brand","embeddable":true,"href":"https:\/\/dev.badmath.com\/think33\/campbells\/campbellsoupca\/wp-json\/wp\/v2\/product-brand?post=9302"},{"taxonomy":"product-main-ingredient","embeddable":true,"href":"https:\/\/dev.badmath.com\/think33\/campbells\/campbellsoupca\/wp-json\/wp\/v2\/product-main-ingredient?post=9302"},{"taxonomy":"product-dietary-alternative","embeddable":true,"href":"https:\/\/dev.badmath.com\/think33\/campbells\/campbellsoupca\/wp-json\/wp\/v2\/product-dietary-alternative?post=9302"}],"curies":[{"name":"wp","href":"https:\/\/api.w.org\/{rel}","templated":true}]}}