{"id":914,"date":"2014-07-30T13:22:00","date_gmt":"2014-07-30T13:22:00","guid":{"rendered":"http:\/\/stagecscca.wpengine.com\/product\/gastronomie-du-jour-pommes-de-terre-roties-et-poireaux\/"},"modified":"2018-07-25T20:42:30","modified_gmt":"2018-07-25T20:42:30","slug":"gastronomie-du-jour-pommes-de-terre-roties-et-poireaux","status":"publish","type":"product","link":"https:\/\/dev.badmath.com\/think33\/campbells\/campbellsoupca\/fr\/product\/gastronomie-du-jour-pommes-de-terre-roties-et-poireaux\/","title":{"rendered":"Gastronomie Du Jour Pommes De Terre Roties Et Poireaux"},"featured_media":915,"parent":0,"menu_order":0,"template":"","product-category":[369,373],"product-brand":[{"id":393,"slug":"campbell","name":"Campbell"},{"id":93,"slug":"gastronomie-du-jour-de-campbell","name":"Gastronomie du jour de Campbell"}],"product-main-ingredient":[415],"product-dietary-alternative":[{"id":435,"slug":"sans-gluten","name":"Sans Gluten","icon":"gluten-free"}],"acf":[],"yoast_head":"<!-- This site is optimized with the Yoast SEO plugin v18.8 - https:\/\/yoast.com\/wordpress\/plugins\/seo\/ -->\n<title>Gastronomie Du Jour Pommes De Terre Roties Et Poireaux - Campbell Company of Canada<\/title>\n<meta name=\"robots\" content=\"index, follow, max-snippet:-1, max-image-preview:large, max-video-preview:-1\" \/>\n<link rel=\"canonical\" href=\"https:\/\/dev.badmath.com\/think33\/campbells\/campbellsoupca\/fr\/product\/gastronomie-du-jour-pommes-de-terre-roties-et-poireaux\/\" \/>\n<meta property=\"og:locale\" content=\"en_US\" \/>\n<meta property=\"og:type\" content=\"article\" \/>\n<meta property=\"og:title\" content=\"Gastronomie Du Jour Pommes De Terre Roties Et Poireaux - Campbell Company of Canada\" \/>\n<meta property=\"og:description\" content=\"Un m&eacute;lange raffin&eacute; de poivrons rouges grill&eacute;s, de haricots noirs et de tomates m&ucirc;ries sur vigne, le tout d&eacute;licatement assaisonn&eacute;e de fines herbes. Les soupes Gastronomie du jour de Campbell offrent une exp&eacute;rience gustative d&eacute;licieusement satisfaisante et utilisent des ingr&eacute;dients uniques pour obtenir des saveurs audacieuses et inspir&eacute;es\" \/>\n<meta property=\"og:url\" content=\"https:\/\/dev.badmath.com\/think33\/campbells\/campbellsoupca\/fr\/product\/gastronomie-du-jour-pommes-de-terre-roties-et-poireaux\/\" \/>\n<meta property=\"og:site_name\" content=\"Campbell Company of Canada\" \/>\n<meta property=\"article:modified_time\" content=\"2018-07-25T20:42:30+00:00\" \/>\n<meta property=\"og:image\" content=\"https:\/\/dev.badmath.com\/think33\/campbells\/campbellsoupca\/wp-content\/uploads\/2018\/05\/EDG_RPnSL_FR.png\" \/>\n\t<meta property=\"og:image:width\" content=\"340\" \/>\n\t<meta property=\"og:image:height\" content=\"510\" \/>\n\t<meta property=\"og:image:type\" content=\"image\/png\" \/>\n<meta name=\"twitter:card\" content=\"summary_large_image\" \/>\n<script type=\"application\/ld+json\" class=\"yoast-schema-graph\">{\"@context\":\"https:\/\/schema.org\",\"@graph\":[{\"@type\":\"WebSite\",\"@id\":\"https:\/\/dev.badmath.com\/think33\/campbells\/campbellsoupca\/#website\",\"url\":\"https:\/\/dev.badmath.com\/think33\/campbells\/campbellsoupca\/\",\"name\":\"Campbell Company of Canada\",\"description\":\"\",\"potentialAction\":[{\"@type\":\"SearchAction\",\"target\":{\"@type\":\"EntryPoint\",\"urlTemplate\":\"https:\/\/dev.badmath.com\/think33\/campbells\/campbellsoupca\/search\/?query={search_term_string}\"},\"query-input\":\"required name=search_term_string\"}],\"inLanguage\":\"en-US\"},{\"@type\":\"ImageObject\",\"inLanguage\":\"en-US\",\"@id\":\"https:\/\/dev.badmath.com\/think33\/campbells\/campbellsoupca\/fr\/product\/gastronomie-du-jour-pommes-de-terre-roties-et-poireaux\/#primaryimage\",\"url\":\"https:\/\/dev.badmath.com\/think33\/campbells\/campbellsoupca\/wp-content\/uploads\/2018\/05\/EDG_RPnSL_FR.png\",\"contentUrl\":\"https:\/\/dev.badmath.com\/think33\/campbells\/campbellsoupca\/wp-content\/uploads\/2018\/05\/EDG_RPnSL_FR.png\",\"width\":340,\"height\":510,\"caption\":\"campbell's gastronomie du jour pommes de terre roties et poireaux\"},{\"@type\":\"WebPage\",\"@id\":\"https:\/\/dev.badmath.com\/think33\/campbells\/campbellsoupca\/fr\/product\/gastronomie-du-jour-pommes-de-terre-roties-et-poireaux\/#webpage\",\"url\":\"https:\/\/dev.badmath.com\/think33\/campbells\/campbellsoupca\/fr\/product\/gastronomie-du-jour-pommes-de-terre-roties-et-poireaux\/\",\"name\":\"Gastronomie Du Jour Pommes De Terre Roties Et Poireaux - Campbell Company of Canada\",\"isPartOf\":{\"@id\":\"https:\/\/dev.badmath.com\/think33\/campbells\/campbellsoupca\/#website\"},\"primaryImageOfPage\":{\"@id\":\"https:\/\/dev.badmath.com\/think33\/campbells\/campbellsoupca\/fr\/product\/gastronomie-du-jour-pommes-de-terre-roties-et-poireaux\/#primaryimage\"},\"datePublished\":\"2014-07-30T13:22:00+00:00\",\"dateModified\":\"2018-07-25T20:42:30+00:00\",\"breadcrumb\":{\"@id\":\"https:\/\/dev.badmath.com\/think33\/campbells\/campbellsoupca\/fr\/product\/gastronomie-du-jour-pommes-de-terre-roties-et-poireaux\/#breadcrumb\"},\"inLanguage\":\"en-US\",\"potentialAction\":[{\"@type\":\"ReadAction\",\"target\":[\"https:\/\/dev.badmath.com\/think33\/campbells\/campbellsoupca\/fr\/product\/gastronomie-du-jour-pommes-de-terre-roties-et-poireaux\/\"]}]},{\"@type\":\"BreadcrumbList\",\"@id\":\"https:\/\/dev.badmath.com\/think33\/campbells\/campbellsoupca\/fr\/product\/gastronomie-du-jour-pommes-de-terre-roties-et-poireaux\/#breadcrumb\",\"itemListElement\":[{\"@type\":\"ListItem\",\"position\":1,\"name\":\"Home\",\"item\":\"https:\/\/dev.badmath.com:8443\/think33\/campbells\/campbellsoupca\/\"},{\"@type\":\"ListItem\",\"position\":2,\"name\":\"Products\",\"item\":\"https:\/\/dev.badmath.com\/think33\/campbells\/campbellsoupca\/fr\/product\/\"},{\"@type\":\"ListItem\",\"position\":3,\"name\":\"Gastronomie Du Jour Pommes De Terre Roties Et Poireaux\"}]}]}<\/script>\n<!-- \/ Yoast SEO plugin. -->","yoast_head_json":{"title":"Gastronomie Du Jour Pommes De Terre Roties Et Poireaux - Campbell Company of Canada","robots":{"index":"index","follow":"follow","max-snippet":"max-snippet:-1","max-image-preview":"max-image-preview:large","max-video-preview":"max-video-preview:-1"},"canonical":"https:\/\/dev.badmath.com\/think33\/campbells\/campbellsoupca\/fr\/product\/gastronomie-du-jour-pommes-de-terre-roties-et-poireaux\/","og_locale":"en_US","og_type":"article","og_title":"Gastronomie Du Jour Pommes De Terre Roties Et Poireaux - Campbell Company of Canada","og_description":"Un m&eacute;lange raffin&eacute; de poivrons rouges grill&eacute;s, de haricots noirs et de tomates m&ucirc;ries sur vigne, le tout d&eacute;licatement assaisonn&eacute;e de fines herbes. Les soupes Gastronomie du jour de Campbell offrent une exp&eacute;rience gustative d&eacute;licieusement satisfaisante et utilisent des ingr&eacute;dients uniques pour obtenir des saveurs audacieuses et inspir&eacute;es","og_url":"https:\/\/dev.badmath.com\/think33\/campbells\/campbellsoupca\/fr\/product\/gastronomie-du-jour-pommes-de-terre-roties-et-poireaux\/","og_site_name":"Campbell Company of Canada","article_modified_time":"2018-07-25T20:42:30+00:00","og_image":[{"width":340,"height":510,"url":"https:\/\/dev.badmath.com\/think33\/campbells\/campbellsoupca\/wp-content\/uploads\/2018\/05\/EDG_RPnSL_FR.png","type":"image\/png"}],"twitter_card":"summary_large_image","schema":{"@context":"https:\/\/schema.org","@graph":[{"@type":"WebSite","@id":"https:\/\/dev.badmath.com\/think33\/campbells\/campbellsoupca\/#website","url":"https:\/\/dev.badmath.com\/think33\/campbells\/campbellsoupca\/","name":"Campbell Company of Canada","description":"","potentialAction":[{"@type":"SearchAction","target":{"@type":"EntryPoint","urlTemplate":"https:\/\/dev.badmath.com\/think33\/campbells\/campbellsoupca\/search\/?query={search_term_string}"},"query-input":"required name=search_term_string"}],"inLanguage":"en-US"},{"@type":"ImageObject","inLanguage":"en-US","@id":"https:\/\/dev.badmath.com\/think33\/campbells\/campbellsoupca\/fr\/product\/gastronomie-du-jour-pommes-de-terre-roties-et-poireaux\/#primaryimage","url":"https:\/\/dev.badmath.com\/think33\/campbells\/campbellsoupca\/wp-content\/uploads\/2018\/05\/EDG_RPnSL_FR.png","contentUrl":"https:\/\/dev.badmath.com\/think33\/campbells\/campbellsoupca\/wp-content\/uploads\/2018\/05\/EDG_RPnSL_FR.png","width":340,"height":510,"caption":"campbell's gastronomie du jour pommes de terre roties et poireaux"},{"@type":"WebPage","@id":"https:\/\/dev.badmath.com\/think33\/campbells\/campbellsoupca\/fr\/product\/gastronomie-du-jour-pommes-de-terre-roties-et-poireaux\/#webpage","url":"https:\/\/dev.badmath.com\/think33\/campbells\/campbellsoupca\/fr\/product\/gastronomie-du-jour-pommes-de-terre-roties-et-poireaux\/","name":"Gastronomie Du Jour Pommes De Terre Roties Et Poireaux - Campbell Company of Canada","isPartOf":{"@id":"https:\/\/dev.badmath.com\/think33\/campbells\/campbellsoupca\/#website"},"primaryImageOfPage":{"@id":"https:\/\/dev.badmath.com\/think33\/campbells\/campbellsoupca\/fr\/product\/gastronomie-du-jour-pommes-de-terre-roties-et-poireaux\/#primaryimage"},"datePublished":"2014-07-30T13:22:00+00:00","dateModified":"2018-07-25T20:42:30+00:00","breadcrumb":{"@id":"https:\/\/dev.badmath.com\/think33\/campbells\/campbellsoupca\/fr\/product\/gastronomie-du-jour-pommes-de-terre-roties-et-poireaux\/#breadcrumb"},"inLanguage":"en-US","potentialAction":[{"@type":"ReadAction","target":["https:\/\/dev.badmath.com\/think33\/campbells\/campbellsoupca\/fr\/product\/gastronomie-du-jour-pommes-de-terre-roties-et-poireaux\/"]}]},{"@type":"BreadcrumbList","@id":"https:\/\/dev.badmath.com\/think33\/campbells\/campbellsoupca\/fr\/product\/gastronomie-du-jour-pommes-de-terre-roties-et-poireaux\/#breadcrumb","itemListElement":[{"@type":"ListItem","position":1,"name":"Home","item":"https:\/\/dev.badmath.com:8443\/think33\/campbells\/campbellsoupca\/"},{"@type":"ListItem","position":2,"name":"Products","item":"https:\/\/dev.badmath.com\/think33\/campbells\/campbellsoupca\/fr\/product\/"},{"@type":"ListItem","position":3,"name":"Gastronomie Du Jour Pommes De Terre Roties Et Poireaux"}]}]}},"lang":"fr","translations":{"fr":914,"en":502},"product_title":"<i>Gastronomie Du Jour<\/i> Pommes De Terre Roties Et Poireaux\n","description":"<p>Un m\u00e9lange raffin\u00e9 de poivrons rouges grill\u00e9s, de haricots noirs et de tomates m\u00fbries sur vigne, le tout d\u00e9licatement assaisonn\u00e9e de fines herbes.<\/p>\n<p>Les soupes <em>Gastronomie du jour de Campbell <\/em>offrent une exp\u00e9rience gustative d\u00e9licieusement satisfaisante et utilisent des ingr\u00e9dients uniques pour obtenir des saveurs audacieuses et inspir\u00e9es<\/p>\n","featured_image":"https:\/\/dev.badmath.com\/think33\/campbells\/campbellsoupca\/wp-content\/uploads\/2018\/05\/EDG_RPnSL_FR.png","pll_sync_post":[],"_links":{"self":[{"href":"https:\/\/dev.badmath.com\/think33\/campbells\/campbellsoupca\/wp-json\/wp\/v2\/product\/914"}],"collection":[{"href":"https:\/\/dev.badmath.com\/think33\/campbells\/campbellsoupca\/wp-json\/wp\/v2\/product"}],"about":[{"href":"https:\/\/dev.badmath.com\/think33\/campbells\/campbellsoupca\/wp-json\/wp\/v2\/types\/product"}],"wp:featuredmedia":[{"embeddable":true,"href":"https:\/\/dev.badmath.com\/think33\/campbells\/campbellsoupca\/wp-json\/wp\/v2\/media\/915"}],"wp:attachment":[{"href":"https:\/\/dev.badmath.com\/think33\/campbells\/campbellsoupca\/wp-json\/wp\/v2\/media?parent=914"}],"wp:term":[{"taxonomy":"product-category","embeddable":true,"href":"https:\/\/dev.badmath.com\/think33\/campbells\/campbellsoupca\/wp-json\/wp\/v2\/product-category?post=914"},{"taxonomy":"product-brand","embeddable":true,"href":"https:\/\/dev.badmath.com\/think33\/campbells\/campbellsoupca\/wp-json\/wp\/v2\/product-brand?post=914"},{"taxonomy":"product-main-ingredient","embeddable":true,"href":"https:\/\/dev.badmath.com\/think33\/campbells\/campbellsoupca\/wp-json\/wp\/v2\/product-main-ingredient?post=914"},{"taxonomy":"product-dietary-alternative","embeddable":true,"href":"https:\/\/dev.badmath.com\/think33\/campbells\/campbellsoupca\/wp-json\/wp\/v2\/product-dietary-alternative?post=914"}],"curies":[{"name":"wp","href":"https:\/\/api.w.org\/{rel}","templated":true}]}}