{"id":906,"date":"2014-07-30T10:59:00","date_gmt":"2014-07-30T10:59:00","guid":{"rendered":"http:\/\/stagecscca.wpengine.com\/product\/gastronomie-du-jour-de-campbell-legums-du-march\/"},"modified":"2018-07-25T20:42:18","modified_gmt":"2018-07-25T20:42:18","slug":"gastronomie-du-jour-de-campbell-legums-du-march","status":"publish","type":"product","link":"https:\/\/dev.badmath.com\/think33\/campbells\/campbellsoupca\/fr\/product\/gastronomie-du-jour-de-campbell-legums-du-march\/","title":{"rendered":"Gastronomie du jour de Campbell  Legumes du marche"},"featured_media":907,"parent":0,"menu_order":0,"template":"","product-category":[369,373],"product-brand":[{"id":393,"slug":"campbell","name":"Campbell"},{"id":93,"slug":"gastronomie-du-jour-de-campbell","name":"Gastronomie du jour de Campbell"}],"product-main-ingredient":[],"product-dietary-alternative":[{"id":439,"slug":"faible-en-gras","name":"Faible en gras","icon":"low-fat-fr"},{"id":427,"slug":"vegetarien","name":"V\u00e9g\u00e9tarien","icon":"vegetarian"}],"acf":[],"yoast_head":"<!-- This site is optimized with the Yoast SEO plugin v18.8 - https:\/\/yoast.com\/wordpress\/plugins\/seo\/ -->\n<title>Gastronomie du jour de Campbell Legumes du marche - Campbell Company of Canada<\/title>\n<meta name=\"robots\" content=\"index, follow, max-snippet:-1, max-image-preview:large, max-video-preview:-1\" \/>\n<link rel=\"canonical\" href=\"https:\/\/dev.badmath.com\/think33\/campbells\/campbellsoupca\/fr\/product\/gastronomie-du-jour-de-campbell-legums-du-march\/\" \/>\n<meta property=\"og:locale\" content=\"en_US\" \/>\n<meta property=\"og:type\" content=\"article\" \/>\n<meta property=\"og:title\" content=\"Gastronomie du jour de Campbell Legumes du marche - Campbell Company of Canada\" \/>\n<meta property=\"og:description\" content=\"Un m&eacute;lange rustique et robuste de fines herbes et d&#8217;un choix de l&eacute;gumes du jardin, comprenant carottes, pommes de terre, c&eacute;leri, oignons, cerfeuil, persil et poireaux. Les soupes Gastronomie du jour de Campbell offrent une exp&eacute;rience gustative d&eacute;licieusement satisfaisante et utilisent des ingr&eacute;dients uniques pour obtenir des saveurs audacieuses et inspir&eacute;es\" \/>\n<meta property=\"og:url\" content=\"https:\/\/dev.badmath.com\/think33\/campbells\/campbellsoupca\/fr\/product\/gastronomie-du-jour-de-campbell-legums-du-march\/\" \/>\n<meta property=\"og:site_name\" content=\"Campbell Company of Canada\" \/>\n<meta property=\"article:modified_time\" content=\"2018-07-25T20:42:18+00:00\" \/>\n<meta property=\"og:image\" content=\"https:\/\/dev.badmath.com\/think33\/campbells\/campbellsoupca\/wp-content\/uploads\/2018\/05\/EDG_GMV_FR.png\" \/>\n\t<meta property=\"og:image:width\" content=\"340\" \/>\n\t<meta property=\"og:image:height\" content=\"510\" \/>\n\t<meta property=\"og:image:type\" content=\"image\/png\" \/>\n<meta name=\"twitter:card\" content=\"summary_large_image\" \/>\n<script type=\"application\/ld+json\" class=\"yoast-schema-graph\">{\"@context\":\"https:\/\/schema.org\",\"@graph\":[{\"@type\":\"WebSite\",\"@id\":\"https:\/\/dev.badmath.com\/think33\/campbells\/campbellsoupca\/#website\",\"url\":\"https:\/\/dev.badmath.com\/think33\/campbells\/campbellsoupca\/\",\"name\":\"Campbell Company of Canada\",\"description\":\"\",\"potentialAction\":[{\"@type\":\"SearchAction\",\"target\":{\"@type\":\"EntryPoint\",\"urlTemplate\":\"https:\/\/dev.badmath.com\/think33\/campbells\/campbellsoupca\/search\/?query={search_term_string}\"},\"query-input\":\"required name=search_term_string\"}],\"inLanguage\":\"en-US\"},{\"@type\":\"ImageObject\",\"inLanguage\":\"en-US\",\"@id\":\"https:\/\/dev.badmath.com\/think33\/campbells\/campbellsoupca\/fr\/product\/gastronomie-du-jour-de-campbell-legums-du-march\/#primaryimage\",\"url\":\"https:\/\/dev.badmath.com\/think33\/campbells\/campbellsoupca\/wp-content\/uploads\/2018\/05\/EDG_GMV_FR.png\",\"contentUrl\":\"https:\/\/dev.badmath.com\/think33\/campbells\/campbellsoupca\/wp-content\/uploads\/2018\/05\/EDG_GMV_FR.png\",\"width\":340,\"height\":510,\"caption\":\"campbell's gastronomie du jour legumes du marche\"},{\"@type\":\"WebPage\",\"@id\":\"https:\/\/dev.badmath.com\/think33\/campbells\/campbellsoupca\/fr\/product\/gastronomie-du-jour-de-campbell-legums-du-march\/#webpage\",\"url\":\"https:\/\/dev.badmath.com\/think33\/campbells\/campbellsoupca\/fr\/product\/gastronomie-du-jour-de-campbell-legums-du-march\/\",\"name\":\"Gastronomie du jour de Campbell Legumes du marche - Campbell Company of Canada\",\"isPartOf\":{\"@id\":\"https:\/\/dev.badmath.com\/think33\/campbells\/campbellsoupca\/#website\"},\"primaryImageOfPage\":{\"@id\":\"https:\/\/dev.badmath.com\/think33\/campbells\/campbellsoupca\/fr\/product\/gastronomie-du-jour-de-campbell-legums-du-march\/#primaryimage\"},\"datePublished\":\"2014-07-30T10:59:00+00:00\",\"dateModified\":\"2018-07-25T20:42:18+00:00\",\"breadcrumb\":{\"@id\":\"https:\/\/dev.badmath.com\/think33\/campbells\/campbellsoupca\/fr\/product\/gastronomie-du-jour-de-campbell-legums-du-march\/#breadcrumb\"},\"inLanguage\":\"en-US\",\"potentialAction\":[{\"@type\":\"ReadAction\",\"target\":[\"https:\/\/dev.badmath.com\/think33\/campbells\/campbellsoupca\/fr\/product\/gastronomie-du-jour-de-campbell-legums-du-march\/\"]}]},{\"@type\":\"BreadcrumbList\",\"@id\":\"https:\/\/dev.badmath.com\/think33\/campbells\/campbellsoupca\/fr\/product\/gastronomie-du-jour-de-campbell-legums-du-march\/#breadcrumb\",\"itemListElement\":[{\"@type\":\"ListItem\",\"position\":1,\"name\":\"Home\",\"item\":\"https:\/\/dev.badmath.com:8443\/think33\/campbells\/campbellsoupca\/\"},{\"@type\":\"ListItem\",\"position\":2,\"name\":\"Products\",\"item\":\"https:\/\/dev.badmath.com\/think33\/campbells\/campbellsoupca\/fr\/product\/\"},{\"@type\":\"ListItem\",\"position\":3,\"name\":\"Gastronomie du jour de Campbell Legumes du marche\"}]}]}<\/script>\n<!-- \/ Yoast SEO plugin. -->","yoast_head_json":{"title":"Gastronomie du jour de Campbell Legumes du marche - Campbell Company of Canada","robots":{"index":"index","follow":"follow","max-snippet":"max-snippet:-1","max-image-preview":"max-image-preview:large","max-video-preview":"max-video-preview:-1"},"canonical":"https:\/\/dev.badmath.com\/think33\/campbells\/campbellsoupca\/fr\/product\/gastronomie-du-jour-de-campbell-legums-du-march\/","og_locale":"en_US","og_type":"article","og_title":"Gastronomie du jour de Campbell Legumes du marche - Campbell Company of Canada","og_description":"Un m&eacute;lange rustique et robuste de fines herbes et d&#8217;un choix de l&eacute;gumes du jardin, comprenant carottes, pommes de terre, c&eacute;leri, oignons, cerfeuil, persil et poireaux. Les soupes Gastronomie du jour de Campbell offrent une exp&eacute;rience gustative d&eacute;licieusement satisfaisante et utilisent des ingr&eacute;dients uniques pour obtenir des saveurs audacieuses et inspir&eacute;es","og_url":"https:\/\/dev.badmath.com\/think33\/campbells\/campbellsoupca\/fr\/product\/gastronomie-du-jour-de-campbell-legums-du-march\/","og_site_name":"Campbell Company of Canada","article_modified_time":"2018-07-25T20:42:18+00:00","og_image":[{"width":340,"height":510,"url":"https:\/\/dev.badmath.com\/think33\/campbells\/campbellsoupca\/wp-content\/uploads\/2018\/05\/EDG_GMV_FR.png","type":"image\/png"}],"twitter_card":"summary_large_image","schema":{"@context":"https:\/\/schema.org","@graph":[{"@type":"WebSite","@id":"https:\/\/dev.badmath.com\/think33\/campbells\/campbellsoupca\/#website","url":"https:\/\/dev.badmath.com\/think33\/campbells\/campbellsoupca\/","name":"Campbell Company of Canada","description":"","potentialAction":[{"@type":"SearchAction","target":{"@type":"EntryPoint","urlTemplate":"https:\/\/dev.badmath.com\/think33\/campbells\/campbellsoupca\/search\/?query={search_term_string}"},"query-input":"required name=search_term_string"}],"inLanguage":"en-US"},{"@type":"ImageObject","inLanguage":"en-US","@id":"https:\/\/dev.badmath.com\/think33\/campbells\/campbellsoupca\/fr\/product\/gastronomie-du-jour-de-campbell-legums-du-march\/#primaryimage","url":"https:\/\/dev.badmath.com\/think33\/campbells\/campbellsoupca\/wp-content\/uploads\/2018\/05\/EDG_GMV_FR.png","contentUrl":"https:\/\/dev.badmath.com\/think33\/campbells\/campbellsoupca\/wp-content\/uploads\/2018\/05\/EDG_GMV_FR.png","width":340,"height":510,"caption":"campbell's gastronomie du jour legumes du marche"},{"@type":"WebPage","@id":"https:\/\/dev.badmath.com\/think33\/campbells\/campbellsoupca\/fr\/product\/gastronomie-du-jour-de-campbell-legums-du-march\/#webpage","url":"https:\/\/dev.badmath.com\/think33\/campbells\/campbellsoupca\/fr\/product\/gastronomie-du-jour-de-campbell-legums-du-march\/","name":"Gastronomie du jour de Campbell Legumes du marche - Campbell Company of Canada","isPartOf":{"@id":"https:\/\/dev.badmath.com\/think33\/campbells\/campbellsoupca\/#website"},"primaryImageOfPage":{"@id":"https:\/\/dev.badmath.com\/think33\/campbells\/campbellsoupca\/fr\/product\/gastronomie-du-jour-de-campbell-legums-du-march\/#primaryimage"},"datePublished":"2014-07-30T10:59:00+00:00","dateModified":"2018-07-25T20:42:18+00:00","breadcrumb":{"@id":"https:\/\/dev.badmath.com\/think33\/campbells\/campbellsoupca\/fr\/product\/gastronomie-du-jour-de-campbell-legums-du-march\/#breadcrumb"},"inLanguage":"en-US","potentialAction":[{"@type":"ReadAction","target":["https:\/\/dev.badmath.com\/think33\/campbells\/campbellsoupca\/fr\/product\/gastronomie-du-jour-de-campbell-legums-du-march\/"]}]},{"@type":"BreadcrumbList","@id":"https:\/\/dev.badmath.com\/think33\/campbells\/campbellsoupca\/fr\/product\/gastronomie-du-jour-de-campbell-legums-du-march\/#breadcrumb","itemListElement":[{"@type":"ListItem","position":1,"name":"Home","item":"https:\/\/dev.badmath.com:8443\/think33\/campbells\/campbellsoupca\/"},{"@type":"ListItem","position":2,"name":"Products","item":"https:\/\/dev.badmath.com\/think33\/campbells\/campbellsoupca\/fr\/product\/"},{"@type":"ListItem","position":3,"name":"Gastronomie du jour de Campbell Legumes du marche"}]}]}},"lang":"fr","translations":{"fr":906,"en":494},"product_title":"<em>Gastronomie du jour de Campbell <\/em> Legum\u00e9s du march\u00e9\n","description":"<p>Un m\u00e9lange rustique et robuste de fines herbes et d&#8217;un choix de l\u00e9gumes du jardin, comprenant carottes, pommes de terre, c\u00e9leri, oignons, cerfeuil, persil et poireaux.<\/p>\n<p>Les soupes <em>Gastronomie du jour de Campbell<\/em> offrent une exp\u00e9rience gustative d\u00e9licieusement satisfaisante et utilisent des ingr\u00e9dients uniques pour obtenir des saveurs audacieuses et inspir\u00e9es<\/p>\n","featured_image":"https:\/\/dev.badmath.com\/think33\/campbells\/campbellsoupca\/wp-content\/uploads\/2018\/05\/EDG_GMV_FR.png","pll_sync_post":[],"_links":{"self":[{"href":"https:\/\/dev.badmath.com\/think33\/campbells\/campbellsoupca\/wp-json\/wp\/v2\/product\/906"}],"collection":[{"href":"https:\/\/dev.badmath.com\/think33\/campbells\/campbellsoupca\/wp-json\/wp\/v2\/product"}],"about":[{"href":"https:\/\/dev.badmath.com\/think33\/campbells\/campbellsoupca\/wp-json\/wp\/v2\/types\/product"}],"wp:featuredmedia":[{"embeddable":true,"href":"https:\/\/dev.badmath.com\/think33\/campbells\/campbellsoupca\/wp-json\/wp\/v2\/media\/907"}],"wp:attachment":[{"href":"https:\/\/dev.badmath.com\/think33\/campbells\/campbellsoupca\/wp-json\/wp\/v2\/media?parent=906"}],"wp:term":[{"taxonomy":"product-category","embeddable":true,"href":"https:\/\/dev.badmath.com\/think33\/campbells\/campbellsoupca\/wp-json\/wp\/v2\/product-category?post=906"},{"taxonomy":"product-brand","embeddable":true,"href":"https:\/\/dev.badmath.com\/think33\/campbells\/campbellsoupca\/wp-json\/wp\/v2\/product-brand?post=906"},{"taxonomy":"product-main-ingredient","embeddable":true,"href":"https:\/\/dev.badmath.com\/think33\/campbells\/campbellsoupca\/wp-json\/wp\/v2\/product-main-ingredient?post=906"},{"taxonomy":"product-dietary-alternative","embeddable":true,"href":"https:\/\/dev.badmath.com\/think33\/campbells\/campbellsoupca\/wp-json\/wp\/v2\/product-dietary-alternative?post=906"}],"curies":[{"name":"wp","href":"https:\/\/api.w.org\/{rel}","templated":true}]}}