{"id":884,"date":"2014-02-14T13:57:00","date_gmt":"2014-02-14T13:57:00","guid":{"rendered":"http:\/\/stagecscca.wpengine.com\/product\/gastronomie-du-jour-de-campbell-tomates-et-noix-de-coco-la-tha\/"},"modified":"2021-08-26T17:48:24","modified_gmt":"2021-08-26T17:48:24","slug":"gastronomie-du-jour-de-campbell-tomates-et-noix-de-coco-la-tha","status":"publish","type":"product","link":"https:\/\/dev.badmath.com\/think33\/campbells\/campbellsoupca\/fr\/product\/gastronomie-du-jour-de-campbell-tomates-et-noix-de-coco-la-tha\/","title":{"rendered":"Gastronomie du jour de Campbell Tomates et noix de coco a la thai"},"featured_media":31256,"parent":0,"menu_order":0,"template":"","product-category":[],"product-brand":[{"id":93,"slug":"gastronomie-du-jour-de-campbell","name":"Gastronomie du jour de Campbell"}],"product-main-ingredient":[],"product-dietary-alternative":[{"id":435,"slug":"sans-gluten","name":"Sans Gluten","icon":"gluten-free"}],"acf":[],"yoast_head":"<!-- This site is optimized with the Yoast SEO plugin v18.8 - https:\/\/yoast.com\/wordpress\/plugins\/seo\/ -->\n<title>Gastronomie du jour de Campbell Tomates et noix de coco a la thai - Campbell Company of Canada<\/title>\n<meta name=\"robots\" content=\"index, follow, max-snippet:-1, max-image-preview:large, max-video-preview:-1\" \/>\n<link rel=\"canonical\" href=\"https:\/\/dev.badmath.com\/think33\/campbells\/campbellsoupca\/fr\/product\/gastronomie-du-jour-de-campbell-tomates-et-noix-de-coco-la-tha\/\" \/>\n<meta property=\"og:locale\" content=\"en_US\" \/>\n<meta property=\"og:type\" content=\"article\" \/>\n<meta property=\"og:title\" content=\"Gastronomie du jour de Campbell Tomates et noix de coco a la thai - Campbell Company of Canada\" \/>\n<meta property=\"og:description\" content=\"Du lait de coco sucr&eacute; et des tomates rouges bien m&ucirc;res avec un m&eacute;lange d\u2019&eacute;pices asiatiques et des &eacute;chalotes. Les soupes Gastronomie du jour de Campbell offrent une exp&eacute;rience gustative d&eacute;licieusement satisfaisante et utilisent des ingr&eacute;dients uniques pour obtenir des saveurs audacieuses et inspir&eacute;es. &nbsp;\" \/>\n<meta property=\"og:url\" content=\"https:\/\/dev.badmath.com\/think33\/campbells\/campbellsoupca\/fr\/product\/gastronomie-du-jour-de-campbell-tomates-et-noix-de-coco-la-tha\/\" \/>\n<meta property=\"og:site_name\" content=\"Campbell Company of Canada\" \/>\n<meta property=\"article:modified_time\" content=\"2021-08-26T17:48:24+00:00\" \/>\n<meta property=\"og:image\" content=\"https:\/\/dev.badmath.com:8443\/think33\/campbells\/campbellsoupca\/wp-content\/uploads\/2014\/02\/eg-thai-tomato-coconut-fr.png\" \/>\n\t<meta property=\"og:image:width\" content=\"340\" \/>\n\t<meta property=\"og:image:height\" content=\"510\" \/>\n\t<meta property=\"og:image:type\" content=\"image\/png\" \/>\n<meta name=\"twitter:card\" content=\"summary_large_image\" \/>\n<script type=\"application\/ld+json\" class=\"yoast-schema-graph\">{\"@context\":\"https:\/\/schema.org\",\"@graph\":[{\"@type\":\"WebSite\",\"@id\":\"https:\/\/dev.badmath.com\/think33\/campbells\/campbellsoupca\/#website\",\"url\":\"https:\/\/dev.badmath.com\/think33\/campbells\/campbellsoupca\/\",\"name\":\"Campbell Company of Canada\",\"description\":\"\",\"potentialAction\":[{\"@type\":\"SearchAction\",\"target\":{\"@type\":\"EntryPoint\",\"urlTemplate\":\"https:\/\/dev.badmath.com\/think33\/campbells\/campbellsoupca\/search\/?query={search_term_string}\"},\"query-input\":\"required name=search_term_string\"}],\"inLanguage\":\"en-US\"},{\"@type\":\"ImageObject\",\"inLanguage\":\"en-US\",\"@id\":\"https:\/\/dev.badmath.com\/think33\/campbells\/campbellsoupca\/fr\/product\/gastronomie-du-jour-de-campbell-tomates-et-noix-de-coco-la-tha\/#primaryimage\",\"url\":\"https:\/\/dev.badmath.com\/think33\/campbells\/campbellsoupca\/wp-content\/uploads\/2014\/02\/eg-thai-tomato-coconut-fr.png\",\"contentUrl\":\"https:\/\/dev.badmath.com\/think33\/campbells\/campbellsoupca\/wp-content\/uploads\/2014\/02\/eg-thai-tomato-coconut-fr.png\",\"width\":340,\"height\":510,\"caption\":\"Gastronomie du jour de Campbell Tomates et noix de coco a la thai\"},{\"@type\":\"WebPage\",\"@id\":\"https:\/\/dev.badmath.com\/think33\/campbells\/campbellsoupca\/fr\/product\/gastronomie-du-jour-de-campbell-tomates-et-noix-de-coco-la-tha\/#webpage\",\"url\":\"https:\/\/dev.badmath.com\/think33\/campbells\/campbellsoupca\/fr\/product\/gastronomie-du-jour-de-campbell-tomates-et-noix-de-coco-la-tha\/\",\"name\":\"Gastronomie du jour de Campbell Tomates et noix de coco a la thai - Campbell Company of Canada\",\"isPartOf\":{\"@id\":\"https:\/\/dev.badmath.com\/think33\/campbells\/campbellsoupca\/#website\"},\"primaryImageOfPage\":{\"@id\":\"https:\/\/dev.badmath.com\/think33\/campbells\/campbellsoupca\/fr\/product\/gastronomie-du-jour-de-campbell-tomates-et-noix-de-coco-la-tha\/#primaryimage\"},\"datePublished\":\"2014-02-14T13:57:00+00:00\",\"dateModified\":\"2021-08-26T17:48:24+00:00\",\"breadcrumb\":{\"@id\":\"https:\/\/dev.badmath.com\/think33\/campbells\/campbellsoupca\/fr\/product\/gastronomie-du-jour-de-campbell-tomates-et-noix-de-coco-la-tha\/#breadcrumb\"},\"inLanguage\":\"en-US\",\"potentialAction\":[{\"@type\":\"ReadAction\",\"target\":[\"https:\/\/dev.badmath.com\/think33\/campbells\/campbellsoupca\/fr\/product\/gastronomie-du-jour-de-campbell-tomates-et-noix-de-coco-la-tha\/\"]}]},{\"@type\":\"BreadcrumbList\",\"@id\":\"https:\/\/dev.badmath.com\/think33\/campbells\/campbellsoupca\/fr\/product\/gastronomie-du-jour-de-campbell-tomates-et-noix-de-coco-la-tha\/#breadcrumb\",\"itemListElement\":[{\"@type\":\"ListItem\",\"position\":1,\"name\":\"Home\",\"item\":\"https:\/\/dev.badmath.com:8443\/think33\/campbells\/campbellsoupca\/\"},{\"@type\":\"ListItem\",\"position\":2,\"name\":\"Products\",\"item\":\"https:\/\/dev.badmath.com\/think33\/campbells\/campbellsoupca\/fr\/product\/\"},{\"@type\":\"ListItem\",\"position\":3,\"name\":\"Gastronomie du jour de Campbell Tomates et noix de coco a la thai\"}]}]}<\/script>\n<!-- \/ Yoast SEO plugin. -->","yoast_head_json":{"title":"Gastronomie du jour de Campbell Tomates et noix de coco a la thai - Campbell Company of Canada","robots":{"index":"index","follow":"follow","max-snippet":"max-snippet:-1","max-image-preview":"max-image-preview:large","max-video-preview":"max-video-preview:-1"},"canonical":"https:\/\/dev.badmath.com\/think33\/campbells\/campbellsoupca\/fr\/product\/gastronomie-du-jour-de-campbell-tomates-et-noix-de-coco-la-tha\/","og_locale":"en_US","og_type":"article","og_title":"Gastronomie du jour de Campbell Tomates et noix de coco a la thai - Campbell Company of Canada","og_description":"Du lait de coco sucr&eacute; et des tomates rouges bien m&ucirc;res avec un m&eacute;lange d\u2019&eacute;pices asiatiques et des &eacute;chalotes. Les soupes Gastronomie du jour de Campbell offrent une exp&eacute;rience gustative d&eacute;licieusement satisfaisante et utilisent des ingr&eacute;dients uniques pour obtenir des saveurs audacieuses et inspir&eacute;es. &nbsp;","og_url":"https:\/\/dev.badmath.com\/think33\/campbells\/campbellsoupca\/fr\/product\/gastronomie-du-jour-de-campbell-tomates-et-noix-de-coco-la-tha\/","og_site_name":"Campbell Company of Canada","article_modified_time":"2021-08-26T17:48:24+00:00","og_image":[{"width":340,"height":510,"url":"https:\/\/dev.badmath.com:8443\/think33\/campbells\/campbellsoupca\/wp-content\/uploads\/2014\/02\/eg-thai-tomato-coconut-fr.png","type":"image\/png"}],"twitter_card":"summary_large_image","schema":{"@context":"https:\/\/schema.org","@graph":[{"@type":"WebSite","@id":"https:\/\/dev.badmath.com\/think33\/campbells\/campbellsoupca\/#website","url":"https:\/\/dev.badmath.com\/think33\/campbells\/campbellsoupca\/","name":"Campbell Company of Canada","description":"","potentialAction":[{"@type":"SearchAction","target":{"@type":"EntryPoint","urlTemplate":"https:\/\/dev.badmath.com\/think33\/campbells\/campbellsoupca\/search\/?query={search_term_string}"},"query-input":"required name=search_term_string"}],"inLanguage":"en-US"},{"@type":"ImageObject","inLanguage":"en-US","@id":"https:\/\/dev.badmath.com\/think33\/campbells\/campbellsoupca\/fr\/product\/gastronomie-du-jour-de-campbell-tomates-et-noix-de-coco-la-tha\/#primaryimage","url":"https:\/\/dev.badmath.com\/think33\/campbells\/campbellsoupca\/wp-content\/uploads\/2014\/02\/eg-thai-tomato-coconut-fr.png","contentUrl":"https:\/\/dev.badmath.com\/think33\/campbells\/campbellsoupca\/wp-content\/uploads\/2014\/02\/eg-thai-tomato-coconut-fr.png","width":340,"height":510,"caption":"Gastronomie du jour de Campbell Tomates et noix de coco a la thai"},{"@type":"WebPage","@id":"https:\/\/dev.badmath.com\/think33\/campbells\/campbellsoupca\/fr\/product\/gastronomie-du-jour-de-campbell-tomates-et-noix-de-coco-la-tha\/#webpage","url":"https:\/\/dev.badmath.com\/think33\/campbells\/campbellsoupca\/fr\/product\/gastronomie-du-jour-de-campbell-tomates-et-noix-de-coco-la-tha\/","name":"Gastronomie du jour de Campbell Tomates et noix de coco a la thai - Campbell Company of Canada","isPartOf":{"@id":"https:\/\/dev.badmath.com\/think33\/campbells\/campbellsoupca\/#website"},"primaryImageOfPage":{"@id":"https:\/\/dev.badmath.com\/think33\/campbells\/campbellsoupca\/fr\/product\/gastronomie-du-jour-de-campbell-tomates-et-noix-de-coco-la-tha\/#primaryimage"},"datePublished":"2014-02-14T13:57:00+00:00","dateModified":"2021-08-26T17:48:24+00:00","breadcrumb":{"@id":"https:\/\/dev.badmath.com\/think33\/campbells\/campbellsoupca\/fr\/product\/gastronomie-du-jour-de-campbell-tomates-et-noix-de-coco-la-tha\/#breadcrumb"},"inLanguage":"en-US","potentialAction":[{"@type":"ReadAction","target":["https:\/\/dev.badmath.com\/think33\/campbells\/campbellsoupca\/fr\/product\/gastronomie-du-jour-de-campbell-tomates-et-noix-de-coco-la-tha\/"]}]},{"@type":"BreadcrumbList","@id":"https:\/\/dev.badmath.com\/think33\/campbells\/campbellsoupca\/fr\/product\/gastronomie-du-jour-de-campbell-tomates-et-noix-de-coco-la-tha\/#breadcrumb","itemListElement":[{"@type":"ListItem","position":1,"name":"Home","item":"https:\/\/dev.badmath.com:8443\/think33\/campbells\/campbellsoupca\/"},{"@type":"ListItem","position":2,"name":"Products","item":"https:\/\/dev.badmath.com\/think33\/campbells\/campbellsoupca\/fr\/product\/"},{"@type":"ListItem","position":3,"name":"Gastronomie du jour de Campbell Tomates et noix de coco a la thai"}]}]}},"lang":"fr","translations":{"fr":884,"en":476},"product_title":"<i>Gastronomie du jour de Campbell <\/i> Tomates et noix de coco \u00e0 la tha\u00ef\n","description":"<p>Du lait de coco sucr\u00e9 et des tomates rouges bien m\u00fbres avec un m\u00e9lange d\u2019\u00e9pices asiatiques et des \u00e9chalotes.<\/p>\n<p>Les soupes <em>Gastronomie du jour de Campbell<\/em> offrent une exp\u00e9rience gustative d\u00e9licieusement satisfaisante et utilisent des ingr\u00e9dients uniques pour obtenir des saveurs audacieuses et inspir\u00e9es.<\/p>\n<p>&nbsp;<\/p>\n","featured_image":"https:\/\/dev.badmath.com\/think33\/campbells\/campbellsoupca\/wp-content\/uploads\/2014\/02\/eg-thai-tomato-coconut-fr.png","pll_sync_post":[],"_links":{"self":[{"href":"https:\/\/dev.badmath.com\/think33\/campbells\/campbellsoupca\/wp-json\/wp\/v2\/product\/884"}],"collection":[{"href":"https:\/\/dev.badmath.com\/think33\/campbells\/campbellsoupca\/wp-json\/wp\/v2\/product"}],"about":[{"href":"https:\/\/dev.badmath.com\/think33\/campbells\/campbellsoupca\/wp-json\/wp\/v2\/types\/product"}],"wp:featuredmedia":[{"embeddable":true,"href":"https:\/\/dev.badmath.com\/think33\/campbells\/campbellsoupca\/wp-json\/wp\/v2\/media\/31256"}],"wp:attachment":[{"href":"https:\/\/dev.badmath.com\/think33\/campbells\/campbellsoupca\/wp-json\/wp\/v2\/media?parent=884"}],"wp:term":[{"taxonomy":"product-category","embeddable":true,"href":"https:\/\/dev.badmath.com\/think33\/campbells\/campbellsoupca\/wp-json\/wp\/v2\/product-category?post=884"},{"taxonomy":"product-brand","embeddable":true,"href":"https:\/\/dev.badmath.com\/think33\/campbells\/campbellsoupca\/wp-json\/wp\/v2\/product-brand?post=884"},{"taxonomy":"product-main-ingredient","embeddable":true,"href":"https:\/\/dev.badmath.com\/think33\/campbells\/campbellsoupca\/wp-json\/wp\/v2\/product-main-ingredient?post=884"},{"taxonomy":"product-dietary-alternative","embeddable":true,"href":"https:\/\/dev.badmath.com\/think33\/campbells\/campbellsoupca\/wp-json\/wp\/v2\/product-dietary-alternative?post=884"}],"curies":[{"name":"wp","href":"https:\/\/api.w.org\/{rel}","templated":true}]}}