{"id":876,"date":"2014-02-14T10:52:00","date_gmt":"2014-02-14T10:52:00","guid":{"rendered":"http:\/\/stagecscca.wpengine.com\/product\/gastronomie-du-jour-de-campbell-courge-musque-dore\/"},"modified":"2021-08-26T18:57:36","modified_gmt":"2021-08-26T18:57:36","slug":"gastronomie-du-jour-de-campbell-courge-musque-dore","status":"publish","type":"product","link":"https:\/\/dev.badmath.com\/think33\/campbells\/campbellsoupca\/fr\/product\/gastronomie-du-jour-de-campbell-courge-musque-dore\/","title":{"rendered":"Gastronomie du jour de Campbell  Courge musquee doree"},"featured_media":31258,"parent":0,"menu_order":0,"template":"","product-category":[],"product-brand":[{"id":93,"slug":"gastronomie-du-jour-de-campbell","name":"Gastronomie du jour de Campbell"}],"product-main-ingredient":[],"product-dietary-alternative":[{"id":439,"slug":"faible-en-gras","name":"Faible en gras","icon":"low-fat-fr"},{"id":427,"slug":"vegetarien","name":"V\u00e9g\u00e9tarien","icon":"vegetarian"}],"acf":[],"yoast_head":"<!-- This site is optimized with the Yoast SEO plugin v18.8 - https:\/\/yoast.com\/wordpress\/plugins\/seo\/ -->\n<title>Gastronomie du jour de Campbell Courge musquee doree - Campbell Company of Canada<\/title>\n<meta name=\"robots\" content=\"index, follow, max-snippet:-1, max-image-preview:large, max-video-preview:-1\" \/>\n<link rel=\"canonical\" href=\"https:\/\/dev.badmath.com\/think33\/campbells\/campbellsoupca\/fr\/product\/gastronomie-du-jour-de-campbell-courge-musque-dore\/\" \/>\n<meta property=\"og:locale\" content=\"en_US\" \/>\n<meta property=\"og:type\" content=\"article\" \/>\n<meta property=\"og:title\" content=\"Gastronomie du jour de Campbell Courge musquee doree - Campbell Company of Canada\" \/>\n<meta property=\"og:description\" content=\"Un m&eacute;lange lisse et cr&eacute;meux de courge musqu&eacute;e et de cr&egrave;me fra\u00eeche qui a mijot&eacute; avec des fines herbes. &nbsp; Les soupes Gastronomie du jour de Campbell offrent une exp&eacute;rience gustative d&eacute;licieusement satisfaisante et utilisent des ingr&eacute;dients uniques pour obtenir des saveurs audacieuses et inspir&eacute;es.\" \/>\n<meta property=\"og:url\" content=\"https:\/\/dev.badmath.com\/think33\/campbells\/campbellsoupca\/fr\/product\/gastronomie-du-jour-de-campbell-courge-musque-dore\/\" \/>\n<meta property=\"og:site_name\" content=\"Campbell Company of Canada\" \/>\n<meta property=\"article:modified_time\" content=\"2021-08-26T18:57:36+00:00\" \/>\n<meta property=\"og:image\" content=\"https:\/\/dev.badmath.com\/think33\/campbells\/campbellsoupca\/wp-content\/uploads\/2014\/02\/eg-golden-butternut-squash-fr.png\" \/>\n\t<meta property=\"og:image:width\" content=\"340\" \/>\n\t<meta property=\"og:image:height\" content=\"510\" \/>\n\t<meta property=\"og:image:type\" content=\"image\/png\" \/>\n<meta name=\"twitter:card\" content=\"summary_large_image\" \/>\n<script type=\"application\/ld+json\" class=\"yoast-schema-graph\">{\"@context\":\"https:\/\/schema.org\",\"@graph\":[{\"@type\":\"WebSite\",\"@id\":\"https:\/\/dev.badmath.com\/think33\/campbells\/campbellsoupca\/#website\",\"url\":\"https:\/\/dev.badmath.com\/think33\/campbells\/campbellsoupca\/\",\"name\":\"Campbell Company of Canada\",\"description\":\"\",\"potentialAction\":[{\"@type\":\"SearchAction\",\"target\":{\"@type\":\"EntryPoint\",\"urlTemplate\":\"https:\/\/dev.badmath.com\/think33\/campbells\/campbellsoupca\/search\/?query={search_term_string}\"},\"query-input\":\"required name=search_term_string\"}],\"inLanguage\":\"en-US\"},{\"@type\":\"ImageObject\",\"inLanguage\":\"en-US\",\"@id\":\"https:\/\/dev.badmath.com\/think33\/campbells\/campbellsoupca\/fr\/product\/gastronomie-du-jour-de-campbell-courge-musque-dore\/#primaryimage\",\"url\":\"https:\/\/dev.badmath.com\/think33\/campbells\/campbellsoupca\/wp-content\/uploads\/2014\/02\/eg-golden-butternut-squash-fr.png\",\"contentUrl\":\"https:\/\/dev.badmath.com\/think33\/campbells\/campbellsoupca\/wp-content\/uploads\/2014\/02\/eg-golden-butternut-squash-fr.png\",\"width\":340,\"height\":510,\"caption\":\"Gastronomie du jour de Campbell Courge musqu\u00e9e dor\u00e9e\"},{\"@type\":\"WebPage\",\"@id\":\"https:\/\/dev.badmath.com\/think33\/campbells\/campbellsoupca\/fr\/product\/gastronomie-du-jour-de-campbell-courge-musque-dore\/#webpage\",\"url\":\"https:\/\/dev.badmath.com\/think33\/campbells\/campbellsoupca\/fr\/product\/gastronomie-du-jour-de-campbell-courge-musque-dore\/\",\"name\":\"Gastronomie du jour de Campbell Courge musquee doree - Campbell Company of Canada\",\"isPartOf\":{\"@id\":\"https:\/\/dev.badmath.com\/think33\/campbells\/campbellsoupca\/#website\"},\"primaryImageOfPage\":{\"@id\":\"https:\/\/dev.badmath.com\/think33\/campbells\/campbellsoupca\/fr\/product\/gastronomie-du-jour-de-campbell-courge-musque-dore\/#primaryimage\"},\"datePublished\":\"2014-02-14T10:52:00+00:00\",\"dateModified\":\"2021-08-26T18:57:36+00:00\",\"breadcrumb\":{\"@id\":\"https:\/\/dev.badmath.com\/think33\/campbells\/campbellsoupca\/fr\/product\/gastronomie-du-jour-de-campbell-courge-musque-dore\/#breadcrumb\"},\"inLanguage\":\"en-US\",\"potentialAction\":[{\"@type\":\"ReadAction\",\"target\":[\"https:\/\/dev.badmath.com\/think33\/campbells\/campbellsoupca\/fr\/product\/gastronomie-du-jour-de-campbell-courge-musque-dore\/\"]}]},{\"@type\":\"BreadcrumbList\",\"@id\":\"https:\/\/dev.badmath.com\/think33\/campbells\/campbellsoupca\/fr\/product\/gastronomie-du-jour-de-campbell-courge-musque-dore\/#breadcrumb\",\"itemListElement\":[{\"@type\":\"ListItem\",\"position\":1,\"name\":\"Home\",\"item\":\"https:\/\/dev.badmath.com:8443\/think33\/campbells\/campbellsoupca\/\"},{\"@type\":\"ListItem\",\"position\":2,\"name\":\"Products\",\"item\":\"https:\/\/dev.badmath.com\/think33\/campbells\/campbellsoupca\/fr\/product\/\"},{\"@type\":\"ListItem\",\"position\":3,\"name\":\"Gastronomie du jour de Campbell Courge musquee doree\"}]}]}<\/script>\n<!-- \/ Yoast SEO plugin. -->","yoast_head_json":{"title":"Gastronomie du jour de Campbell Courge musquee doree - Campbell Company of Canada","robots":{"index":"index","follow":"follow","max-snippet":"max-snippet:-1","max-image-preview":"max-image-preview:large","max-video-preview":"max-video-preview:-1"},"canonical":"https:\/\/dev.badmath.com\/think33\/campbells\/campbellsoupca\/fr\/product\/gastronomie-du-jour-de-campbell-courge-musque-dore\/","og_locale":"en_US","og_type":"article","og_title":"Gastronomie du jour de Campbell Courge musquee doree - Campbell Company of Canada","og_description":"Un m&eacute;lange lisse et cr&eacute;meux de courge musqu&eacute;e et de cr&egrave;me fra\u00eeche qui a mijot&eacute; avec des fines herbes. &nbsp; Les soupes Gastronomie du jour de Campbell offrent une exp&eacute;rience gustative d&eacute;licieusement satisfaisante et utilisent des ingr&eacute;dients uniques pour obtenir des saveurs audacieuses et inspir&eacute;es.","og_url":"https:\/\/dev.badmath.com\/think33\/campbells\/campbellsoupca\/fr\/product\/gastronomie-du-jour-de-campbell-courge-musque-dore\/","og_site_name":"Campbell Company of Canada","article_modified_time":"2021-08-26T18:57:36+00:00","og_image":[{"width":340,"height":510,"url":"https:\/\/dev.badmath.com\/think33\/campbells\/campbellsoupca\/wp-content\/uploads\/2014\/02\/eg-golden-butternut-squash-fr.png","type":"image\/png"}],"twitter_card":"summary_large_image","schema":{"@context":"https:\/\/schema.org","@graph":[{"@type":"WebSite","@id":"https:\/\/dev.badmath.com\/think33\/campbells\/campbellsoupca\/#website","url":"https:\/\/dev.badmath.com\/think33\/campbells\/campbellsoupca\/","name":"Campbell Company of Canada","description":"","potentialAction":[{"@type":"SearchAction","target":{"@type":"EntryPoint","urlTemplate":"https:\/\/dev.badmath.com\/think33\/campbells\/campbellsoupca\/search\/?query={search_term_string}"},"query-input":"required name=search_term_string"}],"inLanguage":"en-US"},{"@type":"ImageObject","inLanguage":"en-US","@id":"https:\/\/dev.badmath.com\/think33\/campbells\/campbellsoupca\/fr\/product\/gastronomie-du-jour-de-campbell-courge-musque-dore\/#primaryimage","url":"https:\/\/dev.badmath.com\/think33\/campbells\/campbellsoupca\/wp-content\/uploads\/2014\/02\/eg-golden-butternut-squash-fr.png","contentUrl":"https:\/\/dev.badmath.com\/think33\/campbells\/campbellsoupca\/wp-content\/uploads\/2014\/02\/eg-golden-butternut-squash-fr.png","width":340,"height":510,"caption":"Gastronomie du jour de Campbell Courge musqu\u00e9e dor\u00e9e"},{"@type":"WebPage","@id":"https:\/\/dev.badmath.com\/think33\/campbells\/campbellsoupca\/fr\/product\/gastronomie-du-jour-de-campbell-courge-musque-dore\/#webpage","url":"https:\/\/dev.badmath.com\/think33\/campbells\/campbellsoupca\/fr\/product\/gastronomie-du-jour-de-campbell-courge-musque-dore\/","name":"Gastronomie du jour de Campbell Courge musquee doree - Campbell Company of Canada","isPartOf":{"@id":"https:\/\/dev.badmath.com\/think33\/campbells\/campbellsoupca\/#website"},"primaryImageOfPage":{"@id":"https:\/\/dev.badmath.com\/think33\/campbells\/campbellsoupca\/fr\/product\/gastronomie-du-jour-de-campbell-courge-musque-dore\/#primaryimage"},"datePublished":"2014-02-14T10:52:00+00:00","dateModified":"2021-08-26T18:57:36+00:00","breadcrumb":{"@id":"https:\/\/dev.badmath.com\/think33\/campbells\/campbellsoupca\/fr\/product\/gastronomie-du-jour-de-campbell-courge-musque-dore\/#breadcrumb"},"inLanguage":"en-US","potentialAction":[{"@type":"ReadAction","target":["https:\/\/dev.badmath.com\/think33\/campbells\/campbellsoupca\/fr\/product\/gastronomie-du-jour-de-campbell-courge-musque-dore\/"]}]},{"@type":"BreadcrumbList","@id":"https:\/\/dev.badmath.com\/think33\/campbells\/campbellsoupca\/fr\/product\/gastronomie-du-jour-de-campbell-courge-musque-dore\/#breadcrumb","itemListElement":[{"@type":"ListItem","position":1,"name":"Home","item":"https:\/\/dev.badmath.com:8443\/think33\/campbells\/campbellsoupca\/"},{"@type":"ListItem","position":2,"name":"Products","item":"https:\/\/dev.badmath.com\/think33\/campbells\/campbellsoupca\/fr\/product\/"},{"@type":"ListItem","position":3,"name":"Gastronomie du jour de Campbell Courge musquee doree"}]}]}},"lang":"fr","translations":{"fr":876,"en":468},"product_title":"<em>Gastronomie du jour de Campbell <\/em> Courge musqu\u00e9e dor\u00e9e\n","description":"<p>Un m\u00e9lange lisse et cr\u00e9meux de courge musqu\u00e9e et de cr\u00e8me fra\u00eeche qui a mijot\u00e9 avec des fines herbes.<\/p>\n<p>Les soupes <em>Gastronomie du jour de Campbell<\/em> offrent une exp\u00e9rience gustative d\u00e9licieusement satisfaisante et utilisent des ingr\u00e9dients uniques pour obtenir des saveurs audacieuses et inspir\u00e9es.<\/p>\n","featured_image":"https:\/\/dev.badmath.com\/think33\/campbells\/campbellsoupca\/wp-content\/uploads\/2014\/02\/eg-golden-butternut-squash-fr.png","pll_sync_post":[],"_links":{"self":[{"href":"https:\/\/dev.badmath.com\/think33\/campbells\/campbellsoupca\/wp-json\/wp\/v2\/product\/876"}],"collection":[{"href":"https:\/\/dev.badmath.com\/think33\/campbells\/campbellsoupca\/wp-json\/wp\/v2\/product"}],"about":[{"href":"https:\/\/dev.badmath.com\/think33\/campbells\/campbellsoupca\/wp-json\/wp\/v2\/types\/product"}],"wp:featuredmedia":[{"embeddable":true,"href":"https:\/\/dev.badmath.com\/think33\/campbells\/campbellsoupca\/wp-json\/wp\/v2\/media\/31258"}],"wp:attachment":[{"href":"https:\/\/dev.badmath.com\/think33\/campbells\/campbellsoupca\/wp-json\/wp\/v2\/media?parent=876"}],"wp:term":[{"taxonomy":"product-category","embeddable":true,"href":"https:\/\/dev.badmath.com\/think33\/campbells\/campbellsoupca\/wp-json\/wp\/v2\/product-category?post=876"},{"taxonomy":"product-brand","embeddable":true,"href":"https:\/\/dev.badmath.com\/think33\/campbells\/campbellsoupca\/wp-json\/wp\/v2\/product-brand?post=876"},{"taxonomy":"product-main-ingredient","embeddable":true,"href":"https:\/\/dev.badmath.com\/think33\/campbells\/campbellsoupca\/wp-json\/wp\/v2\/product-main-ingredient?post=876"},{"taxonomy":"product-dietary-alternative","embeddable":true,"href":"https:\/\/dev.badmath.com\/think33\/campbells\/campbellsoupca\/wp-json\/wp\/v2\/product-dietary-alternative?post=876"}],"curies":[{"name":"wp","href":"https:\/\/api.w.org\/{rel}","templated":true}]}}