{"id":845,"date":"2012-09-11T21:12:00","date_gmt":"2012-09-11T21:12:00","guid":{"rendered":"http:\/\/stagecscca.wpengine.com\/product\/fond-de-poulet-de-campbells-fond-premiermc\/"},"modified":"2018-07-25T20:42:01","modified_gmt":"2018-07-25T20:42:01","slug":"fond-de-poulet-de-campbells-fond-premiermc","status":"publish","type":"product","link":"https:\/\/dev.badmath.com\/think33\/campbells\/campbellsoupca\/fr\/product\/fond-de-poulet-de-campbells-fond-premiermc\/","title":{"rendered":"Fond de poulet de Campbell\u2019s Fond Premier"},"featured_media":846,"parent":0,"menu_order":0,"template":"","product-category":[357,361],"product-brand":[{"id":89,"slug":"fond-premier-campbell","name":"Fond PremierMD"}],"product-main-ingredient":[411],"product-dietary-alternative":[{"id":439,"slug":"faible-en-gras","name":"Faible en gras","icon":"low-fat-fr"}],"acf":[],"yoast_head":"<!-- This site is optimized with the Yoast SEO plugin v18.8 - https:\/\/yoast.com\/wordpress\/plugins\/seo\/ -->\n<title>Fond de poulet de Campbell\u2019s Fond Premier - Campbell Company of Canada<\/title>\n<meta name=\"robots\" content=\"index, follow, max-snippet:-1, max-image-preview:large, max-video-preview:-1\" \/>\n<link rel=\"canonical\" href=\"https:\/\/dev.badmath.com\/think33\/campbells\/campbellsoupca\/fr\/product\/fond-de-poulet-de-campbells-fond-premiermc\/\" \/>\n<meta property=\"og:locale\" content=\"en_US\" \/>\n<meta property=\"og:type\" content=\"article\" \/>\n<meta property=\"og:title\" content=\"Fond de poulet de Campbell\u2019s Fond Premier - Campbell Company of Canada\" \/>\n<meta property=\"og:description\" content=\"Ajoutez une saveur riche et prononc&eacute;e &agrave; vos inspirations culinaires. Ingr&eacute;dients de qualit&eacute; sup&eacute;rieure, notre fond de poulet ne contient ni colorant ni saveur artificiel. Qu\u2019il s\u2019agisse de d&eacute;glacer, de braiser ou de pr&eacute;parer des sauces, ce fond ajoutera de d&eacute;licieuses saveurs gastronomiques &agrave; vos meilleures recettes.\" \/>\n<meta property=\"og:url\" content=\"https:\/\/dev.badmath.com\/think33\/campbells\/campbellsoupca\/fr\/product\/fond-de-poulet-de-campbells-fond-premiermc\/\" \/>\n<meta property=\"og:site_name\" content=\"Campbell Company of Canada\" \/>\n<meta property=\"article:modified_time\" content=\"2018-07-25T20:42:01+00:00\" \/>\n<meta property=\"og:image\" content=\"https:\/\/dev.badmath.com\/think33\/campbells\/campbellsoupca\/wp-content\/uploads\/2018\/05\/StockFirst_Chick_3D_F2.png\" \/>\n\t<meta property=\"og:image:width\" content=\"340\" \/>\n\t<meta property=\"og:image:height\" content=\"477\" \/>\n\t<meta property=\"og:image:type\" content=\"image\/png\" \/>\n<meta name=\"twitter:card\" content=\"summary_large_image\" \/>\n<script type=\"application\/ld+json\" class=\"yoast-schema-graph\">{\"@context\":\"https:\/\/schema.org\",\"@graph\":[{\"@type\":\"WebSite\",\"@id\":\"https:\/\/dev.badmath.com\/think33\/campbells\/campbellsoupca\/#website\",\"url\":\"https:\/\/dev.badmath.com\/think33\/campbells\/campbellsoupca\/\",\"name\":\"Campbell Company of Canada\",\"description\":\"\",\"potentialAction\":[{\"@type\":\"SearchAction\",\"target\":{\"@type\":\"EntryPoint\",\"urlTemplate\":\"https:\/\/dev.badmath.com\/think33\/campbells\/campbellsoupca\/search\/?query={search_term_string}\"},\"query-input\":\"required name=search_term_string\"}],\"inLanguage\":\"en-US\"},{\"@type\":\"ImageObject\",\"inLanguage\":\"en-US\",\"@id\":\"https:\/\/dev.badmath.com\/think33\/campbells\/campbellsoupca\/fr\/product\/fond-de-poulet-de-campbells-fond-premiermc\/#primaryimage\",\"url\":\"https:\/\/dev.badmath.com\/think33\/campbells\/campbellsoupca\/wp-content\/uploads\/2018\/05\/StockFirst_Chick_3D_F2.png\",\"contentUrl\":\"https:\/\/dev.badmath.com\/think33\/campbells\/campbellsoupca\/wp-content\/uploads\/2018\/05\/StockFirst_Chick_3D_F2.png\",\"width\":340,\"height\":477,\"caption\":\"campbell's fond premier fond de poulet\"},{\"@type\":\"WebPage\",\"@id\":\"https:\/\/dev.badmath.com\/think33\/campbells\/campbellsoupca\/fr\/product\/fond-de-poulet-de-campbells-fond-premiermc\/#webpage\",\"url\":\"https:\/\/dev.badmath.com\/think33\/campbells\/campbellsoupca\/fr\/product\/fond-de-poulet-de-campbells-fond-premiermc\/\",\"name\":\"Fond de poulet de Campbell\u2019s Fond Premier - Campbell Company of Canada\",\"isPartOf\":{\"@id\":\"https:\/\/dev.badmath.com\/think33\/campbells\/campbellsoupca\/#website\"},\"primaryImageOfPage\":{\"@id\":\"https:\/\/dev.badmath.com\/think33\/campbells\/campbellsoupca\/fr\/product\/fond-de-poulet-de-campbells-fond-premiermc\/#primaryimage\"},\"datePublished\":\"2012-09-11T21:12:00+00:00\",\"dateModified\":\"2018-07-25T20:42:01+00:00\",\"breadcrumb\":{\"@id\":\"https:\/\/dev.badmath.com\/think33\/campbells\/campbellsoupca\/fr\/product\/fond-de-poulet-de-campbells-fond-premiermc\/#breadcrumb\"},\"inLanguage\":\"en-US\",\"potentialAction\":[{\"@type\":\"ReadAction\",\"target\":[\"https:\/\/dev.badmath.com\/think33\/campbells\/campbellsoupca\/fr\/product\/fond-de-poulet-de-campbells-fond-premiermc\/\"]}]},{\"@type\":\"BreadcrumbList\",\"@id\":\"https:\/\/dev.badmath.com\/think33\/campbells\/campbellsoupca\/fr\/product\/fond-de-poulet-de-campbells-fond-premiermc\/#breadcrumb\",\"itemListElement\":[{\"@type\":\"ListItem\",\"position\":1,\"name\":\"Home\",\"item\":\"https:\/\/dev.badmath.com:8443\/think33\/campbells\/campbellsoupca\/\"},{\"@type\":\"ListItem\",\"position\":2,\"name\":\"Products\",\"item\":\"https:\/\/dev.badmath.com\/think33\/campbells\/campbellsoupca\/fr\/product\/\"},{\"@type\":\"ListItem\",\"position\":3,\"name\":\"Fond de poulet de Campbell\u2019s Fond Premier\"}]}]}<\/script>\n<!-- \/ Yoast SEO plugin. -->","yoast_head_json":{"title":"Fond de poulet de Campbell\u2019s Fond Premier - Campbell Company of Canada","robots":{"index":"index","follow":"follow","max-snippet":"max-snippet:-1","max-image-preview":"max-image-preview:large","max-video-preview":"max-video-preview:-1"},"canonical":"https:\/\/dev.badmath.com\/think33\/campbells\/campbellsoupca\/fr\/product\/fond-de-poulet-de-campbells-fond-premiermc\/","og_locale":"en_US","og_type":"article","og_title":"Fond de poulet de Campbell\u2019s Fond Premier - Campbell Company of Canada","og_description":"Ajoutez une saveur riche et prononc&eacute;e &agrave; vos inspirations culinaires. Ingr&eacute;dients de qualit&eacute; sup&eacute;rieure, notre fond de poulet ne contient ni colorant ni saveur artificiel. Qu\u2019il s\u2019agisse de d&eacute;glacer, de braiser ou de pr&eacute;parer des sauces, ce fond ajoutera de d&eacute;licieuses saveurs gastronomiques &agrave; vos meilleures recettes.","og_url":"https:\/\/dev.badmath.com\/think33\/campbells\/campbellsoupca\/fr\/product\/fond-de-poulet-de-campbells-fond-premiermc\/","og_site_name":"Campbell Company of Canada","article_modified_time":"2018-07-25T20:42:01+00:00","og_image":[{"width":340,"height":477,"url":"https:\/\/dev.badmath.com\/think33\/campbells\/campbellsoupca\/wp-content\/uploads\/2018\/05\/StockFirst_Chick_3D_F2.png","type":"image\/png"}],"twitter_card":"summary_large_image","schema":{"@context":"https:\/\/schema.org","@graph":[{"@type":"WebSite","@id":"https:\/\/dev.badmath.com\/think33\/campbells\/campbellsoupca\/#website","url":"https:\/\/dev.badmath.com\/think33\/campbells\/campbellsoupca\/","name":"Campbell Company of Canada","description":"","potentialAction":[{"@type":"SearchAction","target":{"@type":"EntryPoint","urlTemplate":"https:\/\/dev.badmath.com\/think33\/campbells\/campbellsoupca\/search\/?query={search_term_string}"},"query-input":"required name=search_term_string"}],"inLanguage":"en-US"},{"@type":"ImageObject","inLanguage":"en-US","@id":"https:\/\/dev.badmath.com\/think33\/campbells\/campbellsoupca\/fr\/product\/fond-de-poulet-de-campbells-fond-premiermc\/#primaryimage","url":"https:\/\/dev.badmath.com\/think33\/campbells\/campbellsoupca\/wp-content\/uploads\/2018\/05\/StockFirst_Chick_3D_F2.png","contentUrl":"https:\/\/dev.badmath.com\/think33\/campbells\/campbellsoupca\/wp-content\/uploads\/2018\/05\/StockFirst_Chick_3D_F2.png","width":340,"height":477,"caption":"campbell's fond premier fond de poulet"},{"@type":"WebPage","@id":"https:\/\/dev.badmath.com\/think33\/campbells\/campbellsoupca\/fr\/product\/fond-de-poulet-de-campbells-fond-premiermc\/#webpage","url":"https:\/\/dev.badmath.com\/think33\/campbells\/campbellsoupca\/fr\/product\/fond-de-poulet-de-campbells-fond-premiermc\/","name":"Fond de poulet de Campbell\u2019s Fond Premier - Campbell Company of Canada","isPartOf":{"@id":"https:\/\/dev.badmath.com\/think33\/campbells\/campbellsoupca\/#website"},"primaryImageOfPage":{"@id":"https:\/\/dev.badmath.com\/think33\/campbells\/campbellsoupca\/fr\/product\/fond-de-poulet-de-campbells-fond-premiermc\/#primaryimage"},"datePublished":"2012-09-11T21:12:00+00:00","dateModified":"2018-07-25T20:42:01+00:00","breadcrumb":{"@id":"https:\/\/dev.badmath.com\/think33\/campbells\/campbellsoupca\/fr\/product\/fond-de-poulet-de-campbells-fond-premiermc\/#breadcrumb"},"inLanguage":"en-US","potentialAction":[{"@type":"ReadAction","target":["https:\/\/dev.badmath.com\/think33\/campbells\/campbellsoupca\/fr\/product\/fond-de-poulet-de-campbells-fond-premiermc\/"]}]},{"@type":"BreadcrumbList","@id":"https:\/\/dev.badmath.com\/think33\/campbells\/campbellsoupca\/fr\/product\/fond-de-poulet-de-campbells-fond-premiermc\/#breadcrumb","itemListElement":[{"@type":"ListItem","position":1,"name":"Home","item":"https:\/\/dev.badmath.com:8443\/think33\/campbells\/campbellsoupca\/"},{"@type":"ListItem","position":2,"name":"Products","item":"https:\/\/dev.badmath.com\/think33\/campbells\/campbellsoupca\/fr\/product\/"},{"@type":"ListItem","position":3,"name":"Fond de poulet de Campbell\u2019s Fond Premier"}]}]}},"lang":"fr","translations":{"fr":845,"en":430},"product_title":"Fond de poulet de <i>Campbell\u2019s Fond Premier<\/i><sup>MC<\/sup>\n","description":"<p>Ajoutez une saveur riche et prononc\u00e9e \u00e0 vos inspirations culinaires. Ingr\u00e9dients de qualit\u00e9 sup\u00e9rieure, notre fond de poulet ne contient ni colorant ni saveur artificiel. Qu\u2019il s\u2019agisse de d\u00e9glacer, de braiser ou de pr\u00e9parer des sauces, ce fond ajoutera de d\u00e9licieuses saveurs gastronomiques \u00e0 vos meilleures recettes.<\/p>\n","featured_image":"https:\/\/dev.badmath.com\/think33\/campbells\/campbellsoupca\/wp-content\/uploads\/2018\/05\/StockFirst_Chick_3D_F2.png","pll_sync_post":[],"_links":{"self":[{"href":"https:\/\/dev.badmath.com\/think33\/campbells\/campbellsoupca\/wp-json\/wp\/v2\/product\/845"}],"collection":[{"href":"https:\/\/dev.badmath.com\/think33\/campbells\/campbellsoupca\/wp-json\/wp\/v2\/product"}],"about":[{"href":"https:\/\/dev.badmath.com\/think33\/campbells\/campbellsoupca\/wp-json\/wp\/v2\/types\/product"}],"wp:featuredmedia":[{"embeddable":true,"href":"https:\/\/dev.badmath.com\/think33\/campbells\/campbellsoupca\/wp-json\/wp\/v2\/media\/846"}],"wp:attachment":[{"href":"https:\/\/dev.badmath.com\/think33\/campbells\/campbellsoupca\/wp-json\/wp\/v2\/media?parent=845"}],"wp:term":[{"taxonomy":"product-category","embeddable":true,"href":"https:\/\/dev.badmath.com\/think33\/campbells\/campbellsoupca\/wp-json\/wp\/v2\/product-category?post=845"},{"taxonomy":"product-brand","embeddable":true,"href":"https:\/\/dev.badmath.com\/think33\/campbells\/campbellsoupca\/wp-json\/wp\/v2\/product-brand?post=845"},{"taxonomy":"product-main-ingredient","embeddable":true,"href":"https:\/\/dev.badmath.com\/think33\/campbells\/campbellsoupca\/wp-json\/wp\/v2\/product-main-ingredient?post=845"},{"taxonomy":"product-dietary-alternative","embeddable":true,"href":"https:\/\/dev.badmath.com\/think33\/campbells\/campbellsoupca\/wp-json\/wp\/v2\/product-dietary-alternative?post=845"}],"curies":[{"name":"wp","href":"https:\/\/api.w.org\/{rel}","templated":true}]}}