{"id":807,"date":"2012-07-30T11:31:00","date_gmt":"2012-07-30T11:31:00","guid":{"rendered":"http:\/\/stagecscca.wpengine.com\/product\/v8-faible-teneur-en-sodium-189-l\/"},"modified":"2023-06-08T18:05:47","modified_gmt":"2023-06-08T18:05:47","slug":"v8-faible-teneur-en-sodium-189-l","status":"publish","type":"product","link":"https:\/\/dev.badmath.com\/think33\/campbells\/campbellsoupca\/fr\/product\/v8-faible-teneur-en-sodium-156-ml\/v8-faible-teneur-en-sodium-189-l\/","title":{"rendered":"V8 Faible teneur en sodium (1,89 L \/ 950 mL)"},"featured_media":389,"parent":808,"menu_order":0,"template":"","product-category":[387,389],"product-brand":[{"id":85,"slug":"v8md","name":"V8MD"}],"product-main-ingredient":[],"product-dietary-alternative":[{"id":439,"slug":"faible-en-gras","name":"Faible en gras","icon":"low-fat-fr"},{"id":437,"slug":"sodium-reduit","name":"Moins de Sodium","icon":"low-sodium"},{"id":435,"slug":"sans-gluten","name":"Sans Gluten","icon":"gluten-free"}],"acf":[],"yoast_head":"<!-- This site is optimized with the Yoast SEO plugin v18.8 - https:\/\/yoast.com\/wordpress\/plugins\/seo\/ -->\n<title>V8 Faible teneur en sodium (1,89 L \/ 950 mL) - Campbell Company of Canada<\/title>\n<meta name=\"robots\" content=\"index, follow, max-snippet:-1, max-image-preview:large, max-video-preview:-1\" \/>\n<link rel=\"canonical\" href=\"https:\/\/dev.badmath.com\/think33\/campbells\/campbellsoupca\/fr\/product\/v8-faible-teneur-en-sodium-156-ml\/v8-faible-teneur-en-sodium-189-l\/\" \/>\n<meta property=\"og:locale\" content=\"en_US\" \/>\n<meta property=\"og:type\" content=\"article\" \/>\n<meta property=\"og:title\" content=\"V8 Faible teneur en sodium (1,89 L \/ 950 mL) - Campbell Company of Canada\" \/>\n<meta property=\"og:description\" content=\"Le cocktail aux l&eacute;gumes V8\u00ae Faible teneur en sodium constitue la fa&ccedil;on rafra\u00eechissante et facile de savourer deux portions compl&egrave;tes de l&eacute;gumes dans chaque tasse de 250&nbsp;mL. Il est fait d&#8217;un m&eacute;lange de l&eacute;gumes du jardin et ne contient aucun agent de pr&eacute;servation.\" \/>\n<meta property=\"og:url\" content=\"https:\/\/dev.badmath.com\/think33\/campbells\/campbellsoupca\/fr\/product\/v8-faible-teneur-en-sodium-156-ml\/v8-faible-teneur-en-sodium-189-l\/\" \/>\n<meta property=\"og:site_name\" content=\"Campbell Company of Canada\" \/>\n<meta property=\"article:modified_time\" content=\"2023-06-08T18:05:47+00:00\" \/>\n<meta property=\"og:image\" content=\"https:\/\/dev.badmath.com\/think33\/campbells\/campbellsoupca\/wp-content\/uploads\/2018\/05\/oie_0GhGrB6p7Osh.png\" \/>\n\t<meta property=\"og:image:width\" content=\"340\" \/>\n\t<meta property=\"og:image:height\" content=\"510\" \/>\n\t<meta property=\"og:image:type\" content=\"image\/png\" \/>\n<meta name=\"twitter:card\" content=\"summary_large_image\" \/>\n<script type=\"application\/ld+json\" class=\"yoast-schema-graph\">{\"@context\":\"https:\/\/schema.org\",\"@graph\":[{\"@type\":\"WebSite\",\"@id\":\"https:\/\/dev.badmath.com\/think33\/campbells\/campbellsoupca\/#website\",\"url\":\"https:\/\/dev.badmath.com\/think33\/campbells\/campbellsoupca\/\",\"name\":\"Campbell Company of Canada\",\"description\":\"\",\"potentialAction\":[{\"@type\":\"SearchAction\",\"target\":{\"@type\":\"EntryPoint\",\"urlTemplate\":\"https:\/\/dev.badmath.com\/think33\/campbells\/campbellsoupca\/search\/?query={search_term_string}\"},\"query-input\":\"required name=search_term_string\"}],\"inLanguage\":\"en-US\"},{\"@type\":\"ImageObject\",\"inLanguage\":\"en-US\",\"@id\":\"https:\/\/dev.badmath.com\/think33\/campbells\/campbellsoupca\/fr\/product\/v8-faible-teneur-en-sodium-156-ml\/v8-faible-teneur-en-sodium-189-l\/#primaryimage\",\"url\":\"https:\/\/dev.badmath.com\/think33\/campbells\/campbellsoupca\/wp-content\/uploads\/2018\/05\/oie_0GhGrB6p7Osh.png\",\"contentUrl\":\"https:\/\/dev.badmath.com\/think33\/campbells\/campbellsoupca\/wp-content\/uploads\/2018\/05\/oie_0GhGrB6p7Osh.png\",\"width\":340,\"height\":510,\"caption\":\"v8 low sodium\"},{\"@type\":\"WebPage\",\"@id\":\"https:\/\/dev.badmath.com\/think33\/campbells\/campbellsoupca\/fr\/product\/v8-faible-teneur-en-sodium-156-ml\/v8-faible-teneur-en-sodium-189-l\/#webpage\",\"url\":\"https:\/\/dev.badmath.com\/think33\/campbells\/campbellsoupca\/fr\/product\/v8-faible-teneur-en-sodium-156-ml\/v8-faible-teneur-en-sodium-189-l\/\",\"name\":\"V8 Faible teneur en sodium (1,89 L \/ 950 mL) - Campbell Company of Canada\",\"isPartOf\":{\"@id\":\"https:\/\/dev.badmath.com\/think33\/campbells\/campbellsoupca\/#website\"},\"primaryImageOfPage\":{\"@id\":\"https:\/\/dev.badmath.com\/think33\/campbells\/campbellsoupca\/fr\/product\/v8-faible-teneur-en-sodium-156-ml\/v8-faible-teneur-en-sodium-189-l\/#primaryimage\"},\"datePublished\":\"2012-07-30T11:31:00+00:00\",\"dateModified\":\"2023-06-08T18:05:47+00:00\",\"breadcrumb\":{\"@id\":\"https:\/\/dev.badmath.com\/think33\/campbells\/campbellsoupca\/fr\/product\/v8-faible-teneur-en-sodium-156-ml\/v8-faible-teneur-en-sodium-189-l\/#breadcrumb\"},\"inLanguage\":\"en-US\",\"potentialAction\":[{\"@type\":\"ReadAction\",\"target\":[\"https:\/\/dev.badmath.com\/think33\/campbells\/campbellsoupca\/fr\/product\/v8-faible-teneur-en-sodium-156-ml\/v8-faible-teneur-en-sodium-189-l\/\"]}]},{\"@type\":\"BreadcrumbList\",\"@id\":\"https:\/\/dev.badmath.com\/think33\/campbells\/campbellsoupca\/fr\/product\/v8-faible-teneur-en-sodium-156-ml\/v8-faible-teneur-en-sodium-189-l\/#breadcrumb\",\"itemListElement\":[{\"@type\":\"ListItem\",\"position\":1,\"name\":\"Home\",\"item\":\"https:\/\/dev.badmath.com:8443\/think33\/campbells\/campbellsoupca\/\"},{\"@type\":\"ListItem\",\"position\":2,\"name\":\"Products\",\"item\":\"https:\/\/dev.badmath.com\/think33\/campbells\/campbellsoupca\/fr\/product\/\"},{\"@type\":\"ListItem\",\"position\":3,\"name\":\"V8 Faible teneur en sodium (156 mL)\",\"item\":\"https:\/\/dev.badmath.com\/think33\/campbells\/campbellsoupca\/fr\/product\/v8-faible-teneur-en-sodium-156-ml\/\"},{\"@type\":\"ListItem\",\"position\":4,\"name\":\"V8 Faible teneur en sodium (1,89 L \/ 950 mL)\"}]}]}<\/script>\n<!-- \/ Yoast SEO plugin. -->","yoast_head_json":{"title":"V8 Faible teneur en sodium (1,89 L \/ 950 mL) - Campbell Company of Canada","robots":{"index":"index","follow":"follow","max-snippet":"max-snippet:-1","max-image-preview":"max-image-preview:large","max-video-preview":"max-video-preview:-1"},"canonical":"https:\/\/dev.badmath.com\/think33\/campbells\/campbellsoupca\/fr\/product\/v8-faible-teneur-en-sodium-156-ml\/v8-faible-teneur-en-sodium-189-l\/","og_locale":"en_US","og_type":"article","og_title":"V8 Faible teneur en sodium (1,89 L \/ 950 mL) - Campbell Company of Canada","og_description":"Le cocktail aux l&eacute;gumes V8\u00ae Faible teneur en sodium constitue la fa&ccedil;on rafra\u00eechissante et facile de savourer deux portions compl&egrave;tes de l&eacute;gumes dans chaque tasse de 250&nbsp;mL. Il est fait d&#8217;un m&eacute;lange de l&eacute;gumes du jardin et ne contient aucun agent de pr&eacute;servation.","og_url":"https:\/\/dev.badmath.com\/think33\/campbells\/campbellsoupca\/fr\/product\/v8-faible-teneur-en-sodium-156-ml\/v8-faible-teneur-en-sodium-189-l\/","og_site_name":"Campbell Company of Canada","article_modified_time":"2023-06-08T18:05:47+00:00","og_image":[{"width":340,"height":510,"url":"https:\/\/dev.badmath.com\/think33\/campbells\/campbellsoupca\/wp-content\/uploads\/2018\/05\/oie_0GhGrB6p7Osh.png","type":"image\/png"}],"twitter_card":"summary_large_image","schema":{"@context":"https:\/\/schema.org","@graph":[{"@type":"WebSite","@id":"https:\/\/dev.badmath.com\/think33\/campbells\/campbellsoupca\/#website","url":"https:\/\/dev.badmath.com\/think33\/campbells\/campbellsoupca\/","name":"Campbell Company of Canada","description":"","potentialAction":[{"@type":"SearchAction","target":{"@type":"EntryPoint","urlTemplate":"https:\/\/dev.badmath.com\/think33\/campbells\/campbellsoupca\/search\/?query={search_term_string}"},"query-input":"required name=search_term_string"}],"inLanguage":"en-US"},{"@type":"ImageObject","inLanguage":"en-US","@id":"https:\/\/dev.badmath.com\/think33\/campbells\/campbellsoupca\/fr\/product\/v8-faible-teneur-en-sodium-156-ml\/v8-faible-teneur-en-sodium-189-l\/#primaryimage","url":"https:\/\/dev.badmath.com\/think33\/campbells\/campbellsoupca\/wp-content\/uploads\/2018\/05\/oie_0GhGrB6p7Osh.png","contentUrl":"https:\/\/dev.badmath.com\/think33\/campbells\/campbellsoupca\/wp-content\/uploads\/2018\/05\/oie_0GhGrB6p7Osh.png","width":340,"height":510,"caption":"v8 low sodium"},{"@type":"WebPage","@id":"https:\/\/dev.badmath.com\/think33\/campbells\/campbellsoupca\/fr\/product\/v8-faible-teneur-en-sodium-156-ml\/v8-faible-teneur-en-sodium-189-l\/#webpage","url":"https:\/\/dev.badmath.com\/think33\/campbells\/campbellsoupca\/fr\/product\/v8-faible-teneur-en-sodium-156-ml\/v8-faible-teneur-en-sodium-189-l\/","name":"V8 Faible teneur en sodium (1,89 L \/ 950 mL) - Campbell Company of Canada","isPartOf":{"@id":"https:\/\/dev.badmath.com\/think33\/campbells\/campbellsoupca\/#website"},"primaryImageOfPage":{"@id":"https:\/\/dev.badmath.com\/think33\/campbells\/campbellsoupca\/fr\/product\/v8-faible-teneur-en-sodium-156-ml\/v8-faible-teneur-en-sodium-189-l\/#primaryimage"},"datePublished":"2012-07-30T11:31:00+00:00","dateModified":"2023-06-08T18:05:47+00:00","breadcrumb":{"@id":"https:\/\/dev.badmath.com\/think33\/campbells\/campbellsoupca\/fr\/product\/v8-faible-teneur-en-sodium-156-ml\/v8-faible-teneur-en-sodium-189-l\/#breadcrumb"},"inLanguage":"en-US","potentialAction":[{"@type":"ReadAction","target":["https:\/\/dev.badmath.com\/think33\/campbells\/campbellsoupca\/fr\/product\/v8-faible-teneur-en-sodium-156-ml\/v8-faible-teneur-en-sodium-189-l\/"]}]},{"@type":"BreadcrumbList","@id":"https:\/\/dev.badmath.com\/think33\/campbells\/campbellsoupca\/fr\/product\/v8-faible-teneur-en-sodium-156-ml\/v8-faible-teneur-en-sodium-189-l\/#breadcrumb","itemListElement":[{"@type":"ListItem","position":1,"name":"Home","item":"https:\/\/dev.badmath.com:8443\/think33\/campbells\/campbellsoupca\/"},{"@type":"ListItem","position":2,"name":"Products","item":"https:\/\/dev.badmath.com\/think33\/campbells\/campbellsoupca\/fr\/product\/"},{"@type":"ListItem","position":3,"name":"V8 Faible teneur en sodium (156 mL)","item":"https:\/\/dev.badmath.com\/think33\/campbells\/campbellsoupca\/fr\/product\/v8-faible-teneur-en-sodium-156-ml\/"},{"@type":"ListItem","position":4,"name":"V8 Faible teneur en sodium (1,89 L \/ 950 mL)"}]}]}},"lang":"fr","translations":{"fr":807,"en":388},"product_title":"<i>V8<\/i><sup>\u00ae<\/sup> Faible teneur en sodium (1,89\u00a0L \/ 950\u00a0mL)\n","description":"<p>Le cocktail aux l\u00e9gumes <em>V8<\/em><sup>\u00ae<\/sup> Faible teneur en sodium constitue la fa\u00e7on rafra\u00eechissante et facile de savourer deux portions compl\u00e8tes de l\u00e9gumes dans chaque tasse de 250 mL. Il est fait d\u2019un m\u00e9lange de l\u00e9gumes du jardin et ne contient aucun agent de pr\u00e9servation.<\/p>\n","featured_image":"https:\/\/dev.badmath.com\/think33\/campbells\/campbellsoupca\/wp-content\/uploads\/2018\/05\/oie_0GhGrB6p7Osh.png","pll_sync_post":[],"_links":{"self":[{"href":"https:\/\/dev.badmath.com\/think33\/campbells\/campbellsoupca\/wp-json\/wp\/v2\/product\/807"}],"collection":[{"href":"https:\/\/dev.badmath.com\/think33\/campbells\/campbellsoupca\/wp-json\/wp\/v2\/product"}],"about":[{"href":"https:\/\/dev.badmath.com\/think33\/campbells\/campbellsoupca\/wp-json\/wp\/v2\/types\/product"}],"up":[{"embeddable":true,"href":"https:\/\/dev.badmath.com\/think33\/campbells\/campbellsoupca\/wp-json\/wp\/v2\/product\/808"}],"wp:featuredmedia":[{"embeddable":true,"href":"https:\/\/dev.badmath.com\/think33\/campbells\/campbellsoupca\/wp-json\/wp\/v2\/media\/389"}],"wp:attachment":[{"href":"https:\/\/dev.badmath.com\/think33\/campbells\/campbellsoupca\/wp-json\/wp\/v2\/media?parent=807"}],"wp:term":[{"taxonomy":"product-category","embeddable":true,"href":"https:\/\/dev.badmath.com\/think33\/campbells\/campbellsoupca\/wp-json\/wp\/v2\/product-category?post=807"},{"taxonomy":"product-brand","embeddable":true,"href":"https:\/\/dev.badmath.com\/think33\/campbells\/campbellsoupca\/wp-json\/wp\/v2\/product-brand?post=807"},{"taxonomy":"product-main-ingredient","embeddable":true,"href":"https:\/\/dev.badmath.com\/think33\/campbells\/campbellsoupca\/wp-json\/wp\/v2\/product-main-ingredient?post=807"},{"taxonomy":"product-dietary-alternative","embeddable":true,"href":"https:\/\/dev.badmath.com\/think33\/campbells\/campbellsoupca\/wp-json\/wp\/v2\/product-dietary-alternative?post=807"}],"curies":[{"name":"wp","href":"https:\/\/api.w.org\/{rel}","templated":true}]}}