{"id":804,"date":"2012-07-30T11:31:00","date_gmt":"2012-07-30T11:31:00","guid":{"rendered":"http:\/\/stagecscca.wpengine.com\/product\/v8-velout-et-assaisonn-156-ml\/"},"modified":"2023-06-07T18:38:40","modified_gmt":"2023-06-07T18:38:40","slug":"v8-velout-et-assaisonn-156-ml","status":"publish","type":"product","link":"https:\/\/dev.badmath.com\/think33\/campbells\/campbellsoupca\/fr\/product\/v8-velout-et-assaisonn-156-ml\/","title":{"rendered":"V8 Veloute et assaisonne (156 mL)"},"featured_media":40469,"parent":0,"menu_order":0,"template":"","product-category":[],"product-brand":[{"id":85,"slug":"v8md","name":"V8MD"}],"product-main-ingredient":[],"product-dietary-alternative":[{"id":439,"slug":"faible-en-gras","name":"Faible en gras","icon":"low-fat-fr"},{"id":435,"slug":"sans-gluten","name":"Sans Gluten","icon":"gluten-free"}],"acf":[],"yoast_head":"<!-- This site is optimized with the Yoast SEO plugin v18.8 - https:\/\/yoast.com\/wordpress\/plugins\/seo\/ -->\n<title>V8 Veloute et assaisonne (156 mL) - Campbell Company of Canada<\/title>\n<meta name=\"robots\" content=\"index, follow, max-snippet:-1, max-image-preview:large, max-video-preview:-1\" \/>\n<link rel=\"canonical\" href=\"https:\/\/dev.badmath.com\/think33\/campbells\/campbellsoupca\/fr\/product\/v8-velout-et-assaisonn-156-ml\/\" \/>\n<meta property=\"og:locale\" content=\"en_US\" \/>\n<meta property=\"og:type\" content=\"article\" \/>\n<meta property=\"og:title\" content=\"V8 Veloute et assaisonne (156 mL) - Campbell Company of Canada\" \/>\n<meta property=\"og:description\" content=\"Le cocktail aux l&eacute;gumes Velout&eacute; et assaisonn&eacute; V8\u00ae constitue une excellente fa&ccedil;on de vous rafra\u00eechir avec deux portions compl&egrave;tes de l&eacute;gumes dans chaque tasse de 250&nbsp;mL. Il est fait d&#8217;un m&eacute;lange de l&eacute;gumes du jardin, sans agent de pr&eacute;servation ni colorant ou saveur artificielle. Il est sucr&eacute; naturellement avec du jus de raison blanc pour [&hellip;]\" \/>\n<meta property=\"og:url\" content=\"https:\/\/dev.badmath.com\/think33\/campbells\/campbellsoupca\/fr\/product\/v8-velout-et-assaisonn-156-ml\/\" \/>\n<meta property=\"og:site_name\" content=\"Campbell Company of Canada\" \/>\n<meta property=\"article:modified_time\" content=\"2023-06-07T18:38:40+00:00\" \/>\n<meta property=\"og:image\" content=\"https:\/\/dev.badmath.com\/think33\/campbells\/campbellsoupca\/wp-content\/uploads\/2012\/07\/v8-smoothseasoned-156ml-1.png\" \/>\n\t<meta property=\"og:image:width\" content=\"1500\" \/>\n\t<meta property=\"og:image:height\" content=\"1040\" \/>\n\t<meta property=\"og:image:type\" content=\"image\/png\" \/>\n<meta name=\"twitter:card\" content=\"summary_large_image\" \/>\n<script type=\"application\/ld+json\" class=\"yoast-schema-graph\">{\"@context\":\"https:\/\/schema.org\",\"@graph\":[{\"@type\":\"WebSite\",\"@id\":\"https:\/\/dev.badmath.com\/think33\/campbells\/campbellsoupca\/#website\",\"url\":\"https:\/\/dev.badmath.com\/think33\/campbells\/campbellsoupca\/\",\"name\":\"Campbell Company of Canada\",\"description\":\"\",\"potentialAction\":[{\"@type\":\"SearchAction\",\"target\":{\"@type\":\"EntryPoint\",\"urlTemplate\":\"https:\/\/dev.badmath.com\/think33\/campbells\/campbellsoupca\/search\/?query={search_term_string}\"},\"query-input\":\"required name=search_term_string\"}],\"inLanguage\":\"en-US\"},{\"@type\":\"ImageObject\",\"inLanguage\":\"en-US\",\"@id\":\"https:\/\/dev.badmath.com\/think33\/campbells\/campbellsoupca\/fr\/product\/v8-velout-et-assaisonn-156-ml\/#primaryimage\",\"url\":\"https:\/\/dev.badmath.com\/think33\/campbells\/campbellsoupca\/wp-content\/uploads\/2012\/07\/v8-smoothseasoned-156ml-1.png\",\"contentUrl\":\"https:\/\/dev.badmath.com\/think33\/campbells\/campbellsoupca\/wp-content\/uploads\/2012\/07\/v8-smoothseasoned-156ml-1.png\",\"width\":1500,\"height\":1040},{\"@type\":\"WebPage\",\"@id\":\"https:\/\/dev.badmath.com\/think33\/campbells\/campbellsoupca\/fr\/product\/v8-velout-et-assaisonn-156-ml\/#webpage\",\"url\":\"https:\/\/dev.badmath.com\/think33\/campbells\/campbellsoupca\/fr\/product\/v8-velout-et-assaisonn-156-ml\/\",\"name\":\"V8 Veloute et assaisonne (156 mL) - Campbell Company of Canada\",\"isPartOf\":{\"@id\":\"https:\/\/dev.badmath.com\/think33\/campbells\/campbellsoupca\/#website\"},\"primaryImageOfPage\":{\"@id\":\"https:\/\/dev.badmath.com\/think33\/campbells\/campbellsoupca\/fr\/product\/v8-velout-et-assaisonn-156-ml\/#primaryimage\"},\"datePublished\":\"2012-07-30T11:31:00+00:00\",\"dateModified\":\"2023-06-07T18:38:40+00:00\",\"breadcrumb\":{\"@id\":\"https:\/\/dev.badmath.com\/think33\/campbells\/campbellsoupca\/fr\/product\/v8-velout-et-assaisonn-156-ml\/#breadcrumb\"},\"inLanguage\":\"en-US\",\"potentialAction\":[{\"@type\":\"ReadAction\",\"target\":[\"https:\/\/dev.badmath.com\/think33\/campbells\/campbellsoupca\/fr\/product\/v8-velout-et-assaisonn-156-ml\/\"]}]},{\"@type\":\"BreadcrumbList\",\"@id\":\"https:\/\/dev.badmath.com\/think33\/campbells\/campbellsoupca\/fr\/product\/v8-velout-et-assaisonn-156-ml\/#breadcrumb\",\"itemListElement\":[{\"@type\":\"ListItem\",\"position\":1,\"name\":\"Home\",\"item\":\"https:\/\/dev.badmath.com:8443\/think33\/campbells\/campbellsoupca\/\"},{\"@type\":\"ListItem\",\"position\":2,\"name\":\"Products\",\"item\":\"https:\/\/dev.badmath.com\/think33\/campbells\/campbellsoupca\/fr\/product\/\"},{\"@type\":\"ListItem\",\"position\":3,\"name\":\"V8 Veloute et assaisonne (156 mL)\"}]}]}<\/script>\n<!-- \/ Yoast SEO plugin. -->","yoast_head_json":{"title":"V8 Veloute et assaisonne (156 mL) - Campbell Company of Canada","robots":{"index":"index","follow":"follow","max-snippet":"max-snippet:-1","max-image-preview":"max-image-preview:large","max-video-preview":"max-video-preview:-1"},"canonical":"https:\/\/dev.badmath.com\/think33\/campbells\/campbellsoupca\/fr\/product\/v8-velout-et-assaisonn-156-ml\/","og_locale":"en_US","og_type":"article","og_title":"V8 Veloute et assaisonne (156 mL) - Campbell Company of Canada","og_description":"Le cocktail aux l&eacute;gumes Velout&eacute; et assaisonn&eacute; V8\u00ae constitue une excellente fa&ccedil;on de vous rafra\u00eechir avec deux portions compl&egrave;tes de l&eacute;gumes dans chaque tasse de 250&nbsp;mL. Il est fait d&#8217;un m&eacute;lange de l&eacute;gumes du jardin, sans agent de pr&eacute;servation ni colorant ou saveur artificielle. Il est sucr&eacute; naturellement avec du jus de raison blanc pour [&hellip;]","og_url":"https:\/\/dev.badmath.com\/think33\/campbells\/campbellsoupca\/fr\/product\/v8-velout-et-assaisonn-156-ml\/","og_site_name":"Campbell Company of Canada","article_modified_time":"2023-06-07T18:38:40+00:00","og_image":[{"width":1500,"height":1040,"url":"https:\/\/dev.badmath.com\/think33\/campbells\/campbellsoupca\/wp-content\/uploads\/2012\/07\/v8-smoothseasoned-156ml-1.png","type":"image\/png"}],"twitter_card":"summary_large_image","schema":{"@context":"https:\/\/schema.org","@graph":[{"@type":"WebSite","@id":"https:\/\/dev.badmath.com\/think33\/campbells\/campbellsoupca\/#website","url":"https:\/\/dev.badmath.com\/think33\/campbells\/campbellsoupca\/","name":"Campbell Company of Canada","description":"","potentialAction":[{"@type":"SearchAction","target":{"@type":"EntryPoint","urlTemplate":"https:\/\/dev.badmath.com\/think33\/campbells\/campbellsoupca\/search\/?query={search_term_string}"},"query-input":"required name=search_term_string"}],"inLanguage":"en-US"},{"@type":"ImageObject","inLanguage":"en-US","@id":"https:\/\/dev.badmath.com\/think33\/campbells\/campbellsoupca\/fr\/product\/v8-velout-et-assaisonn-156-ml\/#primaryimage","url":"https:\/\/dev.badmath.com\/think33\/campbells\/campbellsoupca\/wp-content\/uploads\/2012\/07\/v8-smoothseasoned-156ml-1.png","contentUrl":"https:\/\/dev.badmath.com\/think33\/campbells\/campbellsoupca\/wp-content\/uploads\/2012\/07\/v8-smoothseasoned-156ml-1.png","width":1500,"height":1040},{"@type":"WebPage","@id":"https:\/\/dev.badmath.com\/think33\/campbells\/campbellsoupca\/fr\/product\/v8-velout-et-assaisonn-156-ml\/#webpage","url":"https:\/\/dev.badmath.com\/think33\/campbells\/campbellsoupca\/fr\/product\/v8-velout-et-assaisonn-156-ml\/","name":"V8 Veloute et assaisonne (156 mL) - Campbell Company of Canada","isPartOf":{"@id":"https:\/\/dev.badmath.com\/think33\/campbells\/campbellsoupca\/#website"},"primaryImageOfPage":{"@id":"https:\/\/dev.badmath.com\/think33\/campbells\/campbellsoupca\/fr\/product\/v8-velout-et-assaisonn-156-ml\/#primaryimage"},"datePublished":"2012-07-30T11:31:00+00:00","dateModified":"2023-06-07T18:38:40+00:00","breadcrumb":{"@id":"https:\/\/dev.badmath.com\/think33\/campbells\/campbellsoupca\/fr\/product\/v8-velout-et-assaisonn-156-ml\/#breadcrumb"},"inLanguage":"en-US","potentialAction":[{"@type":"ReadAction","target":["https:\/\/dev.badmath.com\/think33\/campbells\/campbellsoupca\/fr\/product\/v8-velout-et-assaisonn-156-ml\/"]}]},{"@type":"BreadcrumbList","@id":"https:\/\/dev.badmath.com\/think33\/campbells\/campbellsoupca\/fr\/product\/v8-velout-et-assaisonn-156-ml\/#breadcrumb","itemListElement":[{"@type":"ListItem","position":1,"name":"Home","item":"https:\/\/dev.badmath.com:8443\/think33\/campbells\/campbellsoupca\/"},{"@type":"ListItem","position":2,"name":"Products","item":"https:\/\/dev.badmath.com\/think33\/campbells\/campbellsoupca\/fr\/product\/"},{"@type":"ListItem","position":3,"name":"V8 Veloute et assaisonne (156 mL)"}]}]}},"lang":"fr","translations":{"fr":804,"en":382},"product_title":"<i>V8<\/i><sup>\u00ae<\/sup> Velout\u00e9 et assaisonn\u00e9 (156\u00a0mL)\n","description":"<p>Le cocktail aux l\u00e9gumes Velout\u00e9 et assaisonn\u00e9 <em>V8<\/em><sup>\u00ae<\/sup> constitue une excellente fa\u00e7on de vous rafra\u00eechir avec deux portions compl\u00e8tes de l\u00e9gumes dans chaque tasse de 250\u00a0mL. Il est fait d&#8217;un m\u00e9lange de l\u00e9gumes du jardin, sans agent de pr\u00e9servation ni colorant ou saveur artificielle. Il est sucr\u00e9 naturellement avec du jus de raison blanc pour une saveur plus douce.<\/p>\n","featured_image":"https:\/\/dev.badmath.com\/think33\/campbells\/campbellsoupca\/wp-content\/uploads\/2012\/07\/v8-smoothseasoned-156ml-1-1024x710.png","pll_sync_post":[],"_links":{"self":[{"href":"https:\/\/dev.badmath.com\/think33\/campbells\/campbellsoupca\/wp-json\/wp\/v2\/product\/804"}],"collection":[{"href":"https:\/\/dev.badmath.com\/think33\/campbells\/campbellsoupca\/wp-json\/wp\/v2\/product"}],"about":[{"href":"https:\/\/dev.badmath.com\/think33\/campbells\/campbellsoupca\/wp-json\/wp\/v2\/types\/product"}],"wp:featuredmedia":[{"embeddable":true,"href":"https:\/\/dev.badmath.com\/think33\/campbells\/campbellsoupca\/wp-json\/wp\/v2\/media\/40469"}],"wp:attachment":[{"href":"https:\/\/dev.badmath.com\/think33\/campbells\/campbellsoupca\/wp-json\/wp\/v2\/media?parent=804"}],"wp:term":[{"taxonomy":"product-category","embeddable":true,"href":"https:\/\/dev.badmath.com\/think33\/campbells\/campbellsoupca\/wp-json\/wp\/v2\/product-category?post=804"},{"taxonomy":"product-brand","embeddable":true,"href":"https:\/\/dev.badmath.com\/think33\/campbells\/campbellsoupca\/wp-json\/wp\/v2\/product-brand?post=804"},{"taxonomy":"product-main-ingredient","embeddable":true,"href":"https:\/\/dev.badmath.com\/think33\/campbells\/campbellsoupca\/wp-json\/wp\/v2\/product-main-ingredient?post=804"},{"taxonomy":"product-dietary-alternative","embeddable":true,"href":"https:\/\/dev.badmath.com\/think33\/campbells\/campbellsoupca\/wp-json\/wp\/v2\/product-dietary-alternative?post=804"}],"curies":[{"name":"wp","href":"https:\/\/api.w.org\/{rel}","templated":true}]}}