{"id":774,"date":"2012-07-30T11:31:00","date_gmt":"2012-07-30T11:31:00","guid":{"rendered":"http:\/\/stagecscca.wpengine.com\/product\/campbells-soupe-sur-le-poucemc-tomates-du-jardin\/"},"modified":"2018-07-25T20:42:00","modified_gmt":"2018-07-25T20:42:00","slug":"campbells-soupe-sur-le-poucemc-tomates-du-jardin","status":"publish","type":"product","link":"https:\/\/dev.badmath.com\/think33\/campbells\/campbellsoupca\/fr\/product\/campbells-soupe-sur-le-poucemc-tomates-du-jardin\/","title":{"rendered":"Campbell&#8217;s Soupe sur le pouce Tomates du jardin"},"featured_media":356,"parent":0,"menu_order":0,"template":"","product-category":[369,375],"product-brand":[{"id":83,"slug":"soupes-sur-le-pouce","name":"Soupes sur le pouce"}],"product-main-ingredient":[417],"product-dietary-alternative":[{"id":439,"slug":"faible-en-gras","name":"Faible en gras","icon":"low-fat-fr"}],"acf":[],"yoast_head":"<!-- This site is optimized with the Yoast SEO plugin v18.8 - https:\/\/yoast.com\/wordpress\/plugins\/seo\/ -->\n<title>Campbell&#039;s Soupe sur le pouce Tomates du jardin - Campbell Company of Canada<\/title>\n<meta name=\"robots\" content=\"index, follow, max-snippet:-1, max-image-preview:large, max-video-preview:-1\" \/>\n<link rel=\"canonical\" href=\"https:\/\/dev.badmath.com\/think33\/campbells\/campbellsoupca\/fr\/product\/campbells-soupe-sur-le-poucemc-tomates-du-jardin\/\" \/>\n<meta property=\"og:locale\" content=\"en_US\" \/>\n<meta property=\"og:type\" content=\"article\" \/>\n<meta property=\"og:title\" content=\"Campbell&#039;s Soupe sur le pouce Tomates du jardin - Campbell Company of Canada\" \/>\n<meta property=\"og:description\" content=\"La soupe aux tomates a toujours &eacute;t&eacute; une grande favorite et la Soupe sur le pouce Tomates du jardin de Campbell&#8217;s&reg; ne fait pas exception avec sa riche saveur de tomates du jardin que vous aimez. La Soupe sur le pouce de Campbell&#8217;s&reg; est la fa&ccedil;on pratique de transporter et de consommer en tout lieu [&hellip;]\" \/>\n<meta property=\"og:url\" content=\"https:\/\/dev.badmath.com\/think33\/campbells\/campbellsoupca\/fr\/product\/campbells-soupe-sur-le-poucemc-tomates-du-jardin\/\" \/>\n<meta property=\"og:site_name\" content=\"Campbell Company of Canada\" \/>\n<meta property=\"article:modified_time\" content=\"2018-07-25T20:42:00+00:00\" \/>\n<meta property=\"og:image\" content=\"https:\/\/dev.badmath.com:8443\/think33\/campbells\/campbellsoupca\/wp-content\/uploads\/2018\/05\/09_CR10_01_SAH_FNL_GARDEN_TOM.png\" \/>\n\t<meta property=\"og:image:width\" content=\"340\" \/>\n\t<meta property=\"og:image:height\" content=\"510\" \/>\n\t<meta property=\"og:image:type\" content=\"image\/png\" \/>\n<meta name=\"twitter:card\" content=\"summary_large_image\" \/>\n<meta name=\"twitter:label1\" content=\"Est. reading time\" \/>\n\t<meta name=\"twitter:data1\" content=\"1 minute\" \/>\n<script type=\"application\/ld+json\" class=\"yoast-schema-graph\">{\"@context\":\"https:\/\/schema.org\",\"@graph\":[{\"@type\":\"WebSite\",\"@id\":\"https:\/\/dev.badmath.com\/think33\/campbells\/campbellsoupca\/#website\",\"url\":\"https:\/\/dev.badmath.com\/think33\/campbells\/campbellsoupca\/\",\"name\":\"Campbell Company of Canada\",\"description\":\"\",\"potentialAction\":[{\"@type\":\"SearchAction\",\"target\":{\"@type\":\"EntryPoint\",\"urlTemplate\":\"https:\/\/dev.badmath.com\/think33\/campbells\/campbellsoupca\/search\/?query={search_term_string}\"},\"query-input\":\"required name=search_term_string\"}],\"inLanguage\":\"en-US\"},{\"@type\":\"ImageObject\",\"inLanguage\":\"en-US\",\"@id\":\"https:\/\/dev.badmath.com\/think33\/campbells\/campbellsoupca\/fr\/product\/campbells-soupe-sur-le-poucemc-tomates-du-jardin\/#primaryimage\",\"url\":\"https:\/\/dev.badmath.com\/think33\/campbells\/campbellsoupca\/wp-content\/uploads\/2018\/05\/09_CR10_01_SAH_FNL_GARDEN_TOM.png\",\"contentUrl\":\"https:\/\/dev.badmath.com\/think33\/campbells\/campbellsoupca\/wp-content\/uploads\/2018\/05\/09_CR10_01_SAH_FNL_GARDEN_TOM.png\",\"width\":340,\"height\":510,\"caption\":\"campbell's soup at hand garden tomato\"},{\"@type\":\"WebPage\",\"@id\":\"https:\/\/dev.badmath.com\/think33\/campbells\/campbellsoupca\/fr\/product\/campbells-soupe-sur-le-poucemc-tomates-du-jardin\/#webpage\",\"url\":\"https:\/\/dev.badmath.com\/think33\/campbells\/campbellsoupca\/fr\/product\/campbells-soupe-sur-le-poucemc-tomates-du-jardin\/\",\"name\":\"Campbell's Soupe sur le pouce Tomates du jardin - Campbell Company of Canada\",\"isPartOf\":{\"@id\":\"https:\/\/dev.badmath.com\/think33\/campbells\/campbellsoupca\/#website\"},\"primaryImageOfPage\":{\"@id\":\"https:\/\/dev.badmath.com\/think33\/campbells\/campbellsoupca\/fr\/product\/campbells-soupe-sur-le-poucemc-tomates-du-jardin\/#primaryimage\"},\"datePublished\":\"2012-07-30T11:31:00+00:00\",\"dateModified\":\"2018-07-25T20:42:00+00:00\",\"breadcrumb\":{\"@id\":\"https:\/\/dev.badmath.com\/think33\/campbells\/campbellsoupca\/fr\/product\/campbells-soupe-sur-le-poucemc-tomates-du-jardin\/#breadcrumb\"},\"inLanguage\":\"en-US\",\"potentialAction\":[{\"@type\":\"ReadAction\",\"target\":[\"https:\/\/dev.badmath.com\/think33\/campbells\/campbellsoupca\/fr\/product\/campbells-soupe-sur-le-poucemc-tomates-du-jardin\/\"]}]},{\"@type\":\"BreadcrumbList\",\"@id\":\"https:\/\/dev.badmath.com\/think33\/campbells\/campbellsoupca\/fr\/product\/campbells-soupe-sur-le-poucemc-tomates-du-jardin\/#breadcrumb\",\"itemListElement\":[{\"@type\":\"ListItem\",\"position\":1,\"name\":\"Home\",\"item\":\"https:\/\/dev.badmath.com:8443\/think33\/campbells\/campbellsoupca\/\"},{\"@type\":\"ListItem\",\"position\":2,\"name\":\"Products\",\"item\":\"https:\/\/dev.badmath.com\/think33\/campbells\/campbellsoupca\/fr\/product\/\"},{\"@type\":\"ListItem\",\"position\":3,\"name\":\"Campbell&rsquo;s Soupe sur le pouce Tomates du jardin\"}]}]}<\/script>\n<!-- \/ Yoast SEO plugin. -->","yoast_head_json":{"title":"Campbell's Soupe sur le pouce Tomates du jardin - Campbell Company of Canada","robots":{"index":"index","follow":"follow","max-snippet":"max-snippet:-1","max-image-preview":"max-image-preview:large","max-video-preview":"max-video-preview:-1"},"canonical":"https:\/\/dev.badmath.com\/think33\/campbells\/campbellsoupca\/fr\/product\/campbells-soupe-sur-le-poucemc-tomates-du-jardin\/","og_locale":"en_US","og_type":"article","og_title":"Campbell's Soupe sur le pouce Tomates du jardin - Campbell Company of Canada","og_description":"La soupe aux tomates a toujours &eacute;t&eacute; une grande favorite et la Soupe sur le pouce Tomates du jardin de Campbell&#8217;s&reg; ne fait pas exception avec sa riche saveur de tomates du jardin que vous aimez. La Soupe sur le pouce de Campbell&#8217;s&reg; est la fa&ccedil;on pratique de transporter et de consommer en tout lieu [&hellip;]","og_url":"https:\/\/dev.badmath.com\/think33\/campbells\/campbellsoupca\/fr\/product\/campbells-soupe-sur-le-poucemc-tomates-du-jardin\/","og_site_name":"Campbell Company of Canada","article_modified_time":"2018-07-25T20:42:00+00:00","og_image":[{"width":340,"height":510,"url":"https:\/\/dev.badmath.com:8443\/think33\/campbells\/campbellsoupca\/wp-content\/uploads\/2018\/05\/09_CR10_01_SAH_FNL_GARDEN_TOM.png","type":"image\/png"}],"twitter_card":"summary_large_image","twitter_misc":{"Est. reading time":"1 minute"},"schema":{"@context":"https:\/\/schema.org","@graph":[{"@type":"WebSite","@id":"https:\/\/dev.badmath.com\/think33\/campbells\/campbellsoupca\/#website","url":"https:\/\/dev.badmath.com\/think33\/campbells\/campbellsoupca\/","name":"Campbell Company of Canada","description":"","potentialAction":[{"@type":"SearchAction","target":{"@type":"EntryPoint","urlTemplate":"https:\/\/dev.badmath.com\/think33\/campbells\/campbellsoupca\/search\/?query={search_term_string}"},"query-input":"required name=search_term_string"}],"inLanguage":"en-US"},{"@type":"ImageObject","inLanguage":"en-US","@id":"https:\/\/dev.badmath.com\/think33\/campbells\/campbellsoupca\/fr\/product\/campbells-soupe-sur-le-poucemc-tomates-du-jardin\/#primaryimage","url":"https:\/\/dev.badmath.com\/think33\/campbells\/campbellsoupca\/wp-content\/uploads\/2018\/05\/09_CR10_01_SAH_FNL_GARDEN_TOM.png","contentUrl":"https:\/\/dev.badmath.com\/think33\/campbells\/campbellsoupca\/wp-content\/uploads\/2018\/05\/09_CR10_01_SAH_FNL_GARDEN_TOM.png","width":340,"height":510,"caption":"campbell's soup at hand garden tomato"},{"@type":"WebPage","@id":"https:\/\/dev.badmath.com\/think33\/campbells\/campbellsoupca\/fr\/product\/campbells-soupe-sur-le-poucemc-tomates-du-jardin\/#webpage","url":"https:\/\/dev.badmath.com\/think33\/campbells\/campbellsoupca\/fr\/product\/campbells-soupe-sur-le-poucemc-tomates-du-jardin\/","name":"Campbell's Soupe sur le pouce Tomates du jardin - Campbell Company of Canada","isPartOf":{"@id":"https:\/\/dev.badmath.com\/think33\/campbells\/campbellsoupca\/#website"},"primaryImageOfPage":{"@id":"https:\/\/dev.badmath.com\/think33\/campbells\/campbellsoupca\/fr\/product\/campbells-soupe-sur-le-poucemc-tomates-du-jardin\/#primaryimage"},"datePublished":"2012-07-30T11:31:00+00:00","dateModified":"2018-07-25T20:42:00+00:00","breadcrumb":{"@id":"https:\/\/dev.badmath.com\/think33\/campbells\/campbellsoupca\/fr\/product\/campbells-soupe-sur-le-poucemc-tomates-du-jardin\/#breadcrumb"},"inLanguage":"en-US","potentialAction":[{"@type":"ReadAction","target":["https:\/\/dev.badmath.com\/think33\/campbells\/campbellsoupca\/fr\/product\/campbells-soupe-sur-le-poucemc-tomates-du-jardin\/"]}]},{"@type":"BreadcrumbList","@id":"https:\/\/dev.badmath.com\/think33\/campbells\/campbellsoupca\/fr\/product\/campbells-soupe-sur-le-poucemc-tomates-du-jardin\/#breadcrumb","itemListElement":[{"@type":"ListItem","position":1,"name":"Home","item":"https:\/\/dev.badmath.com:8443\/think33\/campbells\/campbellsoupca\/"},{"@type":"ListItem","position":2,"name":"Products","item":"https:\/\/dev.badmath.com\/think33\/campbells\/campbellsoupca\/fr\/product\/"},{"@type":"ListItem","position":3,"name":"Campbell&rsquo;s Soupe sur le pouce Tomates du jardin"}]}]}},"lang":"fr","translations":{"fr":774,"en":355},"product_title":"<i>Campbell&#8217;s<\/i><sup>\u00ae<\/sup><i> Soupe sur le pouce<\/i><sup>MC<\/sup> Tomates du jardin\n","description":"<p>La soupe aux tomates a toujours \u00e9t\u00e9 une grande favorite et la Soupe sur le pouce Tomates du jardin de <em>Campbell&#8217;s<\/em><sup>\u00ae<\/sup> ne fait pas exception avec sa riche saveur de tomates du jardin que vous aimez. La Soupe sur le pouce de <em>Campbell&#8217;s<\/em><sup>\u00ae<\/sup> est la fa\u00e7on pratique de transporter et de consommer en tout lieu la soupe <em>Campbell&#8217;s<\/em><sup>\u00ae<\/sup> chaude, nourrissante et savoureuse que vous aimez. La soupe Tomates du jardin ne contient pas de gras satur\u00e9s, de cholest\u00e9rol, de colorant ou de saveur artificielle, et compte 120 calories par contenant. Son couvercle <em>Bec-\u00e0-boire<\/em><sup>MD<\/sup><em> vous permet de la sortir du micro-ondes et de la consommer sur le pouce et sans d\u00e9g\u00e2t.<\/em><\/p>\n","featured_image":"https:\/\/dev.badmath.com\/think33\/campbells\/campbellsoupca\/wp-content\/uploads\/2018\/05\/09_CR10_01_SAH_FNL_GARDEN_TOM.png","pll_sync_post":[],"_links":{"self":[{"href":"https:\/\/dev.badmath.com\/think33\/campbells\/campbellsoupca\/wp-json\/wp\/v2\/product\/774"}],"collection":[{"href":"https:\/\/dev.badmath.com\/think33\/campbells\/campbellsoupca\/wp-json\/wp\/v2\/product"}],"about":[{"href":"https:\/\/dev.badmath.com\/think33\/campbells\/campbellsoupca\/wp-json\/wp\/v2\/types\/product"}],"wp:featuredmedia":[{"embeddable":true,"href":"https:\/\/dev.badmath.com\/think33\/campbells\/campbellsoupca\/wp-json\/wp\/v2\/media\/356"}],"wp:attachment":[{"href":"https:\/\/dev.badmath.com\/think33\/campbells\/campbellsoupca\/wp-json\/wp\/v2\/media?parent=774"}],"wp:term":[{"taxonomy":"product-category","embeddable":true,"href":"https:\/\/dev.badmath.com\/think33\/campbells\/campbellsoupca\/wp-json\/wp\/v2\/product-category?post=774"},{"taxonomy":"product-brand","embeddable":true,"href":"https:\/\/dev.badmath.com\/think33\/campbells\/campbellsoupca\/wp-json\/wp\/v2\/product-brand?post=774"},{"taxonomy":"product-main-ingredient","embeddable":true,"href":"https:\/\/dev.badmath.com\/think33\/campbells\/campbellsoupca\/wp-json\/wp\/v2\/product-main-ingredient?post=774"},{"taxonomy":"product-dietary-alternative","embeddable":true,"href":"https:\/\/dev.badmath.com\/think33\/campbells\/campbellsoupca\/wp-json\/wp\/v2\/product-dietary-alternative?post=774"}],"curies":[{"name":"wp","href":"https:\/\/api.w.org\/{rel}","templated":true}]}}