{"id":749,"date":"2012-07-30T11:30:00","date_gmt":"2012-07-30T11:30:00","guid":{"rendered":"http:\/\/stagecscca.wpengine.com\/product\/sauce-pour-ptes-pregomd-tomates-oignons-et-ail\/"},"modified":"2018-07-25T20:44:12","modified_gmt":"2018-07-25T20:44:12","slug":"sauce-pour-ptes-pregomd-tomates-oignons-et-ail","status":"publish","type":"product","link":"https:\/\/dev.badmath.com\/think33\/campbells\/campbellsoupca\/fr\/product\/sauce-pour-ptes-pregomd-tomates-oignons-et-ail\/","title":{"rendered":"Sauce pour pates Prego, Tomates, oignons et ail"},"featured_media":328,"parent":0,"menu_order":0,"template":"","product-category":[357],"product-brand":[{"id":79,"slug":"pregomd","name":"PregoMD"}],"product-main-ingredient":[],"product-dietary-alternative":[{"id":439,"slug":"faible-en-gras","name":"Faible en gras","icon":"low-fat-fr"},{"id":435,"slug":"sans-gluten","name":"Sans Gluten","icon":"gluten-free"}],"acf":[],"yoast_head":"<!-- This site is optimized with the Yoast SEO plugin v18.8 - https:\/\/yoast.com\/wordpress\/plugins\/seo\/ -->\n<title>Sauce pour pates Prego, Tomates, oignons et ail - Campbell Company of Canada<\/title>\n<meta name=\"robots\" content=\"index, follow, max-snippet:-1, max-image-preview:large, max-video-preview:-1\" \/>\n<link rel=\"canonical\" href=\"https:\/\/dev.badmath.com\/think33\/campbells\/campbellsoupca\/fr\/product\/sauce-pour-ptes-pregomd-tomates-oignons-et-ail\/\" \/>\n<meta property=\"og:locale\" content=\"en_US\" \/>\n<meta property=\"og:type\" content=\"article\" \/>\n<meta property=\"og:title\" content=\"Sauce pour pates Prego, Tomates, oignons et ail - Campbell Company of Canada\" \/>\n<meta property=\"og:description\" content=\"Que vous utilisiez la sauce italienne PregoMD comme fond savoureux pour vos recettes favorites ou telle quelle avec un d&eacute;licieux repas de p&acirc;tes, vous aimerez la saveur intense que procurent les tomates m&ucirc;ries sur vigne qui en sont la base. Les sauces italiennes PregoMD ne contiennent aucun agent de conservation et offrent un moyen facile [&hellip;]\" \/>\n<meta property=\"og:url\" content=\"https:\/\/dev.badmath.com\/think33\/campbells\/campbellsoupca\/fr\/product\/sauce-pour-ptes-pregomd-tomates-oignons-et-ail\/\" \/>\n<meta property=\"og:site_name\" content=\"Campbell Company of Canada\" \/>\n<meta property=\"article:modified_time\" content=\"2018-07-25T20:44:12+00:00\" \/>\n<meta property=\"og:image\" content=\"https:\/\/dev.badmath.com\/think33\/campbells\/campbellsoupca\/wp-content\/uploads\/2018\/05\/887746_Prego_TomOnGar.png\" \/>\n\t<meta property=\"og:image:width\" content=\"340\" \/>\n\t<meta property=\"og:image:height\" content=\"510\" \/>\n\t<meta property=\"og:image:type\" content=\"image\/png\" \/>\n<meta name=\"twitter:card\" content=\"summary_large_image\" \/>\n<script type=\"application\/ld+json\" class=\"yoast-schema-graph\">{\"@context\":\"https:\/\/schema.org\",\"@graph\":[{\"@type\":\"WebSite\",\"@id\":\"https:\/\/dev.badmath.com\/think33\/campbells\/campbellsoupca\/#website\",\"url\":\"https:\/\/dev.badmath.com\/think33\/campbells\/campbellsoupca\/\",\"name\":\"Campbell Company of Canada\",\"description\":\"\",\"potentialAction\":[{\"@type\":\"SearchAction\",\"target\":{\"@type\":\"EntryPoint\",\"urlTemplate\":\"https:\/\/dev.badmath.com\/think33\/campbells\/campbellsoupca\/search\/?query={search_term_string}\"},\"query-input\":\"required name=search_term_string\"}],\"inLanguage\":\"en-US\"},{\"@type\":\"ImageObject\",\"inLanguage\":\"en-US\",\"@id\":\"https:\/\/dev.badmath.com\/think33\/campbells\/campbellsoupca\/fr\/product\/sauce-pour-ptes-pregomd-tomates-oignons-et-ail\/#primaryimage\",\"url\":\"https:\/\/dev.badmath.com\/think33\/campbells\/campbellsoupca\/wp-content\/uploads\/2018\/05\/887746_Prego_TomOnGar.png\",\"contentUrl\":\"https:\/\/dev.badmath.com\/think33\/campbells\/campbellsoupca\/wp-content\/uploads\/2018\/05\/887746_Prego_TomOnGar.png\",\"width\":340,\"height\":510},{\"@type\":\"WebPage\",\"@id\":\"https:\/\/dev.badmath.com\/think33\/campbells\/campbellsoupca\/fr\/product\/sauce-pour-ptes-pregomd-tomates-oignons-et-ail\/#webpage\",\"url\":\"https:\/\/dev.badmath.com\/think33\/campbells\/campbellsoupca\/fr\/product\/sauce-pour-ptes-pregomd-tomates-oignons-et-ail\/\",\"name\":\"Sauce pour pates Prego, Tomates, oignons et ail - Campbell Company of Canada\",\"isPartOf\":{\"@id\":\"https:\/\/dev.badmath.com\/think33\/campbells\/campbellsoupca\/#website\"},\"primaryImageOfPage\":{\"@id\":\"https:\/\/dev.badmath.com\/think33\/campbells\/campbellsoupca\/fr\/product\/sauce-pour-ptes-pregomd-tomates-oignons-et-ail\/#primaryimage\"},\"datePublished\":\"2012-07-30T11:30:00+00:00\",\"dateModified\":\"2018-07-25T20:44:12+00:00\",\"breadcrumb\":{\"@id\":\"https:\/\/dev.badmath.com\/think33\/campbells\/campbellsoupca\/fr\/product\/sauce-pour-ptes-pregomd-tomates-oignons-et-ail\/#breadcrumb\"},\"inLanguage\":\"en-US\",\"potentialAction\":[{\"@type\":\"ReadAction\",\"target\":[\"https:\/\/dev.badmath.com\/think33\/campbells\/campbellsoupca\/fr\/product\/sauce-pour-ptes-pregomd-tomates-oignons-et-ail\/\"]}]},{\"@type\":\"BreadcrumbList\",\"@id\":\"https:\/\/dev.badmath.com\/think33\/campbells\/campbellsoupca\/fr\/product\/sauce-pour-ptes-pregomd-tomates-oignons-et-ail\/#breadcrumb\",\"itemListElement\":[{\"@type\":\"ListItem\",\"position\":1,\"name\":\"Home\",\"item\":\"https:\/\/dev.badmath.com:8443\/think33\/campbells\/campbellsoupca\/\"},{\"@type\":\"ListItem\",\"position\":2,\"name\":\"Products\",\"item\":\"https:\/\/dev.badmath.com\/think33\/campbells\/campbellsoupca\/fr\/product\/\"},{\"@type\":\"ListItem\",\"position\":3,\"name\":\"Sauce pour pates Prego, Tomates, oignons et ail\"}]}]}<\/script>\n<!-- \/ Yoast SEO plugin. -->","yoast_head_json":{"title":"Sauce pour pates Prego, Tomates, oignons et ail - Campbell Company of Canada","robots":{"index":"index","follow":"follow","max-snippet":"max-snippet:-1","max-image-preview":"max-image-preview:large","max-video-preview":"max-video-preview:-1"},"canonical":"https:\/\/dev.badmath.com\/think33\/campbells\/campbellsoupca\/fr\/product\/sauce-pour-ptes-pregomd-tomates-oignons-et-ail\/","og_locale":"en_US","og_type":"article","og_title":"Sauce pour pates Prego, Tomates, oignons et ail - Campbell Company of Canada","og_description":"Que vous utilisiez la sauce italienne PregoMD comme fond savoureux pour vos recettes favorites ou telle quelle avec un d&eacute;licieux repas de p&acirc;tes, vous aimerez la saveur intense que procurent les tomates m&ucirc;ries sur vigne qui en sont la base. Les sauces italiennes PregoMD ne contiennent aucun agent de conservation et offrent un moyen facile [&hellip;]","og_url":"https:\/\/dev.badmath.com\/think33\/campbells\/campbellsoupca\/fr\/product\/sauce-pour-ptes-pregomd-tomates-oignons-et-ail\/","og_site_name":"Campbell Company of Canada","article_modified_time":"2018-07-25T20:44:12+00:00","og_image":[{"width":340,"height":510,"url":"https:\/\/dev.badmath.com\/think33\/campbells\/campbellsoupca\/wp-content\/uploads\/2018\/05\/887746_Prego_TomOnGar.png","type":"image\/png"}],"twitter_card":"summary_large_image","schema":{"@context":"https:\/\/schema.org","@graph":[{"@type":"WebSite","@id":"https:\/\/dev.badmath.com\/think33\/campbells\/campbellsoupca\/#website","url":"https:\/\/dev.badmath.com\/think33\/campbells\/campbellsoupca\/","name":"Campbell Company of Canada","description":"","potentialAction":[{"@type":"SearchAction","target":{"@type":"EntryPoint","urlTemplate":"https:\/\/dev.badmath.com\/think33\/campbells\/campbellsoupca\/search\/?query={search_term_string}"},"query-input":"required name=search_term_string"}],"inLanguage":"en-US"},{"@type":"ImageObject","inLanguage":"en-US","@id":"https:\/\/dev.badmath.com\/think33\/campbells\/campbellsoupca\/fr\/product\/sauce-pour-ptes-pregomd-tomates-oignons-et-ail\/#primaryimage","url":"https:\/\/dev.badmath.com\/think33\/campbells\/campbellsoupca\/wp-content\/uploads\/2018\/05\/887746_Prego_TomOnGar.png","contentUrl":"https:\/\/dev.badmath.com\/think33\/campbells\/campbellsoupca\/wp-content\/uploads\/2018\/05\/887746_Prego_TomOnGar.png","width":340,"height":510},{"@type":"WebPage","@id":"https:\/\/dev.badmath.com\/think33\/campbells\/campbellsoupca\/fr\/product\/sauce-pour-ptes-pregomd-tomates-oignons-et-ail\/#webpage","url":"https:\/\/dev.badmath.com\/think33\/campbells\/campbellsoupca\/fr\/product\/sauce-pour-ptes-pregomd-tomates-oignons-et-ail\/","name":"Sauce pour pates Prego, Tomates, oignons et ail - Campbell Company of Canada","isPartOf":{"@id":"https:\/\/dev.badmath.com\/think33\/campbells\/campbellsoupca\/#website"},"primaryImageOfPage":{"@id":"https:\/\/dev.badmath.com\/think33\/campbells\/campbellsoupca\/fr\/product\/sauce-pour-ptes-pregomd-tomates-oignons-et-ail\/#primaryimage"},"datePublished":"2012-07-30T11:30:00+00:00","dateModified":"2018-07-25T20:44:12+00:00","breadcrumb":{"@id":"https:\/\/dev.badmath.com\/think33\/campbells\/campbellsoupca\/fr\/product\/sauce-pour-ptes-pregomd-tomates-oignons-et-ail\/#breadcrumb"},"inLanguage":"en-US","potentialAction":[{"@type":"ReadAction","target":["https:\/\/dev.badmath.com\/think33\/campbells\/campbellsoupca\/fr\/product\/sauce-pour-ptes-pregomd-tomates-oignons-et-ail\/"]}]},{"@type":"BreadcrumbList","@id":"https:\/\/dev.badmath.com\/think33\/campbells\/campbellsoupca\/fr\/product\/sauce-pour-ptes-pregomd-tomates-oignons-et-ail\/#breadcrumb","itemListElement":[{"@type":"ListItem","position":1,"name":"Home","item":"https:\/\/dev.badmath.com:8443\/think33\/campbells\/campbellsoupca\/"},{"@type":"ListItem","position":2,"name":"Products","item":"https:\/\/dev.badmath.com\/think33\/campbells\/campbellsoupca\/fr\/product\/"},{"@type":"ListItem","position":3,"name":"Sauce pour pates Prego, Tomates, oignons et ail"}]}]}},"lang":"fr","translations":{"fr":749,"en":327},"product_title":"Sauce pour p\u00e2tes <i>Prego<\/i><sup>MD<\/sup>, Tomates, oignons et ail\n","description":"<p>Que vous utilisiez la sauce italienne <em>Prego<\/em><sup>MD<\/sup> comme fond savoureux pour vos recettes favorites ou telle quelle avec un d\u00e9licieux repas de p\u00e2tes, vous aimerez la saveur intense que procurent les tomates m\u00fbries sur vigne qui en sont la base. Les sauces italiennes <em>Prego<\/em><sup>MD<\/sup> ne contiennent aucun agent de conservation et offrent un moyen facile et d\u00e9licieux de consommer deux portions compl\u00e8tes de l\u00e9gumes.<\/p>\n","featured_image":"https:\/\/dev.badmath.com\/think33\/campbells\/campbellsoupca\/wp-content\/uploads\/2018\/05\/887746_Prego_TomOnGar.png","pll_sync_post":[],"_links":{"self":[{"href":"https:\/\/dev.badmath.com\/think33\/campbells\/campbellsoupca\/wp-json\/wp\/v2\/product\/749"}],"collection":[{"href":"https:\/\/dev.badmath.com\/think33\/campbells\/campbellsoupca\/wp-json\/wp\/v2\/product"}],"about":[{"href":"https:\/\/dev.badmath.com\/think33\/campbells\/campbellsoupca\/wp-json\/wp\/v2\/types\/product"}],"wp:featuredmedia":[{"embeddable":true,"href":"https:\/\/dev.badmath.com\/think33\/campbells\/campbellsoupca\/wp-json\/wp\/v2\/media\/328"}],"wp:attachment":[{"href":"https:\/\/dev.badmath.com\/think33\/campbells\/campbellsoupca\/wp-json\/wp\/v2\/media?parent=749"}],"wp:term":[{"taxonomy":"product-category","embeddable":true,"href":"https:\/\/dev.badmath.com\/think33\/campbells\/campbellsoupca\/wp-json\/wp\/v2\/product-category?post=749"},{"taxonomy":"product-brand","embeddable":true,"href":"https:\/\/dev.badmath.com\/think33\/campbells\/campbellsoupca\/wp-json\/wp\/v2\/product-brand?post=749"},{"taxonomy":"product-main-ingredient","embeddable":true,"href":"https:\/\/dev.badmath.com\/think33\/campbells\/campbellsoupca\/wp-json\/wp\/v2\/product-main-ingredient?post=749"},{"taxonomy":"product-dietary-alternative","embeddable":true,"href":"https:\/\/dev.badmath.com\/think33\/campbells\/campbellsoupca\/wp-json\/wp\/v2\/product-dietary-alternative?post=749"}],"curies":[{"name":"wp","href":"https:\/\/api.w.org\/{rel}","templated":true}]}}