{"id":747,"date":"2012-07-30T11:30:00","date_gmt":"2012-07-30T11:30:00","guid":{"rendered":"http:\/\/stagecscca.wpengine.com\/product\/sauce-pour-ptes-pregomd-champignons\/"},"modified":"2021-08-31T01:38:44","modified_gmt":"2021-08-31T01:38:44","slug":"sauce-pour-ptes-pregomd-champignons","status":"publish","type":"product","link":"https:\/\/dev.badmath.com\/think33\/campbells\/campbellsoupca\/fr\/product\/sauce-pour-ptes-pregomd-champignons\/","title":{"rendered":"Sauce pour pates Prego, Champignons"},"featured_media":31276,"parent":0,"menu_order":0,"template":"","product-category":[357],"product-brand":[{"id":79,"slug":"pregomd","name":"PregoMD"}],"product-main-ingredient":[],"product-dietary-alternative":[{"id":427,"slug":"vegetarien","name":"V\u00e9g\u00e9tarien","icon":"vegetarian"}],"acf":[],"yoast_head":"<!-- This site is optimized with the Yoast SEO plugin v18.8 - https:\/\/yoast.com\/wordpress\/plugins\/seo\/ -->\n<title>Sauce pour pates Prego, Champignons - Campbell Company of Canada<\/title>\n<meta name=\"robots\" content=\"index, follow, max-snippet:-1, max-image-preview:large, max-video-preview:-1\" \/>\n<link rel=\"canonical\" href=\"https:\/\/dev.badmath.com\/think33\/campbells\/campbellsoupca\/fr\/product\/sauce-pour-ptes-pregomd-champignons\/\" \/>\n<meta property=\"og:locale\" content=\"en_US\" \/>\n<meta property=\"og:type\" content=\"article\" \/>\n<meta property=\"og:title\" content=\"Sauce pour pates Prego, Champignons - Campbell Company of Canada\" \/>\n<meta property=\"og:description\" content=\"Que vous utilisiez la sauce italienne PregoMD Champignons comme fond savoureux pour vos recettes favorites ou telle quelle avec un d&eacute;licieux repas de p&acirc;tes, vous aimerez la saveur intense que procurent les tomates m&ucirc;ries sur vigne qui en sont la base. Les sauces italiennes PregoMD offrent un moyen facile et d&eacute;licieux de consommer deux portions [&hellip;]\" \/>\n<meta property=\"og:url\" content=\"https:\/\/dev.badmath.com\/think33\/campbells\/campbellsoupca\/fr\/product\/sauce-pour-ptes-pregomd-champignons\/\" \/>\n<meta property=\"og:site_name\" content=\"Campbell Company of Canada\" \/>\n<meta property=\"article:modified_time\" content=\"2021-08-31T01:38:44+00:00\" \/>\n<meta property=\"og:image\" content=\"https:\/\/dev.badmath.com\/think33\/campbells\/campbellsoupca\/wp-content\/uploads\/2012\/07\/prego-fresh-mushrooms-1.75l-1.png\" \/>\n\t<meta property=\"og:image:width\" content=\"340\" \/>\n\t<meta property=\"og:image:height\" content=\"510\" \/>\n\t<meta property=\"og:image:type\" content=\"image\/png\" \/>\n<meta name=\"twitter:card\" content=\"summary_large_image\" \/>\n<script type=\"application\/ld+json\" class=\"yoast-schema-graph\">{\"@context\":\"https:\/\/schema.org\",\"@graph\":[{\"@type\":\"WebSite\",\"@id\":\"https:\/\/dev.badmath.com\/think33\/campbells\/campbellsoupca\/#website\",\"url\":\"https:\/\/dev.badmath.com\/think33\/campbells\/campbellsoupca\/\",\"name\":\"Campbell Company of Canada\",\"description\":\"\",\"potentialAction\":[{\"@type\":\"SearchAction\",\"target\":{\"@type\":\"EntryPoint\",\"urlTemplate\":\"https:\/\/dev.badmath.com\/think33\/campbells\/campbellsoupca\/search\/?query={search_term_string}\"},\"query-input\":\"required name=search_term_string\"}],\"inLanguage\":\"en-US\"},{\"@type\":\"ImageObject\",\"inLanguage\":\"en-US\",\"@id\":\"https:\/\/dev.badmath.com\/think33\/campbells\/campbellsoupca\/fr\/product\/sauce-pour-ptes-pregomd-champignons\/#primaryimage\",\"url\":\"https:\/\/dev.badmath.com\/think33\/campbells\/campbellsoupca\/wp-content\/uploads\/2012\/07\/prego-fresh-mushrooms-1.75l-1.png\",\"contentUrl\":\"https:\/\/dev.badmath.com\/think33\/campbells\/campbellsoupca\/wp-content\/uploads\/2012\/07\/prego-fresh-mushrooms-1.75l-1.png\",\"width\":340,\"height\":510,\"caption\":\"Sauce pour p\u00e2tes Prego, Champignons\"},{\"@type\":\"WebPage\",\"@id\":\"https:\/\/dev.badmath.com\/think33\/campbells\/campbellsoupca\/fr\/product\/sauce-pour-ptes-pregomd-champignons\/#webpage\",\"url\":\"https:\/\/dev.badmath.com\/think33\/campbells\/campbellsoupca\/fr\/product\/sauce-pour-ptes-pregomd-champignons\/\",\"name\":\"Sauce pour pates Prego, Champignons - Campbell Company of Canada\",\"isPartOf\":{\"@id\":\"https:\/\/dev.badmath.com\/think33\/campbells\/campbellsoupca\/#website\"},\"primaryImageOfPage\":{\"@id\":\"https:\/\/dev.badmath.com\/think33\/campbells\/campbellsoupca\/fr\/product\/sauce-pour-ptes-pregomd-champignons\/#primaryimage\"},\"datePublished\":\"2012-07-30T11:30:00+00:00\",\"dateModified\":\"2021-08-31T01:38:44+00:00\",\"breadcrumb\":{\"@id\":\"https:\/\/dev.badmath.com\/think33\/campbells\/campbellsoupca\/fr\/product\/sauce-pour-ptes-pregomd-champignons\/#breadcrumb\"},\"inLanguage\":\"en-US\",\"potentialAction\":[{\"@type\":\"ReadAction\",\"target\":[\"https:\/\/dev.badmath.com\/think33\/campbells\/campbellsoupca\/fr\/product\/sauce-pour-ptes-pregomd-champignons\/\"]}]},{\"@type\":\"BreadcrumbList\",\"@id\":\"https:\/\/dev.badmath.com\/think33\/campbells\/campbellsoupca\/fr\/product\/sauce-pour-ptes-pregomd-champignons\/#breadcrumb\",\"itemListElement\":[{\"@type\":\"ListItem\",\"position\":1,\"name\":\"Home\",\"item\":\"https:\/\/dev.badmath.com:8443\/think33\/campbells\/campbellsoupca\/\"},{\"@type\":\"ListItem\",\"position\":2,\"name\":\"Products\",\"item\":\"https:\/\/dev.badmath.com\/think33\/campbells\/campbellsoupca\/fr\/product\/\"},{\"@type\":\"ListItem\",\"position\":3,\"name\":\"Sauce pour pates Prego, Champignons\"}]}]}<\/script>\n<!-- \/ Yoast SEO plugin. -->","yoast_head_json":{"title":"Sauce pour pates Prego, Champignons - Campbell Company of Canada","robots":{"index":"index","follow":"follow","max-snippet":"max-snippet:-1","max-image-preview":"max-image-preview:large","max-video-preview":"max-video-preview:-1"},"canonical":"https:\/\/dev.badmath.com\/think33\/campbells\/campbellsoupca\/fr\/product\/sauce-pour-ptes-pregomd-champignons\/","og_locale":"en_US","og_type":"article","og_title":"Sauce pour pates Prego, Champignons - Campbell Company of Canada","og_description":"Que vous utilisiez la sauce italienne PregoMD Champignons comme fond savoureux pour vos recettes favorites ou telle quelle avec un d&eacute;licieux repas de p&acirc;tes, vous aimerez la saveur intense que procurent les tomates m&ucirc;ries sur vigne qui en sont la base. Les sauces italiennes PregoMD offrent un moyen facile et d&eacute;licieux de consommer deux portions [&hellip;]","og_url":"https:\/\/dev.badmath.com\/think33\/campbells\/campbellsoupca\/fr\/product\/sauce-pour-ptes-pregomd-champignons\/","og_site_name":"Campbell Company of Canada","article_modified_time":"2021-08-31T01:38:44+00:00","og_image":[{"width":340,"height":510,"url":"https:\/\/dev.badmath.com\/think33\/campbells\/campbellsoupca\/wp-content\/uploads\/2012\/07\/prego-fresh-mushrooms-1.75l-1.png","type":"image\/png"}],"twitter_card":"summary_large_image","schema":{"@context":"https:\/\/schema.org","@graph":[{"@type":"WebSite","@id":"https:\/\/dev.badmath.com\/think33\/campbells\/campbellsoupca\/#website","url":"https:\/\/dev.badmath.com\/think33\/campbells\/campbellsoupca\/","name":"Campbell Company of Canada","description":"","potentialAction":[{"@type":"SearchAction","target":{"@type":"EntryPoint","urlTemplate":"https:\/\/dev.badmath.com\/think33\/campbells\/campbellsoupca\/search\/?query={search_term_string}"},"query-input":"required name=search_term_string"}],"inLanguage":"en-US"},{"@type":"ImageObject","inLanguage":"en-US","@id":"https:\/\/dev.badmath.com\/think33\/campbells\/campbellsoupca\/fr\/product\/sauce-pour-ptes-pregomd-champignons\/#primaryimage","url":"https:\/\/dev.badmath.com\/think33\/campbells\/campbellsoupca\/wp-content\/uploads\/2012\/07\/prego-fresh-mushrooms-1.75l-1.png","contentUrl":"https:\/\/dev.badmath.com\/think33\/campbells\/campbellsoupca\/wp-content\/uploads\/2012\/07\/prego-fresh-mushrooms-1.75l-1.png","width":340,"height":510,"caption":"Sauce pour p\u00e2tes Prego, Champignons"},{"@type":"WebPage","@id":"https:\/\/dev.badmath.com\/think33\/campbells\/campbellsoupca\/fr\/product\/sauce-pour-ptes-pregomd-champignons\/#webpage","url":"https:\/\/dev.badmath.com\/think33\/campbells\/campbellsoupca\/fr\/product\/sauce-pour-ptes-pregomd-champignons\/","name":"Sauce pour pates Prego, Champignons - Campbell Company of Canada","isPartOf":{"@id":"https:\/\/dev.badmath.com\/think33\/campbells\/campbellsoupca\/#website"},"primaryImageOfPage":{"@id":"https:\/\/dev.badmath.com\/think33\/campbells\/campbellsoupca\/fr\/product\/sauce-pour-ptes-pregomd-champignons\/#primaryimage"},"datePublished":"2012-07-30T11:30:00+00:00","dateModified":"2021-08-31T01:38:44+00:00","breadcrumb":{"@id":"https:\/\/dev.badmath.com\/think33\/campbells\/campbellsoupca\/fr\/product\/sauce-pour-ptes-pregomd-champignons\/#breadcrumb"},"inLanguage":"en-US","potentialAction":[{"@type":"ReadAction","target":["https:\/\/dev.badmath.com\/think33\/campbells\/campbellsoupca\/fr\/product\/sauce-pour-ptes-pregomd-champignons\/"]}]},{"@type":"BreadcrumbList","@id":"https:\/\/dev.badmath.com\/think33\/campbells\/campbellsoupca\/fr\/product\/sauce-pour-ptes-pregomd-champignons\/#breadcrumb","itemListElement":[{"@type":"ListItem","position":1,"name":"Home","item":"https:\/\/dev.badmath.com:8443\/think33\/campbells\/campbellsoupca\/"},{"@type":"ListItem","position":2,"name":"Products","item":"https:\/\/dev.badmath.com\/think33\/campbells\/campbellsoupca\/fr\/product\/"},{"@type":"ListItem","position":3,"name":"Sauce pour pates Prego, Champignons"}]}]}},"lang":"fr","translations":{"fr":747,"en":323},"product_title":"Sauce pour p\u00e2tes <i>Prego<\/i><sup>MD<\/sup>, Champignons\n","description":"<p>Que vous utilisiez la sauce italienne <em>Prego<\/em><sup>MD<\/sup> Champignons comme fond savoureux pour vos recettes favorites ou telle quelle avec un d\u00e9licieux repas de p\u00e2tes, vous aimerez la saveur intense que procurent les tomates m\u00fbries sur vigne qui en sont la base. Les sauces italiennes <em>Prego<\/em><sup>MD<\/sup> offrent un moyen facile et d\u00e9licieux de consommer deux portions compl\u00e8tes de l\u00e9gumes.<\/p>\n","featured_image":"https:\/\/dev.badmath.com\/think33\/campbells\/campbellsoupca\/wp-content\/uploads\/2012\/07\/prego-fresh-mushrooms-1.75l-1.png","pll_sync_post":[],"_links":{"self":[{"href":"https:\/\/dev.badmath.com\/think33\/campbells\/campbellsoupca\/wp-json\/wp\/v2\/product\/747"}],"collection":[{"href":"https:\/\/dev.badmath.com\/think33\/campbells\/campbellsoupca\/wp-json\/wp\/v2\/product"}],"about":[{"href":"https:\/\/dev.badmath.com\/think33\/campbells\/campbellsoupca\/wp-json\/wp\/v2\/types\/product"}],"wp:featuredmedia":[{"embeddable":true,"href":"https:\/\/dev.badmath.com\/think33\/campbells\/campbellsoupca\/wp-json\/wp\/v2\/media\/31276"}],"wp:attachment":[{"href":"https:\/\/dev.badmath.com\/think33\/campbells\/campbellsoupca\/wp-json\/wp\/v2\/media?parent=747"}],"wp:term":[{"taxonomy":"product-category","embeddable":true,"href":"https:\/\/dev.badmath.com\/think33\/campbells\/campbellsoupca\/wp-json\/wp\/v2\/product-category?post=747"},{"taxonomy":"product-brand","embeddable":true,"href":"https:\/\/dev.badmath.com\/think33\/campbells\/campbellsoupca\/wp-json\/wp\/v2\/product-brand?post=747"},{"taxonomy":"product-main-ingredient","embeddable":true,"href":"https:\/\/dev.badmath.com\/think33\/campbells\/campbellsoupca\/wp-json\/wp\/v2\/product-main-ingredient?post=747"},{"taxonomy":"product-dietary-alternative","embeddable":true,"href":"https:\/\/dev.badmath.com\/think33\/campbells\/campbellsoupca\/wp-json\/wp\/v2\/product-dietary-alternative?post=747"}],"curies":[{"name":"wp","href":"https:\/\/api.w.org\/{rel}","templated":true}]}}