{"id":719,"date":"2012-07-30T11:30:00","date_gmt":"2012-07-30T11:30:00","guid":{"rendered":"http:\/\/stagecscca.wpengine.com\/product\/pace-sauce-picante-moyenne-17-l\/"},"modified":"2023-04-18T14:23:46","modified_gmt":"2023-04-18T14:23:46","slug":"pace-sauce-picante-moyenne-17-l","status":"publish","type":"product","link":"https:\/\/dev.badmath.com\/think33\/campbells\/campbellsoupca\/fr\/product\/pace-sauce-picante-moyenne-17-l\/","title":{"rendered":"Sauce Pace\u00ae picante moyenne 1,7 L"},"featured_media":29852,"parent":0,"menu_order":0,"template":"","product-category":[],"product-brand":[{"id":73,"slug":"pacemd","name":"PaceMD"}],"product-main-ingredient":[],"product-dietary-alternative":[{"id":439,"slug":"faible-en-gras","name":"Faible en gras","icon":"low-fat-fr"},{"id":431,"slug":"pas-de-sucre-ajoute","name":"Pas de sucre ajout\u00e9","icon":"no-sugar-added-fr"},{"id":435,"slug":"sans-gluten","name":"Sans Gluten","icon":"gluten-free"}],"acf":[],"yoast_head":"<!-- This site is optimized with the Yoast SEO plugin v18.8 - https:\/\/yoast.com\/wordpress\/plugins\/seo\/ -->\n<title>Sauce Pace\u00ae picante moyenne 1,7 L - Campbell Company of Canada<\/title>\n<meta name=\"description\" content=\"La sauce Pace\u00ae Picante est toujours pr\u00e9par\u00e9e selon la recette cr\u00e9\u00e9e par David Pace il y a plus de 60 ans \u2013 avec le m\u00eame engagement envers le soin, le m\u00e9tier et les ingr\u00e9dients de haute qualit\u00e9.\" \/>\n<meta name=\"robots\" content=\"index, follow, max-snippet:-1, max-image-preview:large, max-video-preview:-1\" \/>\n<link rel=\"canonical\" href=\"https:\/\/dev.badmath.com\/think33\/campbells\/campbellsoupca\/fr\/product\/pace-sauce-picante-moyenne-17-l\/\" \/>\n<meta property=\"og:locale\" content=\"en_US\" \/>\n<meta property=\"og:type\" content=\"article\" \/>\n<meta property=\"og:title\" content=\"Sauce Pace\u00ae picante moyenne 1,7 L - Campbell Company of Canada\" \/>\n<meta property=\"og:description\" content=\"La sauce Pace\u00ae Picante est toujours pr\u00e9par\u00e9e selon la recette cr\u00e9\u00e9e par David Pace il y a plus de 60 ans \u2013 avec le m\u00eame engagement envers le soin, le m\u00e9tier et les ingr\u00e9dients de haute qualit\u00e9.\" \/>\n<meta property=\"og:url\" content=\"https:\/\/dev.badmath.com\/think33\/campbells\/campbellsoupca\/fr\/product\/pace-sauce-picante-moyenne-17-l\/\" \/>\n<meta property=\"og:site_name\" content=\"Campbell Company of Canada\" \/>\n<meta property=\"article:modified_time\" content=\"2023-04-18T14:23:46+00:00\" \/>\n<meta property=\"og:image\" content=\"https:\/\/dev.badmath.com\/think33\/campbells\/campbellsoupca\/wp-content\/uploads\/2012\/07\/pace-medium-picante-sauce-1.7L-1.png\" \/>\n\t<meta property=\"og:image:width\" content=\"340\" \/>\n\t<meta property=\"og:image:height\" content=\"510\" \/>\n\t<meta property=\"og:image:type\" content=\"image\/png\" \/>\n<meta name=\"twitter:card\" content=\"summary_large_image\" \/>\n<meta name=\"twitter:label1\" content=\"Est. reading time\" \/>\n\t<meta name=\"twitter:data1\" content=\"1 minute\" \/>\n<script type=\"application\/ld+json\" class=\"yoast-schema-graph\">{\"@context\":\"https:\/\/schema.org\",\"@graph\":[{\"@type\":\"WebSite\",\"@id\":\"https:\/\/dev.badmath.com\/think33\/campbells\/campbellsoupca\/#website\",\"url\":\"https:\/\/dev.badmath.com\/think33\/campbells\/campbellsoupca\/\",\"name\":\"Campbell Company of Canada\",\"description\":\"\",\"potentialAction\":[{\"@type\":\"SearchAction\",\"target\":{\"@type\":\"EntryPoint\",\"urlTemplate\":\"https:\/\/dev.badmath.com\/think33\/campbells\/campbellsoupca\/search\/?query={search_term_string}\"},\"query-input\":\"required name=search_term_string\"}],\"inLanguage\":\"en-US\"},{\"@type\":\"ImageObject\",\"inLanguage\":\"en-US\",\"@id\":\"https:\/\/dev.badmath.com\/think33\/campbells\/campbellsoupca\/fr\/product\/pace-sauce-picante-moyenne-17-l\/#primaryimage\",\"url\":\"https:\/\/dev.badmath.com\/think33\/campbells\/campbellsoupca\/wp-content\/uploads\/2012\/07\/pace-medium-picante-sauce-1.7L-1.png\",\"contentUrl\":\"https:\/\/dev.badmath.com\/think33\/campbells\/campbellsoupca\/wp-content\/uploads\/2012\/07\/pace-medium-picante-sauce-1.7L-1.png\",\"width\":340,\"height\":510,\"caption\":\"Pace\u00ae sauce Picante moyenne\"},{\"@type\":\"WebPage\",\"@id\":\"https:\/\/dev.badmath.com\/think33\/campbells\/campbellsoupca\/fr\/product\/pace-sauce-picante-moyenne-17-l\/#webpage\",\"url\":\"https:\/\/dev.badmath.com\/think33\/campbells\/campbellsoupca\/fr\/product\/pace-sauce-picante-moyenne-17-l\/\",\"name\":\"Sauce Pace\u00ae picante moyenne 1,7 L - Campbell Company of Canada\",\"isPartOf\":{\"@id\":\"https:\/\/dev.badmath.com\/think33\/campbells\/campbellsoupca\/#website\"},\"primaryImageOfPage\":{\"@id\":\"https:\/\/dev.badmath.com\/think33\/campbells\/campbellsoupca\/fr\/product\/pace-sauce-picante-moyenne-17-l\/#primaryimage\"},\"datePublished\":\"2012-07-30T11:30:00+00:00\",\"dateModified\":\"2023-04-18T14:23:46+00:00\",\"description\":\"La sauce Pace\u00ae Picante est toujours pr\u00e9par\u00e9e selon la recette cr\u00e9\u00e9e par David Pace il y a plus de 60 ans \u2013 avec le m\u00eame engagement envers le soin, le m\u00e9tier et les ingr\u00e9dients de haute qualit\u00e9.\",\"breadcrumb\":{\"@id\":\"https:\/\/dev.badmath.com\/think33\/campbells\/campbellsoupca\/fr\/product\/pace-sauce-picante-moyenne-17-l\/#breadcrumb\"},\"inLanguage\":\"en-US\",\"potentialAction\":[{\"@type\":\"ReadAction\",\"target\":[\"https:\/\/dev.badmath.com\/think33\/campbells\/campbellsoupca\/fr\/product\/pace-sauce-picante-moyenne-17-l\/\"]}]},{\"@type\":\"BreadcrumbList\",\"@id\":\"https:\/\/dev.badmath.com\/think33\/campbells\/campbellsoupca\/fr\/product\/pace-sauce-picante-moyenne-17-l\/#breadcrumb\",\"itemListElement\":[{\"@type\":\"ListItem\",\"position\":1,\"name\":\"Home\",\"item\":\"https:\/\/dev.badmath.com:8443\/think33\/campbells\/campbellsoupca\/\"},{\"@type\":\"ListItem\",\"position\":2,\"name\":\"Products\",\"item\":\"https:\/\/dev.badmath.com\/think33\/campbells\/campbellsoupca\/fr\/product\/\"},{\"@type\":\"ListItem\",\"position\":3,\"name\":\"Sauce Pace\u00ae picante moyenne 1,7 L\"}]}]}<\/script>\n<!-- \/ Yoast SEO plugin. -->","yoast_head_json":{"title":"Sauce Pace\u00ae picante moyenne 1,7 L - Campbell Company of Canada","description":"La sauce Pace\u00ae Picante est toujours pr\u00e9par\u00e9e selon la recette cr\u00e9\u00e9e par David Pace il y a plus de 60 ans \u2013 avec le m\u00eame engagement envers le soin, le m\u00e9tier et les ingr\u00e9dients de haute qualit\u00e9.","robots":{"index":"index","follow":"follow","max-snippet":"max-snippet:-1","max-image-preview":"max-image-preview:large","max-video-preview":"max-video-preview:-1"},"canonical":"https:\/\/dev.badmath.com\/think33\/campbells\/campbellsoupca\/fr\/product\/pace-sauce-picante-moyenne-17-l\/","og_locale":"en_US","og_type":"article","og_title":"Sauce Pace\u00ae picante moyenne 1,7 L - Campbell Company of Canada","og_description":"La sauce Pace\u00ae Picante est toujours pr\u00e9par\u00e9e selon la recette cr\u00e9\u00e9e par David Pace il y a plus de 60 ans \u2013 avec le m\u00eame engagement envers le soin, le m\u00e9tier et les ingr\u00e9dients de haute qualit\u00e9.","og_url":"https:\/\/dev.badmath.com\/think33\/campbells\/campbellsoupca\/fr\/product\/pace-sauce-picante-moyenne-17-l\/","og_site_name":"Campbell Company of Canada","article_modified_time":"2023-04-18T14:23:46+00:00","og_image":[{"width":340,"height":510,"url":"https:\/\/dev.badmath.com\/think33\/campbells\/campbellsoupca\/wp-content\/uploads\/2012\/07\/pace-medium-picante-sauce-1.7L-1.png","type":"image\/png"}],"twitter_card":"summary_large_image","twitter_misc":{"Est. reading time":"1 minute"},"schema":{"@context":"https:\/\/schema.org","@graph":[{"@type":"WebSite","@id":"https:\/\/dev.badmath.com\/think33\/campbells\/campbellsoupca\/#website","url":"https:\/\/dev.badmath.com\/think33\/campbells\/campbellsoupca\/","name":"Campbell Company of Canada","description":"","potentialAction":[{"@type":"SearchAction","target":{"@type":"EntryPoint","urlTemplate":"https:\/\/dev.badmath.com\/think33\/campbells\/campbellsoupca\/search\/?query={search_term_string}"},"query-input":"required name=search_term_string"}],"inLanguage":"en-US"},{"@type":"ImageObject","inLanguage":"en-US","@id":"https:\/\/dev.badmath.com\/think33\/campbells\/campbellsoupca\/fr\/product\/pace-sauce-picante-moyenne-17-l\/#primaryimage","url":"https:\/\/dev.badmath.com\/think33\/campbells\/campbellsoupca\/wp-content\/uploads\/2012\/07\/pace-medium-picante-sauce-1.7L-1.png","contentUrl":"https:\/\/dev.badmath.com\/think33\/campbells\/campbellsoupca\/wp-content\/uploads\/2012\/07\/pace-medium-picante-sauce-1.7L-1.png","width":340,"height":510,"caption":"Pace\u00ae sauce Picante moyenne"},{"@type":"WebPage","@id":"https:\/\/dev.badmath.com\/think33\/campbells\/campbellsoupca\/fr\/product\/pace-sauce-picante-moyenne-17-l\/#webpage","url":"https:\/\/dev.badmath.com\/think33\/campbells\/campbellsoupca\/fr\/product\/pace-sauce-picante-moyenne-17-l\/","name":"Sauce Pace\u00ae picante moyenne 1,7 L - Campbell Company of Canada","isPartOf":{"@id":"https:\/\/dev.badmath.com\/think33\/campbells\/campbellsoupca\/#website"},"primaryImageOfPage":{"@id":"https:\/\/dev.badmath.com\/think33\/campbells\/campbellsoupca\/fr\/product\/pace-sauce-picante-moyenne-17-l\/#primaryimage"},"datePublished":"2012-07-30T11:30:00+00:00","dateModified":"2023-04-18T14:23:46+00:00","description":"La sauce Pace\u00ae Picante est toujours pr\u00e9par\u00e9e selon la recette cr\u00e9\u00e9e par David Pace il y a plus de 60 ans \u2013 avec le m\u00eame engagement envers le soin, le m\u00e9tier et les ingr\u00e9dients de haute qualit\u00e9.","breadcrumb":{"@id":"https:\/\/dev.badmath.com\/think33\/campbells\/campbellsoupca\/fr\/product\/pace-sauce-picante-moyenne-17-l\/#breadcrumb"},"inLanguage":"en-US","potentialAction":[{"@type":"ReadAction","target":["https:\/\/dev.badmath.com\/think33\/campbells\/campbellsoupca\/fr\/product\/pace-sauce-picante-moyenne-17-l\/"]}]},{"@type":"BreadcrumbList","@id":"https:\/\/dev.badmath.com\/think33\/campbells\/campbellsoupca\/fr\/product\/pace-sauce-picante-moyenne-17-l\/#breadcrumb","itemListElement":[{"@type":"ListItem","position":1,"name":"Home","item":"https:\/\/dev.badmath.com:8443\/think33\/campbells\/campbellsoupca\/"},{"@type":"ListItem","position":2,"name":"Products","item":"https:\/\/dev.badmath.com\/think33\/campbells\/campbellsoupca\/fr\/product\/"},{"@type":"ListItem","position":3,"name":"Sauce Pace\u00ae picante moyenne 1,7 L"}]}]}},"lang":"fr","translations":{"fr":719,"en":286},"product_title":"<span data-sheets-formula-bar-text-style=\"font-size:13px;color:#000000;font-weight:normal;text-decoration:none;font-family:'docs-Roboto';font-style:normal;text-decoration-skip-ink:none;\">Sauce<\/span><em> Pace<\/em><span data-sheets-formula-bar-text-style=\"font-size:13px;color:#000000;font-weight:normal;text-decoration:none;font-family:'docs-Roboto';font-style:normal;text-decoration-skip-ink:none;\"><sup>\u00ae<\/sup> picante moyenne 1,7 L <\/span>\n","description":"<p>La sauce <em>Pace<\/em><sup>\u00ae<\/sup> Picante est toujours pr\u00e9par\u00e9e selon la recette cr\u00e9\u00e9e par David Pace il y a plus de 60 ans \u2013 avec le m\u00eame engagement envers le soin, le m\u00e9tier et les ingr\u00e9dients de haute qualit\u00e9. La sauce <em>Pace<\/em><sup>\u00ae<\/sup> Picante douce est faite de tomates d\u00e9licatement m\u00e9lang\u00e9es, de savoureux morceaux d\u2019oignon et bien s\u00fbr, de nos piments jalape\u00f1o frais cueillis \u00e0 la main, ce qui en fait la base id\u00e9ale pour une recette favorite ou encore une trempette d\u00e9licieuse et rafraichissante.<\/p>\n","featured_image":"https:\/\/dev.badmath.com\/think33\/campbells\/campbellsoupca\/wp-content\/uploads\/2012\/07\/pace-medium-picante-sauce-1.7L-1.png","pll_sync_post":[],"_links":{"self":[{"href":"https:\/\/dev.badmath.com\/think33\/campbells\/campbellsoupca\/wp-json\/wp\/v2\/product\/719"}],"collection":[{"href":"https:\/\/dev.badmath.com\/think33\/campbells\/campbellsoupca\/wp-json\/wp\/v2\/product"}],"about":[{"href":"https:\/\/dev.badmath.com\/think33\/campbells\/campbellsoupca\/wp-json\/wp\/v2\/types\/product"}],"wp:featuredmedia":[{"embeddable":true,"href":"https:\/\/dev.badmath.com\/think33\/campbells\/campbellsoupca\/wp-json\/wp\/v2\/media\/29852"}],"wp:attachment":[{"href":"https:\/\/dev.badmath.com\/think33\/campbells\/campbellsoupca\/wp-json\/wp\/v2\/media?parent=719"}],"wp:term":[{"taxonomy":"product-category","embeddable":true,"href":"https:\/\/dev.badmath.com\/think33\/campbells\/campbellsoupca\/wp-json\/wp\/v2\/product-category?post=719"},{"taxonomy":"product-brand","embeddable":true,"href":"https:\/\/dev.badmath.com\/think33\/campbells\/campbellsoupca\/wp-json\/wp\/v2\/product-brand?post=719"},{"taxonomy":"product-main-ingredient","embeddable":true,"href":"https:\/\/dev.badmath.com\/think33\/campbells\/campbellsoupca\/wp-json\/wp\/v2\/product-main-ingredient?post=719"},{"taxonomy":"product-dietary-alternative","embeddable":true,"href":"https:\/\/dev.badmath.com\/think33\/campbells\/campbellsoupca\/wp-json\/wp\/v2\/product-dietary-alternative?post=719"}],"curies":[{"name":"wp","href":"https:\/\/api.w.org\/{rel}","templated":true}]}}