{"id":710,"date":"2012-07-30T11:29:00","date_gmt":"2012-07-30T11:29:00","guid":{"rendered":"http:\/\/stagecscca.wpengine.com\/product\/pace-salsa-avec-de-gros-morceaux-douce-642-ml\/"},"modified":"2023-04-11T22:02:31","modified_gmt":"2023-04-11T22:02:31","slug":"pace-salsa-avec-de-gros-morceaux-douce-642-ml","status":"publish","type":"product","link":"https:\/\/dev.badmath.com\/think33\/campbells\/campbellsoupca\/fr\/product\/pace-salsa-avec-de-gros-morceaux-douce-642-ml\/","title":{"rendered":"Salsa Pace avec de gros morceaux douce 642 mL"},"featured_media":31390,"parent":0,"menu_order":0,"template":"","product-category":[379,946,385],"product-brand":[{"id":73,"slug":"pacemd","name":"PaceMD"}],"product-main-ingredient":[],"product-dietary-alternative":[{"id":439,"slug":"faible-en-gras","name":"Faible en gras","icon":"low-fat-fr"},{"id":431,"slug":"pas-de-sucre-ajoute","name":"Pas de sucre ajout\u00e9","icon":"no-sugar-added-fr"},{"id":435,"slug":"sans-gluten","name":"Sans Gluten","icon":"gluten-free"}],"acf":[],"yoast_head":"<!-- This site is optimized with the Yoast SEO plugin v18.8 - https:\/\/yoast.com\/wordpress\/plugins\/seo\/ -->\n<title>Salsa Pace avec de gros morceaux douce 642 mL - Campbell Company of Canada<\/title>\n<meta name=\"description\" content=\"Dans la Salsa Pace\u00ae avec de gros morceaux douce, les piments jalape\u00f1o sont toujours rois. Que ce soit comme trempette ou pour votre recette favorite, les gros morceaux d&#039;oignons croquants et les piments jalape\u00f1o cueillis \u00e0 la main ajouteront toujours un piquant d\u00e9licieux \u00e0 vos d\u00e9gustations.\" \/>\n<meta name=\"robots\" content=\"index, follow, max-snippet:-1, max-image-preview:large, max-video-preview:-1\" \/>\n<link rel=\"canonical\" href=\"https:\/\/dev.badmath.com\/think33\/campbells\/campbellsoupca\/fr\/product\/pace-salsa-avec-de-gros-morceaux-douce-642-ml\/\" \/>\n<meta property=\"og:locale\" content=\"en_US\" \/>\n<meta property=\"og:type\" content=\"article\" \/>\n<meta property=\"og:title\" content=\"Salsa Pace avec de gros morceaux douce 642 mL - Campbell Company of Canada\" \/>\n<meta property=\"og:description\" content=\"Dans la Salsa Pace\u00ae avec de gros morceaux douce, les piments jalape\u00f1o sont toujours rois. Que ce soit comme trempette ou pour votre recette favorite, les gros morceaux d&#039;oignons croquants et les piments jalape\u00f1o cueillis \u00e0 la main ajouteront toujours un piquant d\u00e9licieux \u00e0 vos d\u00e9gustations.\" \/>\n<meta property=\"og:url\" content=\"https:\/\/dev.badmath.com\/think33\/campbells\/campbellsoupca\/fr\/product\/pace-salsa-avec-de-gros-morceaux-douce-642-ml\/\" \/>\n<meta property=\"og:site_name\" content=\"Campbell Company of Canada\" \/>\n<meta property=\"article:modified_time\" content=\"2023-04-11T22:02:31+00:00\" \/>\n<meta property=\"og:image\" content=\"https:\/\/dev.badmath.com\/think33\/campbells\/campbellsoupca\/wp-content\/uploads\/2012\/07\/pace-mild-chunky-salsa-642-1.png\" \/>\n\t<meta property=\"og:image:width\" content=\"340\" \/>\n\t<meta property=\"og:image:height\" content=\"510\" \/>\n\t<meta property=\"og:image:type\" content=\"image\/png\" \/>\n<meta name=\"twitter:card\" content=\"summary_large_image\" \/>\n<script type=\"application\/ld+json\" class=\"yoast-schema-graph\">{\"@context\":\"https:\/\/schema.org\",\"@graph\":[{\"@type\":\"WebSite\",\"@id\":\"https:\/\/dev.badmath.com\/think33\/campbells\/campbellsoupca\/#website\",\"url\":\"https:\/\/dev.badmath.com\/think33\/campbells\/campbellsoupca\/\",\"name\":\"Campbell Company of Canada\",\"description\":\"\",\"potentialAction\":[{\"@type\":\"SearchAction\",\"target\":{\"@type\":\"EntryPoint\",\"urlTemplate\":\"https:\/\/dev.badmath.com\/think33\/campbells\/campbellsoupca\/search\/?query={search_term_string}\"},\"query-input\":\"required name=search_term_string\"}],\"inLanguage\":\"en-US\"},{\"@type\":\"ImageObject\",\"inLanguage\":\"en-US\",\"@id\":\"https:\/\/dev.badmath.com\/think33\/campbells\/campbellsoupca\/fr\/product\/pace-salsa-avec-de-gros-morceaux-douce-642-ml\/#primaryimage\",\"url\":\"https:\/\/dev.badmath.com\/think33\/campbells\/campbellsoupca\/wp-content\/uploads\/2012\/07\/pace-mild-chunky-salsa-642-1.png\",\"contentUrl\":\"https:\/\/dev.badmath.com\/think33\/campbells\/campbellsoupca\/wp-content\/uploads\/2012\/07\/pace-mild-chunky-salsa-642-1.png\",\"width\":340,\"height\":510,\"caption\":\"Pace\u00ae salsa avec De gros morceaux douce 642\u00a0mL\"},{\"@type\":\"WebPage\",\"@id\":\"https:\/\/dev.badmath.com\/think33\/campbells\/campbellsoupca\/fr\/product\/pace-salsa-avec-de-gros-morceaux-douce-642-ml\/#webpage\",\"url\":\"https:\/\/dev.badmath.com\/think33\/campbells\/campbellsoupca\/fr\/product\/pace-salsa-avec-de-gros-morceaux-douce-642-ml\/\",\"name\":\"Salsa Pace avec de gros morceaux douce 642 mL - Campbell Company of Canada\",\"isPartOf\":{\"@id\":\"https:\/\/dev.badmath.com\/think33\/campbells\/campbellsoupca\/#website\"},\"primaryImageOfPage\":{\"@id\":\"https:\/\/dev.badmath.com\/think33\/campbells\/campbellsoupca\/fr\/product\/pace-salsa-avec-de-gros-morceaux-douce-642-ml\/#primaryimage\"},\"datePublished\":\"2012-07-30T11:29:00+00:00\",\"dateModified\":\"2023-04-11T22:02:31+00:00\",\"description\":\"Dans la Salsa Pace\u00ae avec de gros morceaux douce, les piments jalape\u00f1o sont toujours rois. Que ce soit comme trempette ou pour votre recette favorite, les gros morceaux d'oignons croquants et les piments jalape\u00f1o cueillis \u00e0 la main ajouteront toujours un piquant d\u00e9licieux \u00e0 vos d\u00e9gustations.\",\"breadcrumb\":{\"@id\":\"https:\/\/dev.badmath.com\/think33\/campbells\/campbellsoupca\/fr\/product\/pace-salsa-avec-de-gros-morceaux-douce-642-ml\/#breadcrumb\"},\"inLanguage\":\"en-US\",\"potentialAction\":[{\"@type\":\"ReadAction\",\"target\":[\"https:\/\/dev.badmath.com\/think33\/campbells\/campbellsoupca\/fr\/product\/pace-salsa-avec-de-gros-morceaux-douce-642-ml\/\"]}]},{\"@type\":\"BreadcrumbList\",\"@id\":\"https:\/\/dev.badmath.com\/think33\/campbells\/campbellsoupca\/fr\/product\/pace-salsa-avec-de-gros-morceaux-douce-642-ml\/#breadcrumb\",\"itemListElement\":[{\"@type\":\"ListItem\",\"position\":1,\"name\":\"Home\",\"item\":\"https:\/\/dev.badmath.com:8443\/think33\/campbells\/campbellsoupca\/\"},{\"@type\":\"ListItem\",\"position\":2,\"name\":\"Products\",\"item\":\"https:\/\/dev.badmath.com\/think33\/campbells\/campbellsoupca\/fr\/product\/\"},{\"@type\":\"ListItem\",\"position\":3,\"name\":\"Salsa Pace avec de gros morceaux douce 642 mL\"}]}]}<\/script>\n<!-- \/ Yoast SEO plugin. -->","yoast_head_json":{"title":"Salsa Pace avec de gros morceaux douce 642 mL - Campbell Company of Canada","description":"Dans la Salsa Pace\u00ae avec de gros morceaux douce, les piments jalape\u00f1o sont toujours rois. Que ce soit comme trempette ou pour votre recette favorite, les gros morceaux d'oignons croquants et les piments jalape\u00f1o cueillis \u00e0 la main ajouteront toujours un piquant d\u00e9licieux \u00e0 vos d\u00e9gustations.","robots":{"index":"index","follow":"follow","max-snippet":"max-snippet:-1","max-image-preview":"max-image-preview:large","max-video-preview":"max-video-preview:-1"},"canonical":"https:\/\/dev.badmath.com\/think33\/campbells\/campbellsoupca\/fr\/product\/pace-salsa-avec-de-gros-morceaux-douce-642-ml\/","og_locale":"en_US","og_type":"article","og_title":"Salsa Pace avec de gros morceaux douce 642 mL - Campbell Company of Canada","og_description":"Dans la Salsa Pace\u00ae avec de gros morceaux douce, les piments jalape\u00f1o sont toujours rois. Que ce soit comme trempette ou pour votre recette favorite, les gros morceaux d'oignons croquants et les piments jalape\u00f1o cueillis \u00e0 la main ajouteront toujours un piquant d\u00e9licieux \u00e0 vos d\u00e9gustations.","og_url":"https:\/\/dev.badmath.com\/think33\/campbells\/campbellsoupca\/fr\/product\/pace-salsa-avec-de-gros-morceaux-douce-642-ml\/","og_site_name":"Campbell Company of Canada","article_modified_time":"2023-04-11T22:02:31+00:00","og_image":[{"width":340,"height":510,"url":"https:\/\/dev.badmath.com\/think33\/campbells\/campbellsoupca\/wp-content\/uploads\/2012\/07\/pace-mild-chunky-salsa-642-1.png","type":"image\/png"}],"twitter_card":"summary_large_image","schema":{"@context":"https:\/\/schema.org","@graph":[{"@type":"WebSite","@id":"https:\/\/dev.badmath.com\/think33\/campbells\/campbellsoupca\/#website","url":"https:\/\/dev.badmath.com\/think33\/campbells\/campbellsoupca\/","name":"Campbell Company of Canada","description":"","potentialAction":[{"@type":"SearchAction","target":{"@type":"EntryPoint","urlTemplate":"https:\/\/dev.badmath.com\/think33\/campbells\/campbellsoupca\/search\/?query={search_term_string}"},"query-input":"required name=search_term_string"}],"inLanguage":"en-US"},{"@type":"ImageObject","inLanguage":"en-US","@id":"https:\/\/dev.badmath.com\/think33\/campbells\/campbellsoupca\/fr\/product\/pace-salsa-avec-de-gros-morceaux-douce-642-ml\/#primaryimage","url":"https:\/\/dev.badmath.com\/think33\/campbells\/campbellsoupca\/wp-content\/uploads\/2012\/07\/pace-mild-chunky-salsa-642-1.png","contentUrl":"https:\/\/dev.badmath.com\/think33\/campbells\/campbellsoupca\/wp-content\/uploads\/2012\/07\/pace-mild-chunky-salsa-642-1.png","width":340,"height":510,"caption":"Pace\u00ae salsa avec De gros morceaux douce 642\u00a0mL"},{"@type":"WebPage","@id":"https:\/\/dev.badmath.com\/think33\/campbells\/campbellsoupca\/fr\/product\/pace-salsa-avec-de-gros-morceaux-douce-642-ml\/#webpage","url":"https:\/\/dev.badmath.com\/think33\/campbells\/campbellsoupca\/fr\/product\/pace-salsa-avec-de-gros-morceaux-douce-642-ml\/","name":"Salsa Pace avec de gros morceaux douce 642 mL - Campbell Company of Canada","isPartOf":{"@id":"https:\/\/dev.badmath.com\/think33\/campbells\/campbellsoupca\/#website"},"primaryImageOfPage":{"@id":"https:\/\/dev.badmath.com\/think33\/campbells\/campbellsoupca\/fr\/product\/pace-salsa-avec-de-gros-morceaux-douce-642-ml\/#primaryimage"},"datePublished":"2012-07-30T11:29:00+00:00","dateModified":"2023-04-11T22:02:31+00:00","description":"Dans la Salsa Pace\u00ae avec de gros morceaux douce, les piments jalape\u00f1o sont toujours rois. Que ce soit comme trempette ou pour votre recette favorite, les gros morceaux d'oignons croquants et les piments jalape\u00f1o cueillis \u00e0 la main ajouteront toujours un piquant d\u00e9licieux \u00e0 vos d\u00e9gustations.","breadcrumb":{"@id":"https:\/\/dev.badmath.com\/think33\/campbells\/campbellsoupca\/fr\/product\/pace-salsa-avec-de-gros-morceaux-douce-642-ml\/#breadcrumb"},"inLanguage":"en-US","potentialAction":[{"@type":"ReadAction","target":["https:\/\/dev.badmath.com\/think33\/campbells\/campbellsoupca\/fr\/product\/pace-salsa-avec-de-gros-morceaux-douce-642-ml\/"]}]},{"@type":"BreadcrumbList","@id":"https:\/\/dev.badmath.com\/think33\/campbells\/campbellsoupca\/fr\/product\/pace-salsa-avec-de-gros-morceaux-douce-642-ml\/#breadcrumb","itemListElement":[{"@type":"ListItem","position":1,"name":"Home","item":"https:\/\/dev.badmath.com:8443\/think33\/campbells\/campbellsoupca\/"},{"@type":"ListItem","position":2,"name":"Products","item":"https:\/\/dev.badmath.com\/think33\/campbells\/campbellsoupca\/fr\/product\/"},{"@type":"ListItem","position":3,"name":"Salsa Pace avec de gros morceaux douce 642 mL"}]}]}},"lang":"fr","translations":{"fr":710,"en":271},"product_title":"Salsa <em>Pace<\/em><sup>\u00ae<\/sup> avec de gros morceaux douce 642 mL\n","description":"<p>Dans la Salsa <em>Pace<\/em><sup>\u00ae<\/sup> avec de gros morceaux douce, les piments jalape\u00f1o sont toujours rois. Que ce soit comme trempette ou pour votre recette favorite, les gros morceaux d&#8217;oignons croquants et les piments jalape\u00f1o cueillis \u00e0 la main ajouteront toujours un piquant d\u00e9licieux \u00e0 vos d\u00e9gustations.<\/p>\n","featured_image":"https:\/\/dev.badmath.com\/think33\/campbells\/campbellsoupca\/wp-content\/uploads\/2012\/07\/pace-mild-chunky-salsa-642-1.png","pll_sync_post":[],"_links":{"self":[{"href":"https:\/\/dev.badmath.com\/think33\/campbells\/campbellsoupca\/wp-json\/wp\/v2\/product\/710"}],"collection":[{"href":"https:\/\/dev.badmath.com\/think33\/campbells\/campbellsoupca\/wp-json\/wp\/v2\/product"}],"about":[{"href":"https:\/\/dev.badmath.com\/think33\/campbells\/campbellsoupca\/wp-json\/wp\/v2\/types\/product"}],"wp:featuredmedia":[{"embeddable":true,"href":"https:\/\/dev.badmath.com\/think33\/campbells\/campbellsoupca\/wp-json\/wp\/v2\/media\/31390"}],"wp:attachment":[{"href":"https:\/\/dev.badmath.com\/think33\/campbells\/campbellsoupca\/wp-json\/wp\/v2\/media?parent=710"}],"wp:term":[{"taxonomy":"product-category","embeddable":true,"href":"https:\/\/dev.badmath.com\/think33\/campbells\/campbellsoupca\/wp-json\/wp\/v2\/product-category?post=710"},{"taxonomy":"product-brand","embeddable":true,"href":"https:\/\/dev.badmath.com\/think33\/campbells\/campbellsoupca\/wp-json\/wp\/v2\/product-brand?post=710"},{"taxonomy":"product-main-ingredient","embeddable":true,"href":"https:\/\/dev.badmath.com\/think33\/campbells\/campbellsoupca\/wp-json\/wp\/v2\/product-main-ingredient?post=710"},{"taxonomy":"product-dietary-alternative","embeddable":true,"href":"https:\/\/dev.badmath.com\/think33\/campbells\/campbellsoupca\/wp-json\/wp\/v2\/product-dietary-alternative?post=710"}],"curies":[{"name":"wp","href":"https:\/\/api.w.org\/{rel}","templated":true}]}}