{"id":6908,"date":"2018-07-31T17:09:18","date_gmt":"2018-07-31T17:09:18","guid":{"rendered":"https:\/\/campbellsoupca.wpengine.com\/?post_type=product&#038;p=6908"},"modified":"2021-08-12T18:25:53","modified_gmt":"2021-08-12T18:25:53","slug":"nouveau-bouillon-de-boeuf-avec-vin-rouge-campbells-30-moins-de-sodium","status":"publish","type":"product","link":"https:\/\/dev.badmath.com\/think33\/campbells\/campbellsoupca\/fr\/product\/nouveau-bouillon-de-boeuf-avec-vin-rouge-campbells-30-moins-de-sodium\/","title":{"rendered":"Bouillon de b\u0153uf avec vin rouge Campbell\u2019s\u00ae 30 % moins de sodium"},"featured_media":29277,"parent":0,"menu_order":0,"template":"","product-category":[357,361],"product-brand":[{"id":59,"slug":"bouillons-campbell","name":"Bouillons CampbellMD"},{"id":393,"slug":"campbell","name":"Campbell"}],"product-main-ingredient":[],"product-dietary-alternative":[{"id":439,"slug":"faible-en-gras","name":"Faible en gras","icon":"low-fat-fr"},{"id":437,"slug":"sodium-reduit","name":"Moins de Sodium","icon":"low-sodium"}],"acf":[],"yoast_head":"<!-- This site is optimized with the Yoast SEO plugin v18.8 - https:\/\/yoast.com\/wordpress\/plugins\/seo\/ -->\n<title>Bouillon de b\u0153uf avec vin rouge Campbell\u2019s\u00ae 30 % moins de sodium - Campbell Company of Canada<\/title>\n<meta name=\"robots\" content=\"index, follow, max-snippet:-1, max-image-preview:large, max-video-preview:-1\" \/>\n<link rel=\"canonical\" href=\"https:\/\/dev.badmath.com\/think33\/campbells\/campbellsoupca\/fr\/product\/nouveau-bouillon-de-boeuf-avec-vin-rouge-campbells-30-moins-de-sodium\/\" \/>\n<meta property=\"og:locale\" content=\"en_US\" \/>\n<meta property=\"og:type\" content=\"article\" \/>\n<meta property=\"og:title\" content=\"Bouillon de b\u0153uf avec vin rouge Campbell\u2019s\u00ae 30 % moins de sodium - Campbell Company of Canada\" \/>\n<meta property=\"og:url\" content=\"https:\/\/dev.badmath.com\/think33\/campbells\/campbellsoupca\/fr\/product\/nouveau-bouillon-de-boeuf-avec-vin-rouge-campbells-30-moins-de-sodium\/\" \/>\n<meta property=\"og:site_name\" content=\"Campbell Company of Canada\" \/>\n<meta property=\"article:modified_time\" content=\"2021-08-12T18:25:53+00:00\" \/>\n<meta property=\"og:image\" content=\"https:\/\/dev.badmath.com\/think33\/campbells\/campbellsoupca\/wp-content\/uploads\/2018\/07\/campbells-beef-with-red-wine-broth-1.png\" \/>\n\t<meta property=\"og:image:width\" content=\"340\" \/>\n\t<meta property=\"og:image:height\" content=\"510\" \/>\n\t<meta property=\"og:image:type\" content=\"image\/png\" \/>\n<meta name=\"twitter:card\" content=\"summary_large_image\" \/>\n<script type=\"application\/ld+json\" class=\"yoast-schema-graph\">{\"@context\":\"https:\/\/schema.org\",\"@graph\":[{\"@type\":\"WebSite\",\"@id\":\"https:\/\/dev.badmath.com\/think33\/campbells\/campbellsoupca\/#website\",\"url\":\"https:\/\/dev.badmath.com\/think33\/campbells\/campbellsoupca\/\",\"name\":\"Campbell Company of Canada\",\"description\":\"\",\"potentialAction\":[{\"@type\":\"SearchAction\",\"target\":{\"@type\":\"EntryPoint\",\"urlTemplate\":\"https:\/\/dev.badmath.com\/think33\/campbells\/campbellsoupca\/search\/?query={search_term_string}\"},\"query-input\":\"required name=search_term_string\"}],\"inLanguage\":\"en-US\"},{\"@type\":\"ImageObject\",\"inLanguage\":\"en-US\",\"@id\":\"https:\/\/dev.badmath.com\/think33\/campbells\/campbellsoupca\/fr\/product\/nouveau-bouillon-de-boeuf-avec-vin-rouge-campbells-30-moins-de-sodium\/#primaryimage\",\"url\":\"https:\/\/dev.badmath.com\/think33\/campbells\/campbellsoupca\/wp-content\/uploads\/2018\/07\/campbells-beef-with-red-wine-broth-1.png\",\"contentUrl\":\"https:\/\/dev.badmath.com\/think33\/campbells\/campbellsoupca\/wp-content\/uploads\/2018\/07\/campbells-beef-with-red-wine-broth-1.png\",\"width\":340,\"height\":510,\"caption\":\"Bouillon de b\u0153uf avec vin rouge Campbell\u2019s 30 % moins de sodium\"},{\"@type\":\"WebPage\",\"@id\":\"https:\/\/dev.badmath.com\/think33\/campbells\/campbellsoupca\/fr\/product\/nouveau-bouillon-de-boeuf-avec-vin-rouge-campbells-30-moins-de-sodium\/#webpage\",\"url\":\"https:\/\/dev.badmath.com\/think33\/campbells\/campbellsoupca\/fr\/product\/nouveau-bouillon-de-boeuf-avec-vin-rouge-campbells-30-moins-de-sodium\/\",\"name\":\"Bouillon de b\u0153uf avec vin rouge Campbell\u2019s\u00ae 30 % moins de sodium - Campbell Company of Canada\",\"isPartOf\":{\"@id\":\"https:\/\/dev.badmath.com\/think33\/campbells\/campbellsoupca\/#website\"},\"primaryImageOfPage\":{\"@id\":\"https:\/\/dev.badmath.com\/think33\/campbells\/campbellsoupca\/fr\/product\/nouveau-bouillon-de-boeuf-avec-vin-rouge-campbells-30-moins-de-sodium\/#primaryimage\"},\"datePublished\":\"2018-07-31T17:09:18+00:00\",\"dateModified\":\"2021-08-12T18:25:53+00:00\",\"breadcrumb\":{\"@id\":\"https:\/\/dev.badmath.com\/think33\/campbells\/campbellsoupca\/fr\/product\/nouveau-bouillon-de-boeuf-avec-vin-rouge-campbells-30-moins-de-sodium\/#breadcrumb\"},\"inLanguage\":\"en-US\",\"potentialAction\":[{\"@type\":\"ReadAction\",\"target\":[\"https:\/\/dev.badmath.com\/think33\/campbells\/campbellsoupca\/fr\/product\/nouveau-bouillon-de-boeuf-avec-vin-rouge-campbells-30-moins-de-sodium\/\"]}]},{\"@type\":\"BreadcrumbList\",\"@id\":\"https:\/\/dev.badmath.com\/think33\/campbells\/campbellsoupca\/fr\/product\/nouveau-bouillon-de-boeuf-avec-vin-rouge-campbells-30-moins-de-sodium\/#breadcrumb\",\"itemListElement\":[{\"@type\":\"ListItem\",\"position\":1,\"name\":\"Home\",\"item\":\"https:\/\/dev.badmath.com:8443\/think33\/campbells\/campbellsoupca\/\"},{\"@type\":\"ListItem\",\"position\":2,\"name\":\"Products\",\"item\":\"https:\/\/dev.badmath.com\/think33\/campbells\/campbellsoupca\/fr\/product\/\"},{\"@type\":\"ListItem\",\"position\":3,\"name\":\"Bouillon de b\u0153uf avec vin rouge Campbell\u2019s\u00ae 30 % moins de sodium\"}]}]}<\/script>\n<!-- \/ Yoast SEO plugin. -->","yoast_head_json":{"title":"Bouillon de b\u0153uf avec vin rouge Campbell\u2019s\u00ae 30 % moins de sodium - Campbell Company of Canada","robots":{"index":"index","follow":"follow","max-snippet":"max-snippet:-1","max-image-preview":"max-image-preview:large","max-video-preview":"max-video-preview:-1"},"canonical":"https:\/\/dev.badmath.com\/think33\/campbells\/campbellsoupca\/fr\/product\/nouveau-bouillon-de-boeuf-avec-vin-rouge-campbells-30-moins-de-sodium\/","og_locale":"en_US","og_type":"article","og_title":"Bouillon de b\u0153uf avec vin rouge Campbell\u2019s\u00ae 30 % moins de sodium - Campbell Company of Canada","og_url":"https:\/\/dev.badmath.com\/think33\/campbells\/campbellsoupca\/fr\/product\/nouveau-bouillon-de-boeuf-avec-vin-rouge-campbells-30-moins-de-sodium\/","og_site_name":"Campbell Company of Canada","article_modified_time":"2021-08-12T18:25:53+00:00","og_image":[{"width":340,"height":510,"url":"https:\/\/dev.badmath.com\/think33\/campbells\/campbellsoupca\/wp-content\/uploads\/2018\/07\/campbells-beef-with-red-wine-broth-1.png","type":"image\/png"}],"twitter_card":"summary_large_image","schema":{"@context":"https:\/\/schema.org","@graph":[{"@type":"WebSite","@id":"https:\/\/dev.badmath.com\/think33\/campbells\/campbellsoupca\/#website","url":"https:\/\/dev.badmath.com\/think33\/campbells\/campbellsoupca\/","name":"Campbell Company of Canada","description":"","potentialAction":[{"@type":"SearchAction","target":{"@type":"EntryPoint","urlTemplate":"https:\/\/dev.badmath.com\/think33\/campbells\/campbellsoupca\/search\/?query={search_term_string}"},"query-input":"required name=search_term_string"}],"inLanguage":"en-US"},{"@type":"ImageObject","inLanguage":"en-US","@id":"https:\/\/dev.badmath.com\/think33\/campbells\/campbellsoupca\/fr\/product\/nouveau-bouillon-de-boeuf-avec-vin-rouge-campbells-30-moins-de-sodium\/#primaryimage","url":"https:\/\/dev.badmath.com\/think33\/campbells\/campbellsoupca\/wp-content\/uploads\/2018\/07\/campbells-beef-with-red-wine-broth-1.png","contentUrl":"https:\/\/dev.badmath.com\/think33\/campbells\/campbellsoupca\/wp-content\/uploads\/2018\/07\/campbells-beef-with-red-wine-broth-1.png","width":340,"height":510,"caption":"Bouillon de b\u0153uf avec vin rouge Campbell\u2019s 30 % moins de sodium"},{"@type":"WebPage","@id":"https:\/\/dev.badmath.com\/think33\/campbells\/campbellsoupca\/fr\/product\/nouveau-bouillon-de-boeuf-avec-vin-rouge-campbells-30-moins-de-sodium\/#webpage","url":"https:\/\/dev.badmath.com\/think33\/campbells\/campbellsoupca\/fr\/product\/nouveau-bouillon-de-boeuf-avec-vin-rouge-campbells-30-moins-de-sodium\/","name":"Bouillon de b\u0153uf avec vin rouge Campbell\u2019s\u00ae 30 % moins de sodium - Campbell Company of Canada","isPartOf":{"@id":"https:\/\/dev.badmath.com\/think33\/campbells\/campbellsoupca\/#website"},"primaryImageOfPage":{"@id":"https:\/\/dev.badmath.com\/think33\/campbells\/campbellsoupca\/fr\/product\/nouveau-bouillon-de-boeuf-avec-vin-rouge-campbells-30-moins-de-sodium\/#primaryimage"},"datePublished":"2018-07-31T17:09:18+00:00","dateModified":"2021-08-12T18:25:53+00:00","breadcrumb":{"@id":"https:\/\/dev.badmath.com\/think33\/campbells\/campbellsoupca\/fr\/product\/nouveau-bouillon-de-boeuf-avec-vin-rouge-campbells-30-moins-de-sodium\/#breadcrumb"},"inLanguage":"en-US","potentialAction":[{"@type":"ReadAction","target":["https:\/\/dev.badmath.com\/think33\/campbells\/campbellsoupca\/fr\/product\/nouveau-bouillon-de-boeuf-avec-vin-rouge-campbells-30-moins-de-sodium\/"]}]},{"@type":"BreadcrumbList","@id":"https:\/\/dev.badmath.com\/think33\/campbells\/campbellsoupca\/fr\/product\/nouveau-bouillon-de-boeuf-avec-vin-rouge-campbells-30-moins-de-sodium\/#breadcrumb","itemListElement":[{"@type":"ListItem","position":1,"name":"Home","item":"https:\/\/dev.badmath.com:8443\/think33\/campbells\/campbellsoupca\/"},{"@type":"ListItem","position":2,"name":"Products","item":"https:\/\/dev.badmath.com\/think33\/campbells\/campbellsoupca\/fr\/product\/"},{"@type":"ListItem","position":3,"name":"Bouillon de b\u0153uf avec vin rouge Campbell\u2019s\u00ae 30 % moins de sodium"}]}]}},"lang":"fr","translations":{"fr":6908,"en":6907},"product_title":"Bouillon de b\u0153uf avec vin rouge <em>Campbell\u2019s<\/em><sup>\u00ae<\/sup> 30\u00a0% moins de sodium\n","description":"<p>Ajoutez un peu d&#8217;amour \u00e0 vos plats avec le Bouillon de b\u0153uf avec vin rouge Campbell\u2019s\u00ae, pr\u00e9par\u00e9 avec des ingr\u00e9dients de qualit\u00e9 et des saveurs enti\u00e8rement naturelles. Cette d\u00e9licieuse combinaison de saveurs offre une base de cuisson au vin rouge cors\u00e9, riche et savoureux, accompagn\u00e9 de bouillon de b\u0153uf et de vinaigre balsamique. C&#8217;est la fa\u00e7on id\u00e9ale d&#8217;ajouter le d\u00e9licieux go\u00fbt et l&#8217;ar\u00f4me du vin rouge \u00e0 votre recette, sans avoir \u00e0 ouvrir une nouvelle bouteille de vin! Notre bouillon de b\u0153uf avec vin rouge contient 30 % moins de sodium que notre bouillon de b\u0153uf pr\u00eat \u00e0 utiliser ordinaire et est sans gras. Il est tout aussi d\u00e9licieux dans les soupes maison que les recettes simples pour les soirs de semaine que vous trouverez sur CUISINEZAVECCAMPBELLS.CA.<\/p>\n","featured_image":"https:\/\/dev.badmath.com\/think33\/campbells\/campbellsoupca\/wp-content\/uploads\/2018\/07\/campbells-beef-with-red-wine-broth-1.png","pll_sync_post":[],"_links":{"self":[{"href":"https:\/\/dev.badmath.com\/think33\/campbells\/campbellsoupca\/wp-json\/wp\/v2\/product\/6908"}],"collection":[{"href":"https:\/\/dev.badmath.com\/think33\/campbells\/campbellsoupca\/wp-json\/wp\/v2\/product"}],"about":[{"href":"https:\/\/dev.badmath.com\/think33\/campbells\/campbellsoupca\/wp-json\/wp\/v2\/types\/product"}],"wp:featuredmedia":[{"embeddable":true,"href":"https:\/\/dev.badmath.com\/think33\/campbells\/campbellsoupca\/wp-json\/wp\/v2\/media\/29277"}],"wp:attachment":[{"href":"https:\/\/dev.badmath.com\/think33\/campbells\/campbellsoupca\/wp-json\/wp\/v2\/media?parent=6908"}],"wp:term":[{"taxonomy":"product-category","embeddable":true,"href":"https:\/\/dev.badmath.com\/think33\/campbells\/campbellsoupca\/wp-json\/wp\/v2\/product-category?post=6908"},{"taxonomy":"product-brand","embeddable":true,"href":"https:\/\/dev.badmath.com\/think33\/campbells\/campbellsoupca\/wp-json\/wp\/v2\/product-brand?post=6908"},{"taxonomy":"product-main-ingredient","embeddable":true,"href":"https:\/\/dev.badmath.com\/think33\/campbells\/campbellsoupca\/wp-json\/wp\/v2\/product-main-ingredient?post=6908"},{"taxonomy":"product-dietary-alternative","embeddable":true,"href":"https:\/\/dev.badmath.com\/think33\/campbells\/campbellsoupca\/wp-json\/wp\/v2\/product-dietary-alternative?post=6908"}],"curies":[{"name":"wp","href":"https:\/\/api.w.org\/{rel}","templated":true}]}}