{"id":6901,"date":"2018-07-31T17:15:40","date_gmt":"2018-07-31T17:15:40","guid":{"rendered":"https:\/\/campbellsoupca.wpengine.com\/?post_type=product&#038;p=6901"},"modified":"2023-03-03T02:41:57","modified_gmt":"2023-03-03T02:41:57","slug":"campbells-chunky-poulet-au-beurre-et-legumes","status":"publish","type":"product","link":"https:\/\/dev.badmath.com\/think33\/campbells\/campbellsoupca\/fr\/product\/campbells-chunky-poulet-au-beurre-et-legumes\/","title":{"rendered":"Campbell\u2019s\u00ae Chunky\u00ae Poulet au Beurre et L\u00e9gumes (515 mL)"},"featured_media":39001,"parent":0,"menu_order":0,"template":"","product-category":[369,373],"product-brand":[{"id":393,"slug":"campbell","name":"Campbell"},{"id":61,"slug":"chunkymd-de-campbellmd","name":"ChunkyMD de CampbellMD"}],"product-main-ingredient":[411],"product-dietary-alternative":[],"acf":[],"yoast_head":"<!-- This site is optimized with the Yoast SEO plugin v18.8 - https:\/\/yoast.com\/wordpress\/plugins\/seo\/ -->\n<title>Campbell\u2019s\u00ae Chunky\u00ae Poulet au Beurre et L\u00e9gumes (515 mL) - Campbell Company of Canada<\/title>\n<meta name=\"description\" content=\"L\u2019ar\u00f4me all\u00e9chant et la pointe de piquant de ce bouillon cr\u00e9meux d\u00e9bordant de poulet assaisonn\u00e9, de morceaux de l\u00e9gumes et d\u2019une poign\u00e9e de pois chiches rappellent les saveurs classiques de l\u2019Inde.\" \/>\n<meta name=\"robots\" content=\"index, follow, max-snippet:-1, max-image-preview:large, max-video-preview:-1\" \/>\n<link rel=\"canonical\" href=\"https:\/\/dev.badmath.com\/think33\/campbells\/campbellsoupca\/fr\/product\/campbells-chunky-poulet-au-beurre-et-legumes\/\" \/>\n<meta property=\"og:locale\" content=\"en_US\" \/>\n<meta property=\"og:type\" content=\"article\" \/>\n<meta property=\"og:title\" content=\"Campbell\u2019s\u00ae Chunky\u00ae Poulet au Beurre et L\u00e9gumes (515 mL) - Campbell Company of Canada\" \/>\n<meta property=\"og:description\" content=\"L\u2019ar\u00f4me all\u00e9chant et la pointe de piquant de ce bouillon cr\u00e9meux d\u00e9bordant de poulet assaisonn\u00e9, de morceaux de l\u00e9gumes et d\u2019une poign\u00e9e de pois chiches rappellent les saveurs classiques de l\u2019Inde.\" \/>\n<meta property=\"og:url\" content=\"https:\/\/dev.badmath.com\/think33\/campbells\/campbellsoupca\/fr\/product\/campbells-chunky-poulet-au-beurre-et-legumes\/\" \/>\n<meta property=\"og:site_name\" content=\"Campbell Company of Canada\" \/>\n<meta property=\"article:modified_time\" content=\"2023-03-03T02:41:57+00:00\" \/>\n<meta property=\"og:image\" content=\"https:\/\/dev.badmath.com\/think33\/campbells\/campbellsoupca\/wp-content\/uploads\/2018\/07\/chunky-butter-chicken-vegetable-1.png\" \/>\n\t<meta property=\"og:image:width\" content=\"652\" \/>\n\t<meta property=\"og:image:height\" content=\"1040\" \/>\n\t<meta property=\"og:image:type\" content=\"image\/png\" \/>\n<meta name=\"twitter:card\" content=\"summary_large_image\" \/>\n<script type=\"application\/ld+json\" class=\"yoast-schema-graph\">{\"@context\":\"https:\/\/schema.org\",\"@graph\":[{\"@type\":\"WebSite\",\"@id\":\"https:\/\/dev.badmath.com\/think33\/campbells\/campbellsoupca\/#website\",\"url\":\"https:\/\/dev.badmath.com\/think33\/campbells\/campbellsoupca\/\",\"name\":\"Campbell Company of Canada\",\"description\":\"\",\"potentialAction\":[{\"@type\":\"SearchAction\",\"target\":{\"@type\":\"EntryPoint\",\"urlTemplate\":\"https:\/\/dev.badmath.com\/think33\/campbells\/campbellsoupca\/search\/?query={search_term_string}\"},\"query-input\":\"required name=search_term_string\"}],\"inLanguage\":\"en-US\"},{\"@type\":\"ImageObject\",\"inLanguage\":\"en-US\",\"@id\":\"https:\/\/dev.badmath.com\/think33\/campbells\/campbellsoupca\/fr\/product\/campbells-chunky-poulet-au-beurre-et-legumes\/#primaryimage\",\"url\":\"https:\/\/dev.badmath.com\/think33\/campbells\/campbellsoupca\/wp-content\/uploads\/2018\/07\/chunky-butter-chicken-vegetable-1.png\",\"contentUrl\":\"https:\/\/dev.badmath.com\/think33\/campbells\/campbellsoupca\/wp-content\/uploads\/2018\/07\/chunky-butter-chicken-vegetable-1.png\",\"width\":652,\"height\":1040,\"caption\":\"Campbell\u2019s\u00ae Chunky\u00ae Poulet au Beurre et L\u00e9gumes\"},{\"@type\":\"WebPage\",\"@id\":\"https:\/\/dev.badmath.com\/think33\/campbells\/campbellsoupca\/fr\/product\/campbells-chunky-poulet-au-beurre-et-legumes\/#webpage\",\"url\":\"https:\/\/dev.badmath.com\/think33\/campbells\/campbellsoupca\/fr\/product\/campbells-chunky-poulet-au-beurre-et-legumes\/\",\"name\":\"Campbell\u2019s\u00ae Chunky\u00ae Poulet au Beurre et L\u00e9gumes (515 mL) - Campbell Company of Canada\",\"isPartOf\":{\"@id\":\"https:\/\/dev.badmath.com\/think33\/campbells\/campbellsoupca\/#website\"},\"primaryImageOfPage\":{\"@id\":\"https:\/\/dev.badmath.com\/think33\/campbells\/campbellsoupca\/fr\/product\/campbells-chunky-poulet-au-beurre-et-legumes\/#primaryimage\"},\"datePublished\":\"2018-07-31T17:15:40+00:00\",\"dateModified\":\"2023-03-03T02:41:57+00:00\",\"description\":\"L\u2019ar\u00f4me all\u00e9chant et la pointe de piquant de ce bouillon cr\u00e9meux d\u00e9bordant de poulet assaisonn\u00e9, de morceaux de l\u00e9gumes et d\u2019une poign\u00e9e de pois chiches rappellent les saveurs classiques de l\u2019Inde.\",\"breadcrumb\":{\"@id\":\"https:\/\/dev.badmath.com\/think33\/campbells\/campbellsoupca\/fr\/product\/campbells-chunky-poulet-au-beurre-et-legumes\/#breadcrumb\"},\"inLanguage\":\"en-US\",\"potentialAction\":[{\"@type\":\"ReadAction\",\"target\":[\"https:\/\/dev.badmath.com\/think33\/campbells\/campbellsoupca\/fr\/product\/campbells-chunky-poulet-au-beurre-et-legumes\/\"]}]},{\"@type\":\"BreadcrumbList\",\"@id\":\"https:\/\/dev.badmath.com\/think33\/campbells\/campbellsoupca\/fr\/product\/campbells-chunky-poulet-au-beurre-et-legumes\/#breadcrumb\",\"itemListElement\":[{\"@type\":\"ListItem\",\"position\":1,\"name\":\"Home\",\"item\":\"https:\/\/dev.badmath.com:8443\/think33\/campbells\/campbellsoupca\/\"},{\"@type\":\"ListItem\",\"position\":2,\"name\":\"Products\",\"item\":\"https:\/\/dev.badmath.com\/think33\/campbells\/campbellsoupca\/fr\/product\/\"},{\"@type\":\"ListItem\",\"position\":3,\"name\":\"Campbell\u2019s\u00ae Chunky\u00ae Poulet au Beurre et L\u00e9gumes (515 mL)\"}]}]}<\/script>\n<!-- \/ Yoast SEO plugin. -->","yoast_head_json":{"title":"Campbell\u2019s\u00ae Chunky\u00ae Poulet au Beurre et L\u00e9gumes (515 mL) - Campbell Company of Canada","description":"L\u2019ar\u00f4me all\u00e9chant et la pointe de piquant de ce bouillon cr\u00e9meux d\u00e9bordant de poulet assaisonn\u00e9, de morceaux de l\u00e9gumes et d\u2019une poign\u00e9e de pois chiches rappellent les saveurs classiques de l\u2019Inde.","robots":{"index":"index","follow":"follow","max-snippet":"max-snippet:-1","max-image-preview":"max-image-preview:large","max-video-preview":"max-video-preview:-1"},"canonical":"https:\/\/dev.badmath.com\/think33\/campbells\/campbellsoupca\/fr\/product\/campbells-chunky-poulet-au-beurre-et-legumes\/","og_locale":"en_US","og_type":"article","og_title":"Campbell\u2019s\u00ae Chunky\u00ae Poulet au Beurre et L\u00e9gumes (515 mL) - Campbell Company of Canada","og_description":"L\u2019ar\u00f4me all\u00e9chant et la pointe de piquant de ce bouillon cr\u00e9meux d\u00e9bordant de poulet assaisonn\u00e9, de morceaux de l\u00e9gumes et d\u2019une poign\u00e9e de pois chiches rappellent les saveurs classiques de l\u2019Inde.","og_url":"https:\/\/dev.badmath.com\/think33\/campbells\/campbellsoupca\/fr\/product\/campbells-chunky-poulet-au-beurre-et-legumes\/","og_site_name":"Campbell Company of Canada","article_modified_time":"2023-03-03T02:41:57+00:00","og_image":[{"width":652,"height":1040,"url":"https:\/\/dev.badmath.com\/think33\/campbells\/campbellsoupca\/wp-content\/uploads\/2018\/07\/chunky-butter-chicken-vegetable-1.png","type":"image\/png"}],"twitter_card":"summary_large_image","schema":{"@context":"https:\/\/schema.org","@graph":[{"@type":"WebSite","@id":"https:\/\/dev.badmath.com\/think33\/campbells\/campbellsoupca\/#website","url":"https:\/\/dev.badmath.com\/think33\/campbells\/campbellsoupca\/","name":"Campbell Company of Canada","description":"","potentialAction":[{"@type":"SearchAction","target":{"@type":"EntryPoint","urlTemplate":"https:\/\/dev.badmath.com\/think33\/campbells\/campbellsoupca\/search\/?query={search_term_string}"},"query-input":"required name=search_term_string"}],"inLanguage":"en-US"},{"@type":"ImageObject","inLanguage":"en-US","@id":"https:\/\/dev.badmath.com\/think33\/campbells\/campbellsoupca\/fr\/product\/campbells-chunky-poulet-au-beurre-et-legumes\/#primaryimage","url":"https:\/\/dev.badmath.com\/think33\/campbells\/campbellsoupca\/wp-content\/uploads\/2018\/07\/chunky-butter-chicken-vegetable-1.png","contentUrl":"https:\/\/dev.badmath.com\/think33\/campbells\/campbellsoupca\/wp-content\/uploads\/2018\/07\/chunky-butter-chicken-vegetable-1.png","width":652,"height":1040,"caption":"Campbell\u2019s\u00ae Chunky\u00ae Poulet au Beurre et L\u00e9gumes"},{"@type":"WebPage","@id":"https:\/\/dev.badmath.com\/think33\/campbells\/campbellsoupca\/fr\/product\/campbells-chunky-poulet-au-beurre-et-legumes\/#webpage","url":"https:\/\/dev.badmath.com\/think33\/campbells\/campbellsoupca\/fr\/product\/campbells-chunky-poulet-au-beurre-et-legumes\/","name":"Campbell\u2019s\u00ae Chunky\u00ae Poulet au Beurre et L\u00e9gumes (515 mL) - Campbell Company of Canada","isPartOf":{"@id":"https:\/\/dev.badmath.com\/think33\/campbells\/campbellsoupca\/#website"},"primaryImageOfPage":{"@id":"https:\/\/dev.badmath.com\/think33\/campbells\/campbellsoupca\/fr\/product\/campbells-chunky-poulet-au-beurre-et-legumes\/#primaryimage"},"datePublished":"2018-07-31T17:15:40+00:00","dateModified":"2023-03-03T02:41:57+00:00","description":"L\u2019ar\u00f4me all\u00e9chant et la pointe de piquant de ce bouillon cr\u00e9meux d\u00e9bordant de poulet assaisonn\u00e9, de morceaux de l\u00e9gumes et d\u2019une poign\u00e9e de pois chiches rappellent les saveurs classiques de l\u2019Inde.","breadcrumb":{"@id":"https:\/\/dev.badmath.com\/think33\/campbells\/campbellsoupca\/fr\/product\/campbells-chunky-poulet-au-beurre-et-legumes\/#breadcrumb"},"inLanguage":"en-US","potentialAction":[{"@type":"ReadAction","target":["https:\/\/dev.badmath.com\/think33\/campbells\/campbellsoupca\/fr\/product\/campbells-chunky-poulet-au-beurre-et-legumes\/"]}]},{"@type":"BreadcrumbList","@id":"https:\/\/dev.badmath.com\/think33\/campbells\/campbellsoupca\/fr\/product\/campbells-chunky-poulet-au-beurre-et-legumes\/#breadcrumb","itemListElement":[{"@type":"ListItem","position":1,"name":"Home","item":"https:\/\/dev.badmath.com:8443\/think33\/campbells\/campbellsoupca\/"},{"@type":"ListItem","position":2,"name":"Products","item":"https:\/\/dev.badmath.com\/think33\/campbells\/campbellsoupca\/fr\/product\/"},{"@type":"ListItem","position":3,"name":"Campbell\u2019s\u00ae Chunky\u00ae Poulet au Beurre et L\u00e9gumes (515 mL)"}]}]}},"lang":"fr","translations":{"fr":6901,"en":6896},"product_title":"<em>Campbell\u2019s<sup>\u00ae<\/sup> Chunky<sup>\u00ae<\/sup><\/em> Poulet au Beurre et L\u00e9gumes (515 mL)\n","description":"<p>L\u2019ar\u00f4me all\u00e9chant et la pointe de piquant de ce bouillon cr\u00e9meux d\u00e9bordant de poulet assaisonn\u00e9, de morceaux de l\u00e9gumes et d\u2019une poign\u00e9e de pois chiches rappellent les saveurs classiques de l\u2019Inde.<\/p>\n","featured_image":"https:\/\/dev.badmath.com\/think33\/campbells\/campbellsoupca\/wp-content\/uploads\/2018\/07\/chunky-butter-chicken-vegetable-1-642x1024.png","pll_sync_post":[],"_links":{"self":[{"href":"https:\/\/dev.badmath.com\/think33\/campbells\/campbellsoupca\/wp-json\/wp\/v2\/product\/6901"}],"collection":[{"href":"https:\/\/dev.badmath.com\/think33\/campbells\/campbellsoupca\/wp-json\/wp\/v2\/product"}],"about":[{"href":"https:\/\/dev.badmath.com\/think33\/campbells\/campbellsoupca\/wp-json\/wp\/v2\/types\/product"}],"wp:featuredmedia":[{"embeddable":true,"href":"https:\/\/dev.badmath.com\/think33\/campbells\/campbellsoupca\/wp-json\/wp\/v2\/media\/39001"}],"wp:attachment":[{"href":"https:\/\/dev.badmath.com\/think33\/campbells\/campbellsoupca\/wp-json\/wp\/v2\/media?parent=6901"}],"wp:term":[{"taxonomy":"product-category","embeddable":true,"href":"https:\/\/dev.badmath.com\/think33\/campbells\/campbellsoupca\/wp-json\/wp\/v2\/product-category?post=6901"},{"taxonomy":"product-brand","embeddable":true,"href":"https:\/\/dev.badmath.com\/think33\/campbells\/campbellsoupca\/wp-json\/wp\/v2\/product-brand?post=6901"},{"taxonomy":"product-main-ingredient","embeddable":true,"href":"https:\/\/dev.badmath.com\/think33\/campbells\/campbellsoupca\/wp-json\/wp\/v2\/product-main-ingredient?post=6901"},{"taxonomy":"product-dietary-alternative","embeddable":true,"href":"https:\/\/dev.badmath.com\/think33\/campbells\/campbellsoupca\/wp-json\/wp\/v2\/product-dietary-alternative?post=6901"}],"curies":[{"name":"wp","href":"https:\/\/api.w.org\/{rel}","templated":true}]}}