{"id":684,"date":"2012-07-30T11:29:00","date_gmt":"2012-07-30T11:29:00","guid":{"rendered":"http:\/\/stagecscca.wpengine.com\/product\/habitant-soupe-poulet-et-riz-la-campagnarde\/"},"modified":"2021-08-26T19:07:34","modified_gmt":"2021-08-26T19:07:34","slug":"habitant-soupe-poulet-et-riz-la-campagnarde","status":"publish","type":"product","link":"https:\/\/dev.badmath.com\/think33\/campbells\/campbellsoupca\/fr\/product\/habitant-soupe-poulet-et-riz-la-campagnarde\/","title":{"rendered":"Habitant Soupe poulet et riz a la campagnarde"},"featured_media":31262,"parent":0,"menu_order":0,"template":"","product-category":[369,373],"product-brand":[{"id":69,"slug":"habitantmd","name":"HabitantMD"}],"product-main-ingredient":[411],"product-dietary-alternative":[{"id":439,"slug":"faible-en-gras","name":"Faible en gras","icon":"low-fat-fr"}],"acf":[],"yoast_head":"<!-- This site is optimized with the Yoast SEO plugin v18.8 - https:\/\/yoast.com\/wordpress\/plugins\/seo\/ -->\n<title>Habitant Soupe poulet et riz a la campagnarde - Campbell Company of Canada<\/title>\n<meta name=\"robots\" content=\"index, follow, max-snippet:-1, max-image-preview:large, max-video-preview:-1\" \/>\n<link rel=\"canonical\" href=\"https:\/\/dev.badmath.com\/think33\/campbells\/campbellsoupca\/fr\/product\/habitant-soupe-poulet-et-riz-la-campagnarde\/\" \/>\n<meta property=\"og:locale\" content=\"en_US\" \/>\n<meta property=\"og:type\" content=\"article\" \/>\n<meta property=\"og:title\" content=\"Habitant Soupe poulet et riz a la campagnarde - Campbell Company of Canada\" \/>\n<meta property=\"og:description\" content=\"Les soupes Habitant\u00ae sont fabriqu&eacute;es &agrave; partir de recettes traditionnelles depuis 1918. Cette soupe pr&ecirc;te &agrave; servir m&eacute;lange de tendres morceaux de poulet, du riz et juste le bon assaisonnement, pour une saveur satisfaisante et r&eacute;confortante.\" \/>\n<meta property=\"og:url\" content=\"https:\/\/dev.badmath.com\/think33\/campbells\/campbellsoupca\/fr\/product\/habitant-soupe-poulet-et-riz-la-campagnarde\/\" \/>\n<meta property=\"og:site_name\" content=\"Campbell Company of Canada\" \/>\n<meta property=\"article:modified_time\" content=\"2021-08-26T19:07:34+00:00\" \/>\n<meta property=\"og:image\" content=\"https:\/\/dev.badmath.com\/think33\/campbells\/campbellsoupca\/wp-content\/uploads\/2012\/07\/habitant-country-style-chicken-rice-soup-1.png\" \/>\n\t<meta property=\"og:image:width\" content=\"340\" \/>\n\t<meta property=\"og:image:height\" content=\"510\" \/>\n\t<meta property=\"og:image:type\" content=\"image\/png\" \/>\n<meta name=\"twitter:card\" content=\"summary_large_image\" \/>\n<script type=\"application\/ld+json\" class=\"yoast-schema-graph\">{\"@context\":\"https:\/\/schema.org\",\"@graph\":[{\"@type\":\"WebSite\",\"@id\":\"https:\/\/dev.badmath.com\/think33\/campbells\/campbellsoupca\/#website\",\"url\":\"https:\/\/dev.badmath.com\/think33\/campbells\/campbellsoupca\/\",\"name\":\"Campbell Company of Canada\",\"description\":\"\",\"potentialAction\":[{\"@type\":\"SearchAction\",\"target\":{\"@type\":\"EntryPoint\",\"urlTemplate\":\"https:\/\/dev.badmath.com\/think33\/campbells\/campbellsoupca\/search\/?query={search_term_string}\"},\"query-input\":\"required name=search_term_string\"}],\"inLanguage\":\"en-US\"},{\"@type\":\"ImageObject\",\"inLanguage\":\"en-US\",\"@id\":\"https:\/\/dev.badmath.com\/think33\/campbells\/campbellsoupca\/fr\/product\/habitant-soupe-poulet-et-riz-la-campagnarde\/#primaryimage\",\"url\":\"https:\/\/dev.badmath.com\/think33\/campbells\/campbellsoupca\/wp-content\/uploads\/2012\/07\/habitant-country-style-chicken-rice-soup-1.png\",\"contentUrl\":\"https:\/\/dev.badmath.com\/think33\/campbells\/campbellsoupca\/wp-content\/uploads\/2012\/07\/habitant-country-style-chicken-rice-soup-1.png\",\"width\":340,\"height\":510,\"caption\":\"Habitant Soupe poulet et riz \u00e0 la campagnarde\"},{\"@type\":\"WebPage\",\"@id\":\"https:\/\/dev.badmath.com\/think33\/campbells\/campbellsoupca\/fr\/product\/habitant-soupe-poulet-et-riz-la-campagnarde\/#webpage\",\"url\":\"https:\/\/dev.badmath.com\/think33\/campbells\/campbellsoupca\/fr\/product\/habitant-soupe-poulet-et-riz-la-campagnarde\/\",\"name\":\"Habitant Soupe poulet et riz a la campagnarde - Campbell Company of Canada\",\"isPartOf\":{\"@id\":\"https:\/\/dev.badmath.com\/think33\/campbells\/campbellsoupca\/#website\"},\"primaryImageOfPage\":{\"@id\":\"https:\/\/dev.badmath.com\/think33\/campbells\/campbellsoupca\/fr\/product\/habitant-soupe-poulet-et-riz-la-campagnarde\/#primaryimage\"},\"datePublished\":\"2012-07-30T11:29:00+00:00\",\"dateModified\":\"2021-08-26T19:07:34+00:00\",\"breadcrumb\":{\"@id\":\"https:\/\/dev.badmath.com\/think33\/campbells\/campbellsoupca\/fr\/product\/habitant-soupe-poulet-et-riz-la-campagnarde\/#breadcrumb\"},\"inLanguage\":\"en-US\",\"potentialAction\":[{\"@type\":\"ReadAction\",\"target\":[\"https:\/\/dev.badmath.com\/think33\/campbells\/campbellsoupca\/fr\/product\/habitant-soupe-poulet-et-riz-la-campagnarde\/\"]}]},{\"@type\":\"BreadcrumbList\",\"@id\":\"https:\/\/dev.badmath.com\/think33\/campbells\/campbellsoupca\/fr\/product\/habitant-soupe-poulet-et-riz-la-campagnarde\/#breadcrumb\",\"itemListElement\":[{\"@type\":\"ListItem\",\"position\":1,\"name\":\"Home\",\"item\":\"https:\/\/dev.badmath.com:8443\/think33\/campbells\/campbellsoupca\/\"},{\"@type\":\"ListItem\",\"position\":2,\"name\":\"Products\",\"item\":\"https:\/\/dev.badmath.com\/think33\/campbells\/campbellsoupca\/fr\/product\/\"},{\"@type\":\"ListItem\",\"position\":3,\"name\":\"Habitant Soupe poulet et riz a la campagnarde\"}]}]}<\/script>\n<!-- \/ Yoast SEO plugin. -->","yoast_head_json":{"title":"Habitant Soupe poulet et riz a la campagnarde - Campbell Company of Canada","robots":{"index":"index","follow":"follow","max-snippet":"max-snippet:-1","max-image-preview":"max-image-preview:large","max-video-preview":"max-video-preview:-1"},"canonical":"https:\/\/dev.badmath.com\/think33\/campbells\/campbellsoupca\/fr\/product\/habitant-soupe-poulet-et-riz-la-campagnarde\/","og_locale":"en_US","og_type":"article","og_title":"Habitant Soupe poulet et riz a la campagnarde - Campbell Company of Canada","og_description":"Les soupes Habitant\u00ae sont fabriqu&eacute;es &agrave; partir de recettes traditionnelles depuis 1918. Cette soupe pr&ecirc;te &agrave; servir m&eacute;lange de tendres morceaux de poulet, du riz et juste le bon assaisonnement, pour une saveur satisfaisante et r&eacute;confortante.","og_url":"https:\/\/dev.badmath.com\/think33\/campbells\/campbellsoupca\/fr\/product\/habitant-soupe-poulet-et-riz-la-campagnarde\/","og_site_name":"Campbell Company of Canada","article_modified_time":"2021-08-26T19:07:34+00:00","og_image":[{"width":340,"height":510,"url":"https:\/\/dev.badmath.com\/think33\/campbells\/campbellsoupca\/wp-content\/uploads\/2012\/07\/habitant-country-style-chicken-rice-soup-1.png","type":"image\/png"}],"twitter_card":"summary_large_image","schema":{"@context":"https:\/\/schema.org","@graph":[{"@type":"WebSite","@id":"https:\/\/dev.badmath.com\/think33\/campbells\/campbellsoupca\/#website","url":"https:\/\/dev.badmath.com\/think33\/campbells\/campbellsoupca\/","name":"Campbell Company of Canada","description":"","potentialAction":[{"@type":"SearchAction","target":{"@type":"EntryPoint","urlTemplate":"https:\/\/dev.badmath.com\/think33\/campbells\/campbellsoupca\/search\/?query={search_term_string}"},"query-input":"required name=search_term_string"}],"inLanguage":"en-US"},{"@type":"ImageObject","inLanguage":"en-US","@id":"https:\/\/dev.badmath.com\/think33\/campbells\/campbellsoupca\/fr\/product\/habitant-soupe-poulet-et-riz-la-campagnarde\/#primaryimage","url":"https:\/\/dev.badmath.com\/think33\/campbells\/campbellsoupca\/wp-content\/uploads\/2012\/07\/habitant-country-style-chicken-rice-soup-1.png","contentUrl":"https:\/\/dev.badmath.com\/think33\/campbells\/campbellsoupca\/wp-content\/uploads\/2012\/07\/habitant-country-style-chicken-rice-soup-1.png","width":340,"height":510,"caption":"Habitant Soupe poulet et riz \u00e0 la campagnarde"},{"@type":"WebPage","@id":"https:\/\/dev.badmath.com\/think33\/campbells\/campbellsoupca\/fr\/product\/habitant-soupe-poulet-et-riz-la-campagnarde\/#webpage","url":"https:\/\/dev.badmath.com\/think33\/campbells\/campbellsoupca\/fr\/product\/habitant-soupe-poulet-et-riz-la-campagnarde\/","name":"Habitant Soupe poulet et riz a la campagnarde - Campbell Company of Canada","isPartOf":{"@id":"https:\/\/dev.badmath.com\/think33\/campbells\/campbellsoupca\/#website"},"primaryImageOfPage":{"@id":"https:\/\/dev.badmath.com\/think33\/campbells\/campbellsoupca\/fr\/product\/habitant-soupe-poulet-et-riz-la-campagnarde\/#primaryimage"},"datePublished":"2012-07-30T11:29:00+00:00","dateModified":"2021-08-26T19:07:34+00:00","breadcrumb":{"@id":"https:\/\/dev.badmath.com\/think33\/campbells\/campbellsoupca\/fr\/product\/habitant-soupe-poulet-et-riz-la-campagnarde\/#breadcrumb"},"inLanguage":"en-US","potentialAction":[{"@type":"ReadAction","target":["https:\/\/dev.badmath.com\/think33\/campbells\/campbellsoupca\/fr\/product\/habitant-soupe-poulet-et-riz-la-campagnarde\/"]}]},{"@type":"BreadcrumbList","@id":"https:\/\/dev.badmath.com\/think33\/campbells\/campbellsoupca\/fr\/product\/habitant-soupe-poulet-et-riz-la-campagnarde\/#breadcrumb","itemListElement":[{"@type":"ListItem","position":1,"name":"Home","item":"https:\/\/dev.badmath.com:8443\/think33\/campbells\/campbellsoupca\/"},{"@type":"ListItem","position":2,"name":"Products","item":"https:\/\/dev.badmath.com\/think33\/campbells\/campbellsoupca\/fr\/product\/"},{"@type":"ListItem","position":3,"name":"Habitant Soupe poulet et riz a la campagnarde"}]}]}},"lang":"fr","translations":{"fr":684,"en":234},"product_title":"<i>Habitant<\/i><sup>\u00ae<\/sup> Soupe poulet et riz \u00e0 la campagnarde\n","description":"<p>Les soupes <em>Habitant<\/em><sup>\u00ae<\/sup> sont fabriqu\u00e9es \u00e0 partir de recettes traditionnelles depuis 1918. Cette soupe pr\u00eate \u00e0 servir m\u00e9lange de tendres morceaux de poulet, du riz et juste le bon assaisonnement, pour une saveur satisfaisante et r\u00e9confortante.<\/p>\n","featured_image":"https:\/\/dev.badmath.com\/think33\/campbells\/campbellsoupca\/wp-content\/uploads\/2012\/07\/habitant-country-style-chicken-rice-soup-1.png","pll_sync_post":[],"_links":{"self":[{"href":"https:\/\/dev.badmath.com\/think33\/campbells\/campbellsoupca\/wp-json\/wp\/v2\/product\/684"}],"collection":[{"href":"https:\/\/dev.badmath.com\/think33\/campbells\/campbellsoupca\/wp-json\/wp\/v2\/product"}],"about":[{"href":"https:\/\/dev.badmath.com\/think33\/campbells\/campbellsoupca\/wp-json\/wp\/v2\/types\/product"}],"wp:featuredmedia":[{"embeddable":true,"href":"https:\/\/dev.badmath.com\/think33\/campbells\/campbellsoupca\/wp-json\/wp\/v2\/media\/31262"}],"wp:attachment":[{"href":"https:\/\/dev.badmath.com\/think33\/campbells\/campbellsoupca\/wp-json\/wp\/v2\/media?parent=684"}],"wp:term":[{"taxonomy":"product-category","embeddable":true,"href":"https:\/\/dev.badmath.com\/think33\/campbells\/campbellsoupca\/wp-json\/wp\/v2\/product-category?post=684"},{"taxonomy":"product-brand","embeddable":true,"href":"https:\/\/dev.badmath.com\/think33\/campbells\/campbellsoupca\/wp-json\/wp\/v2\/product-brand?post=684"},{"taxonomy":"product-main-ingredient","embeddable":true,"href":"https:\/\/dev.badmath.com\/think33\/campbells\/campbellsoupca\/wp-json\/wp\/v2\/product-main-ingredient?post=684"},{"taxonomy":"product-dietary-alternative","embeddable":true,"href":"https:\/\/dev.badmath.com\/think33\/campbells\/campbellsoupca\/wp-json\/wp\/v2\/product-dietary-alternative?post=684"}],"curies":[{"name":"wp","href":"https:\/\/api.w.org\/{rel}","templated":true}]}}