{"id":683,"date":"2012-07-30T11:29:00","date_gmt":"2012-07-30T11:29:00","guid":{"rendered":"http:\/\/stagecscca.wpengine.com\/product\/habitant-soupe-au-poulet-avec-nouilles-aux-ufs\/"},"modified":"2021-04-30T14:29:05","modified_gmt":"2021-04-30T14:29:05","slug":"habitant-soupe-au-poulet-avec-nouilles-aux-ufs","status":"publish","type":"product","link":"https:\/\/dev.badmath.com\/think33\/campbells\/campbellsoupca\/fr\/product\/habitant-soupe-au-poulet-avec-nouilles-aux-ufs\/","title":{"rendered":"Habitant Soupe au poulet avec nouilles aux oeufs"},"featured_media":31319,"parent":0,"menu_order":0,"template":"","product-category":[369,373],"product-brand":[{"id":69,"slug":"habitantmd","name":"HabitantMD"}],"product-main-ingredient":[411],"product-dietary-alternative":[{"id":439,"slug":"faible-en-gras","name":"Faible en gras","icon":"low-fat-fr"}],"acf":[],"yoast_head":"<!-- This site is optimized with the Yoast SEO plugin v18.8 - https:\/\/yoast.com\/wordpress\/plugins\/seo\/ -->\n<title>Habitant Soupe au poulet avec nouilles aux oeufs - Campbell Company of Canada<\/title>\n<meta name=\"robots\" content=\"index, follow, max-snippet:-1, max-image-preview:large, max-video-preview:-1\" \/>\n<link rel=\"canonical\" href=\"https:\/\/dev.badmath.com\/think33\/campbells\/campbellsoupca\/fr\/product\/habitant-soupe-au-poulet-avec-nouilles-aux-ufs\/\" \/>\n<meta property=\"og:locale\" content=\"en_US\" \/>\n<meta property=\"og:type\" content=\"article\" \/>\n<meta property=\"og:title\" content=\"Habitant Soupe au poulet avec nouilles aux oeufs - Campbell Company of Canada\" \/>\n<meta property=\"og:description\" content=\"Les soupes Habitant\u00ae sont fabriqu&eacute;es &agrave; partir de recettes traditionnelles depuis 1918. Cette soupe pr&ecirc;te &agrave; servir marie de tendres morceaux de poulet, des nouilles aux oeufs al dente et juste le bon assaisonnement, pour une saveur satisfaisante et r&eacute;confortante.\" \/>\n<meta property=\"og:url\" content=\"https:\/\/dev.badmath.com\/think33\/campbells\/campbellsoupca\/fr\/product\/habitant-soupe-au-poulet-avec-nouilles-aux-ufs\/\" \/>\n<meta property=\"og:site_name\" content=\"Campbell Company of Canada\" \/>\n<meta property=\"article:modified_time\" content=\"2021-04-30T14:29:05+00:00\" \/>\n<meta property=\"og:image\" content=\"https:\/\/dev.badmath.com\/think33\/campbells\/campbellsoupca\/wp-content\/uploads\/2012\/07\/897692_CknEggNoodle_28oz_FR.png\" \/>\n\t<meta property=\"og:image:width\" content=\"340\" \/>\n\t<meta property=\"og:image:height\" content=\"510\" \/>\n\t<meta property=\"og:image:type\" content=\"image\/png\" \/>\n<meta name=\"twitter:card\" content=\"summary_large_image\" \/>\n<script type=\"application\/ld+json\" class=\"yoast-schema-graph\">{\"@context\":\"https:\/\/schema.org\",\"@graph\":[{\"@type\":\"WebSite\",\"@id\":\"https:\/\/dev.badmath.com\/think33\/campbells\/campbellsoupca\/#website\",\"url\":\"https:\/\/dev.badmath.com\/think33\/campbells\/campbellsoupca\/\",\"name\":\"Campbell Company of Canada\",\"description\":\"\",\"potentialAction\":[{\"@type\":\"SearchAction\",\"target\":{\"@type\":\"EntryPoint\",\"urlTemplate\":\"https:\/\/dev.badmath.com\/think33\/campbells\/campbellsoupca\/search\/?query={search_term_string}\"},\"query-input\":\"required name=search_term_string\"}],\"inLanguage\":\"en-US\"},{\"@type\":\"ImageObject\",\"inLanguage\":\"en-US\",\"@id\":\"https:\/\/dev.badmath.com\/think33\/campbells\/campbellsoupca\/fr\/product\/habitant-soupe-au-poulet-avec-nouilles-aux-ufs\/#primaryimage\",\"url\":\"https:\/\/dev.badmath.com\/think33\/campbells\/campbellsoupca\/wp-content\/uploads\/2012\/07\/897692_CknEggNoodle_28oz_FR.png\",\"contentUrl\":\"https:\/\/dev.badmath.com\/think33\/campbells\/campbellsoupca\/wp-content\/uploads\/2012\/07\/897692_CknEggNoodle_28oz_FR.png\",\"width\":340,\"height\":510,\"caption\":\"Habitant\u00ae Soupe au poulet avec nouilles aux \u0153ufs\"},{\"@type\":\"WebPage\",\"@id\":\"https:\/\/dev.badmath.com\/think33\/campbells\/campbellsoupca\/fr\/product\/habitant-soupe-au-poulet-avec-nouilles-aux-ufs\/#webpage\",\"url\":\"https:\/\/dev.badmath.com\/think33\/campbells\/campbellsoupca\/fr\/product\/habitant-soupe-au-poulet-avec-nouilles-aux-ufs\/\",\"name\":\"Habitant Soupe au poulet avec nouilles aux oeufs - Campbell Company of Canada\",\"isPartOf\":{\"@id\":\"https:\/\/dev.badmath.com\/think33\/campbells\/campbellsoupca\/#website\"},\"primaryImageOfPage\":{\"@id\":\"https:\/\/dev.badmath.com\/think33\/campbells\/campbellsoupca\/fr\/product\/habitant-soupe-au-poulet-avec-nouilles-aux-ufs\/#primaryimage\"},\"datePublished\":\"2012-07-30T11:29:00+00:00\",\"dateModified\":\"2021-04-30T14:29:05+00:00\",\"breadcrumb\":{\"@id\":\"https:\/\/dev.badmath.com\/think33\/campbells\/campbellsoupca\/fr\/product\/habitant-soupe-au-poulet-avec-nouilles-aux-ufs\/#breadcrumb\"},\"inLanguage\":\"en-US\",\"potentialAction\":[{\"@type\":\"ReadAction\",\"target\":[\"https:\/\/dev.badmath.com\/think33\/campbells\/campbellsoupca\/fr\/product\/habitant-soupe-au-poulet-avec-nouilles-aux-ufs\/\"]}]},{\"@type\":\"BreadcrumbList\",\"@id\":\"https:\/\/dev.badmath.com\/think33\/campbells\/campbellsoupca\/fr\/product\/habitant-soupe-au-poulet-avec-nouilles-aux-ufs\/#breadcrumb\",\"itemListElement\":[{\"@type\":\"ListItem\",\"position\":1,\"name\":\"Home\",\"item\":\"https:\/\/dev.badmath.com:8443\/think33\/campbells\/campbellsoupca\/\"},{\"@type\":\"ListItem\",\"position\":2,\"name\":\"Products\",\"item\":\"https:\/\/dev.badmath.com\/think33\/campbells\/campbellsoupca\/fr\/product\/\"},{\"@type\":\"ListItem\",\"position\":3,\"name\":\"Habitant Soupe au poulet avec nouilles aux oeufs\"}]}]}<\/script>\n<!-- \/ Yoast SEO plugin. -->","yoast_head_json":{"title":"Habitant Soupe au poulet avec nouilles aux oeufs - Campbell Company of Canada","robots":{"index":"index","follow":"follow","max-snippet":"max-snippet:-1","max-image-preview":"max-image-preview:large","max-video-preview":"max-video-preview:-1"},"canonical":"https:\/\/dev.badmath.com\/think33\/campbells\/campbellsoupca\/fr\/product\/habitant-soupe-au-poulet-avec-nouilles-aux-ufs\/","og_locale":"en_US","og_type":"article","og_title":"Habitant Soupe au poulet avec nouilles aux oeufs - Campbell Company of Canada","og_description":"Les soupes Habitant\u00ae sont fabriqu&eacute;es &agrave; partir de recettes traditionnelles depuis 1918. Cette soupe pr&ecirc;te &agrave; servir marie de tendres morceaux de poulet, des nouilles aux oeufs al dente et juste le bon assaisonnement, pour une saveur satisfaisante et r&eacute;confortante.","og_url":"https:\/\/dev.badmath.com\/think33\/campbells\/campbellsoupca\/fr\/product\/habitant-soupe-au-poulet-avec-nouilles-aux-ufs\/","og_site_name":"Campbell Company of Canada","article_modified_time":"2021-04-30T14:29:05+00:00","og_image":[{"width":340,"height":510,"url":"https:\/\/dev.badmath.com\/think33\/campbells\/campbellsoupca\/wp-content\/uploads\/2012\/07\/897692_CknEggNoodle_28oz_FR.png","type":"image\/png"}],"twitter_card":"summary_large_image","schema":{"@context":"https:\/\/schema.org","@graph":[{"@type":"WebSite","@id":"https:\/\/dev.badmath.com\/think33\/campbells\/campbellsoupca\/#website","url":"https:\/\/dev.badmath.com\/think33\/campbells\/campbellsoupca\/","name":"Campbell Company of Canada","description":"","potentialAction":[{"@type":"SearchAction","target":{"@type":"EntryPoint","urlTemplate":"https:\/\/dev.badmath.com\/think33\/campbells\/campbellsoupca\/search\/?query={search_term_string}"},"query-input":"required name=search_term_string"}],"inLanguage":"en-US"},{"@type":"ImageObject","inLanguage":"en-US","@id":"https:\/\/dev.badmath.com\/think33\/campbells\/campbellsoupca\/fr\/product\/habitant-soupe-au-poulet-avec-nouilles-aux-ufs\/#primaryimage","url":"https:\/\/dev.badmath.com\/think33\/campbells\/campbellsoupca\/wp-content\/uploads\/2012\/07\/897692_CknEggNoodle_28oz_FR.png","contentUrl":"https:\/\/dev.badmath.com\/think33\/campbells\/campbellsoupca\/wp-content\/uploads\/2012\/07\/897692_CknEggNoodle_28oz_FR.png","width":340,"height":510,"caption":"Habitant\u00ae Soupe au poulet avec nouilles aux \u0153ufs"},{"@type":"WebPage","@id":"https:\/\/dev.badmath.com\/think33\/campbells\/campbellsoupca\/fr\/product\/habitant-soupe-au-poulet-avec-nouilles-aux-ufs\/#webpage","url":"https:\/\/dev.badmath.com\/think33\/campbells\/campbellsoupca\/fr\/product\/habitant-soupe-au-poulet-avec-nouilles-aux-ufs\/","name":"Habitant Soupe au poulet avec nouilles aux oeufs - Campbell Company of Canada","isPartOf":{"@id":"https:\/\/dev.badmath.com\/think33\/campbells\/campbellsoupca\/#website"},"primaryImageOfPage":{"@id":"https:\/\/dev.badmath.com\/think33\/campbells\/campbellsoupca\/fr\/product\/habitant-soupe-au-poulet-avec-nouilles-aux-ufs\/#primaryimage"},"datePublished":"2012-07-30T11:29:00+00:00","dateModified":"2021-04-30T14:29:05+00:00","breadcrumb":{"@id":"https:\/\/dev.badmath.com\/think33\/campbells\/campbellsoupca\/fr\/product\/habitant-soupe-au-poulet-avec-nouilles-aux-ufs\/#breadcrumb"},"inLanguage":"en-US","potentialAction":[{"@type":"ReadAction","target":["https:\/\/dev.badmath.com\/think33\/campbells\/campbellsoupca\/fr\/product\/habitant-soupe-au-poulet-avec-nouilles-aux-ufs\/"]}]},{"@type":"BreadcrumbList","@id":"https:\/\/dev.badmath.com\/think33\/campbells\/campbellsoupca\/fr\/product\/habitant-soupe-au-poulet-avec-nouilles-aux-ufs\/#breadcrumb","itemListElement":[{"@type":"ListItem","position":1,"name":"Home","item":"https:\/\/dev.badmath.com:8443\/think33\/campbells\/campbellsoupca\/"},{"@type":"ListItem","position":2,"name":"Products","item":"https:\/\/dev.badmath.com\/think33\/campbells\/campbellsoupca\/fr\/product\/"},{"@type":"ListItem","position":3,"name":"Habitant Soupe au poulet avec nouilles aux oeufs"}]}]}},"lang":"fr","translations":{"fr":683,"en":232},"product_title":"<i>Habitant<\/i><sup>\u00ae<\/sup> Soupe au poulet avec nouilles aux \u0153ufs\n","description":"<p>Les soupes <em>Habitant<\/em><sup>\u00ae<\/sup> sont fabriqu\u00e9es \u00e0 partir de recettes traditionnelles depuis 1918. Cette soupe pr\u00eate \u00e0 servir marie de tendres morceaux de poulet, des nouilles aux oeufs al dente et juste le bon assaisonnement, pour une saveur satisfaisante et r\u00e9confortante.<\/p>\n","featured_image":"https:\/\/dev.badmath.com\/think33\/campbells\/campbellsoupca\/wp-content\/uploads\/2012\/07\/897692_CknEggNoodle_28oz_FR.png","pll_sync_post":[],"_links":{"self":[{"href":"https:\/\/dev.badmath.com\/think33\/campbells\/campbellsoupca\/wp-json\/wp\/v2\/product\/683"}],"collection":[{"href":"https:\/\/dev.badmath.com\/think33\/campbells\/campbellsoupca\/wp-json\/wp\/v2\/product"}],"about":[{"href":"https:\/\/dev.badmath.com\/think33\/campbells\/campbellsoupca\/wp-json\/wp\/v2\/types\/product"}],"wp:featuredmedia":[{"embeddable":true,"href":"https:\/\/dev.badmath.com\/think33\/campbells\/campbellsoupca\/wp-json\/wp\/v2\/media\/31319"}],"wp:attachment":[{"href":"https:\/\/dev.badmath.com\/think33\/campbells\/campbellsoupca\/wp-json\/wp\/v2\/media?parent=683"}],"wp:term":[{"taxonomy":"product-category","embeddable":true,"href":"https:\/\/dev.badmath.com\/think33\/campbells\/campbellsoupca\/wp-json\/wp\/v2\/product-category?post=683"},{"taxonomy":"product-brand","embeddable":true,"href":"https:\/\/dev.badmath.com\/think33\/campbells\/campbellsoupca\/wp-json\/wp\/v2\/product-brand?post=683"},{"taxonomy":"product-main-ingredient","embeddable":true,"href":"https:\/\/dev.badmath.com\/think33\/campbells\/campbellsoupca\/wp-json\/wp\/v2\/product-main-ingredient?post=683"},{"taxonomy":"product-dietary-alternative","embeddable":true,"href":"https:\/\/dev.badmath.com\/think33\/campbells\/campbellsoupca\/wp-json\/wp\/v2\/product-dietary-alternative?post=683"}],"curies":[{"name":"wp","href":"https:\/\/api.w.org\/{rel}","templated":true}]}}