{"id":681,"date":"2012-07-30T11:29:00","date_gmt":"2012-07-30T11:29:00","guid":{"rendered":"http:\/\/stagecscca.wpengine.com\/product\/habitant-soupe-aux-lgumes-du-jardin\/"},"modified":"2018-07-25T20:43:13","modified_gmt":"2018-07-25T20:43:13","slug":"habitant-soupe-aux-lgumes-du-jardin","status":"publish","type":"product","link":"https:\/\/dev.badmath.com\/think33\/campbells\/campbellsoupca\/fr\/product\/habitant-soupe-aux-lgumes-du-jardin\/","title":{"rendered":"Habitant Soupe aux legumes du jardin"},"featured_media":229,"parent":0,"menu_order":0,"template":"","product-category":[369,373],"product-brand":[{"id":69,"slug":"habitantmd","name":"HabitantMD"}],"product-main-ingredient":[415],"product-dietary-alternative":[{"id":439,"slug":"faible-en-gras","name":"Faible en gras","icon":"low-fat-fr"}],"acf":[],"yoast_head":"<!-- This site is optimized with the Yoast SEO plugin v18.8 - https:\/\/yoast.com\/wordpress\/plugins\/seo\/ -->\n<title>Habitant Soupe aux legumes du jardin - Campbell Company of Canada<\/title>\n<meta name=\"robots\" content=\"index, follow, max-snippet:-1, max-image-preview:large, max-video-preview:-1\" \/>\n<link rel=\"canonical\" href=\"https:\/\/dev.badmath.com\/think33\/campbells\/campbellsoupca\/fr\/product\/habitant-soupe-aux-lgumes-du-jardin\/\" \/>\n<meta property=\"og:locale\" content=\"en_US\" \/>\n<meta property=\"og:type\" content=\"article\" \/>\n<meta property=\"og:title\" content=\"Habitant Soupe aux legumes du jardin - Campbell Company of Canada\" \/>\n<meta property=\"og:description\" content=\"Les soupes Habitant\u00ae sont fabriqu&eacute;es &agrave; partir de recettes traditionnelles depuis 1918. Cette soupe est devenue un classique chez les familles canadiennes pour ses g&eacute;n&eacute;reux morceaux de l&eacute;gumes de jardin assaisonn&eacute;s avec juste ce qu&#8217;il faut de fines herbes et d&#8217;&eacute;pices. De plus, chaque bol de 250&nbsp;mL offre une portion compl&egrave;te de l&eacute;gumes.\" \/>\n<meta property=\"og:url\" content=\"https:\/\/dev.badmath.com\/think33\/campbells\/campbellsoupca\/fr\/product\/habitant-soupe-aux-lgumes-du-jardin\/\" \/>\n<meta property=\"og:site_name\" content=\"Campbell Company of Canada\" \/>\n<meta property=\"article:modified_time\" content=\"2018-07-25T20:43:13+00:00\" \/>\n<meta property=\"og:image\" content=\"https:\/\/dev.badmath.com\/think33\/campbells\/campbellsoupca\/wp-content\/uploads\/2018\/05\/897692_GS_Veg_28oz_ENG.png\" \/>\n\t<meta property=\"og:image:width\" content=\"340\" \/>\n\t<meta property=\"og:image:height\" content=\"510\" \/>\n\t<meta property=\"og:image:type\" content=\"image\/png\" \/>\n<meta name=\"twitter:card\" content=\"summary_large_image\" \/>\n<script type=\"application\/ld+json\" class=\"yoast-schema-graph\">{\"@context\":\"https:\/\/schema.org\",\"@graph\":[{\"@type\":\"WebSite\",\"@id\":\"https:\/\/dev.badmath.com\/think33\/campbells\/campbellsoupca\/#website\",\"url\":\"https:\/\/dev.badmath.com\/think33\/campbells\/campbellsoupca\/\",\"name\":\"Campbell Company of Canada\",\"description\":\"\",\"potentialAction\":[{\"@type\":\"SearchAction\",\"target\":{\"@type\":\"EntryPoint\",\"urlTemplate\":\"https:\/\/dev.badmath.com\/think33\/campbells\/campbellsoupca\/search\/?query={search_term_string}\"},\"query-input\":\"required name=search_term_string\"}],\"inLanguage\":\"en-US\"},{\"@type\":\"ImageObject\",\"inLanguage\":\"en-US\",\"@id\":\"https:\/\/dev.badmath.com\/think33\/campbells\/campbellsoupca\/fr\/product\/habitant-soupe-aux-lgumes-du-jardin\/#primaryimage\",\"url\":\"https:\/\/dev.badmath.com\/think33\/campbells\/campbellsoupca\/wp-content\/uploads\/2018\/05\/897692_GS_Veg_28oz_ENG.png\",\"contentUrl\":\"https:\/\/dev.badmath.com\/think33\/campbells\/campbellsoupca\/wp-content\/uploads\/2018\/05\/897692_GS_Veg_28oz_ENG.png\",\"width\":340,\"height\":510,\"caption\":\"Habitant Garden Style Vegetable Soup\"},{\"@type\":\"WebPage\",\"@id\":\"https:\/\/dev.badmath.com\/think33\/campbells\/campbellsoupca\/fr\/product\/habitant-soupe-aux-lgumes-du-jardin\/#webpage\",\"url\":\"https:\/\/dev.badmath.com\/think33\/campbells\/campbellsoupca\/fr\/product\/habitant-soupe-aux-lgumes-du-jardin\/\",\"name\":\"Habitant Soupe aux legumes du jardin - Campbell Company of Canada\",\"isPartOf\":{\"@id\":\"https:\/\/dev.badmath.com\/think33\/campbells\/campbellsoupca\/#website\"},\"primaryImageOfPage\":{\"@id\":\"https:\/\/dev.badmath.com\/think33\/campbells\/campbellsoupca\/fr\/product\/habitant-soupe-aux-lgumes-du-jardin\/#primaryimage\"},\"datePublished\":\"2012-07-30T11:29:00+00:00\",\"dateModified\":\"2018-07-25T20:43:13+00:00\",\"breadcrumb\":{\"@id\":\"https:\/\/dev.badmath.com\/think33\/campbells\/campbellsoupca\/fr\/product\/habitant-soupe-aux-lgumes-du-jardin\/#breadcrumb\"},\"inLanguage\":\"en-US\",\"potentialAction\":[{\"@type\":\"ReadAction\",\"target\":[\"https:\/\/dev.badmath.com\/think33\/campbells\/campbellsoupca\/fr\/product\/habitant-soupe-aux-lgumes-du-jardin\/\"]}]},{\"@type\":\"BreadcrumbList\",\"@id\":\"https:\/\/dev.badmath.com\/think33\/campbells\/campbellsoupca\/fr\/product\/habitant-soupe-aux-lgumes-du-jardin\/#breadcrumb\",\"itemListElement\":[{\"@type\":\"ListItem\",\"position\":1,\"name\":\"Home\",\"item\":\"https:\/\/dev.badmath.com:8443\/think33\/campbells\/campbellsoupca\/\"},{\"@type\":\"ListItem\",\"position\":2,\"name\":\"Products\",\"item\":\"https:\/\/dev.badmath.com\/think33\/campbells\/campbellsoupca\/fr\/product\/\"},{\"@type\":\"ListItem\",\"position\":3,\"name\":\"Habitant Soupe aux legumes du jardin\"}]}]}<\/script>\n<!-- \/ Yoast SEO plugin. -->","yoast_head_json":{"title":"Habitant Soupe aux legumes du jardin - Campbell Company of Canada","robots":{"index":"index","follow":"follow","max-snippet":"max-snippet:-1","max-image-preview":"max-image-preview:large","max-video-preview":"max-video-preview:-1"},"canonical":"https:\/\/dev.badmath.com\/think33\/campbells\/campbellsoupca\/fr\/product\/habitant-soupe-aux-lgumes-du-jardin\/","og_locale":"en_US","og_type":"article","og_title":"Habitant Soupe aux legumes du jardin - Campbell Company of Canada","og_description":"Les soupes Habitant\u00ae sont fabriqu&eacute;es &agrave; partir de recettes traditionnelles depuis 1918. Cette soupe est devenue un classique chez les familles canadiennes pour ses g&eacute;n&eacute;reux morceaux de l&eacute;gumes de jardin assaisonn&eacute;s avec juste ce qu&#8217;il faut de fines herbes et d&#8217;&eacute;pices. De plus, chaque bol de 250&nbsp;mL offre une portion compl&egrave;te de l&eacute;gumes.","og_url":"https:\/\/dev.badmath.com\/think33\/campbells\/campbellsoupca\/fr\/product\/habitant-soupe-aux-lgumes-du-jardin\/","og_site_name":"Campbell Company of Canada","article_modified_time":"2018-07-25T20:43:13+00:00","og_image":[{"width":340,"height":510,"url":"https:\/\/dev.badmath.com\/think33\/campbells\/campbellsoupca\/wp-content\/uploads\/2018\/05\/897692_GS_Veg_28oz_ENG.png","type":"image\/png"}],"twitter_card":"summary_large_image","schema":{"@context":"https:\/\/schema.org","@graph":[{"@type":"WebSite","@id":"https:\/\/dev.badmath.com\/think33\/campbells\/campbellsoupca\/#website","url":"https:\/\/dev.badmath.com\/think33\/campbells\/campbellsoupca\/","name":"Campbell Company of Canada","description":"","potentialAction":[{"@type":"SearchAction","target":{"@type":"EntryPoint","urlTemplate":"https:\/\/dev.badmath.com\/think33\/campbells\/campbellsoupca\/search\/?query={search_term_string}"},"query-input":"required name=search_term_string"}],"inLanguage":"en-US"},{"@type":"ImageObject","inLanguage":"en-US","@id":"https:\/\/dev.badmath.com\/think33\/campbells\/campbellsoupca\/fr\/product\/habitant-soupe-aux-lgumes-du-jardin\/#primaryimage","url":"https:\/\/dev.badmath.com\/think33\/campbells\/campbellsoupca\/wp-content\/uploads\/2018\/05\/897692_GS_Veg_28oz_ENG.png","contentUrl":"https:\/\/dev.badmath.com\/think33\/campbells\/campbellsoupca\/wp-content\/uploads\/2018\/05\/897692_GS_Veg_28oz_ENG.png","width":340,"height":510,"caption":"Habitant Garden Style Vegetable Soup"},{"@type":"WebPage","@id":"https:\/\/dev.badmath.com\/think33\/campbells\/campbellsoupca\/fr\/product\/habitant-soupe-aux-lgumes-du-jardin\/#webpage","url":"https:\/\/dev.badmath.com\/think33\/campbells\/campbellsoupca\/fr\/product\/habitant-soupe-aux-lgumes-du-jardin\/","name":"Habitant Soupe aux legumes du jardin - Campbell Company of Canada","isPartOf":{"@id":"https:\/\/dev.badmath.com\/think33\/campbells\/campbellsoupca\/#website"},"primaryImageOfPage":{"@id":"https:\/\/dev.badmath.com\/think33\/campbells\/campbellsoupca\/fr\/product\/habitant-soupe-aux-lgumes-du-jardin\/#primaryimage"},"datePublished":"2012-07-30T11:29:00+00:00","dateModified":"2018-07-25T20:43:13+00:00","breadcrumb":{"@id":"https:\/\/dev.badmath.com\/think33\/campbells\/campbellsoupca\/fr\/product\/habitant-soupe-aux-lgumes-du-jardin\/#breadcrumb"},"inLanguage":"en-US","potentialAction":[{"@type":"ReadAction","target":["https:\/\/dev.badmath.com\/think33\/campbells\/campbellsoupca\/fr\/product\/habitant-soupe-aux-lgumes-du-jardin\/"]}]},{"@type":"BreadcrumbList","@id":"https:\/\/dev.badmath.com\/think33\/campbells\/campbellsoupca\/fr\/product\/habitant-soupe-aux-lgumes-du-jardin\/#breadcrumb","itemListElement":[{"@type":"ListItem","position":1,"name":"Home","item":"https:\/\/dev.badmath.com:8443\/think33\/campbells\/campbellsoupca\/"},{"@type":"ListItem","position":2,"name":"Products","item":"https:\/\/dev.badmath.com\/think33\/campbells\/campbellsoupca\/fr\/product\/"},{"@type":"ListItem","position":3,"name":"Habitant Soupe aux legumes du jardin"}]}]}},"lang":"fr","translations":{"fr":681,"en":228},"product_title":"<i>Habitant<\/i><sup>\u00ae<\/sup> Soupe aux l\u00e9gumes du jardin\n","description":"<p>Les soupes <em>Habitant<\/em><sup>\u00ae<\/sup> sont fabriqu\u00e9es \u00e0 partir de recettes traditionnelles depuis 1918. Cette soupe est devenue un classique chez les familles canadiennes pour ses g\u00e9n\u00e9reux morceaux de l\u00e9gumes de jardin assaisonn\u00e9s avec juste ce qu&#8217;il faut de fines herbes et d&#8217;\u00e9pices. De plus, chaque bol de 250\u00a0mL offre une portion compl\u00e8te de l\u00e9gumes.<\/p>\n","featured_image":"https:\/\/dev.badmath.com\/think33\/campbells\/campbellsoupca\/wp-content\/uploads\/2018\/05\/897692_GS_Veg_28oz_ENG.png","pll_sync_post":[],"_links":{"self":[{"href":"https:\/\/dev.badmath.com\/think33\/campbells\/campbellsoupca\/wp-json\/wp\/v2\/product\/681"}],"collection":[{"href":"https:\/\/dev.badmath.com\/think33\/campbells\/campbellsoupca\/wp-json\/wp\/v2\/product"}],"about":[{"href":"https:\/\/dev.badmath.com\/think33\/campbells\/campbellsoupca\/wp-json\/wp\/v2\/types\/product"}],"wp:featuredmedia":[{"embeddable":true,"href":"https:\/\/dev.badmath.com\/think33\/campbells\/campbellsoupca\/wp-json\/wp\/v2\/media\/229"}],"wp:attachment":[{"href":"https:\/\/dev.badmath.com\/think33\/campbells\/campbellsoupca\/wp-json\/wp\/v2\/media?parent=681"}],"wp:term":[{"taxonomy":"product-category","embeddable":true,"href":"https:\/\/dev.badmath.com\/think33\/campbells\/campbellsoupca\/wp-json\/wp\/v2\/product-category?post=681"},{"taxonomy":"product-brand","embeddable":true,"href":"https:\/\/dev.badmath.com\/think33\/campbells\/campbellsoupca\/wp-json\/wp\/v2\/product-brand?post=681"},{"taxonomy":"product-main-ingredient","embeddable":true,"href":"https:\/\/dev.badmath.com\/think33\/campbells\/campbellsoupca\/wp-json\/wp\/v2\/product-main-ingredient?post=681"},{"taxonomy":"product-dietary-alternative","embeddable":true,"href":"https:\/\/dev.badmath.com\/think33\/campbells\/campbellsoupca\/wp-json\/wp\/v2\/product-dietary-alternative?post=681"}],"curies":[{"name":"wp","href":"https:\/\/api.w.org\/{rel}","templated":true}]}}