{"id":628,"date":"2012-07-30T11:27:00","date_gmt":"2012-07-30T11:27:00","guid":{"rendered":"http:\/\/stagecscca.wpengine.com\/product\/campbells-condense-tomates-25-moins-de-sodium\/"},"modified":"2022-09-08T17:33:51","modified_gmt":"2022-09-08T17:33:51","slug":"campbells-condense-tomates-25-moins-de-sodium","status":"publish","type":"product","link":"https:\/\/dev.badmath.com\/think33\/campbells\/campbellsoupca\/fr\/product\/campbells-condense-tomates-25-moins-de-sodium\/","title":{"rendered":"Campbell&#8217;s condensee, Tomates 25% moins de sodium"},"featured_media":30647,"parent":0,"menu_order":0,"template":"","product-category":[357,371,359,369],"product-brand":[{"id":63,"slug":"condensees-campbellmd","name":"Condens\u00e9es CampbellMD"}],"product-main-ingredient":[417],"product-dietary-alternative":[{"id":439,"slug":"faible-en-gras","name":"Faible en gras","icon":"low-fat-fr"},{"id":437,"slug":"sodium-reduit","name":"Moins de Sodium","icon":"low-sodium"}],"acf":[],"yoast_head":"<!-- This site is optimized with the Yoast SEO plugin v18.8 - https:\/\/yoast.com\/wordpress\/plugins\/seo\/ -->\n<title>Campbell&#039;s condensee, Tomates 25% moins de sodium - Campbell Company of Canada<\/title>\n<meta name=\"robots\" content=\"index, follow, max-snippet:-1, max-image-preview:large, max-video-preview:-1\" \/>\n<link rel=\"canonical\" href=\"https:\/\/dev.badmath.com\/think33\/campbells\/campbellsoupca\/fr\/product\/campbells-condense-tomates-25-moins-de-sodium\/\" \/>\n<meta property=\"og:locale\" content=\"en_US\" \/>\n<meta property=\"og:type\" content=\"article\" \/>\n<meta property=\"og:title\" content=\"Campbell&#039;s condensee, Tomates 25% moins de sodium - Campbell Company of Canada\" \/>\n<meta property=\"og:description\" content=\"Chaque bo\u00eete offre l&#8217;intense saveur de tomates que vous aimez sans colorant ni saveur artificielle et avec 25% moins de sodium que notre soupe aux tomates condens&eacute;s r&eacute;guli&egrave;re. De plus, chaque bol de 250&nbsp;mL fournit une portion compl&egrave;te de l&eacute;gumes. Notre soupe aux Tomates avec 25 % moins de sodium se substitue aussi parfaitement &agrave; [&hellip;]\" \/>\n<meta property=\"og:url\" content=\"https:\/\/dev.badmath.com\/think33\/campbells\/campbellsoupca\/fr\/product\/campbells-condense-tomates-25-moins-de-sodium\/\" \/>\n<meta property=\"og:site_name\" content=\"Campbell Company of Canada\" \/>\n<meta property=\"article:modified_time\" content=\"2022-09-08T17:33:51+00:00\" \/>\n<meta property=\"og:image\" content=\"https:\/\/dev.badmath.com\/think33\/campbells\/campbellsoupca\/wp-content\/uploads\/2012\/07\/campbells-condensed-soup-tomato-less-salt-1.png\" \/>\n\t<meta property=\"og:image:width\" content=\"340\" \/>\n\t<meta property=\"og:image:height\" content=\"510\" \/>\n\t<meta property=\"og:image:type\" content=\"image\/png\" \/>\n<meta name=\"twitter:card\" content=\"summary_large_image\" \/>\n<script type=\"application\/ld+json\" class=\"yoast-schema-graph\">{\"@context\":\"https:\/\/schema.org\",\"@graph\":[{\"@type\":\"WebSite\",\"@id\":\"https:\/\/dev.badmath.com\/think33\/campbells\/campbellsoupca\/#website\",\"url\":\"https:\/\/dev.badmath.com\/think33\/campbells\/campbellsoupca\/\",\"name\":\"Campbell Company of Canada\",\"description\":\"\",\"potentialAction\":[{\"@type\":\"SearchAction\",\"target\":{\"@type\":\"EntryPoint\",\"urlTemplate\":\"https:\/\/dev.badmath.com\/think33\/campbells\/campbellsoupca\/search\/?query={search_term_string}\"},\"query-input\":\"required name=search_term_string\"}],\"inLanguage\":\"en-US\"},{\"@type\":\"ImageObject\",\"inLanguage\":\"en-US\",\"@id\":\"https:\/\/dev.badmath.com\/think33\/campbells\/campbellsoupca\/fr\/product\/campbells-condense-tomates-25-moins-de-sodium\/#primaryimage\",\"url\":\"https:\/\/dev.badmath.com\/think33\/campbells\/campbellsoupca\/wp-content\/uploads\/2012\/07\/campbells-condensed-soup-tomato-less-salt-1.png\",\"contentUrl\":\"https:\/\/dev.badmath.com\/think33\/campbells\/campbellsoupca\/wp-content\/uploads\/2012\/07\/campbells-condensed-soup-tomato-less-salt-1.png\",\"width\":340,\"height\":510,\"caption\":\"Campbell's condensee, Tomates 25% moins de sodium\"},{\"@type\":\"WebPage\",\"@id\":\"https:\/\/dev.badmath.com\/think33\/campbells\/campbellsoupca\/fr\/product\/campbells-condense-tomates-25-moins-de-sodium\/#webpage\",\"url\":\"https:\/\/dev.badmath.com\/think33\/campbells\/campbellsoupca\/fr\/product\/campbells-condense-tomates-25-moins-de-sodium\/\",\"name\":\"Campbell's condensee, Tomates 25% moins de sodium - Campbell Company of Canada\",\"isPartOf\":{\"@id\":\"https:\/\/dev.badmath.com\/think33\/campbells\/campbellsoupca\/#website\"},\"primaryImageOfPage\":{\"@id\":\"https:\/\/dev.badmath.com\/think33\/campbells\/campbellsoupca\/fr\/product\/campbells-condense-tomates-25-moins-de-sodium\/#primaryimage\"},\"datePublished\":\"2012-07-30T11:27:00+00:00\",\"dateModified\":\"2022-09-08T17:33:51+00:00\",\"breadcrumb\":{\"@id\":\"https:\/\/dev.badmath.com\/think33\/campbells\/campbellsoupca\/fr\/product\/campbells-condense-tomates-25-moins-de-sodium\/#breadcrumb\"},\"inLanguage\":\"en-US\",\"potentialAction\":[{\"@type\":\"ReadAction\",\"target\":[\"https:\/\/dev.badmath.com\/think33\/campbells\/campbellsoupca\/fr\/product\/campbells-condense-tomates-25-moins-de-sodium\/\"]}]},{\"@type\":\"BreadcrumbList\",\"@id\":\"https:\/\/dev.badmath.com\/think33\/campbells\/campbellsoupca\/fr\/product\/campbells-condense-tomates-25-moins-de-sodium\/#breadcrumb\",\"itemListElement\":[{\"@type\":\"ListItem\",\"position\":1,\"name\":\"Home\",\"item\":\"https:\/\/dev.badmath.com:8443\/think33\/campbells\/campbellsoupca\/\"},{\"@type\":\"ListItem\",\"position\":2,\"name\":\"Products\",\"item\":\"https:\/\/dev.badmath.com\/think33\/campbells\/campbellsoupca\/fr\/product\/\"},{\"@type\":\"ListItem\",\"position\":3,\"name\":\"Campbell&rsquo;s condensee, Tomates 25% moins de sodium\"}]}]}<\/script>\n<!-- \/ Yoast SEO plugin. -->","yoast_head_json":{"title":"Campbell's condensee, Tomates 25% moins de sodium - Campbell Company of Canada","robots":{"index":"index","follow":"follow","max-snippet":"max-snippet:-1","max-image-preview":"max-image-preview:large","max-video-preview":"max-video-preview:-1"},"canonical":"https:\/\/dev.badmath.com\/think33\/campbells\/campbellsoupca\/fr\/product\/campbells-condense-tomates-25-moins-de-sodium\/","og_locale":"en_US","og_type":"article","og_title":"Campbell's condensee, Tomates 25% moins de sodium - Campbell Company of Canada","og_description":"Chaque bo\u00eete offre l&#8217;intense saveur de tomates que vous aimez sans colorant ni saveur artificielle et avec 25% moins de sodium que notre soupe aux tomates condens&eacute;s r&eacute;guli&egrave;re. De plus, chaque bol de 250&nbsp;mL fournit une portion compl&egrave;te de l&eacute;gumes. Notre soupe aux Tomates avec 25 % moins de sodium se substitue aussi parfaitement &agrave; [&hellip;]","og_url":"https:\/\/dev.badmath.com\/think33\/campbells\/campbellsoupca\/fr\/product\/campbells-condense-tomates-25-moins-de-sodium\/","og_site_name":"Campbell Company of Canada","article_modified_time":"2022-09-08T17:33:51+00:00","og_image":[{"width":340,"height":510,"url":"https:\/\/dev.badmath.com\/think33\/campbells\/campbellsoupca\/wp-content\/uploads\/2012\/07\/campbells-condensed-soup-tomato-less-salt-1.png","type":"image\/png"}],"twitter_card":"summary_large_image","schema":{"@context":"https:\/\/schema.org","@graph":[{"@type":"WebSite","@id":"https:\/\/dev.badmath.com\/think33\/campbells\/campbellsoupca\/#website","url":"https:\/\/dev.badmath.com\/think33\/campbells\/campbellsoupca\/","name":"Campbell Company of Canada","description":"","potentialAction":[{"@type":"SearchAction","target":{"@type":"EntryPoint","urlTemplate":"https:\/\/dev.badmath.com\/think33\/campbells\/campbellsoupca\/search\/?query={search_term_string}"},"query-input":"required name=search_term_string"}],"inLanguage":"en-US"},{"@type":"ImageObject","inLanguage":"en-US","@id":"https:\/\/dev.badmath.com\/think33\/campbells\/campbellsoupca\/fr\/product\/campbells-condense-tomates-25-moins-de-sodium\/#primaryimage","url":"https:\/\/dev.badmath.com\/think33\/campbells\/campbellsoupca\/wp-content\/uploads\/2012\/07\/campbells-condensed-soup-tomato-less-salt-1.png","contentUrl":"https:\/\/dev.badmath.com\/think33\/campbells\/campbellsoupca\/wp-content\/uploads\/2012\/07\/campbells-condensed-soup-tomato-less-salt-1.png","width":340,"height":510,"caption":"Campbell's condensee, Tomates 25% moins de sodium"},{"@type":"WebPage","@id":"https:\/\/dev.badmath.com\/think33\/campbells\/campbellsoupca\/fr\/product\/campbells-condense-tomates-25-moins-de-sodium\/#webpage","url":"https:\/\/dev.badmath.com\/think33\/campbells\/campbellsoupca\/fr\/product\/campbells-condense-tomates-25-moins-de-sodium\/","name":"Campbell's condensee, Tomates 25% moins de sodium - Campbell Company of Canada","isPartOf":{"@id":"https:\/\/dev.badmath.com\/think33\/campbells\/campbellsoupca\/#website"},"primaryImageOfPage":{"@id":"https:\/\/dev.badmath.com\/think33\/campbells\/campbellsoupca\/fr\/product\/campbells-condense-tomates-25-moins-de-sodium\/#primaryimage"},"datePublished":"2012-07-30T11:27:00+00:00","dateModified":"2022-09-08T17:33:51+00:00","breadcrumb":{"@id":"https:\/\/dev.badmath.com\/think33\/campbells\/campbellsoupca\/fr\/product\/campbells-condense-tomates-25-moins-de-sodium\/#breadcrumb"},"inLanguage":"en-US","potentialAction":[{"@type":"ReadAction","target":["https:\/\/dev.badmath.com\/think33\/campbells\/campbellsoupca\/fr\/product\/campbells-condense-tomates-25-moins-de-sodium\/"]}]},{"@type":"BreadcrumbList","@id":"https:\/\/dev.badmath.com\/think33\/campbells\/campbellsoupca\/fr\/product\/campbells-condense-tomates-25-moins-de-sodium\/#breadcrumb","itemListElement":[{"@type":"ListItem","position":1,"name":"Home","item":"https:\/\/dev.badmath.com:8443\/think33\/campbells\/campbellsoupca\/"},{"@type":"ListItem","position":2,"name":"Products","item":"https:\/\/dev.badmath.com\/think33\/campbells\/campbellsoupca\/fr\/product\/"},{"@type":"ListItem","position":3,"name":"Campbell&rsquo;s condensee, Tomates 25% moins de sodium"}]}]}},"lang":"fr","translations":{"fr":628,"en":126},"product_title":"<i>Campbell&#8217;s<\/i><sup>\u00ae<\/sup> condens\u00e9e, Tomates 25% moins de sodium\n","description":"<p>Chaque bo\u00eete offre l&#8217;intense saveur de tomates que vous aimez sans colorant ni saveur artificielle et avec 25% moins de sodium que notre soupe aux tomates condens\u00e9s r\u00e9guli\u00e8re. De plus, chaque bol de 250\u00a0mL fournit une portion compl\u00e8te de l\u00e9gumes. Notre soupe aux Tomates avec 25 % moins de sodium se substitue aussi parfaitement \u00e0 notre soupe aux tomates r\u00e9guli\u00e8re dans toute une vari\u00e9t\u00e9 de recettes familiales favorites que vous trouverez \u00e0 cuisinezaveccampbells.ca<\/p>\n","featured_image":"https:\/\/dev.badmath.com\/think33\/campbells\/campbellsoupca\/wp-content\/uploads\/2012\/07\/campbells-condensed-soup-tomato-less-salt-1.png","pll_sync_post":[],"_links":{"self":[{"href":"https:\/\/dev.badmath.com\/think33\/campbells\/campbellsoupca\/wp-json\/wp\/v2\/product\/628"}],"collection":[{"href":"https:\/\/dev.badmath.com\/think33\/campbells\/campbellsoupca\/wp-json\/wp\/v2\/product"}],"about":[{"href":"https:\/\/dev.badmath.com\/think33\/campbells\/campbellsoupca\/wp-json\/wp\/v2\/types\/product"}],"wp:featuredmedia":[{"embeddable":true,"href":"https:\/\/dev.badmath.com\/think33\/campbells\/campbellsoupca\/wp-json\/wp\/v2\/media\/30647"}],"wp:attachment":[{"href":"https:\/\/dev.badmath.com\/think33\/campbells\/campbellsoupca\/wp-json\/wp\/v2\/media?parent=628"}],"wp:term":[{"taxonomy":"product-category","embeddable":true,"href":"https:\/\/dev.badmath.com\/think33\/campbells\/campbellsoupca\/wp-json\/wp\/v2\/product-category?post=628"},{"taxonomy":"product-brand","embeddable":true,"href":"https:\/\/dev.badmath.com\/think33\/campbells\/campbellsoupca\/wp-json\/wp\/v2\/product-brand?post=628"},{"taxonomy":"product-main-ingredient","embeddable":true,"href":"https:\/\/dev.badmath.com\/think33\/campbells\/campbellsoupca\/wp-json\/wp\/v2\/product-main-ingredient?post=628"},{"taxonomy":"product-dietary-alternative","embeddable":true,"href":"https:\/\/dev.badmath.com\/think33\/campbells\/campbellsoupca\/wp-json\/wp\/v2\/product-dietary-alternative?post=628"}],"curies":[{"name":"wp","href":"https:\/\/api.w.org\/{rel}","templated":true}]}}