{"id":625,"date":"2012-07-30T11:27:00","date_gmt":"2012-07-30T11:27:00","guid":{"rendered":"http:\/\/stagecscca.wpengine.com\/product\/campbells-condense-tomates\/"},"modified":"2021-09-14T20:15:45","modified_gmt":"2021-09-14T20:15:45","slug":"campbells-condense-tomates","status":"publish","type":"product","link":"https:\/\/dev.badmath.com\/think33\/campbells\/campbellsoupca\/fr\/product\/campbells-condense-tomates\/","title":{"rendered":"Campbell&#8217;s condensee, Tomates"},"featured_media":30665,"parent":0,"menu_order":0,"template":"","product-category":[357,371,359,369],"product-brand":[{"id":63,"slug":"condensees-campbellmd","name":"Condens\u00e9es CampbellMD"}],"product-main-ingredient":[417],"product-dietary-alternative":[{"id":439,"slug":"faible-en-gras","name":"Faible en gras","icon":"low-fat-fr"},{"id":429,"slug":"halal","name":"Halal","icon":"halal"}],"acf":[],"yoast_head":"<!-- This site is optimized with the Yoast SEO plugin v18.8 - https:\/\/yoast.com\/wordpress\/plugins\/seo\/ -->\n<title>Campbell&#039;s condensee, Tomates - Campbell Company of Canada<\/title>\n<meta name=\"robots\" content=\"index, follow, max-snippet:-1, max-image-preview:large, max-video-preview:-1\" \/>\n<link rel=\"canonical\" href=\"https:\/\/dev.badmath.com\/think33\/campbells\/campbellsoupca\/fr\/product\/campbells-condense-tomates\/\" \/>\n<meta property=\"og:locale\" content=\"en_US\" \/>\n<meta property=\"og:type\" content=\"article\" \/>\n<meta property=\"og:title\" content=\"Campbell&#039;s condensee, Tomates - Campbell Company of Canada\" \/>\n<meta property=\"og:description\" content=\"Aucune soupe n&#8217;est plus l&eacute;gendaire que la classique soupe aux tomates de Campbell&#8217;s\u00ae. Chaque bol de 250 m L offre deux portions compl&egrave;tes de l&eacute;gumes, ce qui n&#8217;est pas surprenant puisque chaque bo\u00eete contient 4 tomates, pour cr&eacute;er l&#8217;intense saveur de tomates que vous aimez, sans colorant ni saveur artificielle. C&#8217;est l&#8217;ingr&eacute;dient parfait pour toute [&hellip;]\" \/>\n<meta property=\"og:url\" content=\"https:\/\/dev.badmath.com\/think33\/campbells\/campbellsoupca\/fr\/product\/campbells-condense-tomates\/\" \/>\n<meta property=\"og:site_name\" content=\"Campbell Company of Canada\" \/>\n<meta property=\"article:modified_time\" content=\"2021-09-14T20:15:45+00:00\" \/>\n<meta property=\"og:image\" content=\"https:\/\/dev.badmath.com\/think33\/campbells\/campbellsoupca\/wp-content\/uploads\/2012\/07\/campbells-condensed-tomato-1.png\" \/>\n\t<meta property=\"og:image:width\" content=\"340\" \/>\n\t<meta property=\"og:image:height\" content=\"510\" \/>\n\t<meta property=\"og:image:type\" content=\"image\/png\" \/>\n<meta name=\"twitter:card\" content=\"summary_large_image\" \/>\n<script type=\"application\/ld+json\" class=\"yoast-schema-graph\">{\"@context\":\"https:\/\/schema.org\",\"@graph\":[{\"@type\":\"WebSite\",\"@id\":\"https:\/\/dev.badmath.com\/think33\/campbells\/campbellsoupca\/#website\",\"url\":\"https:\/\/dev.badmath.com\/think33\/campbells\/campbellsoupca\/\",\"name\":\"Campbell Company of Canada\",\"description\":\"\",\"potentialAction\":[{\"@type\":\"SearchAction\",\"target\":{\"@type\":\"EntryPoint\",\"urlTemplate\":\"https:\/\/dev.badmath.com\/think33\/campbells\/campbellsoupca\/search\/?query={search_term_string}\"},\"query-input\":\"required name=search_term_string\"}],\"inLanguage\":\"en-US\"},{\"@type\":\"ImageObject\",\"inLanguage\":\"en-US\",\"@id\":\"https:\/\/dev.badmath.com\/think33\/campbells\/campbellsoupca\/fr\/product\/campbells-condense-tomates\/#primaryimage\",\"url\":\"https:\/\/dev.badmath.com\/think33\/campbells\/campbellsoupca\/wp-content\/uploads\/2012\/07\/campbells-condensed-tomato-1.png\",\"contentUrl\":\"https:\/\/dev.badmath.com\/think33\/campbells\/campbellsoupca\/wp-content\/uploads\/2012\/07\/campbells-condensed-tomato-1.png\",\"width\":340,\"height\":510,\"caption\":\"Campbell's condensee, Tomates\"},{\"@type\":\"WebPage\",\"@id\":\"https:\/\/dev.badmath.com\/think33\/campbells\/campbellsoupca\/fr\/product\/campbells-condense-tomates\/#webpage\",\"url\":\"https:\/\/dev.badmath.com\/think33\/campbells\/campbellsoupca\/fr\/product\/campbells-condense-tomates\/\",\"name\":\"Campbell's condensee, Tomates - Campbell Company of Canada\",\"isPartOf\":{\"@id\":\"https:\/\/dev.badmath.com\/think33\/campbells\/campbellsoupca\/#website\"},\"primaryImageOfPage\":{\"@id\":\"https:\/\/dev.badmath.com\/think33\/campbells\/campbellsoupca\/fr\/product\/campbells-condense-tomates\/#primaryimage\"},\"datePublished\":\"2012-07-30T11:27:00+00:00\",\"dateModified\":\"2021-09-14T20:15:45+00:00\",\"breadcrumb\":{\"@id\":\"https:\/\/dev.badmath.com\/think33\/campbells\/campbellsoupca\/fr\/product\/campbells-condense-tomates\/#breadcrumb\"},\"inLanguage\":\"en-US\",\"potentialAction\":[{\"@type\":\"ReadAction\",\"target\":[\"https:\/\/dev.badmath.com\/think33\/campbells\/campbellsoupca\/fr\/product\/campbells-condense-tomates\/\"]}]},{\"@type\":\"BreadcrumbList\",\"@id\":\"https:\/\/dev.badmath.com\/think33\/campbells\/campbellsoupca\/fr\/product\/campbells-condense-tomates\/#breadcrumb\",\"itemListElement\":[{\"@type\":\"ListItem\",\"position\":1,\"name\":\"Home\",\"item\":\"https:\/\/dev.badmath.com:8443\/think33\/campbells\/campbellsoupca\/\"},{\"@type\":\"ListItem\",\"position\":2,\"name\":\"Products\",\"item\":\"https:\/\/dev.badmath.com\/think33\/campbells\/campbellsoupca\/fr\/product\/\"},{\"@type\":\"ListItem\",\"position\":3,\"name\":\"Campbell&rsquo;s condensee, Tomates\"}]}]}<\/script>\n<!-- \/ Yoast SEO plugin. -->","yoast_head_json":{"title":"Campbell's condensee, Tomates - Campbell Company of Canada","robots":{"index":"index","follow":"follow","max-snippet":"max-snippet:-1","max-image-preview":"max-image-preview:large","max-video-preview":"max-video-preview:-1"},"canonical":"https:\/\/dev.badmath.com\/think33\/campbells\/campbellsoupca\/fr\/product\/campbells-condense-tomates\/","og_locale":"en_US","og_type":"article","og_title":"Campbell's condensee, Tomates - Campbell Company of Canada","og_description":"Aucune soupe n&#8217;est plus l&eacute;gendaire que la classique soupe aux tomates de Campbell&#8217;s\u00ae. Chaque bol de 250 m L offre deux portions compl&egrave;tes de l&eacute;gumes, ce qui n&#8217;est pas surprenant puisque chaque bo\u00eete contient 4 tomates, pour cr&eacute;er l&#8217;intense saveur de tomates que vous aimez, sans colorant ni saveur artificielle. C&#8217;est l&#8217;ingr&eacute;dient parfait pour toute [&hellip;]","og_url":"https:\/\/dev.badmath.com\/think33\/campbells\/campbellsoupca\/fr\/product\/campbells-condense-tomates\/","og_site_name":"Campbell Company of Canada","article_modified_time":"2021-09-14T20:15:45+00:00","og_image":[{"width":340,"height":510,"url":"https:\/\/dev.badmath.com\/think33\/campbells\/campbellsoupca\/wp-content\/uploads\/2012\/07\/campbells-condensed-tomato-1.png","type":"image\/png"}],"twitter_card":"summary_large_image","schema":{"@context":"https:\/\/schema.org","@graph":[{"@type":"WebSite","@id":"https:\/\/dev.badmath.com\/think33\/campbells\/campbellsoupca\/#website","url":"https:\/\/dev.badmath.com\/think33\/campbells\/campbellsoupca\/","name":"Campbell Company of Canada","description":"","potentialAction":[{"@type":"SearchAction","target":{"@type":"EntryPoint","urlTemplate":"https:\/\/dev.badmath.com\/think33\/campbells\/campbellsoupca\/search\/?query={search_term_string}"},"query-input":"required name=search_term_string"}],"inLanguage":"en-US"},{"@type":"ImageObject","inLanguage":"en-US","@id":"https:\/\/dev.badmath.com\/think33\/campbells\/campbellsoupca\/fr\/product\/campbells-condense-tomates\/#primaryimage","url":"https:\/\/dev.badmath.com\/think33\/campbells\/campbellsoupca\/wp-content\/uploads\/2012\/07\/campbells-condensed-tomato-1.png","contentUrl":"https:\/\/dev.badmath.com\/think33\/campbells\/campbellsoupca\/wp-content\/uploads\/2012\/07\/campbells-condensed-tomato-1.png","width":340,"height":510,"caption":"Campbell's condensee, Tomates"},{"@type":"WebPage","@id":"https:\/\/dev.badmath.com\/think33\/campbells\/campbellsoupca\/fr\/product\/campbells-condense-tomates\/#webpage","url":"https:\/\/dev.badmath.com\/think33\/campbells\/campbellsoupca\/fr\/product\/campbells-condense-tomates\/","name":"Campbell's condensee, Tomates - Campbell Company of Canada","isPartOf":{"@id":"https:\/\/dev.badmath.com\/think33\/campbells\/campbellsoupca\/#website"},"primaryImageOfPage":{"@id":"https:\/\/dev.badmath.com\/think33\/campbells\/campbellsoupca\/fr\/product\/campbells-condense-tomates\/#primaryimage"},"datePublished":"2012-07-30T11:27:00+00:00","dateModified":"2021-09-14T20:15:45+00:00","breadcrumb":{"@id":"https:\/\/dev.badmath.com\/think33\/campbells\/campbellsoupca\/fr\/product\/campbells-condense-tomates\/#breadcrumb"},"inLanguage":"en-US","potentialAction":[{"@type":"ReadAction","target":["https:\/\/dev.badmath.com\/think33\/campbells\/campbellsoupca\/fr\/product\/campbells-condense-tomates\/"]}]},{"@type":"BreadcrumbList","@id":"https:\/\/dev.badmath.com\/think33\/campbells\/campbellsoupca\/fr\/product\/campbells-condense-tomates\/#breadcrumb","itemListElement":[{"@type":"ListItem","position":1,"name":"Home","item":"https:\/\/dev.badmath.com:8443\/think33\/campbells\/campbellsoupca\/"},{"@type":"ListItem","position":2,"name":"Products","item":"https:\/\/dev.badmath.com\/think33\/campbells\/campbellsoupca\/fr\/product\/"},{"@type":"ListItem","position":3,"name":"Campbell&rsquo;s condensee, Tomates"}]}]}},"lang":"fr","translations":{"fr":625,"en":120},"product_title":"<i>Campbell&#8217;s<\/i><sup>\u00ae<\/sup> condens\u00e9e, Tomates\n","description":"<p>Aucune soupe n&#8217;est plus l\u00e9gendaire que la classique soupe aux tomates de <em>Campbell&#8217;s<\/em><sup>\u00ae<\/sup>. Chaque bol de 250 m L offre deux portions compl\u00e8tes de l\u00e9gumes, ce qui n&#8217;est pas surprenant puisque chaque bo\u00eete contient 4 tomates, pour cr\u00e9er l&#8217;intense saveur de tomates que vous aimez, sans colorant ni saveur artificielle. C&#8217;est l&#8217;ingr\u00e9dient parfait pour toute une gamme de recettes familiales favorites et c&#8217;est une soupe exceptionnelles en soi.<\/p>\n","featured_image":"https:\/\/dev.badmath.com\/think33\/campbells\/campbellsoupca\/wp-content\/uploads\/2012\/07\/campbells-condensed-tomato-1.png","pll_sync_post":[],"_links":{"self":[{"href":"https:\/\/dev.badmath.com\/think33\/campbells\/campbellsoupca\/wp-json\/wp\/v2\/product\/625"}],"collection":[{"href":"https:\/\/dev.badmath.com\/think33\/campbells\/campbellsoupca\/wp-json\/wp\/v2\/product"}],"about":[{"href":"https:\/\/dev.badmath.com\/think33\/campbells\/campbellsoupca\/wp-json\/wp\/v2\/types\/product"}],"wp:featuredmedia":[{"embeddable":true,"href":"https:\/\/dev.badmath.com\/think33\/campbells\/campbellsoupca\/wp-json\/wp\/v2\/media\/30665"}],"wp:attachment":[{"href":"https:\/\/dev.badmath.com\/think33\/campbells\/campbellsoupca\/wp-json\/wp\/v2\/media?parent=625"}],"wp:term":[{"taxonomy":"product-category","embeddable":true,"href":"https:\/\/dev.badmath.com\/think33\/campbells\/campbellsoupca\/wp-json\/wp\/v2\/product-category?post=625"},{"taxonomy":"product-brand","embeddable":true,"href":"https:\/\/dev.badmath.com\/think33\/campbells\/campbellsoupca\/wp-json\/wp\/v2\/product-brand?post=625"},{"taxonomy":"product-main-ingredient","embeddable":true,"href":"https:\/\/dev.badmath.com\/think33\/campbells\/campbellsoupca\/wp-json\/wp\/v2\/product-main-ingredient?post=625"},{"taxonomy":"product-dietary-alternative","embeddable":true,"href":"https:\/\/dev.badmath.com\/think33\/campbells\/campbellsoupca\/wp-json\/wp\/v2\/product-dietary-alternative?post=625"}],"curies":[{"name":"wp","href":"https:\/\/api.w.org\/{rel}","templated":true}]}}