{"id":613,"date":"2012-07-30T11:27:00","date_gmt":"2012-07-30T11:27:00","guid":{"rendered":"http:\/\/stagecscca.wpengine.com\/product\/campbells-chunky-maison-chili-415-g\/"},"modified":"2023-03-03T02:31:36","modified_gmt":"2023-03-03T02:31:36","slug":"campbells-chunky-maison-chili","status":"publish","type":"product","link":"https:\/\/dev.badmath.com\/think33\/campbells\/campbellsoupca\/fr\/product\/campbells-chunky-maison-chili\/","title":{"rendered":"Campbell&#8217;s\u00ae Chunky\u00ae Maison Chili (425 g)"},"featured_media":29422,"parent":0,"menu_order":0,"template":"","product-category":[369,373],"product-brand":[{"id":393,"slug":"campbell","name":"Campbell"},{"id":61,"slug":"chunkymd-de-campbellmd","name":"ChunkyMD de CampbellMD"}],"product-main-ingredient":[409],"product-dietary-alternative":[{"id":435,"slug":"sans-gluten","name":"Sans Gluten","icon":"gluten-free"}],"acf":[],"yoast_head":"<!-- This site is optimized with the Yoast SEO plugin v18.8 - https:\/\/yoast.com\/wordpress\/plugins\/seo\/ -->\n<title>Campbell&#039;s\u00ae Chunky\u00ae Maison Chili (425 g) - Campbell Company of Canada<\/title>\n<meta name=\"description\" content=\"D\u00e9bordant de d\u00e9licieux ingr\u00e9dients de qualit\u00e9 comme des haricots rouges, du b\u0153uf assaisonn\u00e9, des \u00e9pices et suffisamment de l\u00e9gumes pour offrir une portion compl\u00e8te par bol de 250 g.\" \/>\n<meta name=\"robots\" content=\"index, follow, max-snippet:-1, max-image-preview:large, max-video-preview:-1\" \/>\n<link rel=\"canonical\" href=\"https:\/\/dev.badmath.com\/think33\/campbells\/campbellsoupca\/fr\/product\/campbells-chunky-maison-chili\/\" \/>\n<meta property=\"og:locale\" content=\"en_US\" \/>\n<meta property=\"og:type\" content=\"article\" \/>\n<meta property=\"og:title\" content=\"Campbell&#039;s\u00ae Chunky\u00ae Maison Chili (425 g) - Campbell Company of Canada\" \/>\n<meta property=\"og:description\" content=\"D\u00e9bordant de d\u00e9licieux ingr\u00e9dients de qualit\u00e9 comme des haricots rouges, du b\u0153uf assaisonn\u00e9, des \u00e9pices et suffisamment de l\u00e9gumes pour offrir une portion compl\u00e8te par bol de 250 g.\" \/>\n<meta property=\"og:url\" content=\"https:\/\/dev.badmath.com\/think33\/campbells\/campbellsoupca\/fr\/product\/campbells-chunky-maison-chili\/\" \/>\n<meta property=\"og:site_name\" content=\"Campbell Company of Canada\" \/>\n<meta property=\"article:modified_time\" content=\"2023-03-03T02:31:36+00:00\" \/>\n<meta property=\"og:image\" content=\"https:\/\/dev.badmath.com:8443\/think33\/campbells\/campbellsoupca\/wp-content\/uploads\/2012\/07\/campbells-chunky-chili-homestyle-1.png\" \/>\n\t<meta property=\"og:image:width\" content=\"340\" \/>\n\t<meta property=\"og:image:height\" content=\"510\" \/>\n\t<meta property=\"og:image:type\" content=\"image\/png\" \/>\n<meta name=\"twitter:card\" content=\"summary_large_image\" \/>\n<script type=\"application\/ld+json\" class=\"yoast-schema-graph\">{\"@context\":\"https:\/\/schema.org\",\"@graph\":[{\"@type\":\"WebSite\",\"@id\":\"https:\/\/dev.badmath.com\/think33\/campbells\/campbellsoupca\/#website\",\"url\":\"https:\/\/dev.badmath.com\/think33\/campbells\/campbellsoupca\/\",\"name\":\"Campbell Company of Canada\",\"description\":\"\",\"potentialAction\":[{\"@type\":\"SearchAction\",\"target\":{\"@type\":\"EntryPoint\",\"urlTemplate\":\"https:\/\/dev.badmath.com\/think33\/campbells\/campbellsoupca\/search\/?query={search_term_string}\"},\"query-input\":\"required name=search_term_string\"}],\"inLanguage\":\"en-US\"},{\"@type\":\"ImageObject\",\"inLanguage\":\"en-US\",\"@id\":\"https:\/\/dev.badmath.com\/think33\/campbells\/campbellsoupca\/fr\/product\/campbells-chunky-maison-chili\/#primaryimage\",\"url\":\"https:\/\/dev.badmath.com\/think33\/campbells\/campbellsoupca\/wp-content\/uploads\/2012\/07\/campbells-chunky-chili-homestyle-1.png\",\"contentUrl\":\"https:\/\/dev.badmath.com\/think33\/campbells\/campbellsoupca\/wp-content\/uploads\/2012\/07\/campbells-chunky-chili-homestyle-1.png\",\"width\":340,\"height\":510,\"caption\":\"Campbell's\u00ae Chunky\u00ae Maison Chili 425 g\"},{\"@type\":\"WebPage\",\"@id\":\"https:\/\/dev.badmath.com\/think33\/campbells\/campbellsoupca\/fr\/product\/campbells-chunky-maison-chili\/#webpage\",\"url\":\"https:\/\/dev.badmath.com\/think33\/campbells\/campbellsoupca\/fr\/product\/campbells-chunky-maison-chili\/\",\"name\":\"Campbell's\u00ae Chunky\u00ae Maison Chili (425 g) - Campbell Company of Canada\",\"isPartOf\":{\"@id\":\"https:\/\/dev.badmath.com\/think33\/campbells\/campbellsoupca\/#website\"},\"primaryImageOfPage\":{\"@id\":\"https:\/\/dev.badmath.com\/think33\/campbells\/campbellsoupca\/fr\/product\/campbells-chunky-maison-chili\/#primaryimage\"},\"datePublished\":\"2012-07-30T11:27:00+00:00\",\"dateModified\":\"2023-03-03T02:31:36+00:00\",\"description\":\"D\u00e9bordant de d\u00e9licieux ingr\u00e9dients de qualit\u00e9 comme des haricots rouges, du b\u0153uf assaisonn\u00e9, des \u00e9pices et suffisamment de l\u00e9gumes pour offrir une portion compl\u00e8te par bol de 250 g.\",\"breadcrumb\":{\"@id\":\"https:\/\/dev.badmath.com\/think33\/campbells\/campbellsoupca\/fr\/product\/campbells-chunky-maison-chili\/#breadcrumb\"},\"inLanguage\":\"en-US\",\"potentialAction\":[{\"@type\":\"ReadAction\",\"target\":[\"https:\/\/dev.badmath.com\/think33\/campbells\/campbellsoupca\/fr\/product\/campbells-chunky-maison-chili\/\"]}]},{\"@type\":\"BreadcrumbList\",\"@id\":\"https:\/\/dev.badmath.com\/think33\/campbells\/campbellsoupca\/fr\/product\/campbells-chunky-maison-chili\/#breadcrumb\",\"itemListElement\":[{\"@type\":\"ListItem\",\"position\":1,\"name\":\"Home\",\"item\":\"https:\/\/dev.badmath.com:8443\/think33\/campbells\/campbellsoupca\/\"},{\"@type\":\"ListItem\",\"position\":2,\"name\":\"Products\",\"item\":\"https:\/\/dev.badmath.com\/think33\/campbells\/campbellsoupca\/fr\/product\/\"},{\"@type\":\"ListItem\",\"position\":3,\"name\":\"Campbell&rsquo;s\u00ae Chunky\u00ae Maison Chili (425 g)\"}]}]}<\/script>\n<!-- \/ Yoast SEO plugin. -->","yoast_head_json":{"title":"Campbell's\u00ae Chunky\u00ae Maison Chili (425 g) - Campbell Company of Canada","description":"D\u00e9bordant de d\u00e9licieux ingr\u00e9dients de qualit\u00e9 comme des haricots rouges, du b\u0153uf assaisonn\u00e9, des \u00e9pices et suffisamment de l\u00e9gumes pour offrir une portion compl\u00e8te par bol de 250 g.","robots":{"index":"index","follow":"follow","max-snippet":"max-snippet:-1","max-image-preview":"max-image-preview:large","max-video-preview":"max-video-preview:-1"},"canonical":"https:\/\/dev.badmath.com\/think33\/campbells\/campbellsoupca\/fr\/product\/campbells-chunky-maison-chili\/","og_locale":"en_US","og_type":"article","og_title":"Campbell's\u00ae Chunky\u00ae Maison Chili (425 g) - Campbell Company of Canada","og_description":"D\u00e9bordant de d\u00e9licieux ingr\u00e9dients de qualit\u00e9 comme des haricots rouges, du b\u0153uf assaisonn\u00e9, des \u00e9pices et suffisamment de l\u00e9gumes pour offrir une portion compl\u00e8te par bol de 250 g.","og_url":"https:\/\/dev.badmath.com\/think33\/campbells\/campbellsoupca\/fr\/product\/campbells-chunky-maison-chili\/","og_site_name":"Campbell Company of Canada","article_modified_time":"2023-03-03T02:31:36+00:00","og_image":[{"width":340,"height":510,"url":"https:\/\/dev.badmath.com:8443\/think33\/campbells\/campbellsoupca\/wp-content\/uploads\/2012\/07\/campbells-chunky-chili-homestyle-1.png","type":"image\/png"}],"twitter_card":"summary_large_image","schema":{"@context":"https:\/\/schema.org","@graph":[{"@type":"WebSite","@id":"https:\/\/dev.badmath.com\/think33\/campbells\/campbellsoupca\/#website","url":"https:\/\/dev.badmath.com\/think33\/campbells\/campbellsoupca\/","name":"Campbell Company of Canada","description":"","potentialAction":[{"@type":"SearchAction","target":{"@type":"EntryPoint","urlTemplate":"https:\/\/dev.badmath.com\/think33\/campbells\/campbellsoupca\/search\/?query={search_term_string}"},"query-input":"required name=search_term_string"}],"inLanguage":"en-US"},{"@type":"ImageObject","inLanguage":"en-US","@id":"https:\/\/dev.badmath.com\/think33\/campbells\/campbellsoupca\/fr\/product\/campbells-chunky-maison-chili\/#primaryimage","url":"https:\/\/dev.badmath.com\/think33\/campbells\/campbellsoupca\/wp-content\/uploads\/2012\/07\/campbells-chunky-chili-homestyle-1.png","contentUrl":"https:\/\/dev.badmath.com\/think33\/campbells\/campbellsoupca\/wp-content\/uploads\/2012\/07\/campbells-chunky-chili-homestyle-1.png","width":340,"height":510,"caption":"Campbell's\u00ae Chunky\u00ae Maison Chili 425 g"},{"@type":"WebPage","@id":"https:\/\/dev.badmath.com\/think33\/campbells\/campbellsoupca\/fr\/product\/campbells-chunky-maison-chili\/#webpage","url":"https:\/\/dev.badmath.com\/think33\/campbells\/campbellsoupca\/fr\/product\/campbells-chunky-maison-chili\/","name":"Campbell's\u00ae Chunky\u00ae Maison Chili (425 g) - Campbell Company of Canada","isPartOf":{"@id":"https:\/\/dev.badmath.com\/think33\/campbells\/campbellsoupca\/#website"},"primaryImageOfPage":{"@id":"https:\/\/dev.badmath.com\/think33\/campbells\/campbellsoupca\/fr\/product\/campbells-chunky-maison-chili\/#primaryimage"},"datePublished":"2012-07-30T11:27:00+00:00","dateModified":"2023-03-03T02:31:36+00:00","description":"D\u00e9bordant de d\u00e9licieux ingr\u00e9dients de qualit\u00e9 comme des haricots rouges, du b\u0153uf assaisonn\u00e9, des \u00e9pices et suffisamment de l\u00e9gumes pour offrir une portion compl\u00e8te par bol de 250 g.","breadcrumb":{"@id":"https:\/\/dev.badmath.com\/think33\/campbells\/campbellsoupca\/fr\/product\/campbells-chunky-maison-chili\/#breadcrumb"},"inLanguage":"en-US","potentialAction":[{"@type":"ReadAction","target":["https:\/\/dev.badmath.com\/think33\/campbells\/campbellsoupca\/fr\/product\/campbells-chunky-maison-chili\/"]}]},{"@type":"BreadcrumbList","@id":"https:\/\/dev.badmath.com\/think33\/campbells\/campbellsoupca\/fr\/product\/campbells-chunky-maison-chili\/#breadcrumb","itemListElement":[{"@type":"ListItem","position":1,"name":"Home","item":"https:\/\/dev.badmath.com:8443\/think33\/campbells\/campbellsoupca\/"},{"@type":"ListItem","position":2,"name":"Products","item":"https:\/\/dev.badmath.com\/think33\/campbells\/campbellsoupca\/fr\/product\/"},{"@type":"ListItem","position":3,"name":"Campbell&rsquo;s\u00ae Chunky\u00ae Maison Chili (425 g)"}]}]}},"lang":"fr","translations":{"fr":613,"en":98},"product_title":"<i>Campbell&#8217;s<\/i><sup>\u00ae<\/sup> <i>Chunky<\/i><sup>\u00ae<\/sup> Maison Chili (425 g)\n","description":"<p>D\u00e9bordant de d\u00e9licieux ingr\u00e9dients de qualit\u00e9 comme des haricots rouges, du b\u0153uf assaisonn\u00e9, des \u00e9pices et suffisamment de l\u00e9gumes pour offrir une portion compl\u00e8te par bol de 250\u00a0g.<\/p>\n","featured_image":"https:\/\/dev.badmath.com\/think33\/campbells\/campbellsoupca\/wp-content\/uploads\/2012\/07\/campbells-chunky-chili-homestyle-1.png","pll_sync_post":[],"_links":{"self":[{"href":"https:\/\/dev.badmath.com\/think33\/campbells\/campbellsoupca\/wp-json\/wp\/v2\/product\/613"}],"collection":[{"href":"https:\/\/dev.badmath.com\/think33\/campbells\/campbellsoupca\/wp-json\/wp\/v2\/product"}],"about":[{"href":"https:\/\/dev.badmath.com\/think33\/campbells\/campbellsoupca\/wp-json\/wp\/v2\/types\/product"}],"wp:featuredmedia":[{"embeddable":true,"href":"https:\/\/dev.badmath.com\/think33\/campbells\/campbellsoupca\/wp-json\/wp\/v2\/media\/29422"}],"wp:attachment":[{"href":"https:\/\/dev.badmath.com\/think33\/campbells\/campbellsoupca\/wp-json\/wp\/v2\/media?parent=613"}],"wp:term":[{"taxonomy":"product-category","embeddable":true,"href":"https:\/\/dev.badmath.com\/think33\/campbells\/campbellsoupca\/wp-json\/wp\/v2\/product-category?post=613"},{"taxonomy":"product-brand","embeddable":true,"href":"https:\/\/dev.badmath.com\/think33\/campbells\/campbellsoupca\/wp-json\/wp\/v2\/product-brand?post=613"},{"taxonomy":"product-main-ingredient","embeddable":true,"href":"https:\/\/dev.badmath.com\/think33\/campbells\/campbellsoupca\/wp-json\/wp\/v2\/product-main-ingredient?post=613"},{"taxonomy":"product-dietary-alternative","embeddable":true,"href":"https:\/\/dev.badmath.com\/think33\/campbells\/campbellsoupca\/wp-json\/wp\/v2\/product-dietary-alternative?post=613"}],"curies":[{"name":"wp","href":"https:\/\/api.w.org\/{rel}","templated":true}]}}