{"id":608,"date":"2012-07-30T11:27:00","date_gmt":"2012-07-30T11:27:00","guid":{"rendered":"http:\/\/stagecscca.wpengine.com\/product\/campbells-chunky-lgumes-et-buf-540-ml\/"},"modified":"2023-03-03T02:39:42","modified_gmt":"2023-03-03T02:39:42","slug":"campbells-chunky-lgumes-et-buf","status":"publish","type":"product","link":"https:\/\/dev.badmath.com\/think33\/campbells\/campbellsoupca\/fr\/product\/campbells-chunky-lgumes-et-buf\/","title":{"rendered":"Campbell&#8217;s Chunky Legumes et Boeuf (515 mL)"},"featured_media":38990,"parent":0,"menu_order":0,"template":"","product-category":[369,373],"product-brand":[{"id":393,"slug":"campbell","name":"Campbell"},{"id":61,"slug":"chunkymd-de-campbellmd","name":"ChunkyMD de CampbellMD"}],"product-main-ingredient":[409],"product-dietary-alternative":[],"acf":[],"yoast_head":"<!-- This site is optimized with the Yoast SEO plugin v18.8 - https:\/\/yoast.com\/wordpress\/plugins\/seo\/ -->\n<title>Campbell&#039;s Chunky Legumes et Boeuf (515 mL) - Campbell Company of Canada<\/title>\n<meta name=\"description\" content=\"Savourez un b\u0153uf assaisonn\u00e9 tendre qui se d\u00e9fait \u00e0 la fourchette et huit l\u00e9gumes nourrissants qui ont mijot\u00e9 dans un d\u00e9licieux bouillon de b\u0153uf assaisonn\u00e9 de vinaigre balsamique.\" \/>\n<meta name=\"robots\" content=\"index, follow, max-snippet:-1, max-image-preview:large, max-video-preview:-1\" \/>\n<link rel=\"canonical\" href=\"https:\/\/dev.badmath.com\/think33\/campbells\/campbellsoupca\/fr\/product\/campbells-chunky-lgumes-et-buf\/\" \/>\n<meta property=\"og:locale\" content=\"en_US\" \/>\n<meta property=\"og:type\" content=\"article\" \/>\n<meta property=\"og:title\" content=\"Campbell&#039;s Chunky Legumes et Boeuf (515 mL) - Campbell Company of Canada\" \/>\n<meta property=\"og:description\" content=\"Savourez un b\u0153uf assaisonn\u00e9 tendre qui se d\u00e9fait \u00e0 la fourchette et huit l\u00e9gumes nourrissants qui ont mijot\u00e9 dans un d\u00e9licieux bouillon de b\u0153uf assaisonn\u00e9 de vinaigre balsamique.\" \/>\n<meta property=\"og:url\" content=\"https:\/\/dev.badmath.com\/think33\/campbells\/campbellsoupca\/fr\/product\/campbells-chunky-lgumes-et-buf\/\" \/>\n<meta property=\"og:site_name\" content=\"Campbell Company of Canada\" \/>\n<meta property=\"article:modified_time\" content=\"2023-03-03T02:39:42+00:00\" \/>\n<meta property=\"og:image\" content=\"https:\/\/dev.badmath.com:8443\/think33\/campbells\/campbellsoupca\/wp-content\/uploads\/2012\/07\/chunky-vegetable-beef-1.png\" \/>\n\t<meta property=\"og:image:width\" content=\"652\" \/>\n\t<meta property=\"og:image:height\" content=\"1040\" \/>\n\t<meta property=\"og:image:type\" content=\"image\/png\" \/>\n<meta name=\"twitter:card\" content=\"summary_large_image\" \/>\n<script type=\"application\/ld+json\" class=\"yoast-schema-graph\">{\"@context\":\"https:\/\/schema.org\",\"@graph\":[{\"@type\":\"WebSite\",\"@id\":\"https:\/\/dev.badmath.com\/think33\/campbells\/campbellsoupca\/#website\",\"url\":\"https:\/\/dev.badmath.com\/think33\/campbells\/campbellsoupca\/\",\"name\":\"Campbell Company of Canada\",\"description\":\"\",\"potentialAction\":[{\"@type\":\"SearchAction\",\"target\":{\"@type\":\"EntryPoint\",\"urlTemplate\":\"https:\/\/dev.badmath.com\/think33\/campbells\/campbellsoupca\/search\/?query={search_term_string}\"},\"query-input\":\"required name=search_term_string\"}],\"inLanguage\":\"en-US\"},{\"@type\":\"ImageObject\",\"inLanguage\":\"en-US\",\"@id\":\"https:\/\/dev.badmath.com\/think33\/campbells\/campbellsoupca\/fr\/product\/campbells-chunky-lgumes-et-buf\/#primaryimage\",\"url\":\"https:\/\/dev.badmath.com\/think33\/campbells\/campbellsoupca\/wp-content\/uploads\/2012\/07\/chunky-vegetable-beef-1.png\",\"contentUrl\":\"https:\/\/dev.badmath.com\/think33\/campbells\/campbellsoupca\/wp-content\/uploads\/2012\/07\/chunky-vegetable-beef-1.png\",\"width\":652,\"height\":1040,\"caption\":\"Campbell's Chunky L\u00e9gumes et Boeuf\"},{\"@type\":\"WebPage\",\"@id\":\"https:\/\/dev.badmath.com\/think33\/campbells\/campbellsoupca\/fr\/product\/campbells-chunky-lgumes-et-buf\/#webpage\",\"url\":\"https:\/\/dev.badmath.com\/think33\/campbells\/campbellsoupca\/fr\/product\/campbells-chunky-lgumes-et-buf\/\",\"name\":\"Campbell's Chunky Legumes et Boeuf (515 mL) - Campbell Company of Canada\",\"isPartOf\":{\"@id\":\"https:\/\/dev.badmath.com\/think33\/campbells\/campbellsoupca\/#website\"},\"primaryImageOfPage\":{\"@id\":\"https:\/\/dev.badmath.com\/think33\/campbells\/campbellsoupca\/fr\/product\/campbells-chunky-lgumes-et-buf\/#primaryimage\"},\"datePublished\":\"2012-07-30T11:27:00+00:00\",\"dateModified\":\"2023-03-03T02:39:42+00:00\",\"description\":\"Savourez un b\u0153uf assaisonn\u00e9 tendre qui se d\u00e9fait \u00e0 la fourchette et huit l\u00e9gumes nourrissants qui ont mijot\u00e9 dans un d\u00e9licieux bouillon de b\u0153uf assaisonn\u00e9 de vinaigre balsamique.\",\"breadcrumb\":{\"@id\":\"https:\/\/dev.badmath.com\/think33\/campbells\/campbellsoupca\/fr\/product\/campbells-chunky-lgumes-et-buf\/#breadcrumb\"},\"inLanguage\":\"en-US\",\"potentialAction\":[{\"@type\":\"ReadAction\",\"target\":[\"https:\/\/dev.badmath.com\/think33\/campbells\/campbellsoupca\/fr\/product\/campbells-chunky-lgumes-et-buf\/\"]}]},{\"@type\":\"BreadcrumbList\",\"@id\":\"https:\/\/dev.badmath.com\/think33\/campbells\/campbellsoupca\/fr\/product\/campbells-chunky-lgumes-et-buf\/#breadcrumb\",\"itemListElement\":[{\"@type\":\"ListItem\",\"position\":1,\"name\":\"Home\",\"item\":\"https:\/\/dev.badmath.com:8443\/think33\/campbells\/campbellsoupca\/\"},{\"@type\":\"ListItem\",\"position\":2,\"name\":\"Products\",\"item\":\"https:\/\/dev.badmath.com\/think33\/campbells\/campbellsoupca\/fr\/product\/\"},{\"@type\":\"ListItem\",\"position\":3,\"name\":\"Campbell&rsquo;s Chunky Legumes et Boeuf (515 mL)\"}]}]}<\/script>\n<!-- \/ Yoast SEO plugin. -->","yoast_head_json":{"title":"Campbell's Chunky Legumes et Boeuf (515 mL) - Campbell Company of Canada","description":"Savourez un b\u0153uf assaisonn\u00e9 tendre qui se d\u00e9fait \u00e0 la fourchette et huit l\u00e9gumes nourrissants qui ont mijot\u00e9 dans un d\u00e9licieux bouillon de b\u0153uf assaisonn\u00e9 de vinaigre balsamique.","robots":{"index":"index","follow":"follow","max-snippet":"max-snippet:-1","max-image-preview":"max-image-preview:large","max-video-preview":"max-video-preview:-1"},"canonical":"https:\/\/dev.badmath.com\/think33\/campbells\/campbellsoupca\/fr\/product\/campbells-chunky-lgumes-et-buf\/","og_locale":"en_US","og_type":"article","og_title":"Campbell's Chunky Legumes et Boeuf (515 mL) - Campbell Company of Canada","og_description":"Savourez un b\u0153uf assaisonn\u00e9 tendre qui se d\u00e9fait \u00e0 la fourchette et huit l\u00e9gumes nourrissants qui ont mijot\u00e9 dans un d\u00e9licieux bouillon de b\u0153uf assaisonn\u00e9 de vinaigre balsamique.","og_url":"https:\/\/dev.badmath.com\/think33\/campbells\/campbellsoupca\/fr\/product\/campbells-chunky-lgumes-et-buf\/","og_site_name":"Campbell Company of Canada","article_modified_time":"2023-03-03T02:39:42+00:00","og_image":[{"width":652,"height":1040,"url":"https:\/\/dev.badmath.com:8443\/think33\/campbells\/campbellsoupca\/wp-content\/uploads\/2012\/07\/chunky-vegetable-beef-1.png","type":"image\/png"}],"twitter_card":"summary_large_image","schema":{"@context":"https:\/\/schema.org","@graph":[{"@type":"WebSite","@id":"https:\/\/dev.badmath.com\/think33\/campbells\/campbellsoupca\/#website","url":"https:\/\/dev.badmath.com\/think33\/campbells\/campbellsoupca\/","name":"Campbell Company of Canada","description":"","potentialAction":[{"@type":"SearchAction","target":{"@type":"EntryPoint","urlTemplate":"https:\/\/dev.badmath.com\/think33\/campbells\/campbellsoupca\/search\/?query={search_term_string}"},"query-input":"required name=search_term_string"}],"inLanguage":"en-US"},{"@type":"ImageObject","inLanguage":"en-US","@id":"https:\/\/dev.badmath.com\/think33\/campbells\/campbellsoupca\/fr\/product\/campbells-chunky-lgumes-et-buf\/#primaryimage","url":"https:\/\/dev.badmath.com\/think33\/campbells\/campbellsoupca\/wp-content\/uploads\/2012\/07\/chunky-vegetable-beef-1.png","contentUrl":"https:\/\/dev.badmath.com\/think33\/campbells\/campbellsoupca\/wp-content\/uploads\/2012\/07\/chunky-vegetable-beef-1.png","width":652,"height":1040,"caption":"Campbell's Chunky L\u00e9gumes et Boeuf"},{"@type":"WebPage","@id":"https:\/\/dev.badmath.com\/think33\/campbells\/campbellsoupca\/fr\/product\/campbells-chunky-lgumes-et-buf\/#webpage","url":"https:\/\/dev.badmath.com\/think33\/campbells\/campbellsoupca\/fr\/product\/campbells-chunky-lgumes-et-buf\/","name":"Campbell's Chunky Legumes et Boeuf (515 mL) - Campbell Company of Canada","isPartOf":{"@id":"https:\/\/dev.badmath.com\/think33\/campbells\/campbellsoupca\/#website"},"primaryImageOfPage":{"@id":"https:\/\/dev.badmath.com\/think33\/campbells\/campbellsoupca\/fr\/product\/campbells-chunky-lgumes-et-buf\/#primaryimage"},"datePublished":"2012-07-30T11:27:00+00:00","dateModified":"2023-03-03T02:39:42+00:00","description":"Savourez un b\u0153uf assaisonn\u00e9 tendre qui se d\u00e9fait \u00e0 la fourchette et huit l\u00e9gumes nourrissants qui ont mijot\u00e9 dans un d\u00e9licieux bouillon de b\u0153uf assaisonn\u00e9 de vinaigre balsamique.","breadcrumb":{"@id":"https:\/\/dev.badmath.com\/think33\/campbells\/campbellsoupca\/fr\/product\/campbells-chunky-lgumes-et-buf\/#breadcrumb"},"inLanguage":"en-US","potentialAction":[{"@type":"ReadAction","target":["https:\/\/dev.badmath.com\/think33\/campbells\/campbellsoupca\/fr\/product\/campbells-chunky-lgumes-et-buf\/"]}]},{"@type":"BreadcrumbList","@id":"https:\/\/dev.badmath.com\/think33\/campbells\/campbellsoupca\/fr\/product\/campbells-chunky-lgumes-et-buf\/#breadcrumb","itemListElement":[{"@type":"ListItem","position":1,"name":"Home","item":"https:\/\/dev.badmath.com:8443\/think33\/campbells\/campbellsoupca\/"},{"@type":"ListItem","position":2,"name":"Products","item":"https:\/\/dev.badmath.com\/think33\/campbells\/campbellsoupca\/fr\/product\/"},{"@type":"ListItem","position":3,"name":"Campbell&rsquo;s Chunky Legumes et Boeuf (515 mL)"}]}]}},"lang":"fr","translations":{"fr":608,"en":88},"product_title":"<i>Campbell&#8217;s<\/i><sup>\u00ae<\/sup> <i>Chunky<\/i><sup>\u00ae<\/sup> L\u00e9gumes et Boeuf (515 mL)\n","description":"<p>Savourez un b\u0153uf assaisonn\u00e9 tendre qui se d\u00e9fait \u00e0 la fourchette et huit l\u00e9gumes nourrissants qui ont mijot\u00e9 dans un d\u00e9licieux bouillon de b\u0153uf assaisonn\u00e9 de vinaigre balsamique.<\/p>\n","featured_image":"https:\/\/dev.badmath.com\/think33\/campbells\/campbellsoupca\/wp-content\/uploads\/2012\/07\/chunky-vegetable-beef-1-642x1024.png","pll_sync_post":[],"_links":{"self":[{"href":"https:\/\/dev.badmath.com\/think33\/campbells\/campbellsoupca\/wp-json\/wp\/v2\/product\/608"}],"collection":[{"href":"https:\/\/dev.badmath.com\/think33\/campbells\/campbellsoupca\/wp-json\/wp\/v2\/product"}],"about":[{"href":"https:\/\/dev.badmath.com\/think33\/campbells\/campbellsoupca\/wp-json\/wp\/v2\/types\/product"}],"wp:featuredmedia":[{"embeddable":true,"href":"https:\/\/dev.badmath.com\/think33\/campbells\/campbellsoupca\/wp-json\/wp\/v2\/media\/38990"}],"wp:attachment":[{"href":"https:\/\/dev.badmath.com\/think33\/campbells\/campbellsoupca\/wp-json\/wp\/v2\/media?parent=608"}],"wp:term":[{"taxonomy":"product-category","embeddable":true,"href":"https:\/\/dev.badmath.com\/think33\/campbells\/campbellsoupca\/wp-json\/wp\/v2\/product-category?post=608"},{"taxonomy":"product-brand","embeddable":true,"href":"https:\/\/dev.badmath.com\/think33\/campbells\/campbellsoupca\/wp-json\/wp\/v2\/product-brand?post=608"},{"taxonomy":"product-main-ingredient","embeddable":true,"href":"https:\/\/dev.badmath.com\/think33\/campbells\/campbellsoupca\/wp-json\/wp\/v2\/product-main-ingredient?post=608"},{"taxonomy":"product-dietary-alternative","embeddable":true,"href":"https:\/\/dev.badmath.com\/think33\/campbells\/campbellsoupca\/wp-json\/wp\/v2\/product-dietary-alternative?post=608"}],"curies":[{"name":"wp","href":"https:\/\/api.w.org\/{rel}","templated":true}]}}