{"id":586,"date":"2012-07-30T11:26:00","date_gmt":"2012-07-30T11:26:00","guid":{"rendered":"http:\/\/stagecscca.wpengine.com\/product\/bouillon-de-buf-prt-utiliser-sans-sel-ajout-de-campbells\/"},"modified":"2021-08-12T18:07:08","modified_gmt":"2021-08-12T18:07:08","slug":"bouillon-de-buf-prt-utiliser-sans-sel-ajout-de-campbells","status":"publish","type":"product","link":"https:\/\/dev.badmath.com\/think33\/campbells\/campbellsoupca\/fr\/product\/bouillon-de-buf-prt-utiliser-sans-sel-ajout-de-campbells\/","title":{"rendered":"Bouillon de Boeuf Pret a utiliser Sans sel ajoute de Campbell&#8217;s"},"featured_media":29258,"parent":0,"menu_order":0,"template":"","product-category":[357,361],"product-brand":[{"id":59,"slug":"bouillons-campbell","name":"Bouillons CampbellMD"}],"product-main-ingredient":[409],"product-dietary-alternative":[{"id":439,"slug":"faible-en-gras","name":"Faible en gras","icon":"low-fat-fr"},{"id":437,"slug":"sodium-reduit","name":"Moins de Sodium","icon":"low-sodium"}],"acf":[],"yoast_head":"<!-- This site is optimized with the Yoast SEO plugin v18.8 - https:\/\/yoast.com\/wordpress\/plugins\/seo\/ -->\n<title>Bouillon de Boeuf Pret a utiliser Sans sel ajoute de Campbell&#039;s - Campbell Company of Canada<\/title>\n<meta name=\"robots\" content=\"index, follow, max-snippet:-1, max-image-preview:large, max-video-preview:-1\" \/>\n<link rel=\"canonical\" href=\"https:\/\/dev.badmath.com\/think33\/campbells\/campbellsoupca\/fr\/product\/bouillon-de-buf-prt-utiliser-sans-sel-ajout-de-campbells\/\" \/>\n<meta property=\"og:locale\" content=\"en_US\" \/>\n<meta property=\"og:type\" content=\"article\" \/>\n<meta property=\"og:title\" content=\"Bouillon de Boeuf Pret a utiliser Sans sel ajoute de Campbell&#039;s - Campbell Company of Canada\" \/>\n<meta property=\"og:description\" content=\"Le bouillon de boeuf Pr&ecirc;t &agrave; utiliser Sans sel ajout&eacute; de Campbell\u2019s\u00ae est pr&eacute;par&eacute; ici m&ecirc;me au Canada avec des ingr&eacute;dients de qualit&eacute; et des AR&Ocirc;MES NATURELS. Avec les 40 mg de sodium par portion naturellement pr&eacute;sents dans des ingr&eacute;dients tels que le fond de b\u0153uf et les l&eacute;gumes, il contient 93 % moins de [&hellip;]\" \/>\n<meta property=\"og:url\" content=\"https:\/\/dev.badmath.com\/think33\/campbells\/campbellsoupca\/fr\/product\/bouillon-de-buf-prt-utiliser-sans-sel-ajout-de-campbells\/\" \/>\n<meta property=\"og:site_name\" content=\"Campbell Company of Canada\" \/>\n<meta property=\"article:modified_time\" content=\"2021-08-12T18:07:08+00:00\" \/>\n<meta property=\"og:image\" content=\"https:\/\/dev.badmath.com\/think33\/campbells\/campbellsoupca\/wp-content\/uploads\/2012\/07\/campbells-no-salt-added-beef-broth-1.png\" \/>\n\t<meta property=\"og:image:width\" content=\"340\" \/>\n\t<meta property=\"og:image:height\" content=\"510\" \/>\n\t<meta property=\"og:image:type\" content=\"image\/png\" \/>\n<meta name=\"twitter:card\" content=\"summary_large_image\" \/>\n<meta name=\"twitter:label1\" content=\"Est. reading time\" \/>\n\t<meta name=\"twitter:data1\" content=\"1 minute\" \/>\n<script type=\"application\/ld+json\" class=\"yoast-schema-graph\">{\"@context\":\"https:\/\/schema.org\",\"@graph\":[{\"@type\":\"WebSite\",\"@id\":\"https:\/\/dev.badmath.com\/think33\/campbells\/campbellsoupca\/#website\",\"url\":\"https:\/\/dev.badmath.com\/think33\/campbells\/campbellsoupca\/\",\"name\":\"Campbell Company of Canada\",\"description\":\"\",\"potentialAction\":[{\"@type\":\"SearchAction\",\"target\":{\"@type\":\"EntryPoint\",\"urlTemplate\":\"https:\/\/dev.badmath.com\/think33\/campbells\/campbellsoupca\/search\/?query={search_term_string}\"},\"query-input\":\"required name=search_term_string\"}],\"inLanguage\":\"en-US\"},{\"@type\":\"ImageObject\",\"inLanguage\":\"en-US\",\"@id\":\"https:\/\/dev.badmath.com\/think33\/campbells\/campbellsoupca\/fr\/product\/bouillon-de-buf-prt-utiliser-sans-sel-ajout-de-campbells\/#primaryimage\",\"url\":\"https:\/\/dev.badmath.com\/think33\/campbells\/campbellsoupca\/wp-content\/uploads\/2012\/07\/campbells-no-salt-added-beef-broth-1.png\",\"contentUrl\":\"https:\/\/dev.badmath.com\/think33\/campbells\/campbellsoupca\/wp-content\/uploads\/2012\/07\/campbells-no-salt-added-beef-broth-1.png\",\"width\":340,\"height\":510,\"caption\":\"Bouillon de B\u0153uf Pr\u00eat \u00e0 utiliser Sans sel ajout\u00e9 de Campbell\u2019s\"},{\"@type\":\"WebPage\",\"@id\":\"https:\/\/dev.badmath.com\/think33\/campbells\/campbellsoupca\/fr\/product\/bouillon-de-buf-prt-utiliser-sans-sel-ajout-de-campbells\/#webpage\",\"url\":\"https:\/\/dev.badmath.com\/think33\/campbells\/campbellsoupca\/fr\/product\/bouillon-de-buf-prt-utiliser-sans-sel-ajout-de-campbells\/\",\"name\":\"Bouillon de Boeuf Pret a utiliser Sans sel ajoute de Campbell's - Campbell Company of Canada\",\"isPartOf\":{\"@id\":\"https:\/\/dev.badmath.com\/think33\/campbells\/campbellsoupca\/#website\"},\"primaryImageOfPage\":{\"@id\":\"https:\/\/dev.badmath.com\/think33\/campbells\/campbellsoupca\/fr\/product\/bouillon-de-buf-prt-utiliser-sans-sel-ajout-de-campbells\/#primaryimage\"},\"datePublished\":\"2012-07-30T11:26:00+00:00\",\"dateModified\":\"2021-08-12T18:07:08+00:00\",\"breadcrumb\":{\"@id\":\"https:\/\/dev.badmath.com\/think33\/campbells\/campbellsoupca\/fr\/product\/bouillon-de-buf-prt-utiliser-sans-sel-ajout-de-campbells\/#breadcrumb\"},\"inLanguage\":\"en-US\",\"potentialAction\":[{\"@type\":\"ReadAction\",\"target\":[\"https:\/\/dev.badmath.com\/think33\/campbells\/campbellsoupca\/fr\/product\/bouillon-de-buf-prt-utiliser-sans-sel-ajout-de-campbells\/\"]}]},{\"@type\":\"BreadcrumbList\",\"@id\":\"https:\/\/dev.badmath.com\/think33\/campbells\/campbellsoupca\/fr\/product\/bouillon-de-buf-prt-utiliser-sans-sel-ajout-de-campbells\/#breadcrumb\",\"itemListElement\":[{\"@type\":\"ListItem\",\"position\":1,\"name\":\"Home\",\"item\":\"https:\/\/dev.badmath.com:8443\/think33\/campbells\/campbellsoupca\/\"},{\"@type\":\"ListItem\",\"position\":2,\"name\":\"Products\",\"item\":\"https:\/\/dev.badmath.com\/think33\/campbells\/campbellsoupca\/fr\/product\/\"},{\"@type\":\"ListItem\",\"position\":3,\"name\":\"Bouillon de Boeuf Pret a utiliser Sans sel ajoute de Campbell&rsquo;s\"}]}]}<\/script>\n<!-- \/ Yoast SEO plugin. -->","yoast_head_json":{"title":"Bouillon de Boeuf Pret a utiliser Sans sel ajoute de Campbell's - Campbell Company of Canada","robots":{"index":"index","follow":"follow","max-snippet":"max-snippet:-1","max-image-preview":"max-image-preview:large","max-video-preview":"max-video-preview:-1"},"canonical":"https:\/\/dev.badmath.com\/think33\/campbells\/campbellsoupca\/fr\/product\/bouillon-de-buf-prt-utiliser-sans-sel-ajout-de-campbells\/","og_locale":"en_US","og_type":"article","og_title":"Bouillon de Boeuf Pret a utiliser Sans sel ajoute de Campbell's - Campbell Company of Canada","og_description":"Le bouillon de boeuf Pr&ecirc;t &agrave; utiliser Sans sel ajout&eacute; de Campbell\u2019s\u00ae est pr&eacute;par&eacute; ici m&ecirc;me au Canada avec des ingr&eacute;dients de qualit&eacute; et des AR&Ocirc;MES NATURELS. Avec les 40 mg de sodium par portion naturellement pr&eacute;sents dans des ingr&eacute;dients tels que le fond de b\u0153uf et les l&eacute;gumes, il contient 93 % moins de [&hellip;]","og_url":"https:\/\/dev.badmath.com\/think33\/campbells\/campbellsoupca\/fr\/product\/bouillon-de-buf-prt-utiliser-sans-sel-ajout-de-campbells\/","og_site_name":"Campbell Company of Canada","article_modified_time":"2021-08-12T18:07:08+00:00","og_image":[{"width":340,"height":510,"url":"https:\/\/dev.badmath.com\/think33\/campbells\/campbellsoupca\/wp-content\/uploads\/2012\/07\/campbells-no-salt-added-beef-broth-1.png","type":"image\/png"}],"twitter_card":"summary_large_image","twitter_misc":{"Est. reading time":"1 minute"},"schema":{"@context":"https:\/\/schema.org","@graph":[{"@type":"WebSite","@id":"https:\/\/dev.badmath.com\/think33\/campbells\/campbellsoupca\/#website","url":"https:\/\/dev.badmath.com\/think33\/campbells\/campbellsoupca\/","name":"Campbell Company of Canada","description":"","potentialAction":[{"@type":"SearchAction","target":{"@type":"EntryPoint","urlTemplate":"https:\/\/dev.badmath.com\/think33\/campbells\/campbellsoupca\/search\/?query={search_term_string}"},"query-input":"required name=search_term_string"}],"inLanguage":"en-US"},{"@type":"ImageObject","inLanguage":"en-US","@id":"https:\/\/dev.badmath.com\/think33\/campbells\/campbellsoupca\/fr\/product\/bouillon-de-buf-prt-utiliser-sans-sel-ajout-de-campbells\/#primaryimage","url":"https:\/\/dev.badmath.com\/think33\/campbells\/campbellsoupca\/wp-content\/uploads\/2012\/07\/campbells-no-salt-added-beef-broth-1.png","contentUrl":"https:\/\/dev.badmath.com\/think33\/campbells\/campbellsoupca\/wp-content\/uploads\/2012\/07\/campbells-no-salt-added-beef-broth-1.png","width":340,"height":510,"caption":"Bouillon de B\u0153uf Pr\u00eat \u00e0 utiliser Sans sel ajout\u00e9 de Campbell\u2019s"},{"@type":"WebPage","@id":"https:\/\/dev.badmath.com\/think33\/campbells\/campbellsoupca\/fr\/product\/bouillon-de-buf-prt-utiliser-sans-sel-ajout-de-campbells\/#webpage","url":"https:\/\/dev.badmath.com\/think33\/campbells\/campbellsoupca\/fr\/product\/bouillon-de-buf-prt-utiliser-sans-sel-ajout-de-campbells\/","name":"Bouillon de Boeuf Pret a utiliser Sans sel ajoute de Campbell's - Campbell Company of Canada","isPartOf":{"@id":"https:\/\/dev.badmath.com\/think33\/campbells\/campbellsoupca\/#website"},"primaryImageOfPage":{"@id":"https:\/\/dev.badmath.com\/think33\/campbells\/campbellsoupca\/fr\/product\/bouillon-de-buf-prt-utiliser-sans-sel-ajout-de-campbells\/#primaryimage"},"datePublished":"2012-07-30T11:26:00+00:00","dateModified":"2021-08-12T18:07:08+00:00","breadcrumb":{"@id":"https:\/\/dev.badmath.com\/think33\/campbells\/campbellsoupca\/fr\/product\/bouillon-de-buf-prt-utiliser-sans-sel-ajout-de-campbells\/#breadcrumb"},"inLanguage":"en-US","potentialAction":[{"@type":"ReadAction","target":["https:\/\/dev.badmath.com\/think33\/campbells\/campbellsoupca\/fr\/product\/bouillon-de-buf-prt-utiliser-sans-sel-ajout-de-campbells\/"]}]},{"@type":"BreadcrumbList","@id":"https:\/\/dev.badmath.com\/think33\/campbells\/campbellsoupca\/fr\/product\/bouillon-de-buf-prt-utiliser-sans-sel-ajout-de-campbells\/#breadcrumb","itemListElement":[{"@type":"ListItem","position":1,"name":"Home","item":"https:\/\/dev.badmath.com:8443\/think33\/campbells\/campbellsoupca\/"},{"@type":"ListItem","position":2,"name":"Products","item":"https:\/\/dev.badmath.com\/think33\/campbells\/campbellsoupca\/fr\/product\/"},{"@type":"ListItem","position":3,"name":"Bouillon de Boeuf Pret a utiliser Sans sel ajoute de Campbell&rsquo;s"}]}]}},"lang":"fr","translations":{"fr":586,"en":47},"product_title":"Bouillon de B\u0153uf Pr\u00eat \u00e0 utiliser Sans sel ajout\u00e9 de <i>Campbell&#8217;s<\/i><sup>\u00ae<\/sup>\n","description":"<p>Le bouillon de boeuf Pr\u00eat \u00e0 utiliser Sans sel ajout\u00e9 de Campbell\u2019s\u00ae est pr\u00e9par\u00e9 avec des ingr\u00e9dients de qualit\u00e9 et des AR\u00d4MES NATURELS. Avec les 40 mg de sodium par portion naturellement pr\u00e9sents dans des ingr\u00e9dients tels que le fond de b\u0153uf et les l\u00e9gumes, il contient 93 % moins de sodium que notre bouillon de b\u0153uf Pr\u00eat \u00e0 utiliser ordinaire. C&#8217;est ce qui en fait un favori dans le garde-manger pour les recettes incroyablement savoureuses des soirs de semaine, que vous trouverez \u00e0 cuisinezaveccampbells.ca ou comme base pour votre propre soupe maison.<\/p>\n","featured_image":"https:\/\/dev.badmath.com\/think33\/campbells\/campbellsoupca\/wp-content\/uploads\/2012\/07\/campbells-no-salt-added-beef-broth-1.png","pll_sync_post":[],"_links":{"self":[{"href":"https:\/\/dev.badmath.com\/think33\/campbells\/campbellsoupca\/wp-json\/wp\/v2\/product\/586"}],"collection":[{"href":"https:\/\/dev.badmath.com\/think33\/campbells\/campbellsoupca\/wp-json\/wp\/v2\/product"}],"about":[{"href":"https:\/\/dev.badmath.com\/think33\/campbells\/campbellsoupca\/wp-json\/wp\/v2\/types\/product"}],"wp:featuredmedia":[{"embeddable":true,"href":"https:\/\/dev.badmath.com\/think33\/campbells\/campbellsoupca\/wp-json\/wp\/v2\/media\/29258"}],"wp:attachment":[{"href":"https:\/\/dev.badmath.com\/think33\/campbells\/campbellsoupca\/wp-json\/wp\/v2\/media?parent=586"}],"wp:term":[{"taxonomy":"product-category","embeddable":true,"href":"https:\/\/dev.badmath.com\/think33\/campbells\/campbellsoupca\/wp-json\/wp\/v2\/product-category?post=586"},{"taxonomy":"product-brand","embeddable":true,"href":"https:\/\/dev.badmath.com\/think33\/campbells\/campbellsoupca\/wp-json\/wp\/v2\/product-brand?post=586"},{"taxonomy":"product-main-ingredient","embeddable":true,"href":"https:\/\/dev.badmath.com\/think33\/campbells\/campbellsoupca\/wp-json\/wp\/v2\/product-main-ingredient?post=586"},{"taxonomy":"product-dietary-alternative","embeddable":true,"href":"https:\/\/dev.badmath.com\/think33\/campbells\/campbellsoupca\/wp-json\/wp\/v2\/product-dietary-alternative?post=586"}],"curies":[{"name":"wp","href":"https:\/\/api.w.org\/{rel}","templated":true}]}}