{"id":581,"date":"2012-07-30T11:26:00","date_gmt":"2012-07-30T11:26:00","guid":{"rendered":"http:\/\/stagecscca.wpengine.com\/product\/bouillon-de-poulet-prt-utiliser-30-moins-de-sodium-de-campbells\/"},"modified":"2021-08-12T17:59:17","modified_gmt":"2021-08-12T17:59:17","slug":"bouillon-de-poulet-prt-utiliser-30-moins-de-sodium-de-campbells","status":"publish","type":"product","link":"https:\/\/dev.badmath.com\/think33\/campbells\/campbellsoupca\/fr\/product\/bouillon-de-poulet-prt-utiliser-30-moins-de-sodium-de-campbells\/","title":{"rendered":"Bouillon de poulet Pret a utiliser 30% moins de sodium de Campbell&#8217;s"},"featured_media":29249,"parent":0,"menu_order":0,"template":"","product-category":[361],"product-brand":[{"id":59,"slug":"bouillons-campbell","name":"Bouillons CampbellMD"}],"product-main-ingredient":[411],"product-dietary-alternative":[{"id":439,"slug":"faible-en-gras","name":"Faible en gras","icon":"low-fat-fr"},{"id":437,"slug":"sodium-reduit","name":"Moins de Sodium","icon":"low-sodium"}],"acf":[],"yoast_head":"<!-- This site is optimized with the Yoast SEO plugin v18.8 - https:\/\/yoast.com\/wordpress\/plugins\/seo\/ -->\n<title>Bouillon de poulet Pret a utiliser 30% moins de sodium de Campbell&#039;s - Campbell Company of Canada<\/title>\n<meta name=\"robots\" content=\"index, follow, max-snippet:-1, max-image-preview:large, max-video-preview:-1\" \/>\n<link rel=\"canonical\" href=\"https:\/\/dev.badmath.com\/think33\/campbells\/campbellsoupca\/fr\/product\/bouillon-de-poulet-prt-utiliser-30-moins-de-sodium-de-campbells\/\" \/>\n<meta property=\"og:locale\" content=\"en_US\" \/>\n<meta property=\"og:type\" content=\"article\" \/>\n<meta property=\"og:title\" content=\"Bouillon de poulet Pret a utiliser 30% moins de sodium de Campbell&#039;s - Campbell Company of Canada\" \/>\n<meta property=\"og:description\" content=\"Le bouillon de poulet Pr&ecirc;t &agrave; utiliser avec 30 % moins de sodium de Campbell\u2019s\u00ae est pr&eacute;par&eacute; ici m&ecirc;me au Canada avec des ingr&eacute;dients de qualit&eacute; et des AR&Ocirc;MES NATURELS et contient 30 % moins de sodium que notre bouillon de poulet Pr&ecirc;t &agrave; utiliser r&eacute;gulier. C&#8217;est ce qui le rend indispensable dans le garde-manger [&hellip;]\" \/>\n<meta property=\"og:url\" content=\"https:\/\/dev.badmath.com\/think33\/campbells\/campbellsoupca\/fr\/product\/bouillon-de-poulet-prt-utiliser-30-moins-de-sodium-de-campbells\/\" \/>\n<meta property=\"og:site_name\" content=\"Campbell Company of Canada\" \/>\n<meta property=\"article:modified_time\" content=\"2021-08-12T17:59:17+00:00\" \/>\n<meta property=\"og:image\" content=\"https:\/\/dev.badmath.com\/think33\/campbells\/campbellsoupca\/wp-content\/uploads\/2012\/07\/campbells-less-sodium-chicken-broth.png\" \/>\n\t<meta property=\"og:image:width\" content=\"340\" \/>\n\t<meta property=\"og:image:height\" content=\"510\" \/>\n\t<meta property=\"og:image:type\" content=\"image\/png\" \/>\n<meta name=\"twitter:card\" content=\"summary_large_image\" \/>\n<script type=\"application\/ld+json\" class=\"yoast-schema-graph\">{\"@context\":\"https:\/\/schema.org\",\"@graph\":[{\"@type\":\"WebSite\",\"@id\":\"https:\/\/dev.badmath.com\/think33\/campbells\/campbellsoupca\/#website\",\"url\":\"https:\/\/dev.badmath.com\/think33\/campbells\/campbellsoupca\/\",\"name\":\"Campbell Company of Canada\",\"description\":\"\",\"potentialAction\":[{\"@type\":\"SearchAction\",\"target\":{\"@type\":\"EntryPoint\",\"urlTemplate\":\"https:\/\/dev.badmath.com\/think33\/campbells\/campbellsoupca\/search\/?query={search_term_string}\"},\"query-input\":\"required name=search_term_string\"}],\"inLanguage\":\"en-US\"},{\"@type\":\"ImageObject\",\"inLanguage\":\"en-US\",\"@id\":\"https:\/\/dev.badmath.com\/think33\/campbells\/campbellsoupca\/fr\/product\/bouillon-de-poulet-prt-utiliser-30-moins-de-sodium-de-campbells\/#primaryimage\",\"url\":\"https:\/\/dev.badmath.com\/think33\/campbells\/campbellsoupca\/wp-content\/uploads\/2012\/07\/campbells-less-sodium-chicken-broth.png\",\"contentUrl\":\"https:\/\/dev.badmath.com\/think33\/campbells\/campbellsoupca\/wp-content\/uploads\/2012\/07\/campbells-less-sodium-chicken-broth.png\",\"width\":340,\"height\":510,\"caption\":\"Bouillon de poulet Pr\u00eat \u00e0 utiliser 30% moins de sodium de Campbell\u2019s\"},{\"@type\":\"WebPage\",\"@id\":\"https:\/\/dev.badmath.com\/think33\/campbells\/campbellsoupca\/fr\/product\/bouillon-de-poulet-prt-utiliser-30-moins-de-sodium-de-campbells\/#webpage\",\"url\":\"https:\/\/dev.badmath.com\/think33\/campbells\/campbellsoupca\/fr\/product\/bouillon-de-poulet-prt-utiliser-30-moins-de-sodium-de-campbells\/\",\"name\":\"Bouillon de poulet Pret a utiliser 30% moins de sodium de Campbell's - Campbell Company of Canada\",\"isPartOf\":{\"@id\":\"https:\/\/dev.badmath.com\/think33\/campbells\/campbellsoupca\/#website\"},\"primaryImageOfPage\":{\"@id\":\"https:\/\/dev.badmath.com\/think33\/campbells\/campbellsoupca\/fr\/product\/bouillon-de-poulet-prt-utiliser-30-moins-de-sodium-de-campbells\/#primaryimage\"},\"datePublished\":\"2012-07-30T11:26:00+00:00\",\"dateModified\":\"2021-08-12T17:59:17+00:00\",\"breadcrumb\":{\"@id\":\"https:\/\/dev.badmath.com\/think33\/campbells\/campbellsoupca\/fr\/product\/bouillon-de-poulet-prt-utiliser-30-moins-de-sodium-de-campbells\/#breadcrumb\"},\"inLanguage\":\"en-US\",\"potentialAction\":[{\"@type\":\"ReadAction\",\"target\":[\"https:\/\/dev.badmath.com\/think33\/campbells\/campbellsoupca\/fr\/product\/bouillon-de-poulet-prt-utiliser-30-moins-de-sodium-de-campbells\/\"]}]},{\"@type\":\"BreadcrumbList\",\"@id\":\"https:\/\/dev.badmath.com\/think33\/campbells\/campbellsoupca\/fr\/product\/bouillon-de-poulet-prt-utiliser-30-moins-de-sodium-de-campbells\/#breadcrumb\",\"itemListElement\":[{\"@type\":\"ListItem\",\"position\":1,\"name\":\"Home\",\"item\":\"https:\/\/dev.badmath.com:8443\/think33\/campbells\/campbellsoupca\/\"},{\"@type\":\"ListItem\",\"position\":2,\"name\":\"Products\",\"item\":\"https:\/\/dev.badmath.com\/think33\/campbells\/campbellsoupca\/fr\/product\/\"},{\"@type\":\"ListItem\",\"position\":3,\"name\":\"Bouillon de poulet Pret a utiliser 30% moins de sodium de Campbell&rsquo;s\"}]}]}<\/script>\n<!-- \/ Yoast SEO plugin. -->","yoast_head_json":{"title":"Bouillon de poulet Pret a utiliser 30% moins de sodium de Campbell's - Campbell Company of Canada","robots":{"index":"index","follow":"follow","max-snippet":"max-snippet:-1","max-image-preview":"max-image-preview:large","max-video-preview":"max-video-preview:-1"},"canonical":"https:\/\/dev.badmath.com\/think33\/campbells\/campbellsoupca\/fr\/product\/bouillon-de-poulet-prt-utiliser-30-moins-de-sodium-de-campbells\/","og_locale":"en_US","og_type":"article","og_title":"Bouillon de poulet Pret a utiliser 30% moins de sodium de Campbell's - Campbell Company of Canada","og_description":"Le bouillon de poulet Pr&ecirc;t &agrave; utiliser avec 30 % moins de sodium de Campbell\u2019s\u00ae est pr&eacute;par&eacute; ici m&ecirc;me au Canada avec des ingr&eacute;dients de qualit&eacute; et des AR&Ocirc;MES NATURELS et contient 30 % moins de sodium que notre bouillon de poulet Pr&ecirc;t &agrave; utiliser r&eacute;gulier. C&#8217;est ce qui le rend indispensable dans le garde-manger [&hellip;]","og_url":"https:\/\/dev.badmath.com\/think33\/campbells\/campbellsoupca\/fr\/product\/bouillon-de-poulet-prt-utiliser-30-moins-de-sodium-de-campbells\/","og_site_name":"Campbell Company of Canada","article_modified_time":"2021-08-12T17:59:17+00:00","og_image":[{"width":340,"height":510,"url":"https:\/\/dev.badmath.com\/think33\/campbells\/campbellsoupca\/wp-content\/uploads\/2012\/07\/campbells-less-sodium-chicken-broth.png","type":"image\/png"}],"twitter_card":"summary_large_image","schema":{"@context":"https:\/\/schema.org","@graph":[{"@type":"WebSite","@id":"https:\/\/dev.badmath.com\/think33\/campbells\/campbellsoupca\/#website","url":"https:\/\/dev.badmath.com\/think33\/campbells\/campbellsoupca\/","name":"Campbell Company of Canada","description":"","potentialAction":[{"@type":"SearchAction","target":{"@type":"EntryPoint","urlTemplate":"https:\/\/dev.badmath.com\/think33\/campbells\/campbellsoupca\/search\/?query={search_term_string}"},"query-input":"required name=search_term_string"}],"inLanguage":"en-US"},{"@type":"ImageObject","inLanguage":"en-US","@id":"https:\/\/dev.badmath.com\/think33\/campbells\/campbellsoupca\/fr\/product\/bouillon-de-poulet-prt-utiliser-30-moins-de-sodium-de-campbells\/#primaryimage","url":"https:\/\/dev.badmath.com\/think33\/campbells\/campbellsoupca\/wp-content\/uploads\/2012\/07\/campbells-less-sodium-chicken-broth.png","contentUrl":"https:\/\/dev.badmath.com\/think33\/campbells\/campbellsoupca\/wp-content\/uploads\/2012\/07\/campbells-less-sodium-chicken-broth.png","width":340,"height":510,"caption":"Bouillon de poulet Pr\u00eat \u00e0 utiliser 30% moins de sodium de Campbell\u2019s"},{"@type":"WebPage","@id":"https:\/\/dev.badmath.com\/think33\/campbells\/campbellsoupca\/fr\/product\/bouillon-de-poulet-prt-utiliser-30-moins-de-sodium-de-campbells\/#webpage","url":"https:\/\/dev.badmath.com\/think33\/campbells\/campbellsoupca\/fr\/product\/bouillon-de-poulet-prt-utiliser-30-moins-de-sodium-de-campbells\/","name":"Bouillon de poulet Pret a utiliser 30% moins de sodium de Campbell's - Campbell Company of Canada","isPartOf":{"@id":"https:\/\/dev.badmath.com\/think33\/campbells\/campbellsoupca\/#website"},"primaryImageOfPage":{"@id":"https:\/\/dev.badmath.com\/think33\/campbells\/campbellsoupca\/fr\/product\/bouillon-de-poulet-prt-utiliser-30-moins-de-sodium-de-campbells\/#primaryimage"},"datePublished":"2012-07-30T11:26:00+00:00","dateModified":"2021-08-12T17:59:17+00:00","breadcrumb":{"@id":"https:\/\/dev.badmath.com\/think33\/campbells\/campbellsoupca\/fr\/product\/bouillon-de-poulet-prt-utiliser-30-moins-de-sodium-de-campbells\/#breadcrumb"},"inLanguage":"en-US","potentialAction":[{"@type":"ReadAction","target":["https:\/\/dev.badmath.com\/think33\/campbells\/campbellsoupca\/fr\/product\/bouillon-de-poulet-prt-utiliser-30-moins-de-sodium-de-campbells\/"]}]},{"@type":"BreadcrumbList","@id":"https:\/\/dev.badmath.com\/think33\/campbells\/campbellsoupca\/fr\/product\/bouillon-de-poulet-prt-utiliser-30-moins-de-sodium-de-campbells\/#breadcrumb","itemListElement":[{"@type":"ListItem","position":1,"name":"Home","item":"https:\/\/dev.badmath.com:8443\/think33\/campbells\/campbellsoupca\/"},{"@type":"ListItem","position":2,"name":"Products","item":"https:\/\/dev.badmath.com\/think33\/campbells\/campbellsoupca\/fr\/product\/"},{"@type":"ListItem","position":3,"name":"Bouillon de poulet Pret a utiliser 30% moins de sodium de Campbell&rsquo;s"}]}]}},"lang":"fr","translations":{"fr":581,"en":5767},"product_title":"Bouillon de poulet Pr\u00eat \u00e0 utiliser 30% moins de sodium de <i>Campbell&#8217;s<\/i><sup>\u00ae<\/sup>\n","description":"<p>Le bouillon de poulet Pr\u00eat \u00e0 utiliser avec 30 % moins de sodium de <em>Campbell\u2019s<\/em><sup>\u00ae<\/sup> est pr\u00e9par\u00e9 avec des ingr\u00e9dients de qualit\u00e9 et des AR\u00d4MES NATURELS et contient 30 % moins de sodium que notre bouillon de poulet Pr\u00eat \u00e0 utiliser r\u00e9gulier. C&#8217;est ce qui le rend indispensable dans le garde-manger pour cr\u00e9er les recettes savoureuses des soirs de semaine, que vous trouverez \u00e0 <a href=\"http:\/\/cuisinezaveccampbells.ca\/fr-ca\/home.aspx\">cuisinezaveccampbells.ca<\/a> ou comme base pour votre propre soupe maison.<\/p>\n","featured_image":"https:\/\/dev.badmath.com\/think33\/campbells\/campbellsoupca\/wp-content\/uploads\/2012\/07\/campbells-less-sodium-chicken-broth.png","pll_sync_post":[],"_links":{"self":[{"href":"https:\/\/dev.badmath.com\/think33\/campbells\/campbellsoupca\/wp-json\/wp\/v2\/product\/581"}],"collection":[{"href":"https:\/\/dev.badmath.com\/think33\/campbells\/campbellsoupca\/wp-json\/wp\/v2\/product"}],"about":[{"href":"https:\/\/dev.badmath.com\/think33\/campbells\/campbellsoupca\/wp-json\/wp\/v2\/types\/product"}],"wp:featuredmedia":[{"embeddable":true,"href":"https:\/\/dev.badmath.com\/think33\/campbells\/campbellsoupca\/wp-json\/wp\/v2\/media\/29249"}],"wp:attachment":[{"href":"https:\/\/dev.badmath.com\/think33\/campbells\/campbellsoupca\/wp-json\/wp\/v2\/media?parent=581"}],"wp:term":[{"taxonomy":"product-category","embeddable":true,"href":"https:\/\/dev.badmath.com\/think33\/campbells\/campbellsoupca\/wp-json\/wp\/v2\/product-category?post=581"},{"taxonomy":"product-brand","embeddable":true,"href":"https:\/\/dev.badmath.com\/think33\/campbells\/campbellsoupca\/wp-json\/wp\/v2\/product-brand?post=581"},{"taxonomy":"product-main-ingredient","embeddable":true,"href":"https:\/\/dev.badmath.com\/think33\/campbells\/campbellsoupca\/wp-json\/wp\/v2\/product-main-ingredient?post=581"},{"taxonomy":"product-dietary-alternative","embeddable":true,"href":"https:\/\/dev.badmath.com\/think33\/campbells\/campbellsoupca\/wp-json\/wp\/v2\/product-dietary-alternative?post=581"}],"curies":[{"name":"wp","href":"https:\/\/api.w.org\/{rel}","templated":true}]}}