{"id":40382,"date":"2023-03-08T00:27:00","date_gmt":"2023-03-08T00:27:00","guid":{"rendered":"https:\/\/dev.badmath.com:8443\/think33\/campbells\/campbellsoupca\/?post_type=product&#038;p=40382"},"modified":"2023-03-08T00:38:15","modified_gmt":"2023-03-08T00:38:15","slug":"campbells-chunky-poulet-thai-cremeux-et-riz-515-ml","status":"publish","type":"product","link":"https:\/\/dev.badmath.com\/think33\/campbells\/campbellsoupca\/fr\/product\/campbells-chunky-poulet-thai-cremeux-et-riz-515-ml\/","title":{"rendered":"Campbell\u2019s Chunky Poulet Thai Cremeux et Riz  (515 mL)"},"featured_media":40322,"parent":0,"menu_order":0,"template":"","product-category":[],"product-brand":[{"id":61,"slug":"chunkymd-de-campbellmd","name":"ChunkyMD de CampbellMD"}],"product-main-ingredient":[],"product-dietary-alternative":[],"acf":[],"yoast_head":"<!-- This site is optimized with the Yoast SEO plugin v18.8 - https:\/\/yoast.com\/wordpress\/plugins\/seo\/ -->\n<title>Campbell\u2019s Chunky Poulet Thai Cremeux et Riz (515 mL) - Campbell Company of Canada<\/title>\n<meta name=\"description\" content=\"Inspired by Thai cuisine this soup is filled with tasty chunks of seasoned chicken &amp; long grain rice, all simmered together in a spicy coconut-lemongrass broth.\" \/>\n<meta name=\"robots\" content=\"index, follow, max-snippet:-1, max-image-preview:large, max-video-preview:-1\" \/>\n<link rel=\"canonical\" href=\"https:\/\/dev.badmath.com\/think33\/campbells\/campbellsoupca\/fr\/product\/campbells-chunky-poulet-thai-cremeux-et-riz-515-ml\/\" \/>\n<meta property=\"og:locale\" content=\"en_US\" \/>\n<meta property=\"og:type\" content=\"article\" \/>\n<meta property=\"og:title\" content=\"Campbell\u2019s Chunky Poulet Thai Cremeux et Riz (515 mL) - Campbell Company of Canada\" \/>\n<meta property=\"og:description\" content=\"Inspired by Thai cuisine this soup is filled with tasty chunks of seasoned chicken &amp; long grain rice, all simmered together in a spicy coconut-lemongrass broth.\" \/>\n<meta property=\"og:url\" content=\"https:\/\/dev.badmath.com\/think33\/campbells\/campbellsoupca\/fr\/product\/campbells-chunky-poulet-thai-cremeux-et-riz-515-ml\/\" \/>\n<meta property=\"og:site_name\" content=\"Campbell Company of Canada\" \/>\n<meta property=\"article:modified_time\" content=\"2023-03-08T00:38:15+00:00\" \/>\n<meta property=\"og:image\" content=\"https:\/\/dev.badmath.com:8443\/think33\/campbells\/campbellsoupca\/wp-content\/uploads\/2023\/01\/chunky-creamy-thai-chicken-with-rice.png\" \/>\n\t<meta property=\"og:image:width\" content=\"652\" \/>\n\t<meta property=\"og:image:height\" content=\"1040\" \/>\n\t<meta property=\"og:image:type\" content=\"image\/png\" \/>\n<meta name=\"twitter:card\" content=\"summary_large_image\" \/>\n<script type=\"application\/ld+json\" class=\"yoast-schema-graph\">{\"@context\":\"https:\/\/schema.org\",\"@graph\":[{\"@type\":\"WebSite\",\"@id\":\"https:\/\/dev.badmath.com\/think33\/campbells\/campbellsoupca\/#website\",\"url\":\"https:\/\/dev.badmath.com\/think33\/campbells\/campbellsoupca\/\",\"name\":\"Campbell Company of Canada\",\"description\":\"\",\"potentialAction\":[{\"@type\":\"SearchAction\",\"target\":{\"@type\":\"EntryPoint\",\"urlTemplate\":\"https:\/\/dev.badmath.com\/think33\/campbells\/campbellsoupca\/search\/?query={search_term_string}\"},\"query-input\":\"required name=search_term_string\"}],\"inLanguage\":\"en-US\"},{\"@type\":\"ImageObject\",\"inLanguage\":\"en-US\",\"@id\":\"https:\/\/dev.badmath.com\/think33\/campbells\/campbellsoupca\/fr\/product\/campbells-chunky-poulet-thai-cremeux-et-riz-515-ml\/#primaryimage\",\"url\":\"https:\/\/dev.badmath.com\/think33\/campbells\/campbellsoupca\/wp-content\/uploads\/2023\/01\/chunky-creamy-thai-chicken-with-rice.png\",\"contentUrl\":\"https:\/\/dev.badmath.com\/think33\/campbells\/campbellsoupca\/wp-content\/uploads\/2023\/01\/chunky-creamy-thai-chicken-with-rice.png\",\"width\":652,\"height\":1040,\"caption\":\"Campbell\u2019s\u00ae Chunky\u00ae Creamy Thai Chicken and Rice\"},{\"@type\":\"WebPage\",\"@id\":\"https:\/\/dev.badmath.com\/think33\/campbells\/campbellsoupca\/fr\/product\/campbells-chunky-poulet-thai-cremeux-et-riz-515-ml\/#webpage\",\"url\":\"https:\/\/dev.badmath.com\/think33\/campbells\/campbellsoupca\/fr\/product\/campbells-chunky-poulet-thai-cremeux-et-riz-515-ml\/\",\"name\":\"Campbell\u2019s Chunky Poulet Thai Cremeux et Riz (515 mL) - Campbell Company of Canada\",\"isPartOf\":{\"@id\":\"https:\/\/dev.badmath.com\/think33\/campbells\/campbellsoupca\/#website\"},\"primaryImageOfPage\":{\"@id\":\"https:\/\/dev.badmath.com\/think33\/campbells\/campbellsoupca\/fr\/product\/campbells-chunky-poulet-thai-cremeux-et-riz-515-ml\/#primaryimage\"},\"datePublished\":\"2023-03-08T00:27:00+00:00\",\"dateModified\":\"2023-03-08T00:38:15+00:00\",\"description\":\"Inspired by Thai cuisine this soup is filled with tasty chunks of seasoned chicken & long grain rice, all simmered together in a spicy coconut-lemongrass broth.\",\"breadcrumb\":{\"@id\":\"https:\/\/dev.badmath.com\/think33\/campbells\/campbellsoupca\/fr\/product\/campbells-chunky-poulet-thai-cremeux-et-riz-515-ml\/#breadcrumb\"},\"inLanguage\":\"en-US\",\"potentialAction\":[{\"@type\":\"ReadAction\",\"target\":[\"https:\/\/dev.badmath.com\/think33\/campbells\/campbellsoupca\/fr\/product\/campbells-chunky-poulet-thai-cremeux-et-riz-515-ml\/\"]}]},{\"@type\":\"BreadcrumbList\",\"@id\":\"https:\/\/dev.badmath.com\/think33\/campbells\/campbellsoupca\/fr\/product\/campbells-chunky-poulet-thai-cremeux-et-riz-515-ml\/#breadcrumb\",\"itemListElement\":[{\"@type\":\"ListItem\",\"position\":1,\"name\":\"Home\",\"item\":\"https:\/\/dev.badmath.com:8443\/think33\/campbells\/campbellsoupca\/\"},{\"@type\":\"ListItem\",\"position\":2,\"name\":\"Products\",\"item\":\"https:\/\/dev.badmath.com\/think33\/campbells\/campbellsoupca\/fr\/product\/\"},{\"@type\":\"ListItem\",\"position\":3,\"name\":\"Campbell\u2019s Chunky Poulet Thai Cremeux et Riz (515 mL)\"}]}]}<\/script>\n<!-- \/ Yoast SEO plugin. -->","yoast_head_json":{"title":"Campbell\u2019s Chunky Poulet Thai Cremeux et Riz (515 mL) - Campbell Company of Canada","description":"Inspired by Thai cuisine this soup is filled with tasty chunks of seasoned chicken & long grain rice, all simmered together in a spicy coconut-lemongrass broth.","robots":{"index":"index","follow":"follow","max-snippet":"max-snippet:-1","max-image-preview":"max-image-preview:large","max-video-preview":"max-video-preview:-1"},"canonical":"https:\/\/dev.badmath.com\/think33\/campbells\/campbellsoupca\/fr\/product\/campbells-chunky-poulet-thai-cremeux-et-riz-515-ml\/","og_locale":"en_US","og_type":"article","og_title":"Campbell\u2019s Chunky Poulet Thai Cremeux et Riz (515 mL) - Campbell Company of Canada","og_description":"Inspired by Thai cuisine this soup is filled with tasty chunks of seasoned chicken & long grain rice, all simmered together in a spicy coconut-lemongrass broth.","og_url":"https:\/\/dev.badmath.com\/think33\/campbells\/campbellsoupca\/fr\/product\/campbells-chunky-poulet-thai-cremeux-et-riz-515-ml\/","og_site_name":"Campbell Company of Canada","article_modified_time":"2023-03-08T00:38:15+00:00","og_image":[{"width":652,"height":1040,"url":"https:\/\/dev.badmath.com:8443\/think33\/campbells\/campbellsoupca\/wp-content\/uploads\/2023\/01\/chunky-creamy-thai-chicken-with-rice.png","type":"image\/png"}],"twitter_card":"summary_large_image","schema":{"@context":"https:\/\/schema.org","@graph":[{"@type":"WebSite","@id":"https:\/\/dev.badmath.com\/think33\/campbells\/campbellsoupca\/#website","url":"https:\/\/dev.badmath.com\/think33\/campbells\/campbellsoupca\/","name":"Campbell Company of Canada","description":"","potentialAction":[{"@type":"SearchAction","target":{"@type":"EntryPoint","urlTemplate":"https:\/\/dev.badmath.com\/think33\/campbells\/campbellsoupca\/search\/?query={search_term_string}"},"query-input":"required name=search_term_string"}],"inLanguage":"en-US"},{"@type":"ImageObject","inLanguage":"en-US","@id":"https:\/\/dev.badmath.com\/think33\/campbells\/campbellsoupca\/fr\/product\/campbells-chunky-poulet-thai-cremeux-et-riz-515-ml\/#primaryimage","url":"https:\/\/dev.badmath.com\/think33\/campbells\/campbellsoupca\/wp-content\/uploads\/2023\/01\/chunky-creamy-thai-chicken-with-rice.png","contentUrl":"https:\/\/dev.badmath.com\/think33\/campbells\/campbellsoupca\/wp-content\/uploads\/2023\/01\/chunky-creamy-thai-chicken-with-rice.png","width":652,"height":1040,"caption":"Campbell\u2019s\u00ae Chunky\u00ae Creamy Thai Chicken and Rice"},{"@type":"WebPage","@id":"https:\/\/dev.badmath.com\/think33\/campbells\/campbellsoupca\/fr\/product\/campbells-chunky-poulet-thai-cremeux-et-riz-515-ml\/#webpage","url":"https:\/\/dev.badmath.com\/think33\/campbells\/campbellsoupca\/fr\/product\/campbells-chunky-poulet-thai-cremeux-et-riz-515-ml\/","name":"Campbell\u2019s Chunky Poulet Thai Cremeux et Riz (515 mL) - Campbell Company of Canada","isPartOf":{"@id":"https:\/\/dev.badmath.com\/think33\/campbells\/campbellsoupca\/#website"},"primaryImageOfPage":{"@id":"https:\/\/dev.badmath.com\/think33\/campbells\/campbellsoupca\/fr\/product\/campbells-chunky-poulet-thai-cremeux-et-riz-515-ml\/#primaryimage"},"datePublished":"2023-03-08T00:27:00+00:00","dateModified":"2023-03-08T00:38:15+00:00","description":"Inspired by Thai cuisine this soup is filled with tasty chunks of seasoned chicken & long grain rice, all simmered together in a spicy coconut-lemongrass broth.","breadcrumb":{"@id":"https:\/\/dev.badmath.com\/think33\/campbells\/campbellsoupca\/fr\/product\/campbells-chunky-poulet-thai-cremeux-et-riz-515-ml\/#breadcrumb"},"inLanguage":"en-US","potentialAction":[{"@type":"ReadAction","target":["https:\/\/dev.badmath.com\/think33\/campbells\/campbellsoupca\/fr\/product\/campbells-chunky-poulet-thai-cremeux-et-riz-515-ml\/"]}]},{"@type":"BreadcrumbList","@id":"https:\/\/dev.badmath.com\/think33\/campbells\/campbellsoupca\/fr\/product\/campbells-chunky-poulet-thai-cremeux-et-riz-515-ml\/#breadcrumb","itemListElement":[{"@type":"ListItem","position":1,"name":"Home","item":"https:\/\/dev.badmath.com:8443\/think33\/campbells\/campbellsoupca\/"},{"@type":"ListItem","position":2,"name":"Products","item":"https:\/\/dev.badmath.com\/think33\/campbells\/campbellsoupca\/fr\/product\/"},{"@type":"ListItem","position":3,"name":"Campbell\u2019s Chunky Poulet Thai Cremeux et Riz (515 mL)"}]}]}},"lang":"fr","translations":{"fr":40382,"en":40318},"product_title":"<span data-sheets-formula-bar-text-style=\"font-size:12px;color:#333333;font-weight:normal;text-decoration:none;font-family:'docs-Helvetica Neue';font-style:normal;text-decoration-skip-ink:none;\"><em>Campbell\u2019s<\/em><sup>\u00ae<\/sup> <em>Chunky<\/em><sup>\u00ae<\/sup> Poulet Thai Cremeux et Riz (515 mL)<\/span>\n","description":"<p><span data-sheets-formula-bar-text-style=\"font-size:12px;color:#0000ff;font-weight:normal;text-decoration:none;font-family:'docs-Helvetica Neue';font-style:normal;text-decoration-skip-ink:none;\">Cette soupe inspir\u00e9e de la cuisine tha\u00eflandaise regorge de savoureux morceaux de poulet assaisonn\u00e9 et de riz \u00e0 grain long, mijot\u00e9s dans un bouillon \u00e9pic\u00e9 \u00e0 la noix de coco et \u00e0 la citronnelle.<\/span><\/p>\n","featured_image":"https:\/\/dev.badmath.com\/think33\/campbells\/campbellsoupca\/wp-content\/uploads\/2023\/01\/chunky-creamy-thai-chicken-with-rice-642x1024.png","pll_sync_post":[],"_links":{"self":[{"href":"https:\/\/dev.badmath.com\/think33\/campbells\/campbellsoupca\/wp-json\/wp\/v2\/product\/40382"}],"collection":[{"href":"https:\/\/dev.badmath.com\/think33\/campbells\/campbellsoupca\/wp-json\/wp\/v2\/product"}],"about":[{"href":"https:\/\/dev.badmath.com\/think33\/campbells\/campbellsoupca\/wp-json\/wp\/v2\/types\/product"}],"wp:featuredmedia":[{"embeddable":true,"href":"https:\/\/dev.badmath.com\/think33\/campbells\/campbellsoupca\/wp-json\/wp\/v2\/media\/40322"}],"wp:attachment":[{"href":"https:\/\/dev.badmath.com\/think33\/campbells\/campbellsoupca\/wp-json\/wp\/v2\/media?parent=40382"}],"wp:term":[{"taxonomy":"product-category","embeddable":true,"href":"https:\/\/dev.badmath.com\/think33\/campbells\/campbellsoupca\/wp-json\/wp\/v2\/product-category?post=40382"},{"taxonomy":"product-brand","embeddable":true,"href":"https:\/\/dev.badmath.com\/think33\/campbells\/campbellsoupca\/wp-json\/wp\/v2\/product-brand?post=40382"},{"taxonomy":"product-main-ingredient","embeddable":true,"href":"https:\/\/dev.badmath.com\/think33\/campbells\/campbellsoupca\/wp-json\/wp\/v2\/product-main-ingredient?post=40382"},{"taxonomy":"product-dietary-alternative","embeddable":true,"href":"https:\/\/dev.badmath.com\/think33\/campbells\/campbellsoupca\/wp-json\/wp\/v2\/product-dietary-alternative?post=40382"}],"curies":[{"name":"wp","href":"https:\/\/api.w.org\/{rel}","templated":true}]}}