{"id":39791,"date":"2022-11-10T17:28:25","date_gmt":"2022-11-10T17:28:25","guid":{"rendered":"https:\/\/dev.badmath.com:8443\/think33\/campbells\/campbellsoupca\/?post_type=product&#038;p=39791"},"modified":"2022-11-10T17:28:25","modified_gmt":"2022-11-10T17:28:25","slug":"bouchees-de-bretzels-au-jalapeno-snyders-of-hanover-240-g","status":"publish","type":"product","link":"https:\/\/dev.badmath.com\/think33\/campbells\/campbellsoupca\/fr\/product\/bouchees-de-bretzels-au-jalapeno-snyders-of-hanover-240-g\/","title":{"rendered":"Bouch\u00e9es de bretzels au jalapeno Snyder\u2019s of Hanover\u00ae (240 g)"},"featured_media":37677,"parent":0,"menu_order":0,"template":"","product-category":[],"product-brand":[{"id":1048,"slug":"snyders-of-hanover","name":"Snyder\u2019s of Hanover\u00ae"}],"product-main-ingredient":[],"product-dietary-alternative":[{"id":433,"slug":"cascher","name":"Casher","icon":"kosher"},{"id":427,"slug":"vegetarien","name":"V\u00e9g\u00e9tarien","icon":"vegetarian"}],"acf":[],"yoast_head":"<!-- This site is optimized with the Yoast SEO plugin v18.8 - https:\/\/yoast.com\/wordpress\/plugins\/seo\/ -->\n<title>Bouch\u00e9es de bretzels au jalapeno Snyder\u2019s of Hanover\u00ae (240 g) - Campbell Company of Canada<\/title>\n<meta name=\"robots\" content=\"index, follow, max-snippet:-1, max-image-preview:large, max-video-preview:-1\" \/>\n<link rel=\"canonical\" href=\"https:\/\/dev.badmath.com\/think33\/campbells\/campbellsoupca\/fr\/product\/bouchees-de-bretzels-au-jalapeno-snyders-of-hanover-240-g\/\" \/>\n<meta property=\"og:locale\" content=\"en_US\" \/>\n<meta property=\"og:type\" content=\"article\" \/>\n<meta property=\"og:title\" content=\"Bouch\u00e9es de bretzels au jalapeno Snyder\u2019s of Hanover\u00ae (240 g) - Campbell Company of Canada\" \/>\n<meta property=\"og:url\" content=\"https:\/\/dev.badmath.com\/think33\/campbells\/campbellsoupca\/fr\/product\/bouchees-de-bretzels-au-jalapeno-snyders-of-hanover-240-g\/\" \/>\n<meta property=\"og:site_name\" content=\"Campbell Company of Canada\" \/>\n<meta property=\"og:image\" content=\"https:\/\/dev.badmath.com\/think33\/campbells\/campbellsoupca\/wp-content\/uploads\/2022\/06\/SnydersofHanover_PretzelPieces_Jalapeno.png\" \/>\n\t<meta property=\"og:image:width\" content=\"340\" \/>\n\t<meta property=\"og:image:height\" content=\"510\" \/>\n\t<meta property=\"og:image:type\" content=\"image\/png\" \/>\n<meta name=\"twitter:card\" content=\"summary_large_image\" \/>\n<script type=\"application\/ld+json\" class=\"yoast-schema-graph\">{\"@context\":\"https:\/\/schema.org\",\"@graph\":[{\"@type\":\"WebSite\",\"@id\":\"https:\/\/dev.badmath.com\/think33\/campbells\/campbellsoupca\/#website\",\"url\":\"https:\/\/dev.badmath.com\/think33\/campbells\/campbellsoupca\/\",\"name\":\"Campbell Company of Canada\",\"description\":\"\",\"potentialAction\":[{\"@type\":\"SearchAction\",\"target\":{\"@type\":\"EntryPoint\",\"urlTemplate\":\"https:\/\/dev.badmath.com\/think33\/campbells\/campbellsoupca\/search\/?query={search_term_string}\"},\"query-input\":\"required name=search_term_string\"}],\"inLanguage\":\"en-US\"},{\"@type\":\"ImageObject\",\"inLanguage\":\"en-US\",\"@id\":\"https:\/\/dev.badmath.com\/think33\/campbells\/campbellsoupca\/fr\/product\/bouchees-de-bretzels-au-jalapeno-snyders-of-hanover-240-g\/#primaryimage\",\"url\":\"https:\/\/dev.badmath.com\/think33\/campbells\/campbellsoupca\/wp-content\/uploads\/2022\/06\/SnydersofHanover_PretzelPieces_Jalapeno.png\",\"contentUrl\":\"https:\/\/dev.badmath.com\/think33\/campbells\/campbellsoupca\/wp-content\/uploads\/2022\/06\/SnydersofHanover_PretzelPieces_Jalapeno.png\",\"width\":340,\"height\":510,\"caption\":\"Snyder\u2019s of Hanover\u00ae Pretzel Pieces Jalape\u00f1o\"},{\"@type\":\"WebPage\",\"@id\":\"https:\/\/dev.badmath.com\/think33\/campbells\/campbellsoupca\/fr\/product\/bouchees-de-bretzels-au-jalapeno-snyders-of-hanover-240-g\/#webpage\",\"url\":\"https:\/\/dev.badmath.com\/think33\/campbells\/campbellsoupca\/fr\/product\/bouchees-de-bretzels-au-jalapeno-snyders-of-hanover-240-g\/\",\"name\":\"Bouch\u00e9es de bretzels au jalapeno Snyder\u2019s of Hanover\u00ae (240 g) - Campbell Company of Canada\",\"isPartOf\":{\"@id\":\"https:\/\/dev.badmath.com\/think33\/campbells\/campbellsoupca\/#website\"},\"primaryImageOfPage\":{\"@id\":\"https:\/\/dev.badmath.com\/think33\/campbells\/campbellsoupca\/fr\/product\/bouchees-de-bretzels-au-jalapeno-snyders-of-hanover-240-g\/#primaryimage\"},\"datePublished\":\"2022-11-10T17:28:25+00:00\",\"dateModified\":\"2022-11-10T17:28:25+00:00\",\"breadcrumb\":{\"@id\":\"https:\/\/dev.badmath.com\/think33\/campbells\/campbellsoupca\/fr\/product\/bouchees-de-bretzels-au-jalapeno-snyders-of-hanover-240-g\/#breadcrumb\"},\"inLanguage\":\"en-US\",\"potentialAction\":[{\"@type\":\"ReadAction\",\"target\":[\"https:\/\/dev.badmath.com\/think33\/campbells\/campbellsoupca\/fr\/product\/bouchees-de-bretzels-au-jalapeno-snyders-of-hanover-240-g\/\"]}]},{\"@type\":\"BreadcrumbList\",\"@id\":\"https:\/\/dev.badmath.com\/think33\/campbells\/campbellsoupca\/fr\/product\/bouchees-de-bretzels-au-jalapeno-snyders-of-hanover-240-g\/#breadcrumb\",\"itemListElement\":[{\"@type\":\"ListItem\",\"position\":1,\"name\":\"Home\",\"item\":\"https:\/\/dev.badmath.com\/think33\/campbells\/campbellsoupca\/\"},{\"@type\":\"ListItem\",\"position\":2,\"name\":\"Products\",\"item\":\"https:\/\/dev.badmath.com:8443\/think33\/campbells\/campbellsoupca\/product\/\"},{\"@type\":\"ListItem\",\"position\":3,\"name\":\"Bouch\u00e9es de bretzels au jalapeno Snyder\u2019s of Hanover\u00ae (240 g)\"}]}]}<\/script>\n<!-- \/ Yoast SEO plugin. -->","yoast_head_json":{"title":"Bouch\u00e9es de bretzels au jalapeno Snyder\u2019s of Hanover\u00ae (240 g) - Campbell Company of Canada","robots":{"index":"index","follow":"follow","max-snippet":"max-snippet:-1","max-image-preview":"max-image-preview:large","max-video-preview":"max-video-preview:-1"},"canonical":"https:\/\/dev.badmath.com\/think33\/campbells\/campbellsoupca\/fr\/product\/bouchees-de-bretzels-au-jalapeno-snyders-of-hanover-240-g\/","og_locale":"en_US","og_type":"article","og_title":"Bouch\u00e9es de bretzels au jalapeno Snyder\u2019s of Hanover\u00ae (240 g) - Campbell Company of Canada","og_url":"https:\/\/dev.badmath.com\/think33\/campbells\/campbellsoupca\/fr\/product\/bouchees-de-bretzels-au-jalapeno-snyders-of-hanover-240-g\/","og_site_name":"Campbell Company of Canada","og_image":[{"width":340,"height":510,"url":"https:\/\/dev.badmath.com\/think33\/campbells\/campbellsoupca\/wp-content\/uploads\/2022\/06\/SnydersofHanover_PretzelPieces_Jalapeno.png","type":"image\/png"}],"twitter_card":"summary_large_image","schema":{"@context":"https:\/\/schema.org","@graph":[{"@type":"WebSite","@id":"https:\/\/dev.badmath.com\/think33\/campbells\/campbellsoupca\/#website","url":"https:\/\/dev.badmath.com\/think33\/campbells\/campbellsoupca\/","name":"Campbell Company of Canada","description":"","potentialAction":[{"@type":"SearchAction","target":{"@type":"EntryPoint","urlTemplate":"https:\/\/dev.badmath.com\/think33\/campbells\/campbellsoupca\/search\/?query={search_term_string}"},"query-input":"required name=search_term_string"}],"inLanguage":"en-US"},{"@type":"ImageObject","inLanguage":"en-US","@id":"https:\/\/dev.badmath.com\/think33\/campbells\/campbellsoupca\/fr\/product\/bouchees-de-bretzels-au-jalapeno-snyders-of-hanover-240-g\/#primaryimage","url":"https:\/\/dev.badmath.com\/think33\/campbells\/campbellsoupca\/wp-content\/uploads\/2022\/06\/SnydersofHanover_PretzelPieces_Jalapeno.png","contentUrl":"https:\/\/dev.badmath.com\/think33\/campbells\/campbellsoupca\/wp-content\/uploads\/2022\/06\/SnydersofHanover_PretzelPieces_Jalapeno.png","width":340,"height":510,"caption":"Snyder\u2019s of Hanover\u00ae Pretzel Pieces Jalape\u00f1o"},{"@type":"WebPage","@id":"https:\/\/dev.badmath.com\/think33\/campbells\/campbellsoupca\/fr\/product\/bouchees-de-bretzels-au-jalapeno-snyders-of-hanover-240-g\/#webpage","url":"https:\/\/dev.badmath.com\/think33\/campbells\/campbellsoupca\/fr\/product\/bouchees-de-bretzels-au-jalapeno-snyders-of-hanover-240-g\/","name":"Bouch\u00e9es de bretzels au jalapeno Snyder\u2019s of Hanover\u00ae (240 g) - Campbell Company of Canada","isPartOf":{"@id":"https:\/\/dev.badmath.com\/think33\/campbells\/campbellsoupca\/#website"},"primaryImageOfPage":{"@id":"https:\/\/dev.badmath.com\/think33\/campbells\/campbellsoupca\/fr\/product\/bouchees-de-bretzels-au-jalapeno-snyders-of-hanover-240-g\/#primaryimage"},"datePublished":"2022-11-10T17:28:25+00:00","dateModified":"2022-11-10T17:28:25+00:00","breadcrumb":{"@id":"https:\/\/dev.badmath.com\/think33\/campbells\/campbellsoupca\/fr\/product\/bouchees-de-bretzels-au-jalapeno-snyders-of-hanover-240-g\/#breadcrumb"},"inLanguage":"en-US","potentialAction":[{"@type":"ReadAction","target":["https:\/\/dev.badmath.com\/think33\/campbells\/campbellsoupca\/fr\/product\/bouchees-de-bretzels-au-jalapeno-snyders-of-hanover-240-g\/"]}]},{"@type":"BreadcrumbList","@id":"https:\/\/dev.badmath.com\/think33\/campbells\/campbellsoupca\/fr\/product\/bouchees-de-bretzels-au-jalapeno-snyders-of-hanover-240-g\/#breadcrumb","itemListElement":[{"@type":"ListItem","position":1,"name":"Home","item":"https:\/\/dev.badmath.com\/think33\/campbells\/campbellsoupca\/"},{"@type":"ListItem","position":2,"name":"Products","item":"https:\/\/dev.badmath.com:8443\/think33\/campbells\/campbellsoupca\/product\/"},{"@type":"ListItem","position":3,"name":"Bouch\u00e9es de bretzels au jalapeno Snyder\u2019s of Hanover\u00ae (240 g)"}]}]}},"lang":"fr","translations":{"fr":39791,"en":37676},"product_title":"Bouch\u00e9es de bretzels au jalapeno Snyder\u2019s of Hanover\u00ae (240 g)\n","description":"<p><span data-ccp-props=\"{&quot;201341983&quot;:0,&quot;335559740&quot;:259}\">Les bouch\u00e9es de bretzels Snyder\u2019s of Hanover\u00ae sont des bretzels durs au levain cuits au four \u00e0 la perfection, puis bris\u00e9s en g\u00e9n\u00e9reux morceaux et enrob\u00e9s d\u2019un assaisonnement au jalapeno. Ces bouch\u00e9es d\u00e9licieusement croquantes et d\u00e9bordantes de saveurs intenses sont une collation parfaite. Comme elles sont cuites au four, elles remplacent avantageusement les croustilles, en plus d\u2019\u00eatre fabriqu\u00e9es dans une usine qui ne traite pas les arachides. Vous adorerez ces bouch\u00e9es de bretzels croquantes comme collation pour l\u2019\u00e9cole ou le d\u00eener. <\/span><\/p>\n","featured_image":"https:\/\/dev.badmath.com\/think33\/campbells\/campbellsoupca\/wp-content\/uploads\/2022\/06\/SnydersofHanover_PretzelPieces_Jalapeno.png","pll_sync_post":[],"_links":{"self":[{"href":"https:\/\/dev.badmath.com\/think33\/campbells\/campbellsoupca\/wp-json\/wp\/v2\/product\/39791"}],"collection":[{"href":"https:\/\/dev.badmath.com\/think33\/campbells\/campbellsoupca\/wp-json\/wp\/v2\/product"}],"about":[{"href":"https:\/\/dev.badmath.com\/think33\/campbells\/campbellsoupca\/wp-json\/wp\/v2\/types\/product"}],"wp:featuredmedia":[{"embeddable":true,"href":"https:\/\/dev.badmath.com\/think33\/campbells\/campbellsoupca\/wp-json\/wp\/v2\/media\/37677"}],"wp:attachment":[{"href":"https:\/\/dev.badmath.com\/think33\/campbells\/campbellsoupca\/wp-json\/wp\/v2\/media?parent=39791"}],"wp:term":[{"taxonomy":"product-category","embeddable":true,"href":"https:\/\/dev.badmath.com\/think33\/campbells\/campbellsoupca\/wp-json\/wp\/v2\/product-category?post=39791"},{"taxonomy":"product-brand","embeddable":true,"href":"https:\/\/dev.badmath.com\/think33\/campbells\/campbellsoupca\/wp-json\/wp\/v2\/product-brand?post=39791"},{"taxonomy":"product-main-ingredient","embeddable":true,"href":"https:\/\/dev.badmath.com\/think33\/campbells\/campbellsoupca\/wp-json\/wp\/v2\/product-main-ingredient?post=39791"},{"taxonomy":"product-dietary-alternative","embeddable":true,"href":"https:\/\/dev.badmath.com\/think33\/campbells\/campbellsoupca\/wp-json\/wp\/v2\/product-dietary-alternative?post=39791"}],"curies":[{"name":"wp","href":"https:\/\/api.w.org\/{rel}","templated":true}]}}