{"id":38899,"date":"2022-09-15T20:05:28","date_gmt":"2022-09-15T20:05:28","guid":{"rendered":"https:\/\/dev.badmath.com:8443\/think33\/campbells\/campbellsoupca\/?post_type=product&#038;p=38899"},"modified":"2022-09-15T20:05:28","modified_gmt":"2022-09-15T20:05:28","slug":"bouchees-de-bretzels-a-la-moutarde-au-miel-et-a-loignon-snyders-of-hanover-240-g","status":"publish","type":"product","link":"https:\/\/dev.badmath.com\/think33\/campbells\/campbellsoupca\/fr\/product\/bouchees-de-bretzels-a-la-moutarde-au-miel-et-a-loignon-snyders-of-hanover-240-g\/","title":{"rendered":"Bouch\u00e9es de bretzels \u00e0 la moutarde au miel et \u00e0 l\u2019oignon Snyder\u2019s of Hanover\u00ae (240 g)"},"featured_media":37658,"parent":0,"menu_order":0,"template":"","product-category":[],"product-brand":[{"id":1048,"slug":"snyders-of-hanover","name":"Snyder\u2019s of Hanover\u00ae"}],"product-main-ingredient":[],"product-dietary-alternative":[{"id":433,"slug":"cascher","name":"Casher","icon":"kosher"},{"id":427,"slug":"vegetarien","name":"V\u00e9g\u00e9tarien","icon":"vegetarian"}],"acf":[],"yoast_head":"<!-- This site is optimized with the Yoast SEO plugin v18.8 - https:\/\/yoast.com\/wordpress\/plugins\/seo\/ -->\n<title>Bouch\u00e9es de bretzels \u00e0 la moutarde au miel et \u00e0 l\u2019oignon Snyder\u2019s of Hanover\u00ae (240 g) - Campbell Company of Canada<\/title>\n<meta name=\"description\" content=\"Les bouch\u00e9es de bretzels Snyder\u2019s of Hanover\u00ae sont des bretzels durs au levain cuits au four \u00e0 la perfection, puis bris\u00e9s en g\u00e9n\u00e9reux morceaux et enrob\u00e9s d\u2019un assaisonnement \u00e0 la moutarde au miel et \u00e0 l\u2019oignon. Ces bouch\u00e9es d\u00e9licieusement croquantes et d\u00e9bordantes de saveurs intenses sont une collation parfaite.\" \/>\n<meta name=\"robots\" content=\"index, follow, max-snippet:-1, max-image-preview:large, max-video-preview:-1\" \/>\n<link rel=\"canonical\" href=\"https:\/\/dev.badmath.com\/think33\/campbells\/campbellsoupca\/fr\/product\/bouchees-de-bretzels-a-la-moutarde-au-miel-et-a-loignon-snyders-of-hanover-240-g\/\" \/>\n<meta property=\"og:locale\" content=\"en_US\" \/>\n<meta property=\"og:type\" content=\"article\" \/>\n<meta property=\"og:title\" content=\"Bouch\u00e9es de bretzels \u00e0 la moutarde au miel et \u00e0 l\u2019oignon Snyder\u2019s of Hanover\u00ae (240 g) - Campbell Company of Canada\" \/>\n<meta property=\"og:description\" content=\"Les bouch\u00e9es de bretzels Snyder\u2019s of Hanover\u00ae sont des bretzels durs au levain cuits au four \u00e0 la perfection, puis bris\u00e9s en g\u00e9n\u00e9reux morceaux et enrob\u00e9s d\u2019un assaisonnement \u00e0 la moutarde au miel et \u00e0 l\u2019oignon. Ces bouch\u00e9es d\u00e9licieusement croquantes et d\u00e9bordantes de saveurs intenses sont une collation parfaite.\" \/>\n<meta property=\"og:url\" content=\"https:\/\/dev.badmath.com\/think33\/campbells\/campbellsoupca\/fr\/product\/bouchees-de-bretzels-a-la-moutarde-au-miel-et-a-loignon-snyders-of-hanover-240-g\/\" \/>\n<meta property=\"og:site_name\" content=\"Campbell Company of Canada\" \/>\n<meta property=\"og:image\" content=\"https:\/\/dev.badmath.com\/think33\/campbells\/campbellsoupca\/wp-content\/uploads\/2022\/06\/SnydersofHanover_PretzelPieces_HoneyMustardOnion_240g.png\" \/>\n\t<meta property=\"og:image:width\" content=\"340\" \/>\n\t<meta property=\"og:image:height\" content=\"510\" \/>\n\t<meta property=\"og:image:type\" content=\"image\/png\" \/>\n<meta name=\"twitter:card\" content=\"summary_large_image\" \/>\n<script type=\"application\/ld+json\" class=\"yoast-schema-graph\">{\"@context\":\"https:\/\/schema.org\",\"@graph\":[{\"@type\":\"WebSite\",\"@id\":\"https:\/\/dev.badmath.com\/think33\/campbells\/campbellsoupca\/#website\",\"url\":\"https:\/\/dev.badmath.com\/think33\/campbells\/campbellsoupca\/\",\"name\":\"Campbell Company of Canada\",\"description\":\"\",\"potentialAction\":[{\"@type\":\"SearchAction\",\"target\":{\"@type\":\"EntryPoint\",\"urlTemplate\":\"https:\/\/dev.badmath.com\/think33\/campbells\/campbellsoupca\/search\/?query={search_term_string}\"},\"query-input\":\"required name=search_term_string\"}],\"inLanguage\":\"en-US\"},{\"@type\":\"ImageObject\",\"inLanguage\":\"en-US\",\"@id\":\"https:\/\/dev.badmath.com\/think33\/campbells\/campbellsoupca\/fr\/product\/bouchees-de-bretzels-a-la-moutarde-au-miel-et-a-loignon-snyders-of-hanover-240-g\/#primaryimage\",\"url\":\"https:\/\/dev.badmath.com\/think33\/campbells\/campbellsoupca\/wp-content\/uploads\/2022\/06\/SnydersofHanover_PretzelPieces_HoneyMustardOnion_240g.png\",\"contentUrl\":\"https:\/\/dev.badmath.com\/think33\/campbells\/campbellsoupca\/wp-content\/uploads\/2022\/06\/SnydersofHanover_PretzelPieces_HoneyMustardOnion_240g.png\",\"width\":340,\"height\":510,\"caption\":\"Snyder\u2019s of Hanover\u00ae Pretzel Pieces Honey Mustard & Onion\"},{\"@type\":\"WebPage\",\"@id\":\"https:\/\/dev.badmath.com\/think33\/campbells\/campbellsoupca\/fr\/product\/bouchees-de-bretzels-a-la-moutarde-au-miel-et-a-loignon-snyders-of-hanover-240-g\/#webpage\",\"url\":\"https:\/\/dev.badmath.com\/think33\/campbells\/campbellsoupca\/fr\/product\/bouchees-de-bretzels-a-la-moutarde-au-miel-et-a-loignon-snyders-of-hanover-240-g\/\",\"name\":\"Bouch\u00e9es de bretzels \u00e0 la moutarde au miel et \u00e0 l\u2019oignon Snyder\u2019s of Hanover\u00ae (240 g) - Campbell Company of Canada\",\"isPartOf\":{\"@id\":\"https:\/\/dev.badmath.com\/think33\/campbells\/campbellsoupca\/#website\"},\"primaryImageOfPage\":{\"@id\":\"https:\/\/dev.badmath.com\/think33\/campbells\/campbellsoupca\/fr\/product\/bouchees-de-bretzels-a-la-moutarde-au-miel-et-a-loignon-snyders-of-hanover-240-g\/#primaryimage\"},\"datePublished\":\"2022-09-15T20:05:28+00:00\",\"dateModified\":\"2022-09-15T20:05:28+00:00\",\"description\":\"Les bouch\u00e9es de bretzels Snyder\u2019s of Hanover\u00ae sont des bretzels durs au levain cuits au four \u00e0 la perfection, puis bris\u00e9s en g\u00e9n\u00e9reux morceaux et enrob\u00e9s d\u2019un assaisonnement \u00e0 la moutarde au miel et \u00e0 l\u2019oignon. Ces bouch\u00e9es d\u00e9licieusement croquantes et d\u00e9bordantes de saveurs intenses sont une collation parfaite.\",\"breadcrumb\":{\"@id\":\"https:\/\/dev.badmath.com\/think33\/campbells\/campbellsoupca\/fr\/product\/bouchees-de-bretzels-a-la-moutarde-au-miel-et-a-loignon-snyders-of-hanover-240-g\/#breadcrumb\"},\"inLanguage\":\"en-US\",\"potentialAction\":[{\"@type\":\"ReadAction\",\"target\":[\"https:\/\/dev.badmath.com\/think33\/campbells\/campbellsoupca\/fr\/product\/bouchees-de-bretzels-a-la-moutarde-au-miel-et-a-loignon-snyders-of-hanover-240-g\/\"]}]},{\"@type\":\"BreadcrumbList\",\"@id\":\"https:\/\/dev.badmath.com\/think33\/campbells\/campbellsoupca\/fr\/product\/bouchees-de-bretzels-a-la-moutarde-au-miel-et-a-loignon-snyders-of-hanover-240-g\/#breadcrumb\",\"itemListElement\":[{\"@type\":\"ListItem\",\"position\":1,\"name\":\"Home\",\"item\":\"https:\/\/dev.badmath.com\/think33\/campbells\/campbellsoupca\/\"},{\"@type\":\"ListItem\",\"position\":2,\"name\":\"Products\",\"item\":\"https:\/\/dev.badmath.com:8443\/think33\/campbells\/campbellsoupca\/product\/\"},{\"@type\":\"ListItem\",\"position\":3,\"name\":\"Bouch\u00e9es de bretzels \u00e0 la moutarde au miel et \u00e0 l\u2019oignon Snyder\u2019s of Hanover\u00ae (240 g)\"}]}]}<\/script>\n<!-- \/ Yoast SEO plugin. -->","yoast_head_json":{"title":"Bouch\u00e9es de bretzels \u00e0 la moutarde au miel et \u00e0 l\u2019oignon Snyder\u2019s of Hanover\u00ae (240 g) - Campbell Company of Canada","description":"Les bouch\u00e9es de bretzels Snyder\u2019s of Hanover\u00ae sont des bretzels durs au levain cuits au four \u00e0 la perfection, puis bris\u00e9s en g\u00e9n\u00e9reux morceaux et enrob\u00e9s d\u2019un assaisonnement \u00e0 la moutarde au miel et \u00e0 l\u2019oignon. Ces bouch\u00e9es d\u00e9licieusement croquantes et d\u00e9bordantes de saveurs intenses sont une collation parfaite.","robots":{"index":"index","follow":"follow","max-snippet":"max-snippet:-1","max-image-preview":"max-image-preview:large","max-video-preview":"max-video-preview:-1"},"canonical":"https:\/\/dev.badmath.com\/think33\/campbells\/campbellsoupca\/fr\/product\/bouchees-de-bretzels-a-la-moutarde-au-miel-et-a-loignon-snyders-of-hanover-240-g\/","og_locale":"en_US","og_type":"article","og_title":"Bouch\u00e9es de bretzels \u00e0 la moutarde au miel et \u00e0 l\u2019oignon Snyder\u2019s of Hanover\u00ae (240 g) - Campbell Company of Canada","og_description":"Les bouch\u00e9es de bretzels Snyder\u2019s of Hanover\u00ae sont des bretzels durs au levain cuits au four \u00e0 la perfection, puis bris\u00e9s en g\u00e9n\u00e9reux morceaux et enrob\u00e9s d\u2019un assaisonnement \u00e0 la moutarde au miel et \u00e0 l\u2019oignon. Ces bouch\u00e9es d\u00e9licieusement croquantes et d\u00e9bordantes de saveurs intenses sont une collation parfaite.","og_url":"https:\/\/dev.badmath.com\/think33\/campbells\/campbellsoupca\/fr\/product\/bouchees-de-bretzels-a-la-moutarde-au-miel-et-a-loignon-snyders-of-hanover-240-g\/","og_site_name":"Campbell Company of Canada","og_image":[{"width":340,"height":510,"url":"https:\/\/dev.badmath.com\/think33\/campbells\/campbellsoupca\/wp-content\/uploads\/2022\/06\/SnydersofHanover_PretzelPieces_HoneyMustardOnion_240g.png","type":"image\/png"}],"twitter_card":"summary_large_image","schema":{"@context":"https:\/\/schema.org","@graph":[{"@type":"WebSite","@id":"https:\/\/dev.badmath.com\/think33\/campbells\/campbellsoupca\/#website","url":"https:\/\/dev.badmath.com\/think33\/campbells\/campbellsoupca\/","name":"Campbell Company of Canada","description":"","potentialAction":[{"@type":"SearchAction","target":{"@type":"EntryPoint","urlTemplate":"https:\/\/dev.badmath.com\/think33\/campbells\/campbellsoupca\/search\/?query={search_term_string}"},"query-input":"required name=search_term_string"}],"inLanguage":"en-US"},{"@type":"ImageObject","inLanguage":"en-US","@id":"https:\/\/dev.badmath.com\/think33\/campbells\/campbellsoupca\/fr\/product\/bouchees-de-bretzels-a-la-moutarde-au-miel-et-a-loignon-snyders-of-hanover-240-g\/#primaryimage","url":"https:\/\/dev.badmath.com\/think33\/campbells\/campbellsoupca\/wp-content\/uploads\/2022\/06\/SnydersofHanover_PretzelPieces_HoneyMustardOnion_240g.png","contentUrl":"https:\/\/dev.badmath.com\/think33\/campbells\/campbellsoupca\/wp-content\/uploads\/2022\/06\/SnydersofHanover_PretzelPieces_HoneyMustardOnion_240g.png","width":340,"height":510,"caption":"Snyder\u2019s of Hanover\u00ae Pretzel Pieces Honey Mustard & Onion"},{"@type":"WebPage","@id":"https:\/\/dev.badmath.com\/think33\/campbells\/campbellsoupca\/fr\/product\/bouchees-de-bretzels-a-la-moutarde-au-miel-et-a-loignon-snyders-of-hanover-240-g\/#webpage","url":"https:\/\/dev.badmath.com\/think33\/campbells\/campbellsoupca\/fr\/product\/bouchees-de-bretzels-a-la-moutarde-au-miel-et-a-loignon-snyders-of-hanover-240-g\/","name":"Bouch\u00e9es de bretzels \u00e0 la moutarde au miel et \u00e0 l\u2019oignon Snyder\u2019s of Hanover\u00ae (240 g) - Campbell Company of Canada","isPartOf":{"@id":"https:\/\/dev.badmath.com\/think33\/campbells\/campbellsoupca\/#website"},"primaryImageOfPage":{"@id":"https:\/\/dev.badmath.com\/think33\/campbells\/campbellsoupca\/fr\/product\/bouchees-de-bretzels-a-la-moutarde-au-miel-et-a-loignon-snyders-of-hanover-240-g\/#primaryimage"},"datePublished":"2022-09-15T20:05:28+00:00","dateModified":"2022-09-15T20:05:28+00:00","description":"Les bouch\u00e9es de bretzels Snyder\u2019s of Hanover\u00ae sont des bretzels durs au levain cuits au four \u00e0 la perfection, puis bris\u00e9s en g\u00e9n\u00e9reux morceaux et enrob\u00e9s d\u2019un assaisonnement \u00e0 la moutarde au miel et \u00e0 l\u2019oignon. Ces bouch\u00e9es d\u00e9licieusement croquantes et d\u00e9bordantes de saveurs intenses sont une collation parfaite.","breadcrumb":{"@id":"https:\/\/dev.badmath.com\/think33\/campbells\/campbellsoupca\/fr\/product\/bouchees-de-bretzels-a-la-moutarde-au-miel-et-a-loignon-snyders-of-hanover-240-g\/#breadcrumb"},"inLanguage":"en-US","potentialAction":[{"@type":"ReadAction","target":["https:\/\/dev.badmath.com\/think33\/campbells\/campbellsoupca\/fr\/product\/bouchees-de-bretzels-a-la-moutarde-au-miel-et-a-loignon-snyders-of-hanover-240-g\/"]}]},{"@type":"BreadcrumbList","@id":"https:\/\/dev.badmath.com\/think33\/campbells\/campbellsoupca\/fr\/product\/bouchees-de-bretzels-a-la-moutarde-au-miel-et-a-loignon-snyders-of-hanover-240-g\/#breadcrumb","itemListElement":[{"@type":"ListItem","position":1,"name":"Home","item":"https:\/\/dev.badmath.com\/think33\/campbells\/campbellsoupca\/"},{"@type":"ListItem","position":2,"name":"Products","item":"https:\/\/dev.badmath.com:8443\/think33\/campbells\/campbellsoupca\/product\/"},{"@type":"ListItem","position":3,"name":"Bouch\u00e9es de bretzels \u00e0 la moutarde au miel et \u00e0 l\u2019oignon Snyder\u2019s of Hanover\u00ae (240 g)"}]}]}},"lang":"fr","translations":{"fr":38899,"en":37657},"product_title":"Bouch\u00e9es de bretzels \u00e0 la moutarde au miel et \u00e0 l\u2019oignon Snyder\u2019s of Hanover<sup>\u00ae<\/sup> (240 g)\n","description":"<p><span data-ccp-props=\"{&quot;201341983&quot;:0,&quot;335559740&quot;:259}\">Les bouch\u00e9es de bretzels Snyder\u2019s of Hanover<sup>\u00ae<\/sup> sont des bretzels durs au levain cuits au four \u00e0 la perfection, puis bris\u00e9s en g\u00e9n\u00e9reux morceaux et enrob\u00e9s d\u2019un assaisonnement \u00e0 la moutarde au miel et \u00e0 l\u2019oignon. Ces bouch\u00e9es d\u00e9licieusement croquantes et d\u00e9bordantes de saveurs intenses sont une collation parfaite. Comme elles sont cuites au four et ne contiennent aucun gras trans, elles remplacent avantageusement les croustilles, en plus d\u2019\u00eatre fabriqu\u00e9es dans une usine qui ne traite pas les arachides. Vous adorerez ces bouch\u00e9es de bretzels croquantes comme collation sans arachides pour l\u2019\u00e9cole ou le d\u00eener. Emball\u00e9es dans des sachets collation en portion individuelle, les bouch\u00e9es de bretzels de Snyder\u2019s of Hanover\u2019s<sup>\u00ae<\/sup> sont une collation amusante et savoureuse. <\/span><\/p>\n","featured_image":"https:\/\/dev.badmath.com\/think33\/campbells\/campbellsoupca\/wp-content\/uploads\/2022\/06\/SnydersofHanover_PretzelPieces_HoneyMustardOnion_240g.png","pll_sync_post":[],"_links":{"self":[{"href":"https:\/\/dev.badmath.com\/think33\/campbells\/campbellsoupca\/wp-json\/wp\/v2\/product\/38899"}],"collection":[{"href":"https:\/\/dev.badmath.com\/think33\/campbells\/campbellsoupca\/wp-json\/wp\/v2\/product"}],"about":[{"href":"https:\/\/dev.badmath.com\/think33\/campbells\/campbellsoupca\/wp-json\/wp\/v2\/types\/product"}],"wp:featuredmedia":[{"embeddable":true,"href":"https:\/\/dev.badmath.com\/think33\/campbells\/campbellsoupca\/wp-json\/wp\/v2\/media\/37658"}],"wp:attachment":[{"href":"https:\/\/dev.badmath.com\/think33\/campbells\/campbellsoupca\/wp-json\/wp\/v2\/media?parent=38899"}],"wp:term":[{"taxonomy":"product-category","embeddable":true,"href":"https:\/\/dev.badmath.com\/think33\/campbells\/campbellsoupca\/wp-json\/wp\/v2\/product-category?post=38899"},{"taxonomy":"product-brand","embeddable":true,"href":"https:\/\/dev.badmath.com\/think33\/campbells\/campbellsoupca\/wp-json\/wp\/v2\/product-brand?post=38899"},{"taxonomy":"product-main-ingredient","embeddable":true,"href":"https:\/\/dev.badmath.com\/think33\/campbells\/campbellsoupca\/wp-json\/wp\/v2\/product-main-ingredient?post=38899"},{"taxonomy":"product-dietary-alternative","embeddable":true,"href":"https:\/\/dev.badmath.com\/think33\/campbells\/campbellsoupca\/wp-json\/wp\/v2\/product-dietary-alternative?post=38899"}],"curies":[{"name":"wp","href":"https:\/\/api.w.org\/{rel}","templated":true}]}}