{"id":38896,"date":"2022-09-15T19:52:11","date_gmt":"2022-09-15T19:52:11","guid":{"rendered":"https:\/\/dev.badmath.com:8443\/think33\/campbells\/campbellsoupca\/?post_type=product&#038;p=38896"},"modified":"2022-09-15T19:52:11","modified_gmt":"2022-09-15T19:52:11","slug":"bretzels-en-batonnets-sans-gluten-a-la-moutarde-au-miel-et-a-loignon-snyders-of-hanover-220-g","status":"publish","type":"product","link":"https:\/\/dev.badmath.com\/think33\/campbells\/campbellsoupca\/fr\/product\/bretzels-en-batonnets-sans-gluten-a-la-moutarde-au-miel-et-a-loignon-snyders-of-hanover-220-g\/","title":{"rendered":"Bretzels en b\u00e2tonnets sans gluten \u00e0 la moutarde au miel et \u00e0 l\u2019oignon Snyder\u2019s of Hanover\u00ae (220 g)"},"featured_media":37685,"parent":0,"menu_order":0,"template":"","product-category":[],"product-brand":[{"id":1048,"slug":"snyders-of-hanover","name":"Snyder\u2019s of Hanover\u00ae"}],"product-main-ingredient":[],"product-dietary-alternative":[{"id":433,"slug":"cascher","name":"Casher","icon":"kosher"},{"id":435,"slug":"sans-gluten","name":"Sans Gluten","icon":"gluten-free"},{"id":427,"slug":"vegetarien","name":"V\u00e9g\u00e9tarien","icon":"vegetarian"}],"acf":[],"yoast_head":"<!-- This site is optimized with the Yoast SEO plugin v18.8 - https:\/\/yoast.com\/wordpress\/plugins\/seo\/ -->\n<title>Bretzels en b\u00e2tonnets sans gluten \u00e0 la moutarde au miel et \u00e0 l\u2019oignon Snyder\u2019s of Hanover\u00ae (220 g) - Campbell Company of Canada<\/title>\n<meta name=\"description\" content=\"Fabriqu\u00e9s avec des ingr\u00e9dients de premi\u00e8re qualit\u00e9, nos bretzels en b\u00e2tonnets sans gluten \u00e0 la moutarde au miel et \u00e0 l\u2019oignon offrent un go\u00fbt intense, et ils ne contiennent aucune trace de gluten, de produits laitiers ou d\u2019\u0153ufs.\" \/>\n<meta name=\"robots\" content=\"index, follow, max-snippet:-1, max-image-preview:large, max-video-preview:-1\" \/>\n<link rel=\"canonical\" href=\"https:\/\/dev.badmath.com\/think33\/campbells\/campbellsoupca\/fr\/product\/bretzels-en-batonnets-sans-gluten-a-la-moutarde-au-miel-et-a-loignon-snyders-of-hanover-220-g\/\" \/>\n<meta property=\"og:locale\" content=\"en_US\" \/>\n<meta property=\"og:type\" content=\"article\" \/>\n<meta property=\"og:title\" content=\"Bretzels en b\u00e2tonnets sans gluten \u00e0 la moutarde au miel et \u00e0 l\u2019oignon Snyder\u2019s of Hanover\u00ae (220 g) - Campbell Company of Canada\" \/>\n<meta property=\"og:description\" content=\"Fabriqu\u00e9s avec des ingr\u00e9dients de premi\u00e8re qualit\u00e9, nos bretzels en b\u00e2tonnets sans gluten \u00e0 la moutarde au miel et \u00e0 l\u2019oignon offrent un go\u00fbt intense, et ils ne contiennent aucune trace de gluten, de produits laitiers ou d\u2019\u0153ufs.\" \/>\n<meta property=\"og:url\" content=\"https:\/\/dev.badmath.com\/think33\/campbells\/campbellsoupca\/fr\/product\/bretzels-en-batonnets-sans-gluten-a-la-moutarde-au-miel-et-a-loignon-snyders-of-hanover-220-g\/\" \/>\n<meta property=\"og:site_name\" content=\"Campbell Company of Canada\" \/>\n<meta property=\"og:image\" content=\"https:\/\/dev.badmath.com\/think33\/campbells\/campbellsoupca\/wp-content\/uploads\/2022\/06\/SnydersofHanover_GFPretzelSticks_HoneyMustardOnion.png\" \/>\n\t<meta property=\"og:image:width\" content=\"340\" \/>\n\t<meta property=\"og:image:height\" content=\"510\" \/>\n\t<meta property=\"og:image:type\" content=\"image\/png\" \/>\n<meta name=\"twitter:card\" content=\"summary_large_image\" \/>\n<script type=\"application\/ld+json\" class=\"yoast-schema-graph\">{\"@context\":\"https:\/\/schema.org\",\"@graph\":[{\"@type\":\"WebSite\",\"@id\":\"https:\/\/dev.badmath.com\/think33\/campbells\/campbellsoupca\/#website\",\"url\":\"https:\/\/dev.badmath.com\/think33\/campbells\/campbellsoupca\/\",\"name\":\"Campbell Company of Canada\",\"description\":\"\",\"potentialAction\":[{\"@type\":\"SearchAction\",\"target\":{\"@type\":\"EntryPoint\",\"urlTemplate\":\"https:\/\/dev.badmath.com\/think33\/campbells\/campbellsoupca\/search\/?query={search_term_string}\"},\"query-input\":\"required name=search_term_string\"}],\"inLanguage\":\"en-US\"},{\"@type\":\"ImageObject\",\"inLanguage\":\"en-US\",\"@id\":\"https:\/\/dev.badmath.com\/think33\/campbells\/campbellsoupca\/fr\/product\/bretzels-en-batonnets-sans-gluten-a-la-moutarde-au-miel-et-a-loignon-snyders-of-hanover-220-g\/#primaryimage\",\"url\":\"https:\/\/dev.badmath.com\/think33\/campbells\/campbellsoupca\/wp-content\/uploads\/2022\/06\/SnydersofHanover_GFPretzelSticks_HoneyMustardOnion.png\",\"contentUrl\":\"https:\/\/dev.badmath.com\/think33\/campbells\/campbellsoupca\/wp-content\/uploads\/2022\/06\/SnydersofHanover_GFPretzelSticks_HoneyMustardOnion.png\",\"width\":340,\"height\":510,\"caption\":\"Snyder\u2019s of Hanover\u00ae Gluten Free Pretzel Sticks Honey Mustard & Onion\"},{\"@type\":\"WebPage\",\"@id\":\"https:\/\/dev.badmath.com\/think33\/campbells\/campbellsoupca\/fr\/product\/bretzels-en-batonnets-sans-gluten-a-la-moutarde-au-miel-et-a-loignon-snyders-of-hanover-220-g\/#webpage\",\"url\":\"https:\/\/dev.badmath.com\/think33\/campbells\/campbellsoupca\/fr\/product\/bretzels-en-batonnets-sans-gluten-a-la-moutarde-au-miel-et-a-loignon-snyders-of-hanover-220-g\/\",\"name\":\"Bretzels en b\u00e2tonnets sans gluten \u00e0 la moutarde au miel et \u00e0 l\u2019oignon Snyder\u2019s of Hanover\u00ae (220 g) - Campbell Company of Canada\",\"isPartOf\":{\"@id\":\"https:\/\/dev.badmath.com\/think33\/campbells\/campbellsoupca\/#website\"},\"primaryImageOfPage\":{\"@id\":\"https:\/\/dev.badmath.com\/think33\/campbells\/campbellsoupca\/fr\/product\/bretzels-en-batonnets-sans-gluten-a-la-moutarde-au-miel-et-a-loignon-snyders-of-hanover-220-g\/#primaryimage\"},\"datePublished\":\"2022-09-15T19:52:11+00:00\",\"dateModified\":\"2022-09-15T19:52:11+00:00\",\"description\":\"Fabriqu\u00e9s avec des ingr\u00e9dients de premi\u00e8re qualit\u00e9, nos bretzels en b\u00e2tonnets sans gluten \u00e0 la moutarde au miel et \u00e0 l\u2019oignon offrent un go\u00fbt intense, et ils ne contiennent aucune trace de gluten, de produits laitiers ou d\u2019\u0153ufs.\",\"breadcrumb\":{\"@id\":\"https:\/\/dev.badmath.com\/think33\/campbells\/campbellsoupca\/fr\/product\/bretzels-en-batonnets-sans-gluten-a-la-moutarde-au-miel-et-a-loignon-snyders-of-hanover-220-g\/#breadcrumb\"},\"inLanguage\":\"en-US\",\"potentialAction\":[{\"@type\":\"ReadAction\",\"target\":[\"https:\/\/dev.badmath.com\/think33\/campbells\/campbellsoupca\/fr\/product\/bretzels-en-batonnets-sans-gluten-a-la-moutarde-au-miel-et-a-loignon-snyders-of-hanover-220-g\/\"]}]},{\"@type\":\"BreadcrumbList\",\"@id\":\"https:\/\/dev.badmath.com\/think33\/campbells\/campbellsoupca\/fr\/product\/bretzels-en-batonnets-sans-gluten-a-la-moutarde-au-miel-et-a-loignon-snyders-of-hanover-220-g\/#breadcrumb\",\"itemListElement\":[{\"@type\":\"ListItem\",\"position\":1,\"name\":\"Home\",\"item\":\"https:\/\/dev.badmath.com\/think33\/campbells\/campbellsoupca\/\"},{\"@type\":\"ListItem\",\"position\":2,\"name\":\"Products\",\"item\":\"https:\/\/dev.badmath.com:8443\/think33\/campbells\/campbellsoupca\/product\/\"},{\"@type\":\"ListItem\",\"position\":3,\"name\":\"Bretzels en b\u00e2tonnets sans gluten \u00e0 la moutarde au miel et \u00e0 l\u2019oignon Snyder\u2019s of Hanover\u00ae (220 g)\"}]}]}<\/script>\n<!-- \/ Yoast SEO plugin. -->","yoast_head_json":{"title":"Bretzels en b\u00e2tonnets sans gluten \u00e0 la moutarde au miel et \u00e0 l\u2019oignon Snyder\u2019s of Hanover\u00ae (220 g) - Campbell Company of Canada","description":"Fabriqu\u00e9s avec des ingr\u00e9dients de premi\u00e8re qualit\u00e9, nos bretzels en b\u00e2tonnets sans gluten \u00e0 la moutarde au miel et \u00e0 l\u2019oignon offrent un go\u00fbt intense, et ils ne contiennent aucune trace de gluten, de produits laitiers ou d\u2019\u0153ufs.","robots":{"index":"index","follow":"follow","max-snippet":"max-snippet:-1","max-image-preview":"max-image-preview:large","max-video-preview":"max-video-preview:-1"},"canonical":"https:\/\/dev.badmath.com\/think33\/campbells\/campbellsoupca\/fr\/product\/bretzels-en-batonnets-sans-gluten-a-la-moutarde-au-miel-et-a-loignon-snyders-of-hanover-220-g\/","og_locale":"en_US","og_type":"article","og_title":"Bretzels en b\u00e2tonnets sans gluten \u00e0 la moutarde au miel et \u00e0 l\u2019oignon Snyder\u2019s of Hanover\u00ae (220 g) - Campbell Company of Canada","og_description":"Fabriqu\u00e9s avec des ingr\u00e9dients de premi\u00e8re qualit\u00e9, nos bretzels en b\u00e2tonnets sans gluten \u00e0 la moutarde au miel et \u00e0 l\u2019oignon offrent un go\u00fbt intense, et ils ne contiennent aucune trace de gluten, de produits laitiers ou d\u2019\u0153ufs.","og_url":"https:\/\/dev.badmath.com\/think33\/campbells\/campbellsoupca\/fr\/product\/bretzels-en-batonnets-sans-gluten-a-la-moutarde-au-miel-et-a-loignon-snyders-of-hanover-220-g\/","og_site_name":"Campbell Company of Canada","og_image":[{"width":340,"height":510,"url":"https:\/\/dev.badmath.com\/think33\/campbells\/campbellsoupca\/wp-content\/uploads\/2022\/06\/SnydersofHanover_GFPretzelSticks_HoneyMustardOnion.png","type":"image\/png"}],"twitter_card":"summary_large_image","schema":{"@context":"https:\/\/schema.org","@graph":[{"@type":"WebSite","@id":"https:\/\/dev.badmath.com\/think33\/campbells\/campbellsoupca\/#website","url":"https:\/\/dev.badmath.com\/think33\/campbells\/campbellsoupca\/","name":"Campbell Company of Canada","description":"","potentialAction":[{"@type":"SearchAction","target":{"@type":"EntryPoint","urlTemplate":"https:\/\/dev.badmath.com\/think33\/campbells\/campbellsoupca\/search\/?query={search_term_string}"},"query-input":"required name=search_term_string"}],"inLanguage":"en-US"},{"@type":"ImageObject","inLanguage":"en-US","@id":"https:\/\/dev.badmath.com\/think33\/campbells\/campbellsoupca\/fr\/product\/bretzels-en-batonnets-sans-gluten-a-la-moutarde-au-miel-et-a-loignon-snyders-of-hanover-220-g\/#primaryimage","url":"https:\/\/dev.badmath.com\/think33\/campbells\/campbellsoupca\/wp-content\/uploads\/2022\/06\/SnydersofHanover_GFPretzelSticks_HoneyMustardOnion.png","contentUrl":"https:\/\/dev.badmath.com\/think33\/campbells\/campbellsoupca\/wp-content\/uploads\/2022\/06\/SnydersofHanover_GFPretzelSticks_HoneyMustardOnion.png","width":340,"height":510,"caption":"Snyder\u2019s of Hanover\u00ae Gluten Free Pretzel Sticks Honey Mustard & Onion"},{"@type":"WebPage","@id":"https:\/\/dev.badmath.com\/think33\/campbells\/campbellsoupca\/fr\/product\/bretzels-en-batonnets-sans-gluten-a-la-moutarde-au-miel-et-a-loignon-snyders-of-hanover-220-g\/#webpage","url":"https:\/\/dev.badmath.com\/think33\/campbells\/campbellsoupca\/fr\/product\/bretzels-en-batonnets-sans-gluten-a-la-moutarde-au-miel-et-a-loignon-snyders-of-hanover-220-g\/","name":"Bretzels en b\u00e2tonnets sans gluten \u00e0 la moutarde au miel et \u00e0 l\u2019oignon Snyder\u2019s of Hanover\u00ae (220 g) - Campbell Company of Canada","isPartOf":{"@id":"https:\/\/dev.badmath.com\/think33\/campbells\/campbellsoupca\/#website"},"primaryImageOfPage":{"@id":"https:\/\/dev.badmath.com\/think33\/campbells\/campbellsoupca\/fr\/product\/bretzels-en-batonnets-sans-gluten-a-la-moutarde-au-miel-et-a-loignon-snyders-of-hanover-220-g\/#primaryimage"},"datePublished":"2022-09-15T19:52:11+00:00","dateModified":"2022-09-15T19:52:11+00:00","description":"Fabriqu\u00e9s avec des ingr\u00e9dients de premi\u00e8re qualit\u00e9, nos bretzels en b\u00e2tonnets sans gluten \u00e0 la moutarde au miel et \u00e0 l\u2019oignon offrent un go\u00fbt intense, et ils ne contiennent aucune trace de gluten, de produits laitiers ou d\u2019\u0153ufs.","breadcrumb":{"@id":"https:\/\/dev.badmath.com\/think33\/campbells\/campbellsoupca\/fr\/product\/bretzels-en-batonnets-sans-gluten-a-la-moutarde-au-miel-et-a-loignon-snyders-of-hanover-220-g\/#breadcrumb"},"inLanguage":"en-US","potentialAction":[{"@type":"ReadAction","target":["https:\/\/dev.badmath.com\/think33\/campbells\/campbellsoupca\/fr\/product\/bretzels-en-batonnets-sans-gluten-a-la-moutarde-au-miel-et-a-loignon-snyders-of-hanover-220-g\/"]}]},{"@type":"BreadcrumbList","@id":"https:\/\/dev.badmath.com\/think33\/campbells\/campbellsoupca\/fr\/product\/bretzels-en-batonnets-sans-gluten-a-la-moutarde-au-miel-et-a-loignon-snyders-of-hanover-220-g\/#breadcrumb","itemListElement":[{"@type":"ListItem","position":1,"name":"Home","item":"https:\/\/dev.badmath.com\/think33\/campbells\/campbellsoupca\/"},{"@type":"ListItem","position":2,"name":"Products","item":"https:\/\/dev.badmath.com:8443\/think33\/campbells\/campbellsoupca\/product\/"},{"@type":"ListItem","position":3,"name":"Bretzels en b\u00e2tonnets sans gluten \u00e0 la moutarde au miel et \u00e0 l\u2019oignon Snyder\u2019s of Hanover\u00ae (220 g)"}]}]}},"lang":"fr","translations":{"fr":38896,"en":37684},"product_title":"Bretzels en b\u00e2tonnets sans gluten \u00e0 la moutarde au miel et \u00e0 l\u2019oignon Snyder\u2019s of Hanover<sup>\u00ae<\/sup> (220 g)\n","description":"<p><span class=\"TextRun SCXW28796212 BCX2\" lang=\"EN-US\" xml:lang=\"EN-US\" data-contrast=\"auto\"><span class=\"NormalTextRun SCXW28796212 BCX2\">Fabriqu\u00e9s avec des ingr\u00e9dients de premi\u00e8re qualit\u00e9, nos bretzels en b\u00e2tonnets sans gluten \u00e0 la moutarde au miel et \u00e0 l\u2019oignon offrent un go\u00fbt intense, et ils ne contiennent aucune trace de gluten, de produits laitiers ou d\u2019\u0153ufs. Nos bretzels en b\u00e2tonnets sans gluten sont une d\u00e9licieuse option pour remplacer les bretzels \u00e0 base de bl\u00e9, tout en offrant la saveur et la texture croquante satisfaisantes des produits de la boulangerie de bretzels am\u00e9ricaine.<\/span><\/span><\/p>\n","featured_image":"https:\/\/dev.badmath.com\/think33\/campbells\/campbellsoupca\/wp-content\/uploads\/2022\/06\/SnydersofHanover_GFPretzelSticks_HoneyMustardOnion.png","pll_sync_post":[],"_links":{"self":[{"href":"https:\/\/dev.badmath.com\/think33\/campbells\/campbellsoupca\/wp-json\/wp\/v2\/product\/38896"}],"collection":[{"href":"https:\/\/dev.badmath.com\/think33\/campbells\/campbellsoupca\/wp-json\/wp\/v2\/product"}],"about":[{"href":"https:\/\/dev.badmath.com\/think33\/campbells\/campbellsoupca\/wp-json\/wp\/v2\/types\/product"}],"wp:featuredmedia":[{"embeddable":true,"href":"https:\/\/dev.badmath.com\/think33\/campbells\/campbellsoupca\/wp-json\/wp\/v2\/media\/37685"}],"wp:attachment":[{"href":"https:\/\/dev.badmath.com\/think33\/campbells\/campbellsoupca\/wp-json\/wp\/v2\/media?parent=38896"}],"wp:term":[{"taxonomy":"product-category","embeddable":true,"href":"https:\/\/dev.badmath.com\/think33\/campbells\/campbellsoupca\/wp-json\/wp\/v2\/product-category?post=38896"},{"taxonomy":"product-brand","embeddable":true,"href":"https:\/\/dev.badmath.com\/think33\/campbells\/campbellsoupca\/wp-json\/wp\/v2\/product-brand?post=38896"},{"taxonomy":"product-main-ingredient","embeddable":true,"href":"https:\/\/dev.badmath.com\/think33\/campbells\/campbellsoupca\/wp-json\/wp\/v2\/product-main-ingredient?post=38896"},{"taxonomy":"product-dietary-alternative","embeddable":true,"href":"https:\/\/dev.badmath.com\/think33\/campbells\/campbellsoupca\/wp-json\/wp\/v2\/product-dietary-alternative?post=38896"}],"curies":[{"name":"wp","href":"https:\/\/api.w.org\/{rel}","templated":true}]}}