{"id":38893,"date":"2022-09-15T19:41:22","date_gmt":"2022-09-15T19:41:22","guid":{"rendered":"https:\/\/dev.badmath.com:8443\/think33\/campbells\/campbellsoupca\/?post_type=product&#038;p=38893"},"modified":"2022-09-15T20:24:47","modified_gmt":"2022-09-15T20:24:47","slug":"mini-bretzels-sans-gluten-snyders-of-hanover-220-g","status":"publish","type":"product","link":"https:\/\/dev.badmath.com\/think33\/campbells\/campbellsoupca\/fr\/product\/mini-bretzels-sans-gluten-snyders-of-hanover-220-g\/","title":{"rendered":"Mini bretzels sans gluten Snyder\u2019s of Hanover\u00ae (220 g)"},"featured_media":37681,"parent":0,"menu_order":0,"template":"","product-category":[],"product-brand":[{"id":1048,"slug":"snyders-of-hanover","name":"Snyder\u2019s of Hanover\u00ae"}],"product-main-ingredient":[],"product-dietary-alternative":[{"id":433,"slug":"cascher","name":"Casher","icon":"kosher"},{"id":435,"slug":"sans-gluten","name":"Sans Gluten","icon":"gluten-free"},{"id":427,"slug":"vegetarien","name":"V\u00e9g\u00e9tarien","icon":"vegetarian"}],"acf":[],"yoast_head":"<!-- This site is optimized with the Yoast SEO plugin v18.8 - https:\/\/yoast.com\/wordpress\/plugins\/seo\/ -->\n<title>Mini bretzels sans gluten Snyder\u2019s of Hanover\u00ae (220 g) - Campbell Company of Canada<\/title>\n<meta name=\"description\" content=\"Prenez une collation en toute qui\u00e9tude gr\u00e2ce aux mini bretzels sans gluten de Snyder\u2019s of Hanover\u00ae.\" \/>\n<meta name=\"robots\" content=\"index, follow, max-snippet:-1, max-image-preview:large, max-video-preview:-1\" \/>\n<link rel=\"canonical\" href=\"https:\/\/dev.badmath.com\/think33\/campbells\/campbellsoupca\/fr\/product\/mini-bretzels-sans-gluten-snyders-of-hanover-220-g\/\" \/>\n<meta property=\"og:locale\" content=\"en_US\" \/>\n<meta property=\"og:type\" content=\"article\" \/>\n<meta property=\"og:title\" content=\"Mini bretzels sans gluten Snyder\u2019s of Hanover\u00ae (220 g) - Campbell Company of Canada\" \/>\n<meta property=\"og:description\" content=\"Prenez une collation en toute qui\u00e9tude gr\u00e2ce aux mini bretzels sans gluten de Snyder\u2019s of Hanover\u00ae.\" \/>\n<meta property=\"og:url\" content=\"https:\/\/dev.badmath.com\/think33\/campbells\/campbellsoupca\/fr\/product\/mini-bretzels-sans-gluten-snyders-of-hanover-220-g\/\" \/>\n<meta property=\"og:site_name\" content=\"Campbell Company of Canada\" \/>\n<meta property=\"article:modified_time\" content=\"2022-09-15T20:24:47+00:00\" \/>\n<meta property=\"og:image\" content=\"https:\/\/dev.badmath.com\/think33\/campbells\/campbellsoupca\/wp-content\/uploads\/2022\/06\/SnydersofHanover_GFMiniPretzels.png\" \/>\n\t<meta property=\"og:image:width\" content=\"340\" \/>\n\t<meta property=\"og:image:height\" content=\"510\" \/>\n\t<meta property=\"og:image:type\" content=\"image\/png\" \/>\n<meta name=\"twitter:card\" content=\"summary_large_image\" \/>\n<script type=\"application\/ld+json\" class=\"yoast-schema-graph\">{\"@context\":\"https:\/\/schema.org\",\"@graph\":[{\"@type\":\"WebSite\",\"@id\":\"https:\/\/dev.badmath.com\/think33\/campbells\/campbellsoupca\/#website\",\"url\":\"https:\/\/dev.badmath.com\/think33\/campbells\/campbellsoupca\/\",\"name\":\"Campbell Company of Canada\",\"description\":\"\",\"potentialAction\":[{\"@type\":\"SearchAction\",\"target\":{\"@type\":\"EntryPoint\",\"urlTemplate\":\"https:\/\/dev.badmath.com\/think33\/campbells\/campbellsoupca\/search\/?query={search_term_string}\"},\"query-input\":\"required name=search_term_string\"}],\"inLanguage\":\"en-US\"},{\"@type\":\"ImageObject\",\"inLanguage\":\"en-US\",\"@id\":\"https:\/\/dev.badmath.com\/think33\/campbells\/campbellsoupca\/fr\/product\/mini-bretzels-sans-gluten-snyders-of-hanover-220-g\/#primaryimage\",\"url\":\"https:\/\/dev.badmath.com\/think33\/campbells\/campbellsoupca\/wp-content\/uploads\/2022\/06\/SnydersofHanover_GFMiniPretzels.png\",\"contentUrl\":\"https:\/\/dev.badmath.com\/think33\/campbells\/campbellsoupca\/wp-content\/uploads\/2022\/06\/SnydersofHanover_GFMiniPretzels.png\",\"width\":340,\"height\":510,\"caption\":\"Snyder\u2019s of Hanover\u00ae Gluten Free Mini Pretzels\"},{\"@type\":\"WebPage\",\"@id\":\"https:\/\/dev.badmath.com\/think33\/campbells\/campbellsoupca\/fr\/product\/mini-bretzels-sans-gluten-snyders-of-hanover-220-g\/#webpage\",\"url\":\"https:\/\/dev.badmath.com\/think33\/campbells\/campbellsoupca\/fr\/product\/mini-bretzels-sans-gluten-snyders-of-hanover-220-g\/\",\"name\":\"Mini bretzels sans gluten Snyder\u2019s of Hanover\u00ae (220 g) - Campbell Company of Canada\",\"isPartOf\":{\"@id\":\"https:\/\/dev.badmath.com\/think33\/campbells\/campbellsoupca\/#website\"},\"primaryImageOfPage\":{\"@id\":\"https:\/\/dev.badmath.com\/think33\/campbells\/campbellsoupca\/fr\/product\/mini-bretzels-sans-gluten-snyders-of-hanover-220-g\/#primaryimage\"},\"datePublished\":\"2022-09-15T19:41:22+00:00\",\"dateModified\":\"2022-09-15T20:24:47+00:00\",\"description\":\"Prenez une collation en toute qui\u00e9tude gr\u00e2ce aux mini bretzels sans gluten de Snyder\u2019s of Hanover\u00ae.\",\"breadcrumb\":{\"@id\":\"https:\/\/dev.badmath.com\/think33\/campbells\/campbellsoupca\/fr\/product\/mini-bretzels-sans-gluten-snyders-of-hanover-220-g\/#breadcrumb\"},\"inLanguage\":\"en-US\",\"potentialAction\":[{\"@type\":\"ReadAction\",\"target\":[\"https:\/\/dev.badmath.com\/think33\/campbells\/campbellsoupca\/fr\/product\/mini-bretzels-sans-gluten-snyders-of-hanover-220-g\/\"]}]},{\"@type\":\"BreadcrumbList\",\"@id\":\"https:\/\/dev.badmath.com\/think33\/campbells\/campbellsoupca\/fr\/product\/mini-bretzels-sans-gluten-snyders-of-hanover-220-g\/#breadcrumb\",\"itemListElement\":[{\"@type\":\"ListItem\",\"position\":1,\"name\":\"Home\",\"item\":\"https:\/\/dev.badmath.com\/think33\/campbells\/campbellsoupca\/\"},{\"@type\":\"ListItem\",\"position\":2,\"name\":\"Products\",\"item\":\"https:\/\/dev.badmath.com:8443\/think33\/campbells\/campbellsoupca\/product\/\"},{\"@type\":\"ListItem\",\"position\":3,\"name\":\"Mini bretzels sans gluten Snyder\u2019s of Hanover\u00ae (220 g)\"}]}]}<\/script>\n<!-- \/ Yoast SEO plugin. -->","yoast_head_json":{"title":"Mini bretzels sans gluten Snyder\u2019s of Hanover\u00ae (220 g) - Campbell Company of Canada","description":"Prenez une collation en toute qui\u00e9tude gr\u00e2ce aux mini bretzels sans gluten de Snyder\u2019s of Hanover\u00ae.","robots":{"index":"index","follow":"follow","max-snippet":"max-snippet:-1","max-image-preview":"max-image-preview:large","max-video-preview":"max-video-preview:-1"},"canonical":"https:\/\/dev.badmath.com\/think33\/campbells\/campbellsoupca\/fr\/product\/mini-bretzels-sans-gluten-snyders-of-hanover-220-g\/","og_locale":"en_US","og_type":"article","og_title":"Mini bretzels sans gluten Snyder\u2019s of Hanover\u00ae (220 g) - Campbell Company of Canada","og_description":"Prenez une collation en toute qui\u00e9tude gr\u00e2ce aux mini bretzels sans gluten de Snyder\u2019s of Hanover\u00ae.","og_url":"https:\/\/dev.badmath.com\/think33\/campbells\/campbellsoupca\/fr\/product\/mini-bretzels-sans-gluten-snyders-of-hanover-220-g\/","og_site_name":"Campbell Company of Canada","article_modified_time":"2022-09-15T20:24:47+00:00","og_image":[{"width":340,"height":510,"url":"https:\/\/dev.badmath.com\/think33\/campbells\/campbellsoupca\/wp-content\/uploads\/2022\/06\/SnydersofHanover_GFMiniPretzels.png","type":"image\/png"}],"twitter_card":"summary_large_image","schema":{"@context":"https:\/\/schema.org","@graph":[{"@type":"WebSite","@id":"https:\/\/dev.badmath.com\/think33\/campbells\/campbellsoupca\/#website","url":"https:\/\/dev.badmath.com\/think33\/campbells\/campbellsoupca\/","name":"Campbell Company of Canada","description":"","potentialAction":[{"@type":"SearchAction","target":{"@type":"EntryPoint","urlTemplate":"https:\/\/dev.badmath.com\/think33\/campbells\/campbellsoupca\/search\/?query={search_term_string}"},"query-input":"required name=search_term_string"}],"inLanguage":"en-US"},{"@type":"ImageObject","inLanguage":"en-US","@id":"https:\/\/dev.badmath.com\/think33\/campbells\/campbellsoupca\/fr\/product\/mini-bretzels-sans-gluten-snyders-of-hanover-220-g\/#primaryimage","url":"https:\/\/dev.badmath.com\/think33\/campbells\/campbellsoupca\/wp-content\/uploads\/2022\/06\/SnydersofHanover_GFMiniPretzels.png","contentUrl":"https:\/\/dev.badmath.com\/think33\/campbells\/campbellsoupca\/wp-content\/uploads\/2022\/06\/SnydersofHanover_GFMiniPretzels.png","width":340,"height":510,"caption":"Snyder\u2019s of Hanover\u00ae Gluten Free Mini Pretzels"},{"@type":"WebPage","@id":"https:\/\/dev.badmath.com\/think33\/campbells\/campbellsoupca\/fr\/product\/mini-bretzels-sans-gluten-snyders-of-hanover-220-g\/#webpage","url":"https:\/\/dev.badmath.com\/think33\/campbells\/campbellsoupca\/fr\/product\/mini-bretzels-sans-gluten-snyders-of-hanover-220-g\/","name":"Mini bretzels sans gluten Snyder\u2019s of Hanover\u00ae (220 g) - Campbell Company of Canada","isPartOf":{"@id":"https:\/\/dev.badmath.com\/think33\/campbells\/campbellsoupca\/#website"},"primaryImageOfPage":{"@id":"https:\/\/dev.badmath.com\/think33\/campbells\/campbellsoupca\/fr\/product\/mini-bretzels-sans-gluten-snyders-of-hanover-220-g\/#primaryimage"},"datePublished":"2022-09-15T19:41:22+00:00","dateModified":"2022-09-15T20:24:47+00:00","description":"Prenez une collation en toute qui\u00e9tude gr\u00e2ce aux mini bretzels sans gluten de Snyder\u2019s of Hanover\u00ae.","breadcrumb":{"@id":"https:\/\/dev.badmath.com\/think33\/campbells\/campbellsoupca\/fr\/product\/mini-bretzels-sans-gluten-snyders-of-hanover-220-g\/#breadcrumb"},"inLanguage":"en-US","potentialAction":[{"@type":"ReadAction","target":["https:\/\/dev.badmath.com\/think33\/campbells\/campbellsoupca\/fr\/product\/mini-bretzels-sans-gluten-snyders-of-hanover-220-g\/"]}]},{"@type":"BreadcrumbList","@id":"https:\/\/dev.badmath.com\/think33\/campbells\/campbellsoupca\/fr\/product\/mini-bretzels-sans-gluten-snyders-of-hanover-220-g\/#breadcrumb","itemListElement":[{"@type":"ListItem","position":1,"name":"Home","item":"https:\/\/dev.badmath.com\/think33\/campbells\/campbellsoupca\/"},{"@type":"ListItem","position":2,"name":"Products","item":"https:\/\/dev.badmath.com:8443\/think33\/campbells\/campbellsoupca\/product\/"},{"@type":"ListItem","position":3,"name":"Mini bretzels sans gluten Snyder\u2019s of Hanover\u00ae (220 g)"}]}]}},"lang":"fr","translations":{"fr":38893,"en":37680},"product_title":"Mini bretzels sans gluten Snyder\u2019s of Hanover<sup>\u00ae<\/sup> (220 g)\n","description":"<p><span data-ccp-props=\"{&quot;201341983&quot;:0,&quot;335559740&quot;:259}\">Prenez une collation en toute qui\u00e9tude gr\u00e2ce aux mini bretzels sans gluten de Snyder\u2019s of Hanover<sup>\u00ae<\/sup>. Nos mini bretzels sans gluten sont une d\u00e9licieuse option pour remplacer les bretzels \u00e0 base de bl\u00e9, tout en \u00e9tant aussi savoureux et croquants. Accompagnez ces bretzels sans gluten de houmous, de fromage ou de votre trempette pr\u00e9f\u00e9r\u00e9e pour une collation sans gluten facile et d\u00e9licieuse. <\/span><\/p>\n","featured_image":"https:\/\/dev.badmath.com\/think33\/campbells\/campbellsoupca\/wp-content\/uploads\/2022\/06\/SnydersofHanover_GFMiniPretzels.png","pll_sync_post":[],"_links":{"self":[{"href":"https:\/\/dev.badmath.com\/think33\/campbells\/campbellsoupca\/wp-json\/wp\/v2\/product\/38893"}],"collection":[{"href":"https:\/\/dev.badmath.com\/think33\/campbells\/campbellsoupca\/wp-json\/wp\/v2\/product"}],"about":[{"href":"https:\/\/dev.badmath.com\/think33\/campbells\/campbellsoupca\/wp-json\/wp\/v2\/types\/product"}],"wp:featuredmedia":[{"embeddable":true,"href":"https:\/\/dev.badmath.com\/think33\/campbells\/campbellsoupca\/wp-json\/wp\/v2\/media\/37681"}],"wp:attachment":[{"href":"https:\/\/dev.badmath.com\/think33\/campbells\/campbellsoupca\/wp-json\/wp\/v2\/media?parent=38893"}],"wp:term":[{"taxonomy":"product-category","embeddable":true,"href":"https:\/\/dev.badmath.com\/think33\/campbells\/campbellsoupca\/wp-json\/wp\/v2\/product-category?post=38893"},{"taxonomy":"product-brand","embeddable":true,"href":"https:\/\/dev.badmath.com\/think33\/campbells\/campbellsoupca\/wp-json\/wp\/v2\/product-brand?post=38893"},{"taxonomy":"product-main-ingredient","embeddable":true,"href":"https:\/\/dev.badmath.com\/think33\/campbells\/campbellsoupca\/wp-json\/wp\/v2\/product-main-ingredient?post=38893"},{"taxonomy":"product-dietary-alternative","embeddable":true,"href":"https:\/\/dev.badmath.com\/think33\/campbells\/campbellsoupca\/wp-json\/wp\/v2\/product-dietary-alternative?post=38893"}],"curies":[{"name":"wp","href":"https:\/\/api.w.org\/{rel}","templated":true}]}}