{"id":38865,"date":"2022-09-15T12:23:08","date_gmt":"2022-09-15T12:23:08","guid":{"rendered":"https:\/\/dev.badmath.com:8443\/think33\/campbells\/campbellsoupca\/?post_type=product&#038;p=38865"},"modified":"2022-09-15T12:23:08","modified_gmt":"2022-09-15T12:23:08","slug":"craquelins-de-bretzels-a-lail-et-au-parmesan-pretzel-crisps-de-snack-factory-200-g","status":"publish","type":"product","link":"https:\/\/dev.badmath.com\/think33\/campbells\/campbellsoupca\/fr\/product\/craquelins-de-bretzels-a-lail-et-au-parmesan-pretzel-crisps-de-snack-factory-200-g\/","title":{"rendered":"Craquelins de bretzels \u00e0 l\u2019ail et au parmesan Pretzel Crisps\u00ae de Snack Factory\u00ae (200 g)"},"featured_media":37618,"parent":0,"menu_order":0,"template":"","product-category":[],"product-brand":[{"id":1028,"slug":"pretzel-crisps","name":"Pretzel Crisps\u00ae"}],"product-main-ingredient":[],"product-dietary-alternative":[{"id":433,"slug":"cascher","name":"Casher","icon":"kosher"},{"id":439,"slug":"faible-en-gras","name":"Faible en gras","icon":"low-fat-fr"},{"id":427,"slug":"vegetarien","name":"V\u00e9g\u00e9tarien","icon":"vegetarian"}],"acf":[],"yoast_head":"<!-- This site is optimized with the Yoast SEO plugin v18.8 - https:\/\/yoast.com\/wordpress\/plugins\/seo\/ -->\n<title>Craquelins de bretzels \u00e0 l\u2019ail et au parmesan Pretzel Crisps\u00ae de Snack Factory\u00ae (200 g) - Campbell Company of Canada<\/title>\n<meta name=\"description\" content=\"Les craquelins de bretzels \u00e0 l\u2019ail et au parmesan Pretzel Crisps\u00ae sont une variante acidul\u00e9e d\u2019un grand classique, et ils sont faits avec des ingr\u00e9dients fins savoureux.\" \/>\n<meta name=\"robots\" content=\"index, follow, max-snippet:-1, max-image-preview:large, max-video-preview:-1\" \/>\n<link rel=\"canonical\" href=\"https:\/\/dev.badmath.com\/think33\/campbells\/campbellsoupca\/fr\/product\/craquelins-de-bretzels-a-lail-et-au-parmesan-pretzel-crisps-de-snack-factory-200-g\/\" \/>\n<meta property=\"og:locale\" content=\"en_US\" \/>\n<meta property=\"og:type\" content=\"article\" \/>\n<meta property=\"og:title\" content=\"Craquelins de bretzels \u00e0 l\u2019ail et au parmesan Pretzel Crisps\u00ae de Snack Factory\u00ae (200 g) - Campbell Company of Canada\" \/>\n<meta property=\"og:description\" content=\"Les craquelins de bretzels \u00e0 l\u2019ail et au parmesan Pretzel Crisps\u00ae sont une variante acidul\u00e9e d\u2019un grand classique, et ils sont faits avec des ingr\u00e9dients fins savoureux.\" \/>\n<meta property=\"og:url\" content=\"https:\/\/dev.badmath.com\/think33\/campbells\/campbellsoupca\/fr\/product\/craquelins-de-bretzels-a-lail-et-au-parmesan-pretzel-crisps-de-snack-factory-200-g\/\" \/>\n<meta property=\"og:site_name\" content=\"Campbell Company of Canada\" \/>\n<meta property=\"og:image\" content=\"https:\/\/dev.badmath.com\/think33\/campbells\/campbellsoupca\/wp-content\/uploads\/2022\/06\/PretzelCrisps_GarlicParmesan.png\" \/>\n\t<meta property=\"og:image:width\" content=\"340\" \/>\n\t<meta property=\"og:image:height\" content=\"510\" \/>\n\t<meta property=\"og:image:type\" content=\"image\/png\" \/>\n<meta name=\"twitter:card\" content=\"summary_large_image\" \/>\n<script type=\"application\/ld+json\" class=\"yoast-schema-graph\">{\"@context\":\"https:\/\/schema.org\",\"@graph\":[{\"@type\":\"WebSite\",\"@id\":\"https:\/\/dev.badmath.com\/think33\/campbells\/campbellsoupca\/#website\",\"url\":\"https:\/\/dev.badmath.com\/think33\/campbells\/campbellsoupca\/\",\"name\":\"Campbell Company of Canada\",\"description\":\"\",\"potentialAction\":[{\"@type\":\"SearchAction\",\"target\":{\"@type\":\"EntryPoint\",\"urlTemplate\":\"https:\/\/dev.badmath.com\/think33\/campbells\/campbellsoupca\/search\/?query={search_term_string}\"},\"query-input\":\"required name=search_term_string\"}],\"inLanguage\":\"en-US\"},{\"@type\":\"ImageObject\",\"inLanguage\":\"en-US\",\"@id\":\"https:\/\/dev.badmath.com\/think33\/campbells\/campbellsoupca\/fr\/product\/craquelins-de-bretzels-a-lail-et-au-parmesan-pretzel-crisps-de-snack-factory-200-g\/#primaryimage\",\"url\":\"https:\/\/dev.badmath.com\/think33\/campbells\/campbellsoupca\/wp-content\/uploads\/2022\/06\/PretzelCrisps_GarlicParmesan.png\",\"contentUrl\":\"https:\/\/dev.badmath.com\/think33\/campbells\/campbellsoupca\/wp-content\/uploads\/2022\/06\/PretzelCrisps_GarlicParmesan.png\",\"width\":340,\"height\":510,\"caption\":\"Pretzel Crisps Garlic Parmesan\"},{\"@type\":\"WebPage\",\"@id\":\"https:\/\/dev.badmath.com\/think33\/campbells\/campbellsoupca\/fr\/product\/craquelins-de-bretzels-a-lail-et-au-parmesan-pretzel-crisps-de-snack-factory-200-g\/#webpage\",\"url\":\"https:\/\/dev.badmath.com\/think33\/campbells\/campbellsoupca\/fr\/product\/craquelins-de-bretzels-a-lail-et-au-parmesan-pretzel-crisps-de-snack-factory-200-g\/\",\"name\":\"Craquelins de bretzels \u00e0 l\u2019ail et au parmesan Pretzel Crisps\u00ae de Snack Factory\u00ae (200 g) - Campbell Company of Canada\",\"isPartOf\":{\"@id\":\"https:\/\/dev.badmath.com\/think33\/campbells\/campbellsoupca\/#website\"},\"primaryImageOfPage\":{\"@id\":\"https:\/\/dev.badmath.com\/think33\/campbells\/campbellsoupca\/fr\/product\/craquelins-de-bretzels-a-lail-et-au-parmesan-pretzel-crisps-de-snack-factory-200-g\/#primaryimage\"},\"datePublished\":\"2022-09-15T12:23:08+00:00\",\"dateModified\":\"2022-09-15T12:23:08+00:00\",\"description\":\"Les craquelins de bretzels \u00e0 l\u2019ail et au parmesan Pretzel Crisps\u00ae sont une variante acidul\u00e9e d\u2019un grand classique, et ils sont faits avec des ingr\u00e9dients fins savoureux.\",\"breadcrumb\":{\"@id\":\"https:\/\/dev.badmath.com\/think33\/campbells\/campbellsoupca\/fr\/product\/craquelins-de-bretzels-a-lail-et-au-parmesan-pretzel-crisps-de-snack-factory-200-g\/#breadcrumb\"},\"inLanguage\":\"en-US\",\"potentialAction\":[{\"@type\":\"ReadAction\",\"target\":[\"https:\/\/dev.badmath.com\/think33\/campbells\/campbellsoupca\/fr\/product\/craquelins-de-bretzels-a-lail-et-au-parmesan-pretzel-crisps-de-snack-factory-200-g\/\"]}]},{\"@type\":\"BreadcrumbList\",\"@id\":\"https:\/\/dev.badmath.com\/think33\/campbells\/campbellsoupca\/fr\/product\/craquelins-de-bretzels-a-lail-et-au-parmesan-pretzel-crisps-de-snack-factory-200-g\/#breadcrumb\",\"itemListElement\":[{\"@type\":\"ListItem\",\"position\":1,\"name\":\"Home\",\"item\":\"https:\/\/dev.badmath.com:8443\/think33\/campbells\/campbellsoupca\/\"},{\"@type\":\"ListItem\",\"position\":2,\"name\":\"Products\",\"item\":\"https:\/\/dev.badmath.com:8443\/think33\/campbells\/campbellsoupca\/fr\/product\/\"},{\"@type\":\"ListItem\",\"position\":3,\"name\":\"Craquelins de bretzels \u00e0 l\u2019ail et au parmesan Pretzel Crisps\u00ae de Snack Factory\u00ae (200 g)\"}]}]}<\/script>\n<!-- \/ Yoast SEO plugin. -->","yoast_head_json":{"title":"Craquelins de bretzels \u00e0 l\u2019ail et au parmesan Pretzel Crisps\u00ae de Snack Factory\u00ae (200 g) - Campbell Company of Canada","description":"Les craquelins de bretzels \u00e0 l\u2019ail et au parmesan Pretzel Crisps\u00ae sont une variante acidul\u00e9e d\u2019un grand classique, et ils sont faits avec des ingr\u00e9dients fins savoureux.","robots":{"index":"index","follow":"follow","max-snippet":"max-snippet:-1","max-image-preview":"max-image-preview:large","max-video-preview":"max-video-preview:-1"},"canonical":"https:\/\/dev.badmath.com\/think33\/campbells\/campbellsoupca\/fr\/product\/craquelins-de-bretzels-a-lail-et-au-parmesan-pretzel-crisps-de-snack-factory-200-g\/","og_locale":"en_US","og_type":"article","og_title":"Craquelins de bretzels \u00e0 l\u2019ail et au parmesan Pretzel Crisps\u00ae de Snack Factory\u00ae (200 g) - Campbell Company of Canada","og_description":"Les craquelins de bretzels \u00e0 l\u2019ail et au parmesan Pretzel Crisps\u00ae sont une variante acidul\u00e9e d\u2019un grand classique, et ils sont faits avec des ingr\u00e9dients fins savoureux.","og_url":"https:\/\/dev.badmath.com\/think33\/campbells\/campbellsoupca\/fr\/product\/craquelins-de-bretzels-a-lail-et-au-parmesan-pretzel-crisps-de-snack-factory-200-g\/","og_site_name":"Campbell Company of Canada","og_image":[{"width":340,"height":510,"url":"https:\/\/dev.badmath.com\/think33\/campbells\/campbellsoupca\/wp-content\/uploads\/2022\/06\/PretzelCrisps_GarlicParmesan.png","type":"image\/png"}],"twitter_card":"summary_large_image","schema":{"@context":"https:\/\/schema.org","@graph":[{"@type":"WebSite","@id":"https:\/\/dev.badmath.com\/think33\/campbells\/campbellsoupca\/#website","url":"https:\/\/dev.badmath.com\/think33\/campbells\/campbellsoupca\/","name":"Campbell Company of Canada","description":"","potentialAction":[{"@type":"SearchAction","target":{"@type":"EntryPoint","urlTemplate":"https:\/\/dev.badmath.com\/think33\/campbells\/campbellsoupca\/search\/?query={search_term_string}"},"query-input":"required name=search_term_string"}],"inLanguage":"en-US"},{"@type":"ImageObject","inLanguage":"en-US","@id":"https:\/\/dev.badmath.com\/think33\/campbells\/campbellsoupca\/fr\/product\/craquelins-de-bretzels-a-lail-et-au-parmesan-pretzel-crisps-de-snack-factory-200-g\/#primaryimage","url":"https:\/\/dev.badmath.com\/think33\/campbells\/campbellsoupca\/wp-content\/uploads\/2022\/06\/PretzelCrisps_GarlicParmesan.png","contentUrl":"https:\/\/dev.badmath.com\/think33\/campbells\/campbellsoupca\/wp-content\/uploads\/2022\/06\/PretzelCrisps_GarlicParmesan.png","width":340,"height":510,"caption":"Pretzel Crisps Garlic Parmesan"},{"@type":"WebPage","@id":"https:\/\/dev.badmath.com\/think33\/campbells\/campbellsoupca\/fr\/product\/craquelins-de-bretzels-a-lail-et-au-parmesan-pretzel-crisps-de-snack-factory-200-g\/#webpage","url":"https:\/\/dev.badmath.com\/think33\/campbells\/campbellsoupca\/fr\/product\/craquelins-de-bretzels-a-lail-et-au-parmesan-pretzel-crisps-de-snack-factory-200-g\/","name":"Craquelins de bretzels \u00e0 l\u2019ail et au parmesan Pretzel Crisps\u00ae de Snack Factory\u00ae (200 g) - Campbell Company of Canada","isPartOf":{"@id":"https:\/\/dev.badmath.com\/think33\/campbells\/campbellsoupca\/#website"},"primaryImageOfPage":{"@id":"https:\/\/dev.badmath.com\/think33\/campbells\/campbellsoupca\/fr\/product\/craquelins-de-bretzels-a-lail-et-au-parmesan-pretzel-crisps-de-snack-factory-200-g\/#primaryimage"},"datePublished":"2022-09-15T12:23:08+00:00","dateModified":"2022-09-15T12:23:08+00:00","description":"Les craquelins de bretzels \u00e0 l\u2019ail et au parmesan Pretzel Crisps\u00ae sont une variante acidul\u00e9e d\u2019un grand classique, et ils sont faits avec des ingr\u00e9dients fins savoureux.","breadcrumb":{"@id":"https:\/\/dev.badmath.com\/think33\/campbells\/campbellsoupca\/fr\/product\/craquelins-de-bretzels-a-lail-et-au-parmesan-pretzel-crisps-de-snack-factory-200-g\/#breadcrumb"},"inLanguage":"en-US","potentialAction":[{"@type":"ReadAction","target":["https:\/\/dev.badmath.com\/think33\/campbells\/campbellsoupca\/fr\/product\/craquelins-de-bretzels-a-lail-et-au-parmesan-pretzel-crisps-de-snack-factory-200-g\/"]}]},{"@type":"BreadcrumbList","@id":"https:\/\/dev.badmath.com\/think33\/campbells\/campbellsoupca\/fr\/product\/craquelins-de-bretzels-a-lail-et-au-parmesan-pretzel-crisps-de-snack-factory-200-g\/#breadcrumb","itemListElement":[{"@type":"ListItem","position":1,"name":"Home","item":"https:\/\/dev.badmath.com:8443\/think33\/campbells\/campbellsoupca\/"},{"@type":"ListItem","position":2,"name":"Products","item":"https:\/\/dev.badmath.com:8443\/think33\/campbells\/campbellsoupca\/fr\/product\/"},{"@type":"ListItem","position":3,"name":"Craquelins de bretzels \u00e0 l\u2019ail et au parmesan Pretzel Crisps\u00ae de Snack Factory\u00ae (200 g)"}]}]}},"lang":"fr","translations":{"fr":38865,"en":37617},"product_title":"<span class=\"TextRun SCXW148042331 BCX2\" lang=\"EN-US\" xml:lang=\"EN-US\" data-contrast=\"none\"><span class=\"NormalTextRun SCXW148042331 BCX2\">Craquelins de bretzels \u00e0 l\u2019ail et au parmesan Pretzel Crisps\u00ae de Snack Factory\u00ae (200 g)<\/span><\/span>\n","description":"<p><span data-ccp-props=\"{&quot;201341983&quot;:0,&quot;335559740&quot;:259}\">Les craquelins de bretzels \u00e0 l\u2019ail et au parmesan Pretzel Crisps<sup>\u00ae<\/sup> sont une variante acidul\u00e9e d\u2019un grand classique, et ils sont faits avec des ingr\u00e9dients fins savoureux. Cuits au four et pr\u00e9par\u00e9s avec de d\u00e9licieuses saveurs d\u2019ail et de parmesan, ces craquelins minces et croquants vous feront repenser votre bretzel.<\/span><\/p>\n","featured_image":"https:\/\/dev.badmath.com\/think33\/campbells\/campbellsoupca\/wp-content\/uploads\/2022\/06\/PretzelCrisps_GarlicParmesan.png","pll_sync_post":[],"_links":{"self":[{"href":"https:\/\/dev.badmath.com\/think33\/campbells\/campbellsoupca\/wp-json\/wp\/v2\/product\/38865"}],"collection":[{"href":"https:\/\/dev.badmath.com\/think33\/campbells\/campbellsoupca\/wp-json\/wp\/v2\/product"}],"about":[{"href":"https:\/\/dev.badmath.com\/think33\/campbells\/campbellsoupca\/wp-json\/wp\/v2\/types\/product"}],"wp:featuredmedia":[{"embeddable":true,"href":"https:\/\/dev.badmath.com\/think33\/campbells\/campbellsoupca\/wp-json\/wp\/v2\/media\/37618"}],"wp:attachment":[{"href":"https:\/\/dev.badmath.com\/think33\/campbells\/campbellsoupca\/wp-json\/wp\/v2\/media?parent=38865"}],"wp:term":[{"taxonomy":"product-category","embeddable":true,"href":"https:\/\/dev.badmath.com\/think33\/campbells\/campbellsoupca\/wp-json\/wp\/v2\/product-category?post=38865"},{"taxonomy":"product-brand","embeddable":true,"href":"https:\/\/dev.badmath.com\/think33\/campbells\/campbellsoupca\/wp-json\/wp\/v2\/product-brand?post=38865"},{"taxonomy":"product-main-ingredient","embeddable":true,"href":"https:\/\/dev.badmath.com\/think33\/campbells\/campbellsoupca\/wp-json\/wp\/v2\/product-main-ingredient?post=38865"},{"taxonomy":"product-dietary-alternative","embeddable":true,"href":"https:\/\/dev.badmath.com\/think33\/campbells\/campbellsoupca\/wp-json\/wp\/v2\/product-dietary-alternative?post=38865"}],"curies":[{"name":"wp","href":"https:\/\/api.w.org\/{rel}","templated":true}]}}