{"id":38802,"date":"2022-09-12T01:38:33","date_gmt":"2022-09-12T01:38:33","guid":{"rendered":"https:\/\/dev.badmath.com:8443\/think33\/campbells\/campbellsoupca\/?post_type=product&#038;p=38802"},"modified":"2022-09-15T20:24:20","modified_gmt":"2022-09-15T20:24:20","slug":"bouchees-de-bretzels-sucres-sales-au-caramel-sale-snyders-of-hanover-240-g","status":"publish","type":"product","link":"https:\/\/dev.badmath.com\/think33\/campbells\/campbellsoupca\/fr\/product\/bouchees-de-bretzels-sucres-sales-au-caramel-sale-snyders-of-hanover-240-g\/","title":{"rendered":"Bouch\u00e9es de bretzels sucr\u00e9s-sal\u00e9s au caramel sal\u00e9 Snyder\u2019s of Hanover\u00ae (240 g)"},"featured_media":37679,"parent":0,"menu_order":0,"template":"","product-category":[],"product-brand":[{"id":1048,"slug":"snyders-of-hanover","name":"Snyder\u2019s of Hanover\u00ae"}],"product-main-ingredient":[],"product-dietary-alternative":[{"id":433,"slug":"cascher","name":"Casher","icon":"kosher"},{"id":427,"slug":"vegetarien","name":"V\u00e9g\u00e9tarien","icon":"vegetarian"}],"acf":[],"yoast_head":"<!-- This site is optimized with the Yoast SEO plugin v18.8 - https:\/\/yoast.com\/wordpress\/plugins\/seo\/ -->\n<title>Bouch\u00e9es de bretzels sucr\u00e9s-sal\u00e9s au caramel sal\u00e9 Snyder\u2019s of Hanover\u00ae (240 g) - Campbell Company of Canada<\/title>\n<meta name=\"robots\" content=\"index, follow, max-snippet:-1, max-image-preview:large, max-video-preview:-1\" \/>\n<link rel=\"canonical\" href=\"https:\/\/dev.badmath.com\/think33\/campbells\/campbellsoupca\/fr\/product\/bouchees-de-bretzels-sucres-sales-au-caramel-sale-snyders-of-hanover-240-g\/\" \/>\n<meta property=\"og:locale\" content=\"en_US\" \/>\n<meta property=\"og:type\" content=\"article\" \/>\n<meta property=\"og:title\" content=\"Bouch\u00e9es de bretzels sucr\u00e9s-sal\u00e9s au caramel sal\u00e9 Snyder\u2019s of Hanover\u00ae (240 g) - Campbell Company of Canada\" \/>\n<meta property=\"og:url\" content=\"https:\/\/dev.badmath.com\/think33\/campbells\/campbellsoupca\/fr\/product\/bouchees-de-bretzels-sucres-sales-au-caramel-sale-snyders-of-hanover-240-g\/\" \/>\n<meta property=\"og:site_name\" content=\"Campbell Company of Canada\" \/>\n<meta property=\"article:modified_time\" content=\"2022-09-15T20:24:20+00:00\" \/>\n<meta property=\"og:image\" content=\"https:\/\/dev.badmath.com\/think33\/campbells\/campbellsoupca\/wp-content\/uploads\/2022\/06\/SnydersofHanover_SweetSaltyPretzelPieces_SaltedCaramel.png\" \/>\n\t<meta property=\"og:image:width\" content=\"340\" \/>\n\t<meta property=\"og:image:height\" content=\"510\" \/>\n\t<meta property=\"og:image:type\" content=\"image\/png\" \/>\n<meta name=\"twitter:card\" content=\"summary_large_image\" \/>\n<script type=\"application\/ld+json\" class=\"yoast-schema-graph\">{\"@context\":\"https:\/\/schema.org\",\"@graph\":[{\"@type\":\"WebSite\",\"@id\":\"https:\/\/dev.badmath.com\/think33\/campbells\/campbellsoupca\/#website\",\"url\":\"https:\/\/dev.badmath.com\/think33\/campbells\/campbellsoupca\/\",\"name\":\"Campbell Company of Canada\",\"description\":\"\",\"potentialAction\":[{\"@type\":\"SearchAction\",\"target\":{\"@type\":\"EntryPoint\",\"urlTemplate\":\"https:\/\/dev.badmath.com\/think33\/campbells\/campbellsoupca\/search\/?query={search_term_string}\"},\"query-input\":\"required name=search_term_string\"}],\"inLanguage\":\"en-US\"},{\"@type\":\"ImageObject\",\"inLanguage\":\"en-US\",\"@id\":\"https:\/\/dev.badmath.com\/think33\/campbells\/campbellsoupca\/fr\/product\/bouchees-de-bretzels-sucres-sales-au-caramel-sale-snyders-of-hanover-240-g\/#primaryimage\",\"url\":\"https:\/\/dev.badmath.com\/think33\/campbells\/campbellsoupca\/wp-content\/uploads\/2022\/06\/SnydersofHanover_SweetSaltyPretzelPieces_SaltedCaramel.png\",\"contentUrl\":\"https:\/\/dev.badmath.com\/think33\/campbells\/campbellsoupca\/wp-content\/uploads\/2022\/06\/SnydersofHanover_SweetSaltyPretzelPieces_SaltedCaramel.png\",\"width\":340,\"height\":510,\"caption\":\"Snyder\u2019s of Hanover\u00ae Sweet & Salty Pretzel Pieces Salted Caramel\"},{\"@type\":\"WebPage\",\"@id\":\"https:\/\/dev.badmath.com\/think33\/campbells\/campbellsoupca\/fr\/product\/bouchees-de-bretzels-sucres-sales-au-caramel-sale-snyders-of-hanover-240-g\/#webpage\",\"url\":\"https:\/\/dev.badmath.com\/think33\/campbells\/campbellsoupca\/fr\/product\/bouchees-de-bretzels-sucres-sales-au-caramel-sale-snyders-of-hanover-240-g\/\",\"name\":\"Bouch\u00e9es de bretzels sucr\u00e9s-sal\u00e9s au caramel sal\u00e9 Snyder\u2019s of Hanover\u00ae (240 g) - Campbell Company of Canada\",\"isPartOf\":{\"@id\":\"https:\/\/dev.badmath.com\/think33\/campbells\/campbellsoupca\/#website\"},\"primaryImageOfPage\":{\"@id\":\"https:\/\/dev.badmath.com\/think33\/campbells\/campbellsoupca\/fr\/product\/bouchees-de-bretzels-sucres-sales-au-caramel-sale-snyders-of-hanover-240-g\/#primaryimage\"},\"datePublished\":\"2022-09-12T01:38:33+00:00\",\"dateModified\":\"2022-09-15T20:24:20+00:00\",\"breadcrumb\":{\"@id\":\"https:\/\/dev.badmath.com\/think33\/campbells\/campbellsoupca\/fr\/product\/bouchees-de-bretzels-sucres-sales-au-caramel-sale-snyders-of-hanover-240-g\/#breadcrumb\"},\"inLanguage\":\"en-US\",\"potentialAction\":[{\"@type\":\"ReadAction\",\"target\":[\"https:\/\/dev.badmath.com\/think33\/campbells\/campbellsoupca\/fr\/product\/bouchees-de-bretzels-sucres-sales-au-caramel-sale-snyders-of-hanover-240-g\/\"]}]},{\"@type\":\"BreadcrumbList\",\"@id\":\"https:\/\/dev.badmath.com\/think33\/campbells\/campbellsoupca\/fr\/product\/bouchees-de-bretzels-sucres-sales-au-caramel-sale-snyders-of-hanover-240-g\/#breadcrumb\",\"itemListElement\":[{\"@type\":\"ListItem\",\"position\":1,\"name\":\"Home\",\"item\":\"https:\/\/dev.badmath.com\/think33\/campbells\/campbellsoupca\/\"},{\"@type\":\"ListItem\",\"position\":2,\"name\":\"Products\",\"item\":\"https:\/\/dev.badmath.com:8443\/think33\/campbells\/campbellsoupca\/product\/\"},{\"@type\":\"ListItem\",\"position\":3,\"name\":\"Bouch\u00e9es de bretzels sucr\u00e9s-sal\u00e9s au caramel sal\u00e9 Snyder\u2019s of Hanover\u00ae (240 g)\"}]}]}<\/script>\n<!-- \/ Yoast SEO plugin. -->","yoast_head_json":{"title":"Bouch\u00e9es de bretzels sucr\u00e9s-sal\u00e9s au caramel sal\u00e9 Snyder\u2019s of Hanover\u00ae (240 g) - Campbell Company of Canada","robots":{"index":"index","follow":"follow","max-snippet":"max-snippet:-1","max-image-preview":"max-image-preview:large","max-video-preview":"max-video-preview:-1"},"canonical":"https:\/\/dev.badmath.com\/think33\/campbells\/campbellsoupca\/fr\/product\/bouchees-de-bretzels-sucres-sales-au-caramel-sale-snyders-of-hanover-240-g\/","og_locale":"en_US","og_type":"article","og_title":"Bouch\u00e9es de bretzels sucr\u00e9s-sal\u00e9s au caramel sal\u00e9 Snyder\u2019s of Hanover\u00ae (240 g) - Campbell Company of Canada","og_url":"https:\/\/dev.badmath.com\/think33\/campbells\/campbellsoupca\/fr\/product\/bouchees-de-bretzels-sucres-sales-au-caramel-sale-snyders-of-hanover-240-g\/","og_site_name":"Campbell Company of Canada","article_modified_time":"2022-09-15T20:24:20+00:00","og_image":[{"width":340,"height":510,"url":"https:\/\/dev.badmath.com\/think33\/campbells\/campbellsoupca\/wp-content\/uploads\/2022\/06\/SnydersofHanover_SweetSaltyPretzelPieces_SaltedCaramel.png","type":"image\/png"}],"twitter_card":"summary_large_image","schema":{"@context":"https:\/\/schema.org","@graph":[{"@type":"WebSite","@id":"https:\/\/dev.badmath.com\/think33\/campbells\/campbellsoupca\/#website","url":"https:\/\/dev.badmath.com\/think33\/campbells\/campbellsoupca\/","name":"Campbell Company of Canada","description":"","potentialAction":[{"@type":"SearchAction","target":{"@type":"EntryPoint","urlTemplate":"https:\/\/dev.badmath.com\/think33\/campbells\/campbellsoupca\/search\/?query={search_term_string}"},"query-input":"required name=search_term_string"}],"inLanguage":"en-US"},{"@type":"ImageObject","inLanguage":"en-US","@id":"https:\/\/dev.badmath.com\/think33\/campbells\/campbellsoupca\/fr\/product\/bouchees-de-bretzels-sucres-sales-au-caramel-sale-snyders-of-hanover-240-g\/#primaryimage","url":"https:\/\/dev.badmath.com\/think33\/campbells\/campbellsoupca\/wp-content\/uploads\/2022\/06\/SnydersofHanover_SweetSaltyPretzelPieces_SaltedCaramel.png","contentUrl":"https:\/\/dev.badmath.com\/think33\/campbells\/campbellsoupca\/wp-content\/uploads\/2022\/06\/SnydersofHanover_SweetSaltyPretzelPieces_SaltedCaramel.png","width":340,"height":510,"caption":"Snyder\u2019s of Hanover\u00ae Sweet & Salty Pretzel Pieces Salted Caramel"},{"@type":"WebPage","@id":"https:\/\/dev.badmath.com\/think33\/campbells\/campbellsoupca\/fr\/product\/bouchees-de-bretzels-sucres-sales-au-caramel-sale-snyders-of-hanover-240-g\/#webpage","url":"https:\/\/dev.badmath.com\/think33\/campbells\/campbellsoupca\/fr\/product\/bouchees-de-bretzels-sucres-sales-au-caramel-sale-snyders-of-hanover-240-g\/","name":"Bouch\u00e9es de bretzels sucr\u00e9s-sal\u00e9s au caramel sal\u00e9 Snyder\u2019s of Hanover\u00ae (240 g) - Campbell Company of Canada","isPartOf":{"@id":"https:\/\/dev.badmath.com\/think33\/campbells\/campbellsoupca\/#website"},"primaryImageOfPage":{"@id":"https:\/\/dev.badmath.com\/think33\/campbells\/campbellsoupca\/fr\/product\/bouchees-de-bretzels-sucres-sales-au-caramel-sale-snyders-of-hanover-240-g\/#primaryimage"},"datePublished":"2022-09-12T01:38:33+00:00","dateModified":"2022-09-15T20:24:20+00:00","breadcrumb":{"@id":"https:\/\/dev.badmath.com\/think33\/campbells\/campbellsoupca\/fr\/product\/bouchees-de-bretzels-sucres-sales-au-caramel-sale-snyders-of-hanover-240-g\/#breadcrumb"},"inLanguage":"en-US","potentialAction":[{"@type":"ReadAction","target":["https:\/\/dev.badmath.com\/think33\/campbells\/campbellsoupca\/fr\/product\/bouchees-de-bretzels-sucres-sales-au-caramel-sale-snyders-of-hanover-240-g\/"]}]},{"@type":"BreadcrumbList","@id":"https:\/\/dev.badmath.com\/think33\/campbells\/campbellsoupca\/fr\/product\/bouchees-de-bretzels-sucres-sales-au-caramel-sale-snyders-of-hanover-240-g\/#breadcrumb","itemListElement":[{"@type":"ListItem","position":1,"name":"Home","item":"https:\/\/dev.badmath.com\/think33\/campbells\/campbellsoupca\/"},{"@type":"ListItem","position":2,"name":"Products","item":"https:\/\/dev.badmath.com:8443\/think33\/campbells\/campbellsoupca\/product\/"},{"@type":"ListItem","position":3,"name":"Bouch\u00e9es de bretzels sucr\u00e9s-sal\u00e9s au caramel sal\u00e9 Snyder\u2019s of Hanover\u00ae (240 g)"}]}]}},"lang":"fr","translations":{"fr":38802,"en":37678},"product_title":"Bouch\u00e9es de bretzels sucr\u00e9s-sal\u00e9s au caramel sal\u00e9 Snyder\u2019s of Hanover<sup>\u00ae<\/sup> (240 g)\n","description":"<p>Des bouch\u00e9es de bretzels Snyder\u2019s of Hanover<sup>\u00ae<\/sup> sucr\u00e9s et sal\u00e9s \u00e0 saveur de caramel sal\u00e9. Du caramel au beurre rehauss\u00e9 de gros grains de sel sur de g\u00e9n\u00e9reuses bouch\u00e9es de bretzels au levain dor\u00e9es et croquantes, qui offrent une combinaison de saveurs app\u00e9tissantes! Inspir\u00e9 d\u2019une recette familiale centenaire, chaque bretzel est fait uniquement avec les meilleurs ingr\u00e9dients et est cuit lentement au four \u00e0 la perfection. Snyder\u2019s of Hanover<sup>\u00ae<\/sup> est la boulangerie de bretzels am\u00e9ricaine depuis 1909 et nos bretzels vous offrent une collation parfaite, d\u00e9licieusement croquante! Fabriqu\u00e9s dans une usine qui ne traite pas les arachides, les bretzels Snyder\u2019s of Hanover<sup>\u00ae<\/sup> sont faits avec des ingr\u00e9dients de qualit\u00e9, avant d\u2019\u00eatre p\u00e9tris et cuits au four pour en pr\u00e9server toute la saveur. L\u2019amour des bretzels Snyder\u2019s of Hanover<sup>\u00ae<\/sup> se transmet d\u2019un foyer et d\u2019une g\u00e9n\u00e9ration \u00e0 l\u2019autre partout au pays, ce qui fait de notre marque de bretzels la pr\u00e9f\u00e9r\u00e9e des Am\u00e9ricains.<\/p>\n<p><span data-ccp-props=\"{&quot;201341983&quot;:0,&quot;335559740&quot;:276}\">\u00a0<\/span><\/p>\n<p><span data-ccp-props=\"{&quot;201341983&quot;:0,&quot;335559740&quot;:259}\">\u00a0<\/span><\/p>\n","featured_image":"https:\/\/dev.badmath.com\/think33\/campbells\/campbellsoupca\/wp-content\/uploads\/2022\/06\/SnydersofHanover_SweetSaltyPretzelPieces_SaltedCaramel.png","pll_sync_post":[],"_links":{"self":[{"href":"https:\/\/dev.badmath.com\/think33\/campbells\/campbellsoupca\/wp-json\/wp\/v2\/product\/38802"}],"collection":[{"href":"https:\/\/dev.badmath.com\/think33\/campbells\/campbellsoupca\/wp-json\/wp\/v2\/product"}],"about":[{"href":"https:\/\/dev.badmath.com\/think33\/campbells\/campbellsoupca\/wp-json\/wp\/v2\/types\/product"}],"wp:featuredmedia":[{"embeddable":true,"href":"https:\/\/dev.badmath.com\/think33\/campbells\/campbellsoupca\/wp-json\/wp\/v2\/media\/37679"}],"wp:attachment":[{"href":"https:\/\/dev.badmath.com\/think33\/campbells\/campbellsoupca\/wp-json\/wp\/v2\/media?parent=38802"}],"wp:term":[{"taxonomy":"product-category","embeddable":true,"href":"https:\/\/dev.badmath.com\/think33\/campbells\/campbellsoupca\/wp-json\/wp\/v2\/product-category?post=38802"},{"taxonomy":"product-brand","embeddable":true,"href":"https:\/\/dev.badmath.com\/think33\/campbells\/campbellsoupca\/wp-json\/wp\/v2\/product-brand?post=38802"},{"taxonomy":"product-main-ingredient","embeddable":true,"href":"https:\/\/dev.badmath.com\/think33\/campbells\/campbellsoupca\/wp-json\/wp\/v2\/product-main-ingredient?post=38802"},{"taxonomy":"product-dietary-alternative","embeddable":true,"href":"https:\/\/dev.badmath.com\/think33\/campbells\/campbellsoupca\/wp-json\/wp\/v2\/product-dietary-alternative?post=38802"}],"curies":[{"name":"wp","href":"https:\/\/api.w.org\/{rel}","templated":true}]}}