{"id":29057,"date":"2021-01-13T19:29:14","date_gmt":"2021-01-13T19:29:14","guid":{"rendered":"https:\/\/dev.badmath.com:8443\/think33\/campbells\/campbellsoupca\/?post_type=product&#038;p=29057"},"modified":"2021-01-18T22:24:16","modified_gmt":"2021-01-18T22:24:16","slug":"bouillon-de-poulet-concentre-campbells","status":"publish","type":"product","link":"https:\/\/dev.badmath.com\/think33\/campbells\/campbellsoupca\/fr\/product\/bouillon-de-poulet-concentre-campbells\/","title":{"rendered":"Bouillon de poulet concentr\u00e9 Campbell\u2019s"},"featured_media":29054,"parent":0,"menu_order":0,"template":"","product-category":[361],"product-brand":[{"id":980,"slug":"bouillon-concentre","name":"Bouillon concentr\u00e9"},{"id":59,"slug":"bouillons-campbell","name":"Bouillons CampbellMD"}],"product-main-ingredient":[],"product-dietary-alternative":[],"acf":[],"yoast_head":"<!-- This site is optimized with the Yoast SEO plugin v18.8 - https:\/\/yoast.com\/wordpress\/plugins\/seo\/ -->\n<title>Bouillon de poulet concentr\u00e9 Campbell\u2019s - Campbell Company of Canada<\/title>\n<meta name=\"robots\" content=\"index, follow, max-snippet:-1, max-image-preview:large, max-video-preview:-1\" \/>\n<link rel=\"canonical\" href=\"https:\/\/dev.badmath.com\/think33\/campbells\/campbellsoupca\/fr\/product\/bouillon-de-poulet-concentre-campbells\/\" \/>\n<meta property=\"og:locale\" content=\"en_US\" \/>\n<meta property=\"og:type\" content=\"article\" \/>\n<meta property=\"og:title\" content=\"Bouillon de poulet concentr\u00e9 Campbell\u2019s - Campbell Company of Canada\" \/>\n<meta property=\"og:url\" content=\"https:\/\/dev.badmath.com\/think33\/campbells\/campbellsoupca\/fr\/product\/bouillon-de-poulet-concentre-campbells\/\" \/>\n<meta property=\"og:site_name\" content=\"Campbell Company of Canada\" \/>\n<meta property=\"article:modified_time\" content=\"2021-01-18T22:24:16+00:00\" \/>\n<meta property=\"og:image\" content=\"https:\/\/dev.badmath.com\/think33\/campbells\/campbellsoupca\/wp-content\/uploads\/2021\/01\/campbells-concentrated-chicken-broth.png\" \/>\n\t<meta property=\"og:image:width\" content=\"340\" \/>\n\t<meta property=\"og:image:height\" content=\"510\" \/>\n\t<meta property=\"og:image:type\" content=\"image\/png\" \/>\n<meta name=\"twitter:card\" content=\"summary_large_image\" \/>\n<script type=\"application\/ld+json\" class=\"yoast-schema-graph\">{\"@context\":\"https:\/\/schema.org\",\"@graph\":[{\"@type\":\"WebSite\",\"@id\":\"https:\/\/dev.badmath.com\/think33\/campbells\/campbellsoupca\/#website\",\"url\":\"https:\/\/dev.badmath.com\/think33\/campbells\/campbellsoupca\/\",\"name\":\"Campbell Company of Canada\",\"description\":\"\",\"potentialAction\":[{\"@type\":\"SearchAction\",\"target\":{\"@type\":\"EntryPoint\",\"urlTemplate\":\"https:\/\/dev.badmath.com\/think33\/campbells\/campbellsoupca\/search\/?query={search_term_string}\"},\"query-input\":\"required name=search_term_string\"}],\"inLanguage\":\"en-US\"},{\"@type\":\"ImageObject\",\"inLanguage\":\"en-US\",\"@id\":\"https:\/\/dev.badmath.com\/think33\/campbells\/campbellsoupca\/fr\/product\/bouillon-de-poulet-concentre-campbells\/#primaryimage\",\"url\":\"https:\/\/dev.badmath.com\/think33\/campbells\/campbellsoupca\/wp-content\/uploads\/2021\/01\/campbells-concentrated-chicken-broth.png\",\"contentUrl\":\"https:\/\/dev.badmath.com\/think33\/campbells\/campbellsoupca\/wp-content\/uploads\/2021\/01\/campbells-concentrated-chicken-broth.png\",\"width\":340,\"height\":510,\"caption\":\"Campbell's Concentrated Chicken Broth\"},{\"@type\":\"WebPage\",\"@id\":\"https:\/\/dev.badmath.com\/think33\/campbells\/campbellsoupca\/fr\/product\/bouillon-de-poulet-concentre-campbells\/#webpage\",\"url\":\"https:\/\/dev.badmath.com\/think33\/campbells\/campbellsoupca\/fr\/product\/bouillon-de-poulet-concentre-campbells\/\",\"name\":\"Bouillon de poulet concentr\u00e9 Campbell\u2019s - Campbell Company of Canada\",\"isPartOf\":{\"@id\":\"https:\/\/dev.badmath.com\/think33\/campbells\/campbellsoupca\/#website\"},\"primaryImageOfPage\":{\"@id\":\"https:\/\/dev.badmath.com\/think33\/campbells\/campbellsoupca\/fr\/product\/bouillon-de-poulet-concentre-campbells\/#primaryimage\"},\"datePublished\":\"2021-01-13T19:29:14+00:00\",\"dateModified\":\"2021-01-18T22:24:16+00:00\",\"breadcrumb\":{\"@id\":\"https:\/\/dev.badmath.com\/think33\/campbells\/campbellsoupca\/fr\/product\/bouillon-de-poulet-concentre-campbells\/#breadcrumb\"},\"inLanguage\":\"en-US\",\"potentialAction\":[{\"@type\":\"ReadAction\",\"target\":[\"https:\/\/dev.badmath.com\/think33\/campbells\/campbellsoupca\/fr\/product\/bouillon-de-poulet-concentre-campbells\/\"]}]},{\"@type\":\"BreadcrumbList\",\"@id\":\"https:\/\/dev.badmath.com\/think33\/campbells\/campbellsoupca\/fr\/product\/bouillon-de-poulet-concentre-campbells\/#breadcrumb\",\"itemListElement\":[{\"@type\":\"ListItem\",\"position\":1,\"name\":\"Home\",\"item\":\"https:\/\/dev.badmath.com:8443\/think33\/campbells\/campbellsoupca\/\"},{\"@type\":\"ListItem\",\"position\":2,\"name\":\"Products\",\"item\":\"https:\/\/dev.badmath.com\/think33\/campbells\/campbellsoupca\/fr\/product\/\"},{\"@type\":\"ListItem\",\"position\":3,\"name\":\"Bouillon de poulet concentr\u00e9 Campbell\u2019s\"}]}]}<\/script>\n<!-- \/ Yoast SEO plugin. -->","yoast_head_json":{"title":"Bouillon de poulet concentr\u00e9 Campbell\u2019s - Campbell Company of Canada","robots":{"index":"index","follow":"follow","max-snippet":"max-snippet:-1","max-image-preview":"max-image-preview:large","max-video-preview":"max-video-preview:-1"},"canonical":"https:\/\/dev.badmath.com\/think33\/campbells\/campbellsoupca\/fr\/product\/bouillon-de-poulet-concentre-campbells\/","og_locale":"en_US","og_type":"article","og_title":"Bouillon de poulet concentr\u00e9 Campbell\u2019s - Campbell Company of Canada","og_url":"https:\/\/dev.badmath.com\/think33\/campbells\/campbellsoupca\/fr\/product\/bouillon-de-poulet-concentre-campbells\/","og_site_name":"Campbell Company of Canada","article_modified_time":"2021-01-18T22:24:16+00:00","og_image":[{"width":340,"height":510,"url":"https:\/\/dev.badmath.com\/think33\/campbells\/campbellsoupca\/wp-content\/uploads\/2021\/01\/campbells-concentrated-chicken-broth.png","type":"image\/png"}],"twitter_card":"summary_large_image","schema":{"@context":"https:\/\/schema.org","@graph":[{"@type":"WebSite","@id":"https:\/\/dev.badmath.com\/think33\/campbells\/campbellsoupca\/#website","url":"https:\/\/dev.badmath.com\/think33\/campbells\/campbellsoupca\/","name":"Campbell Company of Canada","description":"","potentialAction":[{"@type":"SearchAction","target":{"@type":"EntryPoint","urlTemplate":"https:\/\/dev.badmath.com\/think33\/campbells\/campbellsoupca\/search\/?query={search_term_string}"},"query-input":"required name=search_term_string"}],"inLanguage":"en-US"},{"@type":"ImageObject","inLanguage":"en-US","@id":"https:\/\/dev.badmath.com\/think33\/campbells\/campbellsoupca\/fr\/product\/bouillon-de-poulet-concentre-campbells\/#primaryimage","url":"https:\/\/dev.badmath.com\/think33\/campbells\/campbellsoupca\/wp-content\/uploads\/2021\/01\/campbells-concentrated-chicken-broth.png","contentUrl":"https:\/\/dev.badmath.com\/think33\/campbells\/campbellsoupca\/wp-content\/uploads\/2021\/01\/campbells-concentrated-chicken-broth.png","width":340,"height":510,"caption":"Campbell's Concentrated Chicken Broth"},{"@type":"WebPage","@id":"https:\/\/dev.badmath.com\/think33\/campbells\/campbellsoupca\/fr\/product\/bouillon-de-poulet-concentre-campbells\/#webpage","url":"https:\/\/dev.badmath.com\/think33\/campbells\/campbellsoupca\/fr\/product\/bouillon-de-poulet-concentre-campbells\/","name":"Bouillon de poulet concentr\u00e9 Campbell\u2019s - Campbell Company of Canada","isPartOf":{"@id":"https:\/\/dev.badmath.com\/think33\/campbells\/campbellsoupca\/#website"},"primaryImageOfPage":{"@id":"https:\/\/dev.badmath.com\/think33\/campbells\/campbellsoupca\/fr\/product\/bouillon-de-poulet-concentre-campbells\/#primaryimage"},"datePublished":"2021-01-13T19:29:14+00:00","dateModified":"2021-01-18T22:24:16+00:00","breadcrumb":{"@id":"https:\/\/dev.badmath.com\/think33\/campbells\/campbellsoupca\/fr\/product\/bouillon-de-poulet-concentre-campbells\/#breadcrumb"},"inLanguage":"en-US","potentialAction":[{"@type":"ReadAction","target":["https:\/\/dev.badmath.com\/think33\/campbells\/campbellsoupca\/fr\/product\/bouillon-de-poulet-concentre-campbells\/"]}]},{"@type":"BreadcrumbList","@id":"https:\/\/dev.badmath.com\/think33\/campbells\/campbellsoupca\/fr\/product\/bouillon-de-poulet-concentre-campbells\/#breadcrumb","itemListElement":[{"@type":"ListItem","position":1,"name":"Home","item":"https:\/\/dev.badmath.com:8443\/think33\/campbells\/campbellsoupca\/"},{"@type":"ListItem","position":2,"name":"Products","item":"https:\/\/dev.badmath.com\/think33\/campbells\/campbellsoupca\/fr\/product\/"},{"@type":"ListItem","position":3,"name":"Bouillon de poulet concentr\u00e9 Campbell\u2019s"}]}]}},"lang":"fr","translations":{"fr":29057,"en":29053},"product_title":"<span class=\"TextRun SCXW172766525 BCX9\" lang=\"FR-CA\" xml:lang=\"FR-CA\" data-contrast=\"none\"><span class=\"NormalTextRun SCXW172766525 BCX9\" data-ccp-parastyle=\"styles__bullet-sc-10lpfph-12\" data-ccp-parastyle-defn=\"{&quot;ObjectId&quot;:&quot;d2e327a1-a66b-4a6e-ad07-bd02e6bba473|73&quot;,&quot;Properties&quot;:[134233117,&quot;true&quot;,134233118,&quot;true&quot;,134233614,&quot;true&quot;,201340122,&quot;2&quot;,201341983,&quot;0&quot;,268442635,&quot;24&quot;,335559740,&quot;240&quot;,469769226,&quot;Times New Roman&quot;,469775450,&quot;styles__bullet-sc-10lpfph-12&quot;,469777841,&quot;Times New Roman&quot;,469777842,&quot;Times New Roman&quot;,469777843,&quot;Times New Roman&quot;,469777844,&quot;Times New Roman&quot;,469778129,&quot;stylesbullet-sc-10lpfph-12&quot;,469778324,&quot;Normal&quot;],&quot;ClassId&quot;:1179649}\">Bouillon de poulet concentr\u00e9<br \/>\n<\/span><\/span><em><span class=\"TextRun SCXW172766525 BCX9\" lang=\"FR-CA\" xml:lang=\"FR-CA\" data-contrast=\"none\"><span class=\"NormalTextRun SpellingErrorV2 SCXW172766525 BCX9\" data-ccp-parastyle=\"styles__bullet-sc-10lpfph-12\">Campbell\u2019s<\/span><\/span><\/em><sup><span class=\"TextRun SCXW172766525 BCX9\" lang=\"FR-CA\" xml:lang=\"FR-CA\" data-contrast=\"none\"><span class=\"SpellingErrorSuperscript Superscript SpellingErrorV2 SCXW172766525 BCX9\" data-fontsize=\"10\" data-ccp-parastyle=\"styles__bullet-sc-10lpfph-12\">MD<\/span><\/span><\/sup><span class=\"TextRun SCXW172766525 BCX9\" lang=\"FR-CA\" xml:lang=\"FR-CA\" data-contrast=\"none\"><span class=\"NormalTextRun SCXW172766525 BCX9\" data-ccp-parastyle=\"styles__bullet-sc-10lpfph-12\">\u00a0(250\u202f<\/span><\/span><span class=\"TextRun SCXW172766525 BCX9\" lang=\"FR-CA\" xml:lang=\"FR-CA\" data-contrast=\"none\"><span class=\"NormalTextRun SpellingErrorV2 SCXW172766525 BCX9\" data-ccp-parastyle=\"styles__bullet-sc-10lpfph-12\">mL<\/span><\/span><span class=\"TextRun SCXW172766525 BCX9\" lang=\"FR-CA\" xml:lang=\"FR-CA\" data-contrast=\"none\"><span class=\"NormalTextRun SCXW172766525 BCX9\" data-ccp-parastyle=\"styles__bullet-sc-10lpfph-12\">)<\/span><\/span><span class=\"EOP SCXW172766525 BCX9\" data-ccp-props=\"{&quot;134233117&quot;:true,&quot;134233118&quot;:true,&quot;201341983&quot;:0,&quot;335559740&quot;:252}\">\u00a0<\/span>\n","description":"<p><span class=\"TextRun SCXW116747593 BCX9\" lang=\"FR-CA\" xml:lang=\"FR-CA\" data-contrast=\"none\"><span class=\"NormalTextRun SCXW116747593 BCX9\" data-ccp-parastyle=\"styles__bullet-sc-10lpfph-12\" data-ccp-parastyle-defn=\"{&quot;ObjectId&quot;:&quot;d2e327a1-a66b-4a6e-ad07-bd02e6bba473|73&quot;,&quot;Properties&quot;:[134233117,&quot;true&quot;,134233118,&quot;true&quot;,134233614,&quot;true&quot;,201340122,&quot;2&quot;,201341983,&quot;0&quot;,268442635,&quot;24&quot;,335559740,&quot;240&quot;,469769226,&quot;Times New Roman&quot;,469775450,&quot;styles__bullet-sc-10lpfph-12&quot;,469777841,&quot;Times New Roman&quot;,469777842,&quot;Times New Roman&quot;,469777843,&quot;Times New Roman&quot;,469777844,&quot;Times New Roman&quot;,469778129,&quot;stylesbullet-sc-10lpfph-12&quot;,469778324,&quot;Normal&quot;],&quot;ClassId&quot;:1179649}\">Le bouillon de poulet concentr\u00e9\u00a0<\/span><\/span><em><span class=\"TextRun SCXW116747593 BCX9\" lang=\"FR-CA\" xml:lang=\"FR-CA\" data-contrast=\"none\"><span class=\"NormalTextRun SpellingErrorV2 SCXW116747593 BCX9\" data-ccp-parastyle=\"styles__bullet-sc-10lpfph-12\">Campbell\u2019s<\/span><\/span><\/em><sup><span class=\"TextRun SCXW116747593 BCX9\" lang=\"FR-CA\" xml:lang=\"FR-CA\" data-contrast=\"none\"><span class=\"SpellingErrorSuperscript Superscript SpellingErrorV2 SCXW116747593 BCX9\" data-fontsize=\"10\" data-ccp-parastyle=\"styles__bullet-sc-10lpfph-12\">MD<\/span><\/span><\/sup><span class=\"TextRun SCXW116747593 BCX9\" lang=\"FR-CA\" xml:lang=\"FR-CA\" data-contrast=\"none\"><span class=\"NormalTextRun SCXW116747593 BCX9\" data-ccp-parastyle=\"styles__bullet-sc-10lpfph-12\">\u00a0<\/span><\/span><span class=\"TextRun SCXW116747593 BCX9\" lang=\"FR-CA\" xml:lang=\"FR-CA\" data-contrast=\"none\"><span class=\"NormalTextRun SCXW116747593 BCX9\" data-ccp-parastyle=\"styles__bullet-sc-10lpfph-12\">est jusqu\u2019\u00e0 quatre\u202ffois plus concentr\u00e9 (comparativement au format de 900\u202f<\/span><\/span><span class=\"TextRun SCXW116747593 BCX9\" lang=\"FR-CA\" xml:lang=\"FR-CA\" data-contrast=\"none\"><span class=\"NormalTextRun SpellingErrorV2 SCXW116747593 BCX9\" data-ccp-parastyle=\"styles__bullet-sc-10lpfph-12\">mL<\/span><\/span><span class=\"TextRun SCXW116747593 BCX9\" lang=\"FR-CA\" xml:lang=\"FR-CA\" data-contrast=\"none\"><span class=\"NormalTextRun SCXW116747593 BCX9\" data-ccp-parastyle=\"styles__bullet-sc-10lpfph-12\">\u00a0du bouillon de poulet pr\u00eat \u00e0 utiliser\u00a0<\/span><\/span><em><span class=\"TextRun SCXW116747593 BCX9\" lang=\"FR-CA\" xml:lang=\"FR-CA\" data-contrast=\"none\"><span class=\"NormalTextRun SpellingErrorV2 SCXW116747593 BCX9\" data-ccp-parastyle=\"styles__bullet-sc-10lpfph-12\">Campbell\u2019s<\/span><\/span><\/em><sup><span class=\"TextRun SCXW116747593 BCX9\" lang=\"FR-CA\" xml:lang=\"FR-CA\" data-contrast=\"none\"><span class=\"SpellingErrorSuperscript Superscript SpellingErrorV2 SCXW116747593 BCX9\" data-fontsize=\"10\" data-ccp-parastyle=\"styles__bullet-sc-10lpfph-12\">MD<\/span><\/span><\/sup><span class=\"TextRun SCXW116747593 BCX9\" lang=\"FR-CA\" xml:lang=\"FR-CA\" data-contrast=\"none\"><span class=\"NormalTextRun SCXW116747593 BCX9\" data-ccp-parastyle=\"styles__bullet-sc-10lpfph-12\">). Vous pouvez ainsi relever plus ou moins la saveur de vos plats. Pour plus de saveur, ajoutez simplement moins d\u2019eau!<\/span><\/span><\/p>\n<ul>\n<li data-leveltext=\"\uf0b7\" data-font=\"Symbol\" data-listid=\"8\" aria-setsize=\"-1\" data-aria-posinset=\"6\" data-aria-level=\"1\"><span data-contrast=\"none\">1\u202fbo\u00eete de bouillon concentr\u00e9\u00a0<\/span><em>Campbell\u2019s<\/em><sup><span data-contrast=\"none\">MD<\/span><\/sup><span data-contrast=\"none\">\u00a0+ 3\u202ftasses d\u2019eau = 4\u202ftasses de bouillon<\/span><span data-ccp-props=\"{&quot;134233117&quot;:true,&quot;134233118&quot;:true,&quot;201341983&quot;:0,&quot;335559740&quot;:252}\">\u00a0<\/span><\/li>\n<li data-leveltext=\"\uf0b7\" data-font=\"Symbol\" data-listid=\"8\" aria-setsize=\"-1\" data-aria-posinset=\"7\" data-aria-level=\"1\"><span data-contrast=\"none\">Sans colorant\u00a0<\/span><span data-contrast=\"none\">ni<\/span><span data-contrast=\"none\">\u00a0<\/span><span data-contrast=\"none\">ar\u00f4me<\/span><span data-contrast=\"none\">\u00a0<\/span><span data-contrast=\"none\">artificiels<\/span><span data-ccp-props=\"{&quot;134233117&quot;:true,&quot;134233118&quot;:true,&quot;201341983&quot;:0,&quot;335559740&quot;:252}\">\u00a0<\/span><\/li>\n<li data-leveltext=\"\uf0b7\" data-font=\"Symbol\" data-listid=\"8\" aria-setsize=\"-1\" data-aria-posinset=\"8\" data-aria-level=\"1\"><span data-contrast=\"none\">65\u202f% moins de sodium dans 1\u202ftasse de bouillon reconstitu\u00e9 que dans le bouillon de poulet pr\u00eat \u00e0 utiliser\u00a0<\/span><i><span data-contrast=\"none\">Campbell\u2019s<\/span><\/i><sup>MD<\/sup><\/li>\n<li data-leveltext=\"\uf0b7\" data-font=\"Symbol\" data-listid=\"8\" aria-setsize=\"-1\" data-aria-posinset=\"9\" data-aria-level=\"1\"><span data-contrast=\"none\">60\u202f% moins d\u2019emballage que le format de 900\u202f<\/span><span data-contrast=\"none\">mL<\/span><span data-contrast=\"none\">\u00a0du bouillon pr\u00eat \u00e0 utiliser\u00a0<\/span><em>Campbell\u2019s<\/em><sup><span data-contrast=\"none\">MD<\/span><\/sup><span data-ccp-props=\"{&quot;134233117&quot;:true,&quot;134233118&quot;:true,&quot;201341983&quot;:0,&quot;335559740&quot;:252}\">\u00a0<\/span><\/li>\n<li data-leveltext=\"\uf0b7\" data-font=\"Symbol\" data-listid=\"8\" aria-setsize=\"-1\" data-aria-posinset=\"10\" data-aria-level=\"1\"><span data-contrast=\"none\">Pr\u00e9par\u00e9<\/span><span data-contrast=\"none\">\u00a0au Canada<\/span><span data-ccp-props=\"{&quot;134233117&quot;:true,&quot;134233118&quot;:true,&quot;201341983&quot;:0,&quot;335559740&quot;:252}\">\u00a0<\/span><\/li>\n<\/ul>\n","featured_image":"https:\/\/dev.badmath.com\/think33\/campbells\/campbellsoupca\/wp-content\/uploads\/2021\/01\/campbells-concentrated-chicken-broth.png","pll_sync_post":[],"_links":{"self":[{"href":"https:\/\/dev.badmath.com\/think33\/campbells\/campbellsoupca\/wp-json\/wp\/v2\/product\/29057"}],"collection":[{"href":"https:\/\/dev.badmath.com\/think33\/campbells\/campbellsoupca\/wp-json\/wp\/v2\/product"}],"about":[{"href":"https:\/\/dev.badmath.com\/think33\/campbells\/campbellsoupca\/wp-json\/wp\/v2\/types\/product"}],"wp:featuredmedia":[{"embeddable":true,"href":"https:\/\/dev.badmath.com\/think33\/campbells\/campbellsoupca\/wp-json\/wp\/v2\/media\/29054"}],"wp:attachment":[{"href":"https:\/\/dev.badmath.com\/think33\/campbells\/campbellsoupca\/wp-json\/wp\/v2\/media?parent=29057"}],"wp:term":[{"taxonomy":"product-category","embeddable":true,"href":"https:\/\/dev.badmath.com\/think33\/campbells\/campbellsoupca\/wp-json\/wp\/v2\/product-category?post=29057"},{"taxonomy":"product-brand","embeddable":true,"href":"https:\/\/dev.badmath.com\/think33\/campbells\/campbellsoupca\/wp-json\/wp\/v2\/product-brand?post=29057"},{"taxonomy":"product-main-ingredient","embeddable":true,"href":"https:\/\/dev.badmath.com\/think33\/campbells\/campbellsoupca\/wp-json\/wp\/v2\/product-main-ingredient?post=29057"},{"taxonomy":"product-dietary-alternative","embeddable":true,"href":"https:\/\/dev.badmath.com\/think33\/campbells\/campbellsoupca\/wp-json\/wp\/v2\/product-dietary-alternative?post=29057"}],"curies":[{"name":"wp","href":"https:\/\/api.w.org\/{rel}","templated":true}]}}