{"id":26008,"date":"2020-08-04T23:25:26","date_gmt":"2020-08-04T23:25:26","guid":{"rendered":"https:\/\/dev.badmath.com:8443\/think33\/campbells\/campbellsoupca\/?post_type=product&#038;p=26008"},"modified":"2023-04-11T22:15:46","modified_gmt":"2023-04-11T22:15:46","slug":"salsa-moyenne-pace-avec-gros-morceaux-30-moins-de-sel-642-m","status":"publish","type":"product","link":"https:\/\/dev.badmath.com\/think33\/campbells\/campbellsoupca\/fr\/product\/salsa-moyenne-pace-avec-gros-morceaux-30-moins-de-sel-642-m\/","title":{"rendered":"Salsa moyenne Pace\u00ae avec gros morceaux, 30 % moins de sel 642 mL"},"featured_media":31406,"parent":0,"menu_order":0,"template":"","product-category":[379,946,385],"product-brand":[{"id":73,"slug":"pacemd","name":"PaceMD"}],"product-main-ingredient":[],"product-dietary-alternative":[{"id":439,"slug":"faible-en-gras","name":"Faible en gras","icon":"low-fat-fr"},{"id":431,"slug":"pas-de-sucre-ajoute","name":"Pas de sucre ajout\u00e9","icon":"no-sugar-added-fr"},{"id":435,"slug":"sans-gluten","name":"Sans Gluten","icon":"gluten-free"}],"acf":[],"yoast_head":"<!-- This site is optimized with the Yoast SEO plugin v18.8 - https:\/\/yoast.com\/wordpress\/plugins\/seo\/ -->\n<title>Salsa moyenne Pace\u00ae avec gros morceaux, 30 % moins de sel 642 mL - Campbell Company of Canada<\/title>\n<meta name=\"description\" content=\"La salsa moyenne Pace\u00ae avec gros morceaux, moins de sel, contient 30 % moins de sel que notre salsa originale.\" \/>\n<meta name=\"robots\" content=\"index, follow, max-snippet:-1, max-image-preview:large, max-video-preview:-1\" \/>\n<link rel=\"canonical\" href=\"https:\/\/dev.badmath.com\/think33\/campbells\/campbellsoupca\/fr\/product\/salsa-moyenne-pace-avec-gros-morceaux-30-moins-de-sel-642-m\/\" \/>\n<meta property=\"og:locale\" content=\"en_US\" \/>\n<meta property=\"og:type\" content=\"article\" \/>\n<meta property=\"og:title\" content=\"Salsa moyenne Pace\u00ae avec gros morceaux, 30 % moins de sel 642 mL - Campbell Company of Canada\" \/>\n<meta property=\"og:description\" content=\"La salsa moyenne Pace\u00ae avec gros morceaux, moins de sel, contient 30 % moins de sel que notre salsa originale.\" \/>\n<meta property=\"og:url\" content=\"https:\/\/dev.badmath.com\/think33\/campbells\/campbellsoupca\/fr\/product\/salsa-moyenne-pace-avec-gros-morceaux-30-moins-de-sel-642-m\/\" \/>\n<meta property=\"og:site_name\" content=\"Campbell Company of Canada\" \/>\n<meta property=\"article:modified_time\" content=\"2023-04-11T22:15:46+00:00\" \/>\n<meta property=\"og:image\" content=\"https:\/\/dev.badmath.com\/think33\/campbells\/campbellsoupca\/wp-content\/uploads\/2020\/08\/pace-30percent-less-salt-chunky-medium.png\" \/>\n\t<meta property=\"og:image:width\" content=\"340\" \/>\n\t<meta property=\"og:image:height\" content=\"510\" \/>\n\t<meta property=\"og:image:type\" content=\"image\/png\" \/>\n<meta name=\"twitter:card\" content=\"summary_large_image\" \/>\n<script type=\"application\/ld+json\" class=\"yoast-schema-graph\">{\"@context\":\"https:\/\/schema.org\",\"@graph\":[{\"@type\":\"WebSite\",\"@id\":\"https:\/\/dev.badmath.com\/think33\/campbells\/campbellsoupca\/#website\",\"url\":\"https:\/\/dev.badmath.com\/think33\/campbells\/campbellsoupca\/\",\"name\":\"Campbell Company of Canada\",\"description\":\"\",\"potentialAction\":[{\"@type\":\"SearchAction\",\"target\":{\"@type\":\"EntryPoint\",\"urlTemplate\":\"https:\/\/dev.badmath.com\/think33\/campbells\/campbellsoupca\/search\/?query={search_term_string}\"},\"query-input\":\"required name=search_term_string\"}],\"inLanguage\":\"en-US\"},{\"@type\":\"ImageObject\",\"inLanguage\":\"en-US\",\"@id\":\"https:\/\/dev.badmath.com\/think33\/campbells\/campbellsoupca\/fr\/product\/salsa-moyenne-pace-avec-gros-morceaux-30-moins-de-sel-642-m\/#primaryimage\",\"url\":\"https:\/\/dev.badmath.com\/think33\/campbells\/campbellsoupca\/wp-content\/uploads\/2020\/08\/pace-30percent-less-salt-chunky-medium.png\",\"contentUrl\":\"https:\/\/dev.badmath.com\/think33\/campbells\/campbellsoupca\/wp-content\/uploads\/2020\/08\/pace-30percent-less-salt-chunky-medium.png\",\"width\":340,\"height\":510,\"caption\":\"Salsa moyenne Pace\u00ae avec gros morceaux, 30 % moins de sel, 642 mL\"},{\"@type\":\"WebPage\",\"@id\":\"https:\/\/dev.badmath.com\/think33\/campbells\/campbellsoupca\/fr\/product\/salsa-moyenne-pace-avec-gros-morceaux-30-moins-de-sel-642-m\/#webpage\",\"url\":\"https:\/\/dev.badmath.com\/think33\/campbells\/campbellsoupca\/fr\/product\/salsa-moyenne-pace-avec-gros-morceaux-30-moins-de-sel-642-m\/\",\"name\":\"Salsa moyenne Pace\u00ae avec gros morceaux, 30 % moins de sel 642 mL - Campbell Company of Canada\",\"isPartOf\":{\"@id\":\"https:\/\/dev.badmath.com\/think33\/campbells\/campbellsoupca\/#website\"},\"primaryImageOfPage\":{\"@id\":\"https:\/\/dev.badmath.com\/think33\/campbells\/campbellsoupca\/fr\/product\/salsa-moyenne-pace-avec-gros-morceaux-30-moins-de-sel-642-m\/#primaryimage\"},\"datePublished\":\"2020-08-04T23:25:26+00:00\",\"dateModified\":\"2023-04-11T22:15:46+00:00\",\"description\":\"La salsa moyenne Pace\u00ae avec gros morceaux, moins de sel, contient 30 % moins de sel que notre salsa originale.\",\"breadcrumb\":{\"@id\":\"https:\/\/dev.badmath.com\/think33\/campbells\/campbellsoupca\/fr\/product\/salsa-moyenne-pace-avec-gros-morceaux-30-moins-de-sel-642-m\/#breadcrumb\"},\"inLanguage\":\"en-US\",\"potentialAction\":[{\"@type\":\"ReadAction\",\"target\":[\"https:\/\/dev.badmath.com\/think33\/campbells\/campbellsoupca\/fr\/product\/salsa-moyenne-pace-avec-gros-morceaux-30-moins-de-sel-642-m\/\"]}]},{\"@type\":\"BreadcrumbList\",\"@id\":\"https:\/\/dev.badmath.com\/think33\/campbells\/campbellsoupca\/fr\/product\/salsa-moyenne-pace-avec-gros-morceaux-30-moins-de-sel-642-m\/#breadcrumb\",\"itemListElement\":[{\"@type\":\"ListItem\",\"position\":1,\"name\":\"Home\",\"item\":\"https:\/\/dev.badmath.com:8443\/think33\/campbells\/campbellsoupca\/\"},{\"@type\":\"ListItem\",\"position\":2,\"name\":\"Products\",\"item\":\"https:\/\/dev.badmath.com\/think33\/campbells\/campbellsoupca\/fr\/product\/\"},{\"@type\":\"ListItem\",\"position\":3,\"name\":\"Salsa moyenne Pace\u00ae avec gros morceaux, 30 % moins de sel 642 mL\"}]}]}<\/script>\n<!-- \/ Yoast SEO plugin. -->","yoast_head_json":{"title":"Salsa moyenne Pace\u00ae avec gros morceaux, 30 % moins de sel 642 mL - Campbell Company of Canada","description":"La salsa moyenne Pace\u00ae avec gros morceaux, moins de sel, contient 30 % moins de sel que notre salsa originale.","robots":{"index":"index","follow":"follow","max-snippet":"max-snippet:-1","max-image-preview":"max-image-preview:large","max-video-preview":"max-video-preview:-1"},"canonical":"https:\/\/dev.badmath.com\/think33\/campbells\/campbellsoupca\/fr\/product\/salsa-moyenne-pace-avec-gros-morceaux-30-moins-de-sel-642-m\/","og_locale":"en_US","og_type":"article","og_title":"Salsa moyenne Pace\u00ae avec gros morceaux, 30 % moins de sel 642 mL - Campbell Company of Canada","og_description":"La salsa moyenne Pace\u00ae avec gros morceaux, moins de sel, contient 30 % moins de sel que notre salsa originale.","og_url":"https:\/\/dev.badmath.com\/think33\/campbells\/campbellsoupca\/fr\/product\/salsa-moyenne-pace-avec-gros-morceaux-30-moins-de-sel-642-m\/","og_site_name":"Campbell Company of Canada","article_modified_time":"2023-04-11T22:15:46+00:00","og_image":[{"width":340,"height":510,"url":"https:\/\/dev.badmath.com\/think33\/campbells\/campbellsoupca\/wp-content\/uploads\/2020\/08\/pace-30percent-less-salt-chunky-medium.png","type":"image\/png"}],"twitter_card":"summary_large_image","schema":{"@context":"https:\/\/schema.org","@graph":[{"@type":"WebSite","@id":"https:\/\/dev.badmath.com\/think33\/campbells\/campbellsoupca\/#website","url":"https:\/\/dev.badmath.com\/think33\/campbells\/campbellsoupca\/","name":"Campbell Company of Canada","description":"","potentialAction":[{"@type":"SearchAction","target":{"@type":"EntryPoint","urlTemplate":"https:\/\/dev.badmath.com\/think33\/campbells\/campbellsoupca\/search\/?query={search_term_string}"},"query-input":"required name=search_term_string"}],"inLanguage":"en-US"},{"@type":"ImageObject","inLanguage":"en-US","@id":"https:\/\/dev.badmath.com\/think33\/campbells\/campbellsoupca\/fr\/product\/salsa-moyenne-pace-avec-gros-morceaux-30-moins-de-sel-642-m\/#primaryimage","url":"https:\/\/dev.badmath.com\/think33\/campbells\/campbellsoupca\/wp-content\/uploads\/2020\/08\/pace-30percent-less-salt-chunky-medium.png","contentUrl":"https:\/\/dev.badmath.com\/think33\/campbells\/campbellsoupca\/wp-content\/uploads\/2020\/08\/pace-30percent-less-salt-chunky-medium.png","width":340,"height":510,"caption":"Salsa moyenne Pace\u00ae avec gros morceaux, 30 % moins de sel, 642 mL"},{"@type":"WebPage","@id":"https:\/\/dev.badmath.com\/think33\/campbells\/campbellsoupca\/fr\/product\/salsa-moyenne-pace-avec-gros-morceaux-30-moins-de-sel-642-m\/#webpage","url":"https:\/\/dev.badmath.com\/think33\/campbells\/campbellsoupca\/fr\/product\/salsa-moyenne-pace-avec-gros-morceaux-30-moins-de-sel-642-m\/","name":"Salsa moyenne Pace\u00ae avec gros morceaux, 30 % moins de sel 642 mL - Campbell Company of Canada","isPartOf":{"@id":"https:\/\/dev.badmath.com\/think33\/campbells\/campbellsoupca\/#website"},"primaryImageOfPage":{"@id":"https:\/\/dev.badmath.com\/think33\/campbells\/campbellsoupca\/fr\/product\/salsa-moyenne-pace-avec-gros-morceaux-30-moins-de-sel-642-m\/#primaryimage"},"datePublished":"2020-08-04T23:25:26+00:00","dateModified":"2023-04-11T22:15:46+00:00","description":"La salsa moyenne Pace\u00ae avec gros morceaux, moins de sel, contient 30 % moins de sel que notre salsa originale.","breadcrumb":{"@id":"https:\/\/dev.badmath.com\/think33\/campbells\/campbellsoupca\/fr\/product\/salsa-moyenne-pace-avec-gros-morceaux-30-moins-de-sel-642-m\/#breadcrumb"},"inLanguage":"en-US","potentialAction":[{"@type":"ReadAction","target":["https:\/\/dev.badmath.com\/think33\/campbells\/campbellsoupca\/fr\/product\/salsa-moyenne-pace-avec-gros-morceaux-30-moins-de-sel-642-m\/"]}]},{"@type":"BreadcrumbList","@id":"https:\/\/dev.badmath.com\/think33\/campbells\/campbellsoupca\/fr\/product\/salsa-moyenne-pace-avec-gros-morceaux-30-moins-de-sel-642-m\/#breadcrumb","itemListElement":[{"@type":"ListItem","position":1,"name":"Home","item":"https:\/\/dev.badmath.com:8443\/think33\/campbells\/campbellsoupca\/"},{"@type":"ListItem","position":2,"name":"Products","item":"https:\/\/dev.badmath.com\/think33\/campbells\/campbellsoupca\/fr\/product\/"},{"@type":"ListItem","position":3,"name":"Salsa moyenne Pace\u00ae avec gros morceaux, 30 % moins de sel 642 mL"}]}]}},"lang":"fr","translations":{"fr":26008,"en":25831},"product_title":"Salsa moyenne <em>Pace<\/em><sup>\u00ae<\/sup> avec gros morceaux, 30 % moins de sel 642 mL\n","description":"<p>La salsa moyenne<em> Pace<\/em><sup>\u00ae<\/sup> avec gros morceaux, moins de sel, contient 30 % moins de sel que notre salsa originale. Dans la salsa <em>Pace<\/em><sup>\u00ae<\/sup> les jalapenos sont rois. Que vous l\u2019utilisiez comme trempette ou dans votre recette pr\u00e9f\u00e9r\u00e9e, les gros morceaux d\u2019oignons croquants et de jalapenos cueillis \u00e0 la main rehausseront d\u00e9licieusement votre exp\u00e9rience culinaire, \u00e0 tout coup.<\/p>\n","featured_image":"https:\/\/dev.badmath.com\/think33\/campbells\/campbellsoupca\/wp-content\/uploads\/2020\/08\/pace-30percent-less-salt-chunky-medium.png","pll_sync_post":[],"_links":{"self":[{"href":"https:\/\/dev.badmath.com\/think33\/campbells\/campbellsoupca\/wp-json\/wp\/v2\/product\/26008"}],"collection":[{"href":"https:\/\/dev.badmath.com\/think33\/campbells\/campbellsoupca\/wp-json\/wp\/v2\/product"}],"about":[{"href":"https:\/\/dev.badmath.com\/think33\/campbells\/campbellsoupca\/wp-json\/wp\/v2\/types\/product"}],"wp:featuredmedia":[{"embeddable":true,"href":"https:\/\/dev.badmath.com\/think33\/campbells\/campbellsoupca\/wp-json\/wp\/v2\/media\/31406"}],"wp:attachment":[{"href":"https:\/\/dev.badmath.com\/think33\/campbells\/campbellsoupca\/wp-json\/wp\/v2\/media?parent=26008"}],"wp:term":[{"taxonomy":"product-category","embeddable":true,"href":"https:\/\/dev.badmath.com\/think33\/campbells\/campbellsoupca\/wp-json\/wp\/v2\/product-category?post=26008"},{"taxonomy":"product-brand","embeddable":true,"href":"https:\/\/dev.badmath.com\/think33\/campbells\/campbellsoupca\/wp-json\/wp\/v2\/product-brand?post=26008"},{"taxonomy":"product-main-ingredient","embeddable":true,"href":"https:\/\/dev.badmath.com\/think33\/campbells\/campbellsoupca\/wp-json\/wp\/v2\/product-main-ingredient?post=26008"},{"taxonomy":"product-dietary-alternative","embeddable":true,"href":"https:\/\/dev.badmath.com\/think33\/campbells\/campbellsoupca\/wp-json\/wp\/v2\/product-dietary-alternative?post=26008"}],"curies":[{"name":"wp","href":"https:\/\/api.w.org\/{rel}","templated":true}]}}