{"id":4590,"date":"2018-07-03T16:32:58","date_gmt":"2018-07-03T16:32:58","guid":{"rendered":"http:\/\/stagecscca.wpengine.com\/?page_id=4590"},"modified":"2020-06-24T19:44:48","modified_gmt":"2020-06-24T19:44:48","slug":"goldfish-explosions-de-saveur","status":"publish","type":"page","link":"https:\/\/dev.badmath.com\/think33\/campbells\/campbellsoupca\/fr\/nos-marques\/collations\/goldfish\/goldfish-explosions-de-saveur\/","title":{"rendered":"Goldfish Explosions de Saveur"},"content":{"rendered":"\n<figure class=\"wp-block-image size-full the-banner\"><img decoding=\"async\" loading=\"lazy\" width=\"1920\" height=\"738\" src=\"https:\/\/dev.badmath.com:8443\/think33\/campbells\/campbellsoupca\/wp-content\/uploads\/2020\/06\/Goldfish-Flavour-Blasted-banner-1.jpg\" alt=\"\" class=\"wp-image-25444\" srcset=\"https:\/\/dev.badmath.com\/think33\/campbells\/campbellsoupca\/wp-content\/uploads\/2020\/06\/Goldfish-Flavour-Blasted-banner-1.jpg 1920w, https:\/\/dev.badmath.com\/think33\/campbells\/campbellsoupca\/wp-content\/uploads\/2020\/06\/Goldfish-Flavour-Blasted-banner-1-300x115.jpg 300w, https:\/\/dev.badmath.com\/think33\/campbells\/campbellsoupca\/wp-content\/uploads\/2020\/06\/Goldfish-Flavour-Blasted-banner-1-1024x394.jpg 1024w, https:\/\/dev.badmath.com\/think33\/campbells\/campbellsoupca\/wp-content\/uploads\/2020\/06\/Goldfish-Flavour-Blasted-banner-1-768x295.jpg 768w, https:\/\/dev.badmath.com\/think33\/campbells\/campbellsoupca\/wp-content\/uploads\/2020\/06\/Goldfish-Flavour-Blasted-banner-1-1536x590.jpg 1536w\" sizes=\"(max-width: 1920px) 100vw, 1920px\" \/><\/figure>\n\n\n\n\t<nav class=\"breadcrumbs\" aria-label=\"Breadcrumbs trail\">\n\t\t<ul class=\"breadcrumbs__list\">\n\t\t\t<li class=\"breadcrumbs__item\"><a href=\"https:\/\/dev.badmath.com\/think33\/campbells\/campbellsoupca\/fr\/\">HOME<\/a><\/li><li class=\"breadcrumbs__item\"><a href=\"https:\/\/dev.badmath.com\/think33\/campbells\/campbellsoupca\/fr\/nos-marques\/\">NOS MARQUES<\/a><\/li><li class=\"breadcrumbs__item\"><a href=\"https:\/\/dev.badmath.com\/think33\/campbells\/campbellsoupca\/fr\/nos-marques\/collations\/\">COLLATIONS<\/a><\/li><li class=\"breadcrumbs__item\"><a href=\"https:\/\/dev.badmath.com\/think33\/campbells\/campbellsoupca\/fr\/nos-marques\/collations\/goldfish\/\">GOLDFISH<\/a><\/li><li class=\"breadcrumbs__item\"><a href=\"https:\/\/dev.badmath.com\/think33\/campbells\/campbellsoupca\/fr\/nos-marques\/collations\/goldfish\/goldfish-explosions-de-saveur\/\">GOLDFISH EXPLOSIONS DE SAVEUR<\/a><\/li>\t\t<\/ul>\n\t<\/nav>\n\n\n\n\n<div class=\"wp-block-section-title aligncenter\">\n\t\n\t\t\t<h1 class=\"section-title\"><em><strong>\ufeffGoldfish<\/strong><sup><strong>MD<\/strong><\/sup><strong> Explosion de saveurs<sup>MD<\/sup><\/strong><\/em><\/h1>\n\t\t\t\n\t\t\t<div class=\"section-body\"><p>  Les craquelins <em>Goldfish<sup>MD<\/sup> Explosion de saveurs<sup>MD<\/sup> <\/em>sont<em> <\/em>savoureux \u00e0 l\u2019extr\u00eame, toujours cuits au four et pr\u00e9par\u00e9s sans colorants ni ar\u00f4mes artificiels. La m\u00e9gasaveur en tout petit craquelin.<\/p><\/div>\n\t\t\t<\/div>\n\n\n\n<div class=\"wp-block-csccanada-columns aligncenter columns is-gapless columns-3'\">\n\t\n<div class=\"csc-advanced-column column\">\n\t\n\t\t<div class=\"csc-advanced-column__image\">\n\t\t\t<img decoding=\"async\" src=\"https:\/\/dev.badmath.com\/think33\/campbells\/campbellsoupca\/wp-content\/uploads\/2018\/07\/SatFat2_FR.jpg\" alt=\"Satfat2_fr\" \/>\n\t\t<\/div>\n\t\t\n\t<div class=\"csc-advanced-column__content\">\n\t\t\n\t\t\t<h2 class=\"csc-advanced-column__title column-title1\">Faibles en gras satur\u00e9s\u00a0<\/h2>\n\t\t\t\t<\/div>\n\n\t<div class=\"csc-advanced-column__body-content\">\n\t\t\t<\/div>\n\n\t\n\n<\/div>\n\n<div class=\"csc-advanced-column column\">\n\t\n\t\t<div class=\"csc-advanced-column__image\">\n\t\t\t<img decoding=\"async\" src=\"https:\/\/dev.badmath.com\/think33\/campbells\/campbellsoupca\/wp-content\/uploads\/2018\/07\/artificial_circle-5.png\" alt=\"Artificial_circle 5\" \/>\n\t\t<\/div>\n\t\t\n\t<div class=\"csc-advanced-column__content\">\n\t\t\n\t\t\t<h2 class=\"csc-advanced-column__title column-title2\">Sans colorants ni ar\u00f4mes artificiels\u00a0<\/h2>\n\t\t\t\t<\/div>\n\n\t<div class=\"csc-advanced-column__body-content\">\n\t\t\t<\/div>\n\n\t\n\n<\/div>\n\n<div class=\"csc-advanced-column column\">\n\t\n\t\t<div class=\"csc-advanced-column__image\">\n\t\t\t<img decoding=\"async\" src=\"https:\/\/dev.badmath.com\/think33\/campbells\/campbellsoupca\/wp-content\/uploads\/2018\/07\/alwaysbaked_circle2-5.png\" alt=\"Alwaysbaked_circle2 5\" \/>\n\t\t<\/div>\n\t\t\n\t<div class=\"csc-advanced-column__content\">\n\t\t\n\t\t\t<h2 class=\"csc-advanced-column__title column-title3\">Toujours cuits au four\u00a0<\/h2>\n\t\t\t\t<\/div>\n\n\t<div class=\"csc-advanced-column__body-content\">\n\t\t\t<\/div>\n\n\t\n\n<\/div>\n<\/div>\n\n\n\t<div class=\"family-landing-container\"  :class=\"{ 'layout-grid': gridLayout, 'layout-row': !gridLayout }\">\n\n\t\t<div class=\"family-landing__filter-bar\">\n\n\t\t\t<div class=\"wrapper-narrow\">\n\n\t\t\t\t<div class=\"family-landing__product-filter-toggle\">\n\t<button\n\t\tclass=\"family-landing__product-filter-toggle-heading\"\n\t\t@click=\"mobileFilterToggle\"\n\t\taria-expanded=\"false\">\n\n\t\t<svg role=\"img\" class=\"csc-icon csc-icon-filter\" xmlns=\"http:\/\/www.w3.org\/2000\/svg\" aria-label=\"Filter\" xmlns:xlink=\"http:\/\/www.w3.org\/1999\/xlink\"><use xlink:href=\"https:\/\/dev.badmath.com\/think33\/campbells\/campbellsoupca\/wp-content\/themes\/pfw-wp-campbell-soup-ca\/dist\/svg\/svg.svg#filter\" \/><\/svg>\n\t\tSelect {{filteredTaxLabel}}\n\n\t\t<svg role=\"presentation\" class=\"csc-icon family-landing__arrow-indicator\" xmlns=\"http:\/\/www.w3.org\/2000\/svg\" aria-label=\"Toggle\" xmlns:xlink=\"http:\/\/www.w3.org\/1999\/xlink\"><use xlink:href=\"https:\/\/dev.badmath.com\/think33\/campbells\/campbellsoupca\/wp-content\/themes\/pfw-wp-campbell-soup-ca\/dist\/svg\/svg.svg#chevron-down\" \/><\/svg>\t<\/button>\n<\/div>\n\t\t\t\t<div class=\"grid-layout-switcher\">\n\n\t<button\n\t\tclass=\"grid-layout-switcher__button-rows\"\n\t\ttitle=\"Switch to row layout\"\n\t\t:class=\"{ 'current-layout-option': !gridLayout }\"\n\t\t@click=\"toggleLayout\">\n\n\t\t<svg role=\"none\" class=\"csc-icon grid-layout-switcher__icon\" xmlns=\"http:\/\/www.w3.org\/2000\/svg\"  xmlns:xlink=\"http:\/\/www.w3.org\/1999\/xlink\" aria-hidden=\"true\"><use xlink:href=\"https:\/\/dev.badmath.com\/think33\/campbells\/campbellsoupca\/wp-content\/themes\/pfw-wp-campbell-soup-ca\/dist\/svg\/svg.svg#rows\" \/><\/svg>\t\t<span class=\"screen-reader-text\">\n\t\t\tSwitch to row layout\t\t<\/span>\n\t<\/button>\n\n\t<button\n\t\tclass=\"grid-layout-switcher__button-grid\"\n\t\ttitle=\"Switch to grid layout\"\n\t\t:class=\"{ 'current-layout-option': gridLayout }\"\n\t\t@click=\"toggleLayout\">\n\n\t\t<svg role=\"none\" class=\"csc-icon grid-layout-switcher__icon\" xmlns=\"http:\/\/www.w3.org\/2000\/svg\"  xmlns:xlink=\"http:\/\/www.w3.org\/1999\/xlink\" aria-hidden=\"true\"><use xlink:href=\"https:\/\/dev.badmath.com\/think33\/campbells\/campbellsoupca\/wp-content\/themes\/pfw-wp-campbell-soup-ca\/dist\/svg\/svg.svg#grid\" \/><\/svg>\t\t<span class=\"screen-reader-text\">\n\t\t\tSwitch to grid layout\t\t<\/span>\n\t<\/button>\n\n<\/div>\n\t\t\t\t<template>\n\t<ul class=\"family-landing__product-filters\">\n\t\t<li class=\"family-landing__filter-item all-items\"\n\t\t\t:class=\"{ active: !isFiltered }\">\n\t\t\t<label>\n\t\t\t\t<button\n\t\t\t\t\tclass=\"filter-toggle\"\n\t\t\t\t\ttype=\"button\"\n\t\t\t\t\t:aria-pressed=\"isFiltered ? 'false' : 'true'\"\n\t\t\t\t\t@click=\"handleToggle\"\n\t\t\t\t\t>\n\t\t\t\t\tAll\n\t\t\t\t<\/button>\n\t\t\t\t<input\n\t\t\t\t\ttype=\"checkbox\"\n\t\t\t\t\t@change=\"resetFilters\">\n\t\t\t<\/label>\n\t\t<\/li>\n\t\t<li class=\"family-landing__filter-item\"\n\t\t\t:class=\"{ active: filterToggled(alt) }\"\n\t\t\tv-for=\"alt in defaultAlts\">\n\t\t\t<label>\n\t\t\t\t<button\n\t\t\t\t\tclass=\"filter-toggle\"\n\t\t\t\t\t:aria-pressed=\"filterToggled(alt) ? 'true' : 'false'\"\n\t\t\t\t\ttype=\"button\"\n\t\t\t\t\t@click=\"handleToggle\"\n\t\t\t\t\tv-html=\"alt\">\n\t\t\t\t<\/button>\n\t\t\t\t<input\n\t\t\t\t\ttype=\"checkbox\"\n\t\t\t\t\t:value=\"alt\"\n\t\t\t\t\t@change=\"handleInput\"\n\t\t\t\t\tv-model=\"filteredAlts\">\n\t\t\t<\/label>\n\t\t<\/li>\n\t<\/ul>\n\n\t<div class=\"family-landing__filter-scroll-helper mobile-only\"\n\t\t:class=\"{ active: isFiltered }\">\n\t\tScroll for updated results\t<\/div>\n\n<\/template>\n\t\t\t<\/div>\n\n\t\t<\/div>\n\n\t\t<div\n\t\t\tclass=\"wrapper-narrow product-tile-container\"\n\t\t\t:class=\"{'-less-than-three': filteredProducts.length < 3}\"\n\t\t\tv-show=\"filteredProducts.length\"\n\t\t\t>\n\t\t\t\n\n\n\n<div class=\"product-tile\"\n\titemscope itemtype=\"http:\/\/schema.org\/Product\"\n\tv-for=\"(product, index) in filteredProducts\"\n\tv-if=\"index < renderNow\"\n\tref=\"productTile\"\n\t>\n\n\t<a :href=\"product.link\" class=\"product-tile__link\" itemprop=\"url\">\n\n\t\t<div class=\"product-tile__image-column column\">\n\t\t\t<div class=\"product-tile__image-container\">\n\t\t\t\t<img\n\t\t\t\t\titemprop=\"image\"\n\t\t\t\t\tclass=\"product-tile__image\"\n\t\t\t\t\t:src=\"product.featured_image\"\n\t\t\t\t\talt=\"\">\n\t\t\t<\/div>\n\n\n\t\t\t<template v-if=\"!gridLayout\">\n\t\t\t\t<ul\n\t\t\t\tv-if=\"product['product-dietary-alternative'].length\"\n\t\t\t\tclass=\"product-tile__dietary-alternatives\">\n\t\t\t\t\t<li\n\t\t\t\t\t\tv-for=\"dietaryAlt in product['product-dietary-alternative']\"\n\t\t\t\t\t\t:class=\"dietaryAlt\">\n\n\t\t\t\t\t\t<svg role=\"img\" class=\"csc-icon product-tile__product-attribute-icon\" xmlns=\"http:\/\/www.w3.org\/2000\/svg\" xmlns:xlink=\"http:\/\/www.w3.org\/1999\/xlink\" :aria-label=\"dietaryAlt.icon\"><use :xlink:href=\"'https:\/\/dev.badmath.com\/think33\/campbells\/campbellsoupca\/wp-content\/themes\/pfw-wp-campbell-soup-ca\/dist\/svg\/svg.svg#' + dietaryAlt.icon\" \/><\/svg>\n\n\t\t\t\t\t\t<div class=\"screen-reader-text\">Dietary Alternative: {{dietaryAlt.name}}<\/div>\n\t\t\t\t\t<\/li>\n\t\t\t\t<\/ul>\n\t\t\t<\/template>\n\n\t\t<\/div>\n\n\t\t<template>\n\t\t\t<div class=\"product-tile__info-column column\">\n\t\t\t\t<h2 class=\"product-tile__title\">\n\t\t\t\t\t<span itemprop=\"name\" v-html=product.title><\/span>\n\t\t\t\t<\/h2>\n\n\t\t\t\t<template v-if=\"gridLayout\">\n\t\t\t\t\t<ul\n\t\t\t\t\tv-if=\"product['product-dietary-alternative'].length\"\n\t\t\t\t\tclass=\"product-tile__dietary-alternatives\">\n\t\t\t\t\t\t<li\n\t\t\t\t\t\t\tv-for=\"dietaryAlt in product['product-dietary-alternative']\"\n\t\t\t\t\t\t\t:class=\"dietaryAlt.icon\">\n\n\t\t\t\t\t\t\t<svg role=\"img\" class=\"csc-icon product-tile__product-attribute-icon\" xmlns=\"http:\/\/www.w3.org\/2000\/svg\" xmlns:xlink=\"http:\/\/www.w3.org\/1999\/xlink\" :aria-label=\"dietaryAlt.icon\"><use :xlink:href=\"'https:\/\/dev.badmath.com\/think33\/campbells\/campbellsoupca\/wp-content\/themes\/pfw-wp-campbell-soup-ca\/dist\/svg\/svg.svg#' + dietaryAlt.icon\" \/><\/svg>\n\n\t\t\t\t\t\t\t<div class=\"screen-reader-text\">Dietary Alternative: {{dietaryAlt.name}}<\/div>\n\t\t\t\t\t\t<\/li>\n\t\t\t\t\t<\/ul>\n\t\t\t\t<\/template>\n\n\t\t\t\t<div v-if=\"product['product-brand'].length\" class=\"screen-reader-text\">\n\t\t\t\t\t<div itemprop=\"brand\" itemscope itemtype=\"https:\/\/schema.org\/Brand\">\n\t\t\t\t\t\t<meta itemprop=\"name\" :content=\"product['product-brand'][0].name\" \/>\n\t\t\t\t\t<\/div>\n\t\t\t\t<\/div>\n\n\t\t\t\t<div\n\t\t\t\t\titemprop=\"description\"\n\t\t\t\t\tclass=\"product-tile__description screen-reader-text\"\n\t\t\t\t\tv-html=\"product.description\">\n\t\t\t\t<\/div>\n\n\t\t\t<\/div>\n\t\t<\/template>\n\t<\/a>\n<\/div>\n\t\t<\/div>\n\n\t\t<div class=\"product-tile__load-more-container\" v-show=\"renderNow < products.length\">\n\t\t\t<button class=\"product-tile__load-more button -primary -nonplussed\"\n\t\t\t\t@click=\"loadMore\">\n\t\t\t\tLoad More\t\t\t<\/button>\n\t\t<\/div>\n\t\t<div aria-live=\"polite\">\n\t\t\t<div class=\"wrapper-narrow\" v-show=\"!filteredProducts.length\">\n\t\t\t\t<div class=\"product-tile__no-products-found\">\n\t\t\t\t\t<p class=\"none-found-title\">No Products Found<\/p>\n\t\t\t\t\t<p>We did not find any products matching that filter. Please try adding or removing filters above.<\/p>\n\t\t\t\t<\/div>\n\t\t\t<\/div>\n\t\t<\/div>\n\n\t<\/div>\n\t","protected":false},"excerpt":{"rendered":"","protected":false},"author":31,"featured_media":0,"parent":4588,"menu_order":0,"comment_status":"closed","ping_status":"closed","template":"","meta":[],"acf":[],"yoast_head":"<!-- This site is optimized with the Yoast SEO plugin v18.8 - https:\/\/yoast.com\/wordpress\/plugins\/seo\/ -->\n<title>Goldfish Explosions de Saveur - Campbell Company of Canada<\/title>\n<meta name=\"robots\" content=\"index, follow, max-snippet:-1, max-image-preview:large, max-video-preview:-1\" \/>\n<link rel=\"canonical\" href=\"https:\/\/dev.badmath.com\/think33\/campbells\/campbellsoupca\/fr\/nos-marques\/collations\/goldfish\/goldfish-explosions-de-saveur\/\" \/>\n<meta property=\"og:locale\" content=\"en_US\" \/>\n<meta property=\"og:type\" content=\"article\" \/>\n<meta property=\"og:title\" content=\"Goldfish Explosions de Saveur - Campbell Company of Canada\" \/>\n<meta property=\"og:url\" content=\"https:\/\/dev.badmath.com\/think33\/campbells\/campbellsoupca\/fr\/nos-marques\/collations\/goldfish\/goldfish-explosions-de-saveur\/\" \/>\n<meta property=\"og:site_name\" content=\"Campbell Company of Canada\" \/>\n<meta property=\"article:modified_time\" content=\"2020-06-24T19:44:48+00:00\" \/>\n<meta property=\"og:image\" content=\"https:\/\/dev.badmath.com:8443\/think33\/campbells\/campbellsoupca\/wp-content\/uploads\/2020\/06\/Goldfish-Flavour-Blasted-banner-1.jpg\" \/>\n<meta name=\"twitter:card\" content=\"summary_large_image\" \/>\n<script type=\"application\/ld+json\" class=\"yoast-schema-graph\">{\"@context\":\"https:\/\/schema.org\",\"@graph\":[{\"@type\":\"WebSite\",\"@id\":\"https:\/\/dev.badmath.com\/think33\/campbells\/campbellsoupca\/#website\",\"url\":\"https:\/\/dev.badmath.com\/think33\/campbells\/campbellsoupca\/\",\"name\":\"Campbell Company of Canada\",\"description\":\"\",\"potentialAction\":[{\"@type\":\"SearchAction\",\"target\":{\"@type\":\"EntryPoint\",\"urlTemplate\":\"https:\/\/dev.badmath.com\/think33\/campbells\/campbellsoupca\/search\/?query={search_term_string}\"},\"query-input\":\"required name=search_term_string\"}],\"inLanguage\":\"en-US\"},{\"@type\":\"ImageObject\",\"inLanguage\":\"en-US\",\"@id\":\"https:\/\/dev.badmath.com\/think33\/campbells\/campbellsoupca\/fr\/nos-marques\/collations\/goldfish\/goldfish-explosions-de-saveur\/#primaryimage\",\"url\":\"https:\/\/dev.badmath.com:8443\/think33\/campbells\/campbellsoupca\/wp-content\/uploads\/2020\/06\/Goldfish-Flavour-Blasted-banner-1.jpg\",\"contentUrl\":\"https:\/\/dev.badmath.com:8443\/think33\/campbells\/campbellsoupca\/wp-content\/uploads\/2020\/06\/Goldfish-Flavour-Blasted-banner-1.jpg\"},{\"@type\":\"WebPage\",\"@id\":\"https:\/\/dev.badmath.com\/think33\/campbells\/campbellsoupca\/fr\/nos-marques\/collations\/goldfish\/goldfish-explosions-de-saveur\/#webpage\",\"url\":\"https:\/\/dev.badmath.com\/think33\/campbells\/campbellsoupca\/fr\/nos-marques\/collations\/goldfish\/goldfish-explosions-de-saveur\/\",\"name\":\"Goldfish Explosions de Saveur - Campbell Company of Canada\",\"isPartOf\":{\"@id\":\"https:\/\/dev.badmath.com\/think33\/campbells\/campbellsoupca\/#website\"},\"primaryImageOfPage\":{\"@id\":\"https:\/\/dev.badmath.com\/think33\/campbells\/campbellsoupca\/fr\/nos-marques\/collations\/goldfish\/goldfish-explosions-de-saveur\/#primaryimage\"},\"datePublished\":\"2018-07-03T16:32:58+00:00\",\"dateModified\":\"2020-06-24T19:44:48+00:00\",\"breadcrumb\":{\"@id\":\"https:\/\/dev.badmath.com\/think33\/campbells\/campbellsoupca\/fr\/nos-marques\/collations\/goldfish\/goldfish-explosions-de-saveur\/#breadcrumb\"},\"inLanguage\":\"en-US\",\"potentialAction\":[{\"@type\":\"ReadAction\",\"target\":[\"https:\/\/dev.badmath.com\/think33\/campbells\/campbellsoupca\/fr\/nos-marques\/collations\/goldfish\/goldfish-explosions-de-saveur\/\"]}]},{\"@type\":\"BreadcrumbList\",\"@id\":\"https:\/\/dev.badmath.com\/think33\/campbells\/campbellsoupca\/fr\/nos-marques\/collations\/goldfish\/goldfish-explosions-de-saveur\/#breadcrumb\",\"itemListElement\":[{\"@type\":\"ListItem\",\"position\":1,\"name\":\"Home\",\"item\":\"https:\/\/dev.badmath.com:8443\/think33\/campbells\/campbellsoupca\/\"},{\"@type\":\"ListItem\",\"position\":2,\"name\":\"Nos marques\",\"item\":\"https:\/\/dev.badmath.com:8443\/think33\/campbells\/campbellsoupca\/fr\/nos-marques\/\"},{\"@type\":\"ListItem\",\"position\":3,\"name\":\"Collations\",\"item\":\"https:\/\/dev.badmath.com:8443\/think33\/campbells\/campbellsoupca\/fr\/nos-marques\/collations\/\"},{\"@type\":\"ListItem\",\"position\":4,\"name\":\"Goldfish\",\"item\":\"https:\/\/dev.badmath.com:8443\/think33\/campbells\/campbellsoupca\/fr\/nos-marques\/collations\/goldfish\/\"},{\"@type\":\"ListItem\",\"position\":5,\"name\":\"Goldfish Explosions de Saveur\"}]}]}<\/script>\n<!-- \/ Yoast SEO plugin. -->","yoast_head_json":{"title":"Goldfish Explosions de Saveur - Campbell Company of Canada","robots":{"index":"index","follow":"follow","max-snippet":"max-snippet:-1","max-image-preview":"max-image-preview:large","max-video-preview":"max-video-preview:-1"},"canonical":"https:\/\/dev.badmath.com\/think33\/campbells\/campbellsoupca\/fr\/nos-marques\/collations\/goldfish\/goldfish-explosions-de-saveur\/","og_locale":"en_US","og_type":"article","og_title":"Goldfish Explosions de Saveur - Campbell Company of Canada","og_url":"https:\/\/dev.badmath.com\/think33\/campbells\/campbellsoupca\/fr\/nos-marques\/collations\/goldfish\/goldfish-explosions-de-saveur\/","og_site_name":"Campbell Company of Canada","article_modified_time":"2020-06-24T19:44:48+00:00","og_image":[{"url":"https:\/\/dev.badmath.com:8443\/think33\/campbells\/campbellsoupca\/wp-content\/uploads\/2020\/06\/Goldfish-Flavour-Blasted-banner-1.jpg"}],"twitter_card":"summary_large_image","schema":{"@context":"https:\/\/schema.org","@graph":[{"@type":"WebSite","@id":"https:\/\/dev.badmath.com\/think33\/campbells\/campbellsoupca\/#website","url":"https:\/\/dev.badmath.com\/think33\/campbells\/campbellsoupca\/","name":"Campbell Company of Canada","description":"","potentialAction":[{"@type":"SearchAction","target":{"@type":"EntryPoint","urlTemplate":"https:\/\/dev.badmath.com\/think33\/campbells\/campbellsoupca\/search\/?query={search_term_string}"},"query-input":"required name=search_term_string"}],"inLanguage":"en-US"},{"@type":"ImageObject","inLanguage":"en-US","@id":"https:\/\/dev.badmath.com\/think33\/campbells\/campbellsoupca\/fr\/nos-marques\/collations\/goldfish\/goldfish-explosions-de-saveur\/#primaryimage","url":"https:\/\/dev.badmath.com:8443\/think33\/campbells\/campbellsoupca\/wp-content\/uploads\/2020\/06\/Goldfish-Flavour-Blasted-banner-1.jpg","contentUrl":"https:\/\/dev.badmath.com:8443\/think33\/campbells\/campbellsoupca\/wp-content\/uploads\/2020\/06\/Goldfish-Flavour-Blasted-banner-1.jpg"},{"@type":"WebPage","@id":"https:\/\/dev.badmath.com\/think33\/campbells\/campbellsoupca\/fr\/nos-marques\/collations\/goldfish\/goldfish-explosions-de-saveur\/#webpage","url":"https:\/\/dev.badmath.com\/think33\/campbells\/campbellsoupca\/fr\/nos-marques\/collations\/goldfish\/goldfish-explosions-de-saveur\/","name":"Goldfish Explosions de Saveur - Campbell Company of Canada","isPartOf":{"@id":"https:\/\/dev.badmath.com\/think33\/campbells\/campbellsoupca\/#website"},"primaryImageOfPage":{"@id":"https:\/\/dev.badmath.com\/think33\/campbells\/campbellsoupca\/fr\/nos-marques\/collations\/goldfish\/goldfish-explosions-de-saveur\/#primaryimage"},"datePublished":"2018-07-03T16:32:58+00:00","dateModified":"2020-06-24T19:44:48+00:00","breadcrumb":{"@id":"https:\/\/dev.badmath.com\/think33\/campbells\/campbellsoupca\/fr\/nos-marques\/collations\/goldfish\/goldfish-explosions-de-saveur\/#breadcrumb"},"inLanguage":"en-US","potentialAction":[{"@type":"ReadAction","target":["https:\/\/dev.badmath.com\/think33\/campbells\/campbellsoupca\/fr\/nos-marques\/collations\/goldfish\/goldfish-explosions-de-saveur\/"]}]},{"@type":"BreadcrumbList","@id":"https:\/\/dev.badmath.com\/think33\/campbells\/campbellsoupca\/fr\/nos-marques\/collations\/goldfish\/goldfish-explosions-de-saveur\/#breadcrumb","itemListElement":[{"@type":"ListItem","position":1,"name":"Home","item":"https:\/\/dev.badmath.com:8443\/think33\/campbells\/campbellsoupca\/"},{"@type":"ListItem","position":2,"name":"Nos marques","item":"https:\/\/dev.badmath.com:8443\/think33\/campbells\/campbellsoupca\/fr\/nos-marques\/"},{"@type":"ListItem","position":3,"name":"Collations","item":"https:\/\/dev.badmath.com:8443\/think33\/campbells\/campbellsoupca\/fr\/nos-marques\/collations\/"},{"@type":"ListItem","position":4,"name":"Goldfish","item":"https:\/\/dev.badmath.com:8443\/think33\/campbells\/campbellsoupca\/fr\/nos-marques\/collations\/goldfish\/"},{"@type":"ListItem","position":5,"name":"Goldfish Explosions de Saveur"}]}]}},"lang":"fr","translations":{"fr":4590,"en":4054},"lead_in_text":"","pll_sync_post":[],"_links":{"self":[{"href":"https:\/\/dev.badmath.com\/think33\/campbells\/campbellsoupca\/wp-json\/wp\/v2\/pages\/4590"}],"collection":[{"href":"https:\/\/dev.badmath.com\/think33\/campbells\/campbellsoupca\/wp-json\/wp\/v2\/pages"}],"about":[{"href":"https:\/\/dev.badmath.com\/think33\/campbells\/campbellsoupca\/wp-json\/wp\/v2\/types\/page"}],"author":[{"embeddable":true,"href":"https:\/\/dev.badmath.com\/think33\/campbells\/campbellsoupca\/wp-json\/wp\/v2\/users\/31"}],"replies":[{"embeddable":true,"href":"https:\/\/dev.badmath.com\/think33\/campbells\/campbellsoupca\/wp-json\/wp\/v2\/comments?post=4590"}],"version-history":[{"count":0,"href":"https:\/\/dev.badmath.com\/think33\/campbells\/campbellsoupca\/wp-json\/wp\/v2\/pages\/4590\/revisions"}],"up":[{"embeddable":true,"href":"https:\/\/dev.badmath.com\/think33\/campbells\/campbellsoupca\/wp-json\/wp\/v2\/pages\/4588"}],"wp:attachment":[{"href":"https:\/\/dev.badmath.com\/think33\/campbells\/campbellsoupca\/wp-json\/wp\/v2\/media?parent=4590"}],"curies":[{"name":"wp","href":"https:\/\/api.w.org\/{rel}","templated":true}]}}